{"id":3837,"date":"2025-08-11T12:18:01","date_gmt":"2025-08-11T15:18:01","guid":{"rendered":"https:\/\/portal.pi.gov.br\/piauiprev\/?page_id=3837"},"modified":"2026-03-09T10:05:26","modified_gmt":"2026-03-09T13:05:26","slug":"avisos-licitacoes-contratacoes","status":"publish","type":"page","link":"https:\/\/portal.pi.gov.br\/piauiprev\/avisos-licitacoes-contratacoes\/","title":{"rendered":"Avisos de Licita\u00e7\u00f5es e Contrata\u00e7\u00f5es"},"content":{"rendered":"\n<h5 class=\"wp-block-heading\"><a href=\"https:\/\/portal.pi.gov.br\/piauiprev\/transparencia\/\">&lt;Voltar<\/a><\/h5>\n\n\n\n<pre id=\"block-4eb81280-c58f-4e29-9ad1-c601d00cb8c3\" class=\"wp-block-preformatted has-background\" style=\"background:linear-gradient(360deg,rgb(238,238,238) 0%,rgb(169,184,195) 100%);font-size:16px\"><strong><a rel=\"noreferrer noopener\" href=\"https:\/\/portal.pi.gov.br\/piauiprev\/wp-content\/uploads\/sites\/45\/2026\/02\/SEI_GOV-PI-0022603582-PIAUIPREV_Despacho.pdf\" target=\"_blank\">AVISO DE DIVULGA\u00c7\u00c3O DE DISPENSA DE LICITA\u00c7\u00c3O\nARTIGO 75, I DA LEI 14.133\/2021 - PROJETO T\u00c9CNICO DE CLIMATIZA\u00c7\u00c3O<\/a><\/strong>\n\nEm obedi\u00eancia ao artigo 75, da Lei 14.133\/2021, divulgamos que esta Funda\u00e7\u00e3o Piau\u00ed Previd\u00eancia - PIAUIPREV est\u00e1 realizando Dispensa de Licita\u00e7\u00e3o em raz\u00e3o do valor, pelo artigo 75, I, da Lei 14.133\/2021, tendo como objeto <em>contrata\u00e7\u00e3o de empresa especializada para elabora\u00e7\u00e3o de projeto t\u00e9cnico de climatiza\u00e7\u00e3o<\/em>. Desta feita, os interessados devem apresentar proposta atrav\u00e9s do e-mail <strong>dicon@piauiprev.pi.gov.br<\/strong> e\/ou <strong>dicon.piauiprev@gmail.com<\/strong>, bem como as propostas devem ser encaminhadas para o mesmo e-mail, no prazo de 03 dias \u00fateis, a contar da data de publica\u00e7\u00e3o deste aviso.<\/pre>\n\n\n\n<pre id=\"block-4eb81280-c58f-4e29-9ad1-c601d00cb8c3\" class=\"wp-block-preformatted has-background\" style=\"background:linear-gradient(360deg,rgb(238,238,238) 0%,rgb(169,184,195) 100%);font-size:16px\"><strong><a rel=\"noreferrer noopener\" href=\"https:\/\/portal.pi.gov.br\/piauiprev\/wp-content\/uploads\/sites\/45\/2025\/08\/SEI_GOV-PI-0019709325-PIAUIPREV_Despacho.pdf\" target=\"_blank\">AVISO DE DIVULGA\u00c7\u00c3O DE DISPENSA DE LICITA\u00c7\u00c3O<\/a>\n<a rel=\"noreferrer noopener\" href=\"https:\/\/portal.pi.gov.br\/piauiprev\/wp-content\/uploads\/sites\/45\/2025\/08\/SEI_GOV-PI-0019709325-PIAUIPREV_Despacho.pdf\" target=\"_blank\">ARTIGO 75, II DA LEI 14.133\/2021 - BEBEDOUROS TIPO COLUNA<\/a><\/strong>\n\nEm obedi\u00eancia ao \u00a7 3\u00ba do artigo 75, da Lei 14.133\/2021, divulgamos que esta Funda\u00e7\u00e3o Piau\u00ed Previd\u00eancia - PIAUIPREV est\u00e1 realizando Dispensa de Licita\u00e7\u00e3o em raz\u00e3o do valor, pelo artigo 75, II, da Lei 14.133\/2021, tendo como objeto <em>aquisi\u00e7\u00e3o de BEBEDOUROS TIPO COLUNA<\/em>. Desta feita, os interessados devem apresentar proposta atrav\u00e9s do e-mail <strong>dicon@piauiprev.pi.gov.br<\/strong> e\/ou <strong>dicon.piauiprev@gmail.com<\/strong>, bem como as propostas devem ser encaminhadas para o mesmo e-mail, no prazo de 03 dias \u00fateis, a contar da data de publica\u00e7\u00e3o deste aviso.<\/pre>\n\n\n\n<pre id=\"block-4eb81280-c58f-4e29-9ad1-c601d00cb8c3\" class=\"wp-block-preformatted has-background\" style=\"background:linear-gradient(360deg,rgb(238,238,238) 0%,rgb(169,184,195) 100%);font-size:16px\"><strong><a rel=\"noreferrer noopener\" href=\"https:\/\/portal.pi.gov.br\/piauiprev\/wp-content\/uploads\/sites\/45\/2025\/08\/SEI_GOV-PI-0019598800-AVISO-DISPENSA.pdf\" target=\"_blank\">AVISO DE DIVULGA\u00c7\u00c3O DE DISPENSA DE LICITA\u00c7\u00c3O<\/a>\n<a rel=\"noreferrer noopener\" href=\"https:\/\/portal.pi.gov.br\/piauiprev\/wp-content\/uploads\/sites\/45\/2025\/08\/SEI_GOV-PI-0019598800-AVISO-DISPENSA.pdf\" target=\"_blank\">ARTIGO 75, II DA LEI 14.133\/2021 - A\u00c7\u00daCAR DEMERARA, CAF\u00c9 TORRADO E MO\u00cdDO E ADO\u00c7ANTE DIET\u00c9TICO<\/a><\/strong>\n\nEm obedi\u00eancia ao \u00a7 3\u00ba do artigo 75, da Lei 14.133\/2021, divulgamos que esta Funda\u00e7\u00e3o Piau\u00ed Previd\u00eancia - PIAUIPREV est\u00e1 realizando Dispensa de Licita\u00e7\u00e3o em raz\u00e3o do valor, pelo artigo 75, II, da Lei 14.133\/2021, tendo como objeto <em>aquisi\u00e7\u00e3o de A\u00c7\u00daCAR DEMERARA, CAF\u00c9 TORRADO E MO\u00cdDO E ADO\u00c7ANTE DIET\u00c9TICO<\/em>. Desta feita, os interessados devem apresentar proposta atrav\u00e9s do e-mail <strong>dicon@piauiprev.pi.gov.br<\/strong> e\/ou <strong>dicon.piauiprev@gmail.com<\/strong>, bem como as propostas devem ser encaminhadas para o mesmo e-mail, no prazo de 03 dias \u00fateis, a contar da data de publica\u00e7\u00e3o deste aviso.<\/pre>\n","protected":false},"excerpt":{"rendered":"<p>&lt;Voltar AVISO DE DIVULGA\u00c7\u00c3O DE DISPENSA DE LICITA\u00c7\u00c3O ARTIGO 75, I DA LEI 14.133\/2021 &#8211; PROJETO T\u00c9CNICO DE CLIMATIZA\u00c7\u00c3O Em obedi\u00eancia ao artigo 75, da Lei 14.133\/2021, divulgamos que esta [&hellip;]<\/p>\n","protected":false},"author":25,"featured_media":0,"parent":0,"menu_order":0,"comment_status":"closed","ping_status":"closed","template":"","meta":[],"featured_image_urls":{"full":"","thumbnail":"","medium":"","medium_large":"","large":"","sgg-420":"","sgg-540":"","sgg-780":"","1536x1536":"","2048x2048":"","homepage-slider":"","homepage-slider-small":"","page-top":"","page-small":"","loop-main":"","thumb-gallery-widget":""},"post_excerpt_stackable":"<p>&lt;Voltar AVISO DE DIVULGA\u00c7\u00c3O DE DISPENSA DE LICITA\u00c7\u00c3O ARTIGO 75, I DA LEI 14.133\/2021 &#8211; PROJETO T\u00c9CNICO DE CLIMATIZA\u00c7\u00c3O Em obedi\u00eancia ao artigo 75, da Lei 14.133\/2021, divulgamos que esta Funda\u00e7\u00e3o Piau\u00ed Previd\u00eancia &#8211; PIAUIPREV est\u00e1 realizando Dispensa de Licita\u00e7\u00e3o em raz\u00e3o do valor, pelo artigo 75, I, da Lei 14.133\/2021, tendo como objeto contrata\u00e7\u00e3o de empresa especializada para elabora\u00e7\u00e3o de projeto t\u00e9cnico de climatiza\u00e7\u00e3o. Desta feita, os interessados devem apresentar proposta atrav\u00e9s do e-mail dicon@piauiprev.pi.gov.br e\/ou dicon.piauiprev@gmail.com, bem como as propostas devem ser encaminhadas para o mesmo e-mail, no prazo de 03 dias \u00fateis, a contar da data de&hellip;<\/p>\n","category_list":"","author_info":{"name":"Alan Davis","url":"https:\/\/portal.pi.gov.br\/piauiprev\/author\/alanalmeida\/"},"comments_num":"0 coment\u00e1rio","featured_image_urls_v2":{"full":"","thumbnail":"","medium":"","medium_large":"","large":"","sgg-420":"","sgg-540":"","sgg-780":"","1536x1536":"","2048x2048":"","homepage-slider":"","homepage-slider-small":"","page-top":"","page-small":"","loop-main":"","thumb-gallery-widget":""},"post_excerpt_stackable_v2":"<p>&lt;Voltar AVISO DE DIVULGA\u00c7\u00c3O DE DISPENSA DE LICITA\u00c7\u00c3O ARTIGO 75, I DA LEI 14.133\/2021 &#8211; PROJETO T\u00c9CNICO DE CLIMATIZA\u00c7\u00c3O Em obedi\u00eancia ao artigo 75, da Lei 14.133\/2021, divulgamos que esta Funda\u00e7\u00e3o Piau\u00ed Previd\u00eancia &#8211; PIAUIPREV est\u00e1 realizando Dispensa de Licita\u00e7\u00e3o em raz\u00e3o do valor, pelo artigo 75, I, da Lei 14.133\/2021, tendo como objeto contrata\u00e7\u00e3o de empresa especializada para elabora\u00e7\u00e3o de projeto t\u00e9cnico de climatiza\u00e7\u00e3o. Desta feita, os interessados devem apresentar proposta atrav\u00e9s do e-mail dicon@piauiprev.pi.gov.br e\/ou dicon.piauiprev@gmail.com, bem como as propostas devem ser encaminhadas para o mesmo e-mail, no prazo de 03 dias \u00fateis, a contar da data de&hellip;<\/p>\n","category_list_v2":"","author_info_v2":{"name":"Alan Davis","url":"https:\/\/portal.pi.gov.br\/piauiprev\/author\/alanalmeida\/"},"comments_num_v2":"0 coment\u00e1rio","_links":{"self":[{"href":"https:\/\/portal.pi.gov.br\/piauiprev\/wp-json\/wp\/v2\/pages\/3837"}],"collection":[{"href":"https:\/\/portal.pi.gov.br\/piauiprev\/wp-json\/wp\/v2\/pages"}],"about":[{"href":"https:\/\/portal.pi.gov.br\/piauiprev\/wp-json\/wp\/v2\/types\/page"}],"author":[{"embeddable":true,"href":"https:\/\/portal.pi.gov.br\/piauiprev\/wp-json\/wp\/v2\/users\/25"}],"replies":[{"embeddable":true,"href":"https:\/\/portal.pi.gov.br\/piauiprev\/wp-json\/wp\/v2\/comments?post=3837"}],"version-history":[{"count":14,"href":"https:\/\/portal.pi.gov.br\/piauiprev\/wp-json\/wp\/v2\/pages\/3837\/revisions"}],"predecessor-version":[{"id":4501,"href":"https:\/\/portal.pi.gov.br\/piauiprev\/wp-json\/wp\/v2\/pages\/3837\/revisions\/4501"}],"wp:attachment":[{"href":"https:\/\/portal.pi.gov.br\/piauiprev\/wp-json\/wp\/v2\/media?parent=3837"}],"curies":[{"name":"wp","href":"https:\/\/api.w.org\/{rel}","templated":true}]}}