{"id":4095,"date":"2025-10-15T12:51:08","date_gmt":"2025-10-15T15:51:08","guid":{"rendered":"https:\/\/portal.pi.gov.br\/piauiprev\/?page_id=4095"},"modified":"2025-10-15T12:56:59","modified_gmt":"2025-10-15T15:56:59","slug":"procedimento-admissional","status":"publish","type":"page","link":"https:\/\/portal.pi.gov.br\/piauiprev\/procedimento-admissional\/","title":{"rendered":"Procedimento Admissional"},"content":{"rendered":"\n<h5 class=\"wp-block-heading\"><a href=\"https:\/\/portal.pi.gov.br\/piauiprev\/concursos\">&lt;Voltar<\/a><\/h5>\n\n\n\n<p><\/p>\n\n\n\n<div class=\"wp-block-stackable-text stk-block-text stk-block stk-b188454\" data-block-id=\"b188454\"><p class=\"stk-block-text__text\">Conforme o Edital n\u00ba 02\/2024 PIAUIPREV, seguem abaixo as instru\u00e7\u00f5es para o procedimento admissional.<\/p><\/div>\n\n\n\n<pre id=\"block-4eb81280-c58f-4e29-9ad1-c601d00cb8c3\" class=\"wp-block-preformatted has-white-background-color has-background\" style=\"font-size:16px\"><strong><span style=\"color: #0693e3\" class=\"stk-highlight\">1 \u2013 Organiza\u00e7\u00e3o de Documentos<\/span><\/strong>\nO envio dos documentos deve ser feito, obrigatoriamente, em um \u00fanico arquivo no formato PDF, seguindo a ordem num\u00e9rica da lista de documentos citada abaixo.<\/pre>\n\n\n\n<pre id=\"block-4eb81280-c58f-4e29-9ad1-c601d00cb8c3\" class=\"wp-block-preformatted has-white-background-color has-background\" style=\"font-size:16px\"><strong><span style=\"color: #0693e3\" class=\"stk-highlight\">2 \u2013 Envio dos Documentos<\/span><\/strong>\nO candidato nomeado deve enviar a rela\u00e7\u00e3o de documentos para o e-mail:\n<a href=\"mailto:admissao2025@piauiprev.pi.gov.br\">admissao2025@piauiprev.pi.gov.br<\/a><\/pre>\n\n\n\n<pre id=\"block-4eb81280-c58f-4e29-9ad1-c601d00cb8c3\" class=\"wp-block-preformatted has-white-background-color has-background\" style=\"font-size:16px\"><strong><span style=\"color: #0693e3\" class=\"stk-highlight\">3 \u2013 Per\u00edcia M\u00e9dica e Assinatura do Cart\u00e3o de Autentica\u00e7\u00e3o\/FCC<\/span><\/strong>\n(Item 16.9 do Edital: Assinatura e Afixa\u00e7\u00e3o de Foto 3x4)\nAp\u00f3s o recebimento dos documentos nesta plataforma e a devida confirma\u00e7\u00e3o, o candidato nomeado receber\u00e1 um e-mail com o agendamento para a per\u00edcia m\u00e9dica.\n<strong>De 02 a 09 de junho de 2025.<\/strong><\/pre>\n\n\n\n<pre id=\"block-4eb81280-c58f-4e29-9ad1-c601d00cb8c3\" class=\"wp-block-preformatted has-white-background-color has-background\" style=\"font-size:16px\"><strong><span style=\"color: #0693e3\" class=\"stk-highlight\">4 \u2013 Termo de Posse<\/span><\/strong>\nA posse ser\u00e1 realizada de forma presencial ou por procura\u00e7\u00e3o espec\u00edfica, conforme a legisla\u00e7\u00e3o vigente.\nA assinatura do termo ser\u00e1 eletr\u00f4nica, por meio do <strong>Sistema Eletr\u00f4nico de Informa\u00e7\u00f5es \u2013 SEI<\/strong>, com login (usu\u00e1rio e senha) previamente cadastrado. O candidato dever\u00e1 procurar o N\u00facleo de Tecnologia da PIAUIPREV para realizar o cadastro, caso ainda n\u00e3o o tenha feito.<\/pre>\n\n\n\n<pre id=\"block-4eb81280-c58f-4e29-9ad1-c601d00cb8c3\" class=\"wp-block-preformatted has-white-background-color has-background\" style=\"font-size:16px\"><strong><span style=\"color: #0693e3\" class=\"stk-highlight\">5 \u2013 Exerc\u00edcio<\/span><\/strong>\nO empossado ter\u00e1 at\u00e9 15 (quinze) dias para entrar em exerc\u00edcio, momento que haver\u00e1 a lota\u00e7\u00e3o de acordo com o interesse p\u00fablico e dimensionamento t\u00e9cnico da PIAUIPREV.<\/pre>\n\n\n\n<p class=\"has-white-background-color has-background\" style=\"font-size:16px\"><strong>1.<\/strong> Ficha Cadastral devidamente preenchida (disponibilizada neste website);<br><strong>2.<\/strong> C\u00f3pia de Comprova\u00e7\u00e3o de Escolaridade\/Pr\u00e9-Requisitos exigida no Edital (reconhecida em cart\u00f3rio);<br><strong>3.<\/strong> C\u00f3pia de Certid\u00e3o de nascimento ou casamento, com as respectivas averba\u00e7\u00f5es, se for o caso (reconhecida em cart\u00f3rio);<br><strong>4.<\/strong> C\u00f3pia de t\u00edtulo de eleitor, com o comprovante de vota\u00e7\u00e3o da \u00faltima elei\u00e7\u00e3o ou certid\u00e3o de quita\u00e7\u00e3o eleitoral;<br><strong>5. <\/strong>C\u00f3pia de Certificado de Reservista ou de Dispensa de Incorpora\u00e7\u00e3o, para os candidatos do sexo masculino (reconhecida em cart\u00f3rio);<br><strong>6.<\/strong> C\u00f3pia de C\u00e9dula de Identidade (Carteira de Identidade Nacional) atualizada (reconhecida em cart\u00f3rio);<br><strong>7.<\/strong> C\u00f3pia do Cadastro de Pessoa F\u00edsica \u2013 CPF;<br><strong>8.<\/strong> Copia de Comprovante de Resid\u00eancia (reconhecida em cart\u00f3rio);<br><strong>9.<\/strong> Uma foto 3\u00d74 recente;<br><strong>10.<\/strong> C\u00f3pia de Documento de Inscri\u00e7\u00e3o no PIS ou PASEP, se houver;<br><strong>11.<\/strong> C\u00f3pia Comprovante de Conta Corrente do Banco do Brasil \u2013 BB;<br><strong>12.<\/strong> C\u00f3pia da \u00faltima declara\u00e7\u00e3o de Imposto de Renda apresentada \u00e0 Secretaria da Receita Federal, com o respectivo recibo, e as devidas atualiza\u00e7\u00f5es e\/ou complementa\u00e7\u00f5es ou, no caso de o nomeado n\u00e3o ser declarante, declara\u00e7\u00e3o firmada por ele pr\u00f3prio, nos termos da Lei n\u00ba 8.730\/1993, Lei 8.249\/1992 e Instru\u00e7\u00e3o Normativa n\u00ba 05\/94 TCU;<br><strong>13.<\/strong> Declara\u00e7\u00e3o de Bens e Valores que constituem seu patrim\u00f4nio (modelo disponibilizado neste website);<br><strong>14.<\/strong> Declara\u00e7\u00e3o de acumula\u00e7\u00e3o de cargo ou fun\u00e7\u00e3o p\u00fablica, quando for o caso, ou sua negativa (modelo disponibilizado neste website);<br><strong>15.<\/strong> Declara\u00e7\u00e3o de que percebe (ou n\u00e3o) proventos de inatividade, seja pela Uni\u00e3o, por Estado ou Munic\u00edpio (modelo disponibilizado neste website);<br><strong>16.<\/strong> Declara\u00e7\u00e3o de n\u00e3o ter sofrido, no exerc\u00edcio de fun\u00e7\u00e3o p\u00fablica, as penalidades enumeradas no artigo 137 e seu par\u00e1grafo \u00fanico da Lei Federal n\u00ba 8.112\/90 (modelo disponibilizado neste website);<br><strong>17.<\/strong> Certid\u00e3o negativa criminal das Justi\u00e7as Federal, Estadual ou do Distrito Federal e Militar, dos lugares em que haja residido nos \u00faltimos 5 (cinco) anos;<br><strong>18.<\/strong> Certid\u00e3o Negativa de Improbidade Administrativa;<br><strong>19.<\/strong> Certid\u00e3o Negativa do Tribunal de Contas do Estado e do Tribunal de Contas da Uni\u00e3o.<\/p>\n\n\n\n<h2 class=\"wp-block-heading\"><strong>Rela\u00e7\u00e3o de Exames Admissionais<\/strong><\/h2>\n\n\n\n<p class=\"has-white-background-color has-background\" style=\"font-size:16px\"><strong>1.<\/strong> Raio X de T\u00f3rax PA e Perfil;<br><strong>2.<\/strong> Hemograma Completo;<br><strong>3.<\/strong> Eletrocardiograma;<br><strong>4.<\/strong> Glicemia de Jejum;<br><strong>5.<\/strong> Laudo Psiqui\u00e1trico.<\/p>\n\n\n\n<div class=\"wp-block-stackable-text stk-block-text stk-block stk-94951d3\" data-block-id=\"94951d3\"><p class=\"stk-block-text__text\"><strong>OBS: Os documentos s\u00f3 ser\u00e3o aceitos em um \u00fanico arquivo em formato PDF, seguindo a ordem num\u00e9rica constante da rela\u00e7\u00e3o e as declara\u00e7\u00f5es assinadas digitalmente por meio do&nbsp;<a rel=\"noreferrer noopener\" href=\"https:\/\/www.gov.br\/pt-br\" target=\"_blank\">GOV.BR<\/a>.<\/strong><\/p><\/div>\n\n\n\n<div class=\"wp-block-stackable-text stk-block-text stk-block stk-b38b688\" data-block-id=\"b38b688\"><p class=\"stk-block-text__text\">D\u00favidas e orienta\u00e7\u00f5es, somente em mensagens via Whatsapp. Contato:<strong>&nbsp;<\/strong><a rel=\"noreferrer noopener\" href=\"https:\/\/api.whatsapp.com\/send\/?phone=5586994821591&amp;text&amp;type=phone_number&amp;app_absent=0\" target=\"_blank\"><strong>86 9 9482-1591<\/strong><\/a><strong>&nbsp;<\/strong>\u2013 telefone institucional<\/p><\/div>\n\n\n\n<div class=\"wp-block-buttons is-content-justification-center is-layout-flex wp-container-1\">\n<div class=\"wp-block-button has-custom-width wp-block-button__width-100 is-style-fill\"><a class=\"wp-block-button__link has-background wp-element-button\" href=\"https:\/\/portal.pi.gov.br\/piauiprev\/wp-content\/uploads\/sites\/45\/2025\/05\/PIAUIPREV_FICHA_CADASTRAL.doc\" style=\"background:linear-gradient(360deg,rgb(2,3,129) 0%,rgb(40,116,252) 100%)\" target=\"_blank\" rel=\"noreferrer noopener\">FICHA CADASTRAL<\/a><\/div>\n\n\n\n<div class=\"wp-block-button has-custom-width wp-block-button__width-100 is-style-fill\"><a class=\"wp-block-button__link has-background wp-element-button\" href=\"https:\/\/portal.pi.gov.br\/piauiprev\/wp-content\/uploads\/sites\/45\/2025\/05\/PIAUIPREV_DECLARACAO_DECLARACAO-DE-RECEBIMENTO-OU-NAO-DE-PENSAO-OU-APOSENTADORIA-EM-OUTRO-REGIME-DE-PREVIDENCIA.doc\" style=\"background:linear-gradient(360deg,rgb(2,3,129) 0%,rgb(40,116,252) 100%)\" target=\"_blank\" rel=\"noreferrer noopener\">DECLARA\u00c7\u00c3O DE RECEBIMENTO OU N\u00c3O DE PENS\u00c3O OU APOSENTADORIA EM OUTRO REGIME DE PREVID\u00caNCIA<\/a><\/div>\n\n\n\n<div class=\"wp-block-button has-custom-width wp-block-button__width-100 is-style-fill\"><a class=\"wp-block-button__link has-background wp-element-button\" href=\"https:\/\/portal.pi.gov.br\/piauiprev\/wp-content\/uploads\/sites\/45\/2025\/05\/PIAUIPREV_DECLARACAO_DE_NAO_TER_SOFRIDO_PENALIDADES_NO_EXERCICIO_DA_FUNCAO_PUBLICA.docx\" style=\"background:linear-gradient(360deg,rgb(2,3,129) 0%,rgb(40,116,252) 100%)\" target=\"_blank\" rel=\"noreferrer noopener\">DECLARA\u00c7\u00c3O DE N\u00c3O TER SOFRIDO PENALIDADES NO EXERC\u00cdCIO DA FUN\u00c7\u00c3O P\u00daBLICA<\/a><\/div>\n\n\n\n<div class=\"wp-block-button has-custom-width wp-block-button__width-100 is-style-fill\"><a class=\"wp-block-button__link has-background wp-element-button\" href=\"https:\/\/portal.pi.gov.br\/piauiprev\/wp-content\/uploads\/sites\/45\/2025\/05\/PIAUIPREV_DECLARACAO_DE_BENS.docx\" style=\"background:linear-gradient(360deg,rgb(2,3,129) 0%,rgb(40,116,252) 100%)\" target=\"_blank\" rel=\"noreferrer noopener\">DECLARA\u00c7\u00c3O DE BENS<\/a><\/div>\n\n\n\n<div class=\"wp-block-button has-custom-width wp-block-button__width-100 is-style-fill\"><a class=\"wp-block-button__link has-background wp-element-button\" href=\"https:\/\/portal.pi.gov.br\/piauiprev\/wp-content\/uploads\/sites\/45\/2025\/05\/PIAUIPREV_DECLARACAO_DE_ACUMULACAO_DE_CARGOS_v2.docx\" style=\"background:linear-gradient(360deg,rgb(2,3,129) 0%,rgb(40,116,252) 100%)\" target=\"_blank\" rel=\"noreferrer noopener\">DECLARA\u00c7\u00c3O DE ACUMULA\u00c7\u00c3O DE CARGOS<\/a><\/div>\n<\/div>\n","protected":false},"excerpt":{"rendered":"<p>&lt;Voltar Conforme o Edital n\u00ba 02\/2024 PIAUIPREV, seguem abaixo as instru\u00e7\u00f5es para o procedimento admissional. 1 \u2013 Organiza\u00e7\u00e3o de Documentos O envio dos documentos deve ser feito, obrigatoriamente, em um [&hellip;]<\/p>\n","protected":false},"author":25,"featured_media":0,"parent":0,"menu_order":0,"comment_status":"closed","ping_status":"closed","template":"","meta":[],"featured_image_urls":{"full":"","thumbnail":"","medium":"","medium_large":"","large":"","sgg-420":"","sgg-540":"","sgg-780":"","1536x1536":"","2048x2048":"","homepage-slider":"","homepage-slider-small":"","page-top":"","page-small":"","loop-main":"","thumb-gallery-widget":""},"post_excerpt_stackable":"<p>&lt;Voltar Conforme o Edital n\u00ba 02\/2024 PIAUIPREV, seguem abaixo as instru\u00e7\u00f5es para o procedimento admissional. 1 \u2013 Organiza\u00e7\u00e3o de Documentos O envio dos documentos deve ser feito, obrigatoriamente, em um \u00fanico arquivo no formato PDF, seguindo a ordem num\u00e9rica da lista de documentos citada abaixo. 2 \u2013 Envio dos Documentos O candidato nomeado deve enviar a rela\u00e7\u00e3o de documentos para o e-mail: admissao2025@piauiprev.pi.gov.br 3 \u2013 Per\u00edcia M\u00e9dica e Assinatura do Cart\u00e3o de Autentica\u00e7\u00e3o\/FCC (Item 16.9 do Edital: Assinatura e Afixa\u00e7\u00e3o de Foto 3&#215;4) Ap\u00f3s o recebimento dos documentos nesta plataforma e a devida confirma\u00e7\u00e3o, o candidato nomeado receber\u00e1 um e-mail&hellip;<\/p>\n","category_list":"","author_info":{"name":"Alan Davis","url":"https:\/\/portal.pi.gov.br\/piauiprev\/author\/alanalmeida\/"},"comments_num":"0 coment\u00e1rio","featured_image_urls_v2":{"full":"","thumbnail":"","medium":"","medium_large":"","large":"","sgg-420":"","sgg-540":"","sgg-780":"","1536x1536":"","2048x2048":"","homepage-slider":"","homepage-slider-small":"","page-top":"","page-small":"","loop-main":"","thumb-gallery-widget":""},"post_excerpt_stackable_v2":"<p>&lt;Voltar Conforme o Edital n\u00ba 02\/2024 PIAUIPREV, seguem abaixo as instru\u00e7\u00f5es para o procedimento admissional. 1 \u2013 Organiza\u00e7\u00e3o de Documentos O envio dos documentos deve ser feito, obrigatoriamente, em um \u00fanico arquivo no formato PDF, seguindo a ordem num\u00e9rica da lista de documentos citada abaixo. 2 \u2013 Envio dos Documentos O candidato nomeado deve enviar a rela\u00e7\u00e3o de documentos para o e-mail: admissao2025@piauiprev.pi.gov.br 3 \u2013 Per\u00edcia M\u00e9dica e Assinatura do Cart\u00e3o de Autentica\u00e7\u00e3o\/FCC (Item 16.9 do Edital: Assinatura e Afixa\u00e7\u00e3o de Foto 3&#215;4) Ap\u00f3s o recebimento dos documentos nesta plataforma e a devida confirma\u00e7\u00e3o, o candidato nomeado receber\u00e1 um e-mail&hellip;<\/p>\n","category_list_v2":"","author_info_v2":{"name":"Alan Davis","url":"https:\/\/portal.pi.gov.br\/piauiprev\/author\/alanalmeida\/"},"comments_num_v2":"0 coment\u00e1rio","_links":{"self":[{"href":"https:\/\/portal.pi.gov.br\/piauiprev\/wp-json\/wp\/v2\/pages\/4095"}],"collection":[{"href":"https:\/\/portal.pi.gov.br\/piauiprev\/wp-json\/wp\/v2\/pages"}],"about":[{"href":"https:\/\/portal.pi.gov.br\/piauiprev\/wp-json\/wp\/v2\/types\/page"}],"author":[{"embeddable":true,"href":"https:\/\/portal.pi.gov.br\/piauiprev\/wp-json\/wp\/v2\/users\/25"}],"replies":[{"embeddable":true,"href":"https:\/\/portal.pi.gov.br\/piauiprev\/wp-json\/wp\/v2\/comments?post=4095"}],"version-history":[{"count":3,"href":"https:\/\/portal.pi.gov.br\/piauiprev\/wp-json\/wp\/v2\/pages\/4095\/revisions"}],"predecessor-version":[{"id":4101,"href":"https:\/\/portal.pi.gov.br\/piauiprev\/wp-json\/wp\/v2\/pages\/4095\/revisions\/4101"}],"wp:attachment":[{"href":"https:\/\/portal.pi.gov.br\/piauiprev\/wp-json\/wp\/v2\/media?parent=4095"}],"curies":[{"name":"wp","href":"https:\/\/api.w.org\/{rel}","templated":true}]}}