{"id":4529,"date":"2026-03-16T09:57:42","date_gmt":"2026-03-16T12:57:42","guid":{"rendered":"https:\/\/portal.pi.gov.br\/piauiprev\/?page_id=4529"},"modified":"2026-04-14T10:43:26","modified_gmt":"2026-04-14T13:43:26","slug":"educacao-previdenciaria","status":"publish","type":"page","link":"https:\/\/portal.pi.gov.br\/piauiprev\/educacao-previdenciaria\/","title":{"rendered":"Educa\u00e7\u00e3o Previdenci\u00e1ria"},"content":{"rendered":"\n<h5 class=\"wp-block-heading\"><a href=\"https:\/\/portal.pi.gov.br\/piauiprev\/transparencia\/\">&lt;Voltar<\/a><\/h5>\n\n\n\n<details class=\"wp-block-stackable-accordion stk-block-accordion stk-inner-blocks stk-block-content stk-block stk-91a5219 is-style-default\" data-block-id=\"91a5219\">\n<summary class=\"wp-block-stackable-column stk-block-column stk-column stk-block stk-d00466b stk-block-background stk--container-small stk-block-accordion__heading\" data-v=\"4\" data-block-id=\"d00466b\"><div class=\"stk-column-wrapper stk-block-column__content stk-container stk-d00466b-container stk-hover-parent\"><div class=\"stk-block-content stk-inner-blocks stk-d00466b-inner-blocks\">\n<div class=\"wp-block-stackable-icon-label stk-block-icon-label stk-block stk-6c71f2a\" data-block-id=\"6c71f2a\"><div class=\"stk-row stk-inner-blocks stk-block-content\">\n<div class=\"wp-block-stackable-heading stk-block-heading stk-block-heading--v2 stk-block stk-0474fb1\" id=\"strong-span-style-color-0693-e-3-class-stk-highlight-1-programa-de-educacao-previdenciaria-e-formacao-permanente-span-strong\" data-block-id=\"0474fb1\"><h4 class=\"stk-block-heading__text\"><strong><span style=\"color: #0693e3\" class=\"stk-highlight\">1. Programa de Educa\u00e7\u00e3o Previdenci\u00e1ria e Forma\u00e7\u00e3o Permanente<\/span><\/strong><\/h4><\/div>\n\n\n\n<div class=\"wp-block-stackable-icon stk-block-icon stk-block stk-cca1ce1\" data-block-id=\"cca1ce1\"><span class=\"stk--svg-wrapper\"><div class=\"stk--inner-svg\"><svg style=\"height:0;width:0\"><defs><linearGradient id=\"linear-gradient-cca1ce1\" x1=\"0\" x2=\"100%\" y1=\"0\" y2=\"0\"><stop offset=\"0%\" style=\"stop-opacity:1;stop-color:var(--linear-gradient-cca-1-ce-1-color-1)\"><\/stop><stop offset=\"100%\" style=\"stop-opacity:1;stop-color:var(--linear-gradient-cca-1-ce-1-color-2)\"><\/stop><\/linearGradient><\/defs><\/svg><svg data-prefix=\"fas\" data-icon=\"chevron-down\" class=\"svg-inline--fa fa-chevron-down fa-w-14\" xmlns=\"http:\/\/www.w3.org\/2000\/svg\" viewBox=\"0 0 448 512\" aria-hidden=\"true\" width=\"32\" height=\"32\"><path fill=\"currentColor\" d=\"M207.029 381.476L12.686 187.132c-9.373-9.373-9.373-24.569 0-33.941l22.667-22.667c9.357-9.357 24.522-9.375 33.901-.04L224 284.505l154.745-154.021c9.379-9.335 24.544-9.317 33.901.04l22.667 22.667c9.373 9.373 9.373 24.569 0 33.941L240.971 381.476c-9.373 9.372-24.569 9.372-33.942 0z\"><\/path><\/svg><\/div><\/span><\/div>\n<\/div><\/div>\n<\/div><\/div><\/summary>\n\n\n\n<div class=\"wp-block-stackable-column stk-block-column stk-column stk-block stk-2efecac stk-block-background stk-block-accordion__content\" data-v=\"4\" data-block-id=\"2efecac\"><div class=\"stk-column-wrapper stk-block-column__content stk-container stk-2efecac-container stk--no-background stk--no-padding\"><div class=\"stk-block-content stk-inner-blocks stk-2efecac-inner-blocks\">\n<div class=\"wp-block-stackable-text stk-block-text stk-block stk-3168ce5\" data-block-id=\"3168ce5\"><p class=\"stk-block-text__text\"><strong>1.1. Portaria N\u00ba XXXXX<\/strong><\/p><\/div>\n\n\n\n<div class=\"wp-block-stackable-text stk-block-text stk-block stk-e80a415\" data-block-id=\"e80a415\"><p class=\"stk-block-text__text\"><strong>1.2. Apresenta\u00e7\u00e3o do Programa<\/strong><\/p><\/div>\n\n\n\n<div class=\"wp-block-stackable-text stk-block-text stk-block stk-8639f21\" data-block-id=\"8639f21\"><p class=\"stk-block-text__text\"><a rel=\"noreferrer noopener\" href=\"https:\/\/portal.pi.gov.br\/piauiprev\/wp-content\/uploads\/sites\/45\/2026\/03\/Atividade-Anuais-06.02.26.pdf\" target=\"_blank\"><strong>1.2. Plano de A\u00e7\u00e3o<\/strong><\/a><\/p><\/div>\n<\/div><\/div><\/div>\n<\/details>\n\n\n\n<details class=\"wp-block-stackable-accordion stk-block-accordion stk-inner-blocks stk-block-content stk-block stk-3ca5c5c is-style-default\" data-block-id=\"3ca5c5c\">\n<summary class=\"wp-block-stackable-column stk-block-column stk-column stk-block stk-50ab0f2 stk-block-background stk--container-small stk-block-accordion__heading\" data-v=\"4\" data-block-id=\"50ab0f2\"><div class=\"stk-column-wrapper stk-block-column__content stk-container stk-50ab0f2-container stk-hover-parent\"><div class=\"stk-block-content stk-inner-blocks stk-50ab0f2-inner-blocks\">\n<div class=\"wp-block-stackable-icon-label stk-block-icon-label stk-block stk-cd490c3\" data-block-id=\"cd490c3\"><div class=\"stk-row stk-inner-blocks stk-block-content\">\n<div class=\"wp-block-stackable-heading stk-block-heading stk-block-heading--v2 stk-block stk-448717b\" id=\"strong-span-style-color-0693-e-3-class-stk-highlight-2-acoes-de-dialogo-com-os-segurados-e-a-sociedade-span-strong\" data-block-id=\"448717b\"><h4 class=\"stk-block-heading__text\"><strong><span style=\"color: #0693e3\" class=\"stk-highlight\">2. A\u00e7\u00f5es de Di\u00e1logo com os Segurados e a Sociedade<\/span><\/strong><\/h4><\/div>\n\n\n\n<div class=\"wp-block-stackable-icon stk-block-icon stk-block stk-d6837c7\" data-block-id=\"d6837c7\"><span class=\"stk--svg-wrapper\"><div class=\"stk--inner-svg\"><svg style=\"height:0;width:0\"><defs><linearGradient id=\"linear-gradient-d6837c7\" x1=\"0\" x2=\"100%\" y1=\"0\" y2=\"0\"><stop offset=\"0%\" style=\"stop-opacity:1;stop-color:var(--linear-gradient-d-6837-c-7-color-1)\"><\/stop><stop offset=\"100%\" style=\"stop-opacity:1;stop-color:var(--linear-gradient-d-6837-c-7-color-2)\"><\/stop><\/linearGradient><\/defs><\/svg><svg data-prefix=\"fas\" data-icon=\"chevron-down\" class=\"svg-inline--fa fa-chevron-down fa-w-14\" xmlns=\"http:\/\/www.w3.org\/2000\/svg\" viewBox=\"0 0 448 512\" aria-hidden=\"true\" width=\"32\" height=\"32\"><path fill=\"currentColor\" d=\"M207.029 381.476L12.686 187.132c-9.373-9.373-9.373-24.569 0-33.941l22.667-22.667c9.357-9.357 24.522-9.375 33.901-.04L224 284.505l154.745-154.021c9.379-9.335 24.544-9.317 33.901.04l22.667 22.667c9.373 9.373 9.373 24.569 0 33.941L240.971 381.476c-9.373 9.372-24.569 9.372-33.942 0z\"><\/path><\/svg><\/div><\/span><\/div>\n<\/div><\/div>\n<\/div><\/div><\/summary>\n\n\n\n<div class=\"wp-block-stackable-column stk-block-column stk-column stk-block stk-a78361c stk-block-background stk-block-accordion__content\" data-v=\"4\" data-block-id=\"a78361c\"><div class=\"stk-column-wrapper stk-block-column__content stk-container stk-a78361c-container stk--no-background stk--no-padding\"><div class=\"stk-block-content stk-inner-blocks stk-a78361c-inner-blocks\">\n<div class=\"wp-block-stackable-text stk-block-text stk-block stk-0ec7eea\" data-block-id=\"0ec7eea\"><p class=\"stk-block-text__text\"><a rel=\"noreferrer noopener\" href=\"https:\/\/portal.pi.gov.br\/piauiprev\/wp-content\/uploads\/sites\/45\/2025\/11\/CARTILHA-PREV-A5.pdf\" target=\"_blank\"><strong>2.1. Cartilha Previdenci\u00e1ria<\/strong><\/a><\/p><\/div>\n\n\n\n<div class=\"wp-block-stackable-text stk-block-text stk-block stk-af13109\" data-block-id=\"af13109\"><p class=\"stk-block-text__text\"><a href=\"https:\/\/portal.pi.gov.br\/piauiprev\/educacao-previdenciaria-seminarios\/\"><strong>2.2. Semin\u00e1rios Dirigidos aos Segurados\/Servidores<\/strong><\/a><\/p><\/div>\n\n\n\n<div class=\"wp-block-stackable-text stk-block-text stk-block stk-0be85c3\" data-block-id=\"0be85c3\"><p class=\"stk-block-text__text\"><strong>2.3. Selos e Premia\u00e7\u00f5es<\/strong><\/p><\/div>\n\n\n\n<div class=\"wp-block-stackable-text stk-block-text stk-block stk-d8a6d15\" data-block-id=\"d8a6d15\"><p class=\"stk-block-text__text\"><a href=\"https:\/\/portal.pi.gov.br\/piauiprev\/educacao-previdenciaria-noticias\"><strong>2.4. Agenda e Not\u00edcias da Educa\u00e7\u00e3o Previdenci\u00e1ria<\/strong><\/a><\/p><\/div>\n\n\n\n<div class=\"wp-block-stackable-text stk-block-text stk-block stk-9df921e\" data-block-id=\"9df921e\"><p class=\"stk-block-text__text\"><strong><a href=\"https:\/\/portal.pi.gov.br\/piauiprev\/wp-content\/uploads\/sites\/45\/2026\/03\/Acoes-Itinerante.pdf\" target=\"_blank\" rel=\"noreferrer noopener\">2.5. PIAU\u00cdPREV Itinerante<\/a><\/strong><\/p><\/div>\n<\/div><\/div><\/div>\n<\/details>\n\n\n\n<p><\/p>\n","protected":false},"excerpt":{"rendered":"<p>&lt;Voltar 1. Programa de Educa\u00e7\u00e3o Previdenci\u00e1ria e Forma\u00e7\u00e3o Permanente 1.1. Portaria N\u00ba XXXXX 1.2. Apresenta\u00e7\u00e3o do Programa 1.2. Plano de A\u00e7\u00e3o 2. A\u00e7\u00f5es de Di\u00e1logo com os Segurados e a [&hellip;]<\/p>\n","protected":false},"author":25,"featured_media":0,"parent":0,"menu_order":0,"comment_status":"closed","ping_status":"closed","template":"","meta":[],"featured_image_urls":{"full":"","thumbnail":"","medium":"","medium_large":"","large":"","sgg-420":"","sgg-540":"","sgg-780":"","1536x1536":"","2048x2048":"","homepage-slider":"","homepage-slider-small":"","page-top":"","page-small":"","loop-main":"","thumb-gallery-widget":""},"post_excerpt_stackable":"<p>&lt;Voltar 1. Programa de Educa\u00e7\u00e3o Previdenci\u00e1ria e Forma\u00e7\u00e3o Permanente 1.1. Portaria N\u00ba XXXXX 1.2. Apresenta\u00e7\u00e3o do Programa 1.2. Plano de A\u00e7\u00e3o 2. A\u00e7\u00f5es de Di\u00e1logo com os Segurados e a Sociedade 2.1. Cartilha Previdenci\u00e1ria 2.2. Semin\u00e1rios Dirigidos aos Segurados\/Servidores 2.3. Selos e Premia\u00e7\u00f5es 2.4. Agenda e Not\u00edcias da Educa\u00e7\u00e3o Previdenci\u00e1ria 2.5. PIAU\u00cdPREV Itinerante<\/p>\n","category_list":"","author_info":{"name":"Alan Davis","url":"https:\/\/portal.pi.gov.br\/piauiprev\/author\/alanalmeida\/"},"comments_num":"0 coment\u00e1rio","featured_image_urls_v2":{"full":"","thumbnail":"","medium":"","medium_large":"","large":"","sgg-420":"","sgg-540":"","sgg-780":"","1536x1536":"","2048x2048":"","homepage-slider":"","homepage-slider-small":"","page-top":"","page-small":"","loop-main":"","thumb-gallery-widget":""},"post_excerpt_stackable_v2":"<p>&lt;Voltar 1. Programa de Educa\u00e7\u00e3o Previdenci\u00e1ria e Forma\u00e7\u00e3o Permanente 1.1. Portaria N\u00ba XXXXX 1.2. Apresenta\u00e7\u00e3o do Programa 1.2. Plano de A\u00e7\u00e3o 2. A\u00e7\u00f5es de Di\u00e1logo com os Segurados e a Sociedade 2.1. Cartilha Previdenci\u00e1ria 2.2. Semin\u00e1rios Dirigidos aos Segurados\/Servidores 2.3. Selos e Premia\u00e7\u00f5es 2.4. Agenda e Not\u00edcias da Educa\u00e7\u00e3o Previdenci\u00e1ria 2.5. PIAU\u00cdPREV Itinerante<\/p>\n","category_list_v2":"","author_info_v2":{"name":"Alan Davis","url":"https:\/\/portal.pi.gov.br\/piauiprev\/author\/alanalmeida\/"},"comments_num_v2":"0 coment\u00e1rio","_links":{"self":[{"href":"https:\/\/portal.pi.gov.br\/piauiprev\/wp-json\/wp\/v2\/pages\/4529"}],"collection":[{"href":"https:\/\/portal.pi.gov.br\/piauiprev\/wp-json\/wp\/v2\/pages"}],"about":[{"href":"https:\/\/portal.pi.gov.br\/piauiprev\/wp-json\/wp\/v2\/types\/page"}],"author":[{"embeddable":true,"href":"https:\/\/portal.pi.gov.br\/piauiprev\/wp-json\/wp\/v2\/users\/25"}],"replies":[{"embeddable":true,"href":"https:\/\/portal.pi.gov.br\/piauiprev\/wp-json\/wp\/v2\/comments?post=4529"}],"version-history":[{"count":30,"href":"https:\/\/portal.pi.gov.br\/piauiprev\/wp-json\/wp\/v2\/pages\/4529\/revisions"}],"predecessor-version":[{"id":4681,"href":"https:\/\/portal.pi.gov.br\/piauiprev\/wp-json\/wp\/v2\/pages\/4529\/revisions\/4681"}],"wp:attachment":[{"href":"https:\/\/portal.pi.gov.br\/piauiprev\/wp-json\/wp\/v2\/media?parent=4529"}],"curies":[{"name":"wp","href":"https:\/\/api.w.org\/{rel}","templated":true}]}}