{"id":4555,"date":"2026-03-16T11:22:40","date_gmt":"2026-03-16T14:22:40","guid":{"rendered":"https:\/\/portal.pi.gov.br\/piauiprev\/?page_id=4555"},"modified":"2026-03-18T13:12:28","modified_gmt":"2026-03-18T16:12:28","slug":"educacao-previdenciaria-seminarios","status":"publish","type":"page","link":"https:\/\/portal.pi.gov.br\/piauiprev\/educacao-previdenciaria-seminarios\/","title":{"rendered":"Educa\u00e7\u00e3o Previdenci\u00e1ria &#8211; Semin\u00e1rios"},"content":{"rendered":"\n<p><a href=\"https:\/\/portal.pi.gov.br\/piauiprev\/educacao-previdenciaria\/\">&lt;Voltar<\/a><\/p>\n\n\n\n<details class=\"wp-block-stackable-accordion stk-block-accordion stk-inner-blocks stk-block-content stk-block stk-cdea5cf is-style-default\" data-block-id=\"cdea5cf\">\n<summary class=\"wp-block-stackable-column stk-block-column stk-column stk-block stk-2c9bfb1 stk-block-background stk--container-small stk-block-accordion__heading\" data-v=\"4\" data-block-id=\"2c9bfb1\"><div class=\"stk-column-wrapper stk-block-column__content stk-container stk-2c9bfb1-container stk-hover-parent\"><div class=\"stk-block-content stk-inner-blocks stk-2c9bfb1-inner-blocks\">\n<div class=\"wp-block-stackable-icon-label stk-block-icon-label stk-block stk-23c6fd0\" data-block-id=\"23c6fd0\"><div class=\"stk-row stk-inner-blocks stk-block-content\">\n<div class=\"wp-block-stackable-heading stk-block-heading stk-block-heading--v2 stk-block stk-e5eb96a\" id=\"span-style-color-0693-e-3-class-stk-highlight-i-seminario-previdencia-do-servidor-publico-do-estado-do-piaui-span\" data-block-id=\"e5eb96a\"><h4 class=\"stk-block-heading__text\"><span style=\"color: #0693e3\" class=\"stk-highlight\">I SEMIN\u00c1RIO: PREVID\u00caNCIA DO SERVIDOR P\u00daBLICO DO ESTADO DO PIAU\u00cd<\/span><\/h4><\/div>\n\n\n\n<div class=\"wp-block-stackable-icon stk-block-icon stk-block stk-e15daed\" data-block-id=\"e15daed\"><span class=\"stk--svg-wrapper\"><div class=\"stk--inner-svg\"><svg style=\"height:0;width:0\"><defs><linearGradient id=\"linear-gradient-e15daed\" x1=\"0\" x2=\"100%\" y1=\"0\" y2=\"0\"><stop offset=\"0%\" style=\"stop-opacity:1;stop-color:var(--linear-gradient-e-15-daed-color-1)\"><\/stop><stop offset=\"100%\" style=\"stop-opacity:1;stop-color:var(--linear-gradient-e-15-daed-color-2)\"><\/stop><\/linearGradient><\/defs><\/svg><svg data-prefix=\"fas\" data-icon=\"chevron-down\" class=\"svg-inline--fa fa-chevron-down fa-w-14\" xmlns=\"http:\/\/www.w3.org\/2000\/svg\" viewBox=\"0 0 448 512\" aria-hidden=\"true\" width=\"32\" height=\"32\"><path fill=\"currentColor\" d=\"M207.029 381.476L12.686 187.132c-9.373-9.373-9.373-24.569 0-33.941l22.667-22.667c9.357-9.357 24.522-9.375 33.901-.04L224 284.505l154.745-154.021c9.379-9.335 24.544-9.317 33.901.04l22.667 22.667c9.373 9.373 9.373 24.569 0 33.941L240.971 381.476c-9.373 9.372-24.569 9.372-33.942 0z\"><\/path><\/svg><\/div><\/span><\/div>\n<\/div><\/div>\n<\/div><\/div><\/summary>\n\n\n\n<div class=\"wp-block-stackable-column stk-block-column stk-column stk-block stk-23b0482 stk-block-background stk-block-accordion__content\" data-v=\"4\" data-block-id=\"23b0482\"><div class=\"stk-column-wrapper stk-block-column__content stk-container stk-23b0482-container stk--no-background stk--no-padding\"><div class=\"stk-block-content stk-inner-blocks stk-23b0482-inner-blocks\">\n<div class=\"wp-block-stackable-text stk-block-text stk-block stk-49c317f\" data-block-id=\"49c317f\"><p class=\"stk-block-text__text has-text-align-justify\">Com o compromisso de promover o aprendizado cont\u00ednuo sobre as novas regras da Previd\u00eancia Social, a Funda\u00e7\u00e3o Piau\u00ed Previd\u00eancia (PIAU\u00cdPREV) realizou Semin\u00e1rio \u201cPrevid\u00eancia do Servidor P\u00fablico do Estado do Piau\u00ed\u201d, no audit\u00f3rio do Tribunal de Contas do Estado do Piau\u00ed (TCE\/PI), em Teresina. O evento reuniu especialistas e autoridades para debater temas de grande relev\u00e2ncia, como \u201cAposentadoria por Incapacidade Permanente\u201d, \u201cPens\u00e3o por Morte (militar) \u201d e \u201cAc\u00famulo de Benef\u00edcios\u201d, em palestras e rodas de conversa conduzidas por Alex Sert\u00e3o e Raphael Romero, palestrantes de destaque nacional.<\/p><\/div>\n\n\n\n<div class=\"wp-block-stackable-text stk-block-text stk-block stk-cd67cc7\" data-block-id=\"cd67cc7\"><p class=\"stk-block-text__text\"><a rel=\"noreferrer noopener\" href=\"https:\/\/portal.pi.gov.br\/piauiprev\/2023\/03\/31\/previdencia-social-e-tema-de-seminario-em-teresina\/\" target=\"_blank\"><strong>Previd\u00eancia Social \u00e9 tema de semin\u00e1rio em Teresina<\/strong><\/a><\/p><\/div>\n\n\n\n<div class=\"wp-block-stackable-text stk-block-text stk-block stk-2435fd8\" data-block-id=\"2435fd8\"><p class=\"stk-block-text__text\"><strong>Registro Fotogr\u00e1fico<\/strong><\/p><\/div>\n<\/div><\/div><\/div>\n<\/details>\n\n\n\n<details class=\"wp-block-stackable-accordion stk-block-accordion stk-inner-blocks stk-block-content stk-block stk-351f256 is-style-default\" data-block-id=\"351f256\">\n<summary class=\"wp-block-stackable-column stk-block-column stk-column stk-block stk-f932225 stk-block-background stk--container-small stk-block-accordion__heading\" data-v=\"4\" data-block-id=\"f932225\"><div class=\"stk-column-wrapper stk-block-column__content stk-container stk-f932225-container stk-hover-parent\"><div class=\"stk-block-content stk-inner-blocks stk-f932225-inner-blocks\">\n<div class=\"wp-block-stackable-icon-label stk-block-icon-label stk-block stk-fe340dc\" data-block-id=\"fe340dc\"><div class=\"stk-row stk-inner-blocks stk-block-content\">\n<div class=\"wp-block-stackable-heading stk-block-heading stk-block-heading--v2 stk-block stk-1330185\" id=\"span-style-color-0693-e-3-class-stk-highlight-ii-seminario-desafios-e-perspectivas-da-previdencia-no-piaui-span\" data-block-id=\"1330185\"><h4 class=\"stk-block-heading__text\"><span style=\"color: #0693e3\" class=\"stk-highlight\">II SEMIN\u00c1RIO: DESAFIOS E PERSPECTIVAS DA PREVID\u00caNCIA NO PIAU\u00cd<\/span><\/h4><\/div>\n\n\n\n<div class=\"wp-block-stackable-icon stk-block-icon stk-block stk-bceda93\" data-block-id=\"bceda93\"><span class=\"stk--svg-wrapper\"><div class=\"stk--inner-svg\"><svg style=\"height:0;width:0\"><defs><linearGradient id=\"linear-gradient-bceda93\" x1=\"0\" x2=\"100%\" y1=\"0\" y2=\"0\"><stop offset=\"0%\" style=\"stop-opacity:1;stop-color:var(--linear-gradient-bceda-93-color-1)\"><\/stop><stop offset=\"100%\" style=\"stop-opacity:1;stop-color:var(--linear-gradient-bceda-93-color-2)\"><\/stop><\/linearGradient><\/defs><\/svg><svg data-prefix=\"fas\" data-icon=\"chevron-down\" class=\"svg-inline--fa fa-chevron-down fa-w-14\" xmlns=\"http:\/\/www.w3.org\/2000\/svg\" viewBox=\"0 0 448 512\" aria-hidden=\"true\" width=\"32\" height=\"32\"><path fill=\"currentColor\" d=\"M207.029 381.476L12.686 187.132c-9.373-9.373-9.373-24.569 0-33.941l22.667-22.667c9.357-9.357 24.522-9.375 33.901-.04L224 284.505l154.745-154.021c9.379-9.335 24.544-9.317 33.901.04l22.667 22.667c9.373 9.373 9.373 24.569 0 33.941L240.971 381.476c-9.373 9.372-24.569 9.372-33.942 0z\"><\/path><\/svg><\/div><\/span><\/div>\n<\/div><\/div>\n<\/div><\/div><\/summary>\n\n\n\n<div class=\"wp-block-stackable-column stk-block-column stk-column stk-block stk-c015c92 stk-block-background stk-block-accordion__content\" data-v=\"4\" data-block-id=\"c015c92\"><div class=\"stk-column-wrapper stk-block-column__content stk-container stk-c015c92-container stk--no-background stk--no-padding\"><div class=\"stk-block-content stk-inner-blocks stk-c015c92-inner-blocks\">\n<div class=\"wp-block-stackable-text stk-block-text stk-block stk-0df3341\" data-block-id=\"0df3341\"><p class=\"stk-block-text__text has-text-align-justify\">A Funda\u00e7\u00e3o Piau\u00ed Previd\u00eancia (PIAU\u00cdPREV) promoveu o II Semin\u00e1rio \u201cDesafios e Perspectivas da Previd\u00eancia no Piau\u00ed\u201d, no audit\u00f3rio da Ordem dos Advogados do Brasil \u2013 Seccional Piau\u00ed (OAB-PI). O evento reuniu especialistas renomados da \u00e1rea previdenci\u00e1ria nacional em um dia de debates e palestras voltados para a gest\u00e3o e a sustentabilidade dos Regimes Pr\u00f3prios de Previd\u00eancia Social (RPPS). O II Semin\u00e1rio \u201cDesafio e Perspectiva da Previd\u00eancia no Piau\u00ed\u201d teve como objetivo promover a capacita\u00e7\u00e3o de gestores, estudantes e interessados no tema, al\u00e9m de incentivar pr\u00e1ticas inovadoras de governan\u00e7a previdenci\u00e1ria, refor\u00e7ando o papel da PIAU\u00cdPREV na constru\u00e7\u00e3o de uma administra\u00e7\u00e3o p\u00fablica eficiente e sustent\u00e1vel.<\/p><\/div>\n\n\n\n<div class=\"wp-block-stackable-text stk-block-text stk-block stk-d5936e4\" data-block-id=\"d5936e4\"><p class=\"stk-block-text__text\"><a rel=\"noreferrer noopener\" href=\"https:\/\/portal.pi.gov.br\/piauiprev\/2025\/11\/10\/piauiprev-realiza-o-ii-seminario-desafios-e-perspectivas-da-previdencia-no-piaui-com-grandes-nomes-da-area-previdenciaria-nacional\/\" target=\"_blank\"><strong>PIAU\u00cdPREV realiza o II Semin\u00e1rio \u201cDesafios e Perspectivas da Previd\u00eancia no Piau\u00ed\u201d com grandes nomes da \u00e1rea previdenci\u00e1ria nacional<\/strong><\/a><\/p><\/div>\n\n\n\n<div class=\"wp-block-stackable-text stk-block-text stk-block stk-5490d40\" data-block-id=\"5490d40\"><p class=\"stk-block-text__text\"><a href=\"https:\/\/drive.google.com\/drive\/u\/0\/mobile\/folders\/1JuMjnMVkMeH0cukOrNH-GV36diRpy5Vh?fbclid=PAdGRleAQmHt1leHRuA2FlbQIxMQBzcnRjBmFwcF9pZA8xMjQwMjQ1NzQyODc0MTQAAaf4U2P7UGMBb4riE25ykibuYOMDlyRexN1tw_tJvrd3kh6ZUlSh7gPnHj-Plw_aem_5PCiJQypEksQdGM64oHuMw\" target=\"_blank\" rel=\"noreferrer noopener\"><strong>Registro Fotogr\u00e1fico<\/strong><\/a><\/p><\/div>\n<\/div><\/div><\/div>\n<\/details>\n\n\n\n<p><\/p>\n","protected":false},"excerpt":{"rendered":"<p>&lt;Voltar I SEMIN\u00c1RIO: PREVID\u00caNCIA DO SERVIDOR P\u00daBLICO DO ESTADO DO PIAU\u00cd Com o compromisso de promover o aprendizado cont\u00ednuo sobre as novas regras da Previd\u00eancia Social, a Funda\u00e7\u00e3o Piau\u00ed Previd\u00eancia [&hellip;]<\/p>\n","protected":false},"author":25,"featured_media":0,"parent":0,"menu_order":0,"comment_status":"closed","ping_status":"closed","template":"","meta":[],"featured_image_urls":{"full":"","thumbnail":"","medium":"","medium_large":"","large":"","sgg-420":"","sgg-540":"","sgg-780":"","1536x1536":"","2048x2048":"","homepage-slider":"","homepage-slider-small":"","page-top":"","page-small":"","loop-main":"","thumb-gallery-widget":""},"post_excerpt_stackable":"<p>&lt;Voltar I SEMIN\u00c1RIO: PREVID\u00caNCIA DO SERVIDOR P\u00daBLICO DO ESTADO DO PIAU\u00cd Com o compromisso de promover o aprendizado cont\u00ednuo sobre as novas regras da Previd\u00eancia Social, a Funda\u00e7\u00e3o Piau\u00ed Previd\u00eancia (PIAU\u00cdPREV) realizou Semin\u00e1rio \u201cPrevid\u00eancia do Servidor P\u00fablico do Estado do Piau\u00ed\u201d, no audit\u00f3rio do Tribunal de Contas do Estado do Piau\u00ed (TCE\/PI), em Teresina. O evento reuniu especialistas e autoridades para debater temas de grande relev\u00e2ncia, como \u201cAposentadoria por Incapacidade Permanente\u201d, \u201cPens\u00e3o por Morte (militar) \u201d e \u201cAc\u00famulo de Benef\u00edcios\u201d, em palestras e rodas de conversa conduzidas por Alex Sert\u00e3o e Raphael Romero, palestrantes de destaque nacional. Previd\u00eancia Social \u00e9&hellip;<\/p>\n","category_list":"","author_info":{"name":"Alan Davis","url":"https:\/\/portal.pi.gov.br\/piauiprev\/author\/alanalmeida\/"},"comments_num":"0 coment\u00e1rio","featured_image_urls_v2":{"full":"","thumbnail":"","medium":"","medium_large":"","large":"","sgg-420":"","sgg-540":"","sgg-780":"","1536x1536":"","2048x2048":"","homepage-slider":"","homepage-slider-small":"","page-top":"","page-small":"","loop-main":"","thumb-gallery-widget":""},"post_excerpt_stackable_v2":"<p>&lt;Voltar I SEMIN\u00c1RIO: PREVID\u00caNCIA DO SERVIDOR P\u00daBLICO DO ESTADO DO PIAU\u00cd Com o compromisso de promover o aprendizado cont\u00ednuo sobre as novas regras da Previd\u00eancia Social, a Funda\u00e7\u00e3o Piau\u00ed Previd\u00eancia (PIAU\u00cdPREV) realizou Semin\u00e1rio \u201cPrevid\u00eancia do Servidor P\u00fablico do Estado do Piau\u00ed\u201d, no audit\u00f3rio do Tribunal de Contas do Estado do Piau\u00ed (TCE\/PI), em Teresina. O evento reuniu especialistas e autoridades para debater temas de grande relev\u00e2ncia, como \u201cAposentadoria por Incapacidade Permanente\u201d, \u201cPens\u00e3o por Morte (militar) \u201d e \u201cAc\u00famulo de Benef\u00edcios\u201d, em palestras e rodas de conversa conduzidas por Alex Sert\u00e3o e Raphael Romero, palestrantes de destaque nacional. Previd\u00eancia Social \u00e9&hellip;<\/p>\n","category_list_v2":"","author_info_v2":{"name":"Alan Davis","url":"https:\/\/portal.pi.gov.br\/piauiprev\/author\/alanalmeida\/"},"comments_num_v2":"0 coment\u00e1rio","_links":{"self":[{"href":"https:\/\/portal.pi.gov.br\/piauiprev\/wp-json\/wp\/v2\/pages\/4555"}],"collection":[{"href":"https:\/\/portal.pi.gov.br\/piauiprev\/wp-json\/wp\/v2\/pages"}],"about":[{"href":"https:\/\/portal.pi.gov.br\/piauiprev\/wp-json\/wp\/v2\/types\/page"}],"author":[{"embeddable":true,"href":"https:\/\/portal.pi.gov.br\/piauiprev\/wp-json\/wp\/v2\/users\/25"}],"replies":[{"embeddable":true,"href":"https:\/\/portal.pi.gov.br\/piauiprev\/wp-json\/wp\/v2\/comments?post=4555"}],"version-history":[{"count":9,"href":"https:\/\/portal.pi.gov.br\/piauiprev\/wp-json\/wp\/v2\/pages\/4555\/revisions"}],"predecessor-version":[{"id":4607,"href":"https:\/\/portal.pi.gov.br\/piauiprev\/wp-json\/wp\/v2\/pages\/4555\/revisions\/4607"}],"wp:attachment":[{"href":"https:\/\/portal.pi.gov.br\/piauiprev\/wp-json\/wp\/v2\/media?parent=4555"}],"curies":[{"name":"wp","href":"https:\/\/api.w.org\/{rel}","templated":true}]}}