{"id":899,"date":"2023-03-09T09:10:49","date_gmt":"2023-03-09T12:10:49","guid":{"rendered":"https:\/\/portal.pi.gov.br\/piauiprev\/?page_id=899"},"modified":"2023-04-04T13:07:24","modified_gmt":"2023-04-04T16:07:24","slug":"a-piauiprev","status":"publish","type":"page","link":"https:\/\/portal.pi.gov.br\/piauiprev\/a-piauiprev\/","title":{"rendered":"A PIAUIPREV"},"content":{"rendered":"\n<div class=\"wp-block-stackable-map stk-block-map stk-block stk-57ee9e8\" data-block-id=\"57ee9e8\"><iframe\n\t\t\t\t\t\ttitle=\"Embedded content from Google Maps Platform.\"\n\t\t\t\t\t\tsrc=\"https:\/\/maps.google.com\/maps?q=-5.108866490975033, -42.812352237098466&#038;t=&#038;z=17&#038;ie=UTF8&#038;output=embed\"\n\t\t\t\t\t\tstyle=\"border:0;width:100%;max-width:none;max-height:none;height:100%;\"\n\t\t\t\t\t\taria-hidden=\"false\"\n\t\t\t\t\t\ttabIndex=\"0\"\n\t\t\t\t\t\tallowfullscreen\n\t\t\t\t\t\tloading=\"lazy\"\n\t\t\t\t\t\tframeBorder=\"0\"\n\t\t\t\t\t><\/iframe><\/div>\n\n\n\n<div class=\"wp-block-group is-vertical is-layout-flex wp-container-1\">\n<p>A Funda\u00e7\u00e3o Piau\u00ed Previd\u00eancia \u2013 PIAU\u00cdPREV, criada atrav\u00e9s da Lei n\u00ba 6.910, de 12 de dezembro de 2016, \u00e9 dotada de personalidade jur\u00eddica de direito p\u00fablico e autonomia administrativa, patrimonial, t\u00e9cnica e financeira, vinculada \u00e0 Secretaria de Estado da Administra\u00e7\u00e3o e Previd\u00eancia do Piau\u00ed, com a finalidade de ser gestora \u00fanica do Regime Pr\u00f3prio de Previd\u00eancia do Estado do Piau\u00ed \u2013 RPPS.<\/p>\n\n\n\n<p>A cria\u00e7\u00e3o da PIAU\u00cdPREV se deu pela necessidade de uma maior efici\u00eancia de gest\u00e3o e, da premente necessidade de defini\u00e7\u00e3o de padr\u00f5es de adequa\u00e7\u00e3o do Regime Pr\u00f3prio de Previd\u00eancia \u00e0s normas de gest\u00e3o impostas pela Secretaria de Previd\u00eancia Social, de forma a unificar e centralizar a gest\u00e3o para dar uma resposta c\u00e9lere, eficiente e adequada aos benefici\u00e1rios do regime.<\/p>\n\n\n\n<p>A PIAU\u00cdPREV, na forma do seu Regimento Interno, tem como finalidade gerir o Sistema de Previd\u00eancia Social dos Servidores do Estado do Piau\u00ed, constitu\u00eddo pelo Fundo de Previd\u00eancia Social do Estado do Piau\u00ed e pelo Fundo Integrado de Bens, Direitos e Ativos \u2013 FI-BDA. Tal gest\u00e3o \u00e9 norteada pelo que est\u00e1 previsto nas normas previdenci\u00e1rias relativas ao Regime Pr\u00f3prio de Previd\u00eancia Social &#8211; RPPS contidas na Constitui\u00e7\u00e3o Federal, nas leis federais e na legisla\u00e7\u00e3o previdenci\u00e1ria do Estado do Piau\u00ed, cabendo-lhe, por consequ\u00eancia, todas as atividades t\u00e9cnicas e administrativas necess\u00e1rias ao alcance de seus objetivos, diretamente, em coopera\u00e7\u00e3o com outros \u00f3rg\u00e3os, entidades, o\/eu atrav\u00e9s de terceiros.<\/p>\n\n\n\n<p>A Funda\u00e7\u00e3o tem como compet\u00eancias a concess\u00e3o e gest\u00e3o de benef\u00edcios previdenci\u00e1rios de aposentadoria e pens\u00e3o por morte, bem como arrecada\u00e7\u00e3o, investimentos e administra\u00e7\u00e3o das contribui\u00e7\u00f5es previdenci\u00e1rias dos \u00f3rg\u00e3os e servidores estaduais, civis e militares.<\/p>\n\n\n\n<p class=\"has-text-align-left\">Atualmente a PIAU\u00cdPREV \u00e9 respons\u00e1vel pela gest\u00e3o do Regime Pr\u00f3prio de Previd\u00eancia Social dos servidores civis, policiais militares e bombeiros militares, ativos e inativos e pensionistas da administra\u00e7\u00e3o direta, aut\u00e1rquica e fundacional do Estado do Piau\u00ed de qualquer dos Poderes e dos membros da magistratura, do Minist\u00e9rio P\u00fablico, Assembleia Legislativa e do Tribunal de Contas, bem implanta\u00e7\u00e3o e gerenciamento da Previd\u00eancia Complementar.<\/p>\n<\/div>\n\n\n","protected":false},"excerpt":{"rendered":"<p>A Funda\u00e7\u00e3o Piau\u00ed Previd\u00eancia \u2013 PIAU\u00cdPREV, criada atrav\u00e9s da Lei n\u00ba 6.910, de 12 de dezembro de 2016, \u00e9 dotada de personalidade jur\u00eddica de direito p\u00fablico e autonomia administrativa, patrimonial, [&hellip;]<\/p>\n","protected":false},"author":1,"featured_media":0,"parent":0,"menu_order":0,"comment_status":"closed","ping_status":"closed","template":"template-fullwidth.php","meta":[],"featured_image_urls":{"full":"","thumbnail":"","medium":"","medium_large":"","large":"","sgg-420":"","sgg-540":"","sgg-780":"","1536x1536":"","2048x2048":"","homepage-slider":"","homepage-slider-small":"","page-top":"","page-small":"","loop-main":"","thumb-gallery-widget":""},"post_excerpt_stackable":"<p>A Funda\u00e7\u00e3o Piau\u00ed Previd\u00eancia \u2013 PIAU\u00cdPREV, criada atrav\u00e9s da Lei n\u00ba 6.910, de 12 de dezembro de 2016, \u00e9 dotada de personalidade jur\u00eddica de direito p\u00fablico e autonomia administrativa, patrimonial, t\u00e9cnica e financeira, vinculada \u00e0 Secretaria de Estado da Administra\u00e7\u00e3o e Previd\u00eancia do Piau\u00ed, com a finalidade de ser gestora \u00fanica do Regime Pr\u00f3prio de Previd\u00eancia do Estado do Piau\u00ed \u2013 RPPS. A cria\u00e7\u00e3o da PIAU\u00cdPREV se deu pela necessidade de uma maior efici\u00eancia de gest\u00e3o e, da premente necessidade de defini\u00e7\u00e3o de padr\u00f5es de adequa\u00e7\u00e3o do Regime Pr\u00f3prio de Previd\u00eancia \u00e0s normas de gest\u00e3o impostas pela Secretaria de Previd\u00eancia&hellip;<\/p>\n","category_list":"","author_info":{"name":"admin","url":"https:\/\/portal.pi.gov.br\/piauiprev\/author\/admin\/"},"comments_num":"0 coment\u00e1rio","featured_image_urls_v2":{"full":"","thumbnail":"","medium":"","medium_large":"","large":"","sgg-420":"","sgg-540":"","sgg-780":"","1536x1536":"","2048x2048":"","homepage-slider":"","homepage-slider-small":"","page-top":"","page-small":"","loop-main":"","thumb-gallery-widget":""},"post_excerpt_stackable_v2":"<p>A Funda\u00e7\u00e3o Piau\u00ed Previd\u00eancia \u2013 PIAU\u00cdPREV, criada atrav\u00e9s da Lei n\u00ba 6.910, de 12 de dezembro de 2016, \u00e9 dotada de personalidade jur\u00eddica de direito p\u00fablico e autonomia administrativa, patrimonial, t\u00e9cnica e financeira, vinculada \u00e0 Secretaria de Estado da Administra\u00e7\u00e3o e Previd\u00eancia do Piau\u00ed, com a finalidade de ser gestora \u00fanica do Regime Pr\u00f3prio de Previd\u00eancia do Estado do Piau\u00ed \u2013 RPPS. A cria\u00e7\u00e3o da PIAU\u00cdPREV se deu pela necessidade de uma maior efici\u00eancia de gest\u00e3o e, da premente necessidade de defini\u00e7\u00e3o de padr\u00f5es de adequa\u00e7\u00e3o do Regime Pr\u00f3prio de Previd\u00eancia \u00e0s normas de gest\u00e3o impostas pela Secretaria de Previd\u00eancia&hellip;<\/p>\n","category_list_v2":"","author_info_v2":{"name":"admin","url":"https:\/\/portal.pi.gov.br\/piauiprev\/author\/admin\/"},"comments_num_v2":"0 coment\u00e1rio","_links":{"self":[{"href":"https:\/\/portal.pi.gov.br\/piauiprev\/wp-json\/wp\/v2\/pages\/899"}],"collection":[{"href":"https:\/\/portal.pi.gov.br\/piauiprev\/wp-json\/wp\/v2\/pages"}],"about":[{"href":"https:\/\/portal.pi.gov.br\/piauiprev\/wp-json\/wp\/v2\/types\/page"}],"author":[{"embeddable":true,"href":"https:\/\/portal.pi.gov.br\/piauiprev\/wp-json\/wp\/v2\/users\/1"}],"replies":[{"embeddable":true,"href":"https:\/\/portal.pi.gov.br\/piauiprev\/wp-json\/wp\/v2\/comments?post=899"}],"version-history":[{"count":4,"href":"https:\/\/portal.pi.gov.br\/piauiprev\/wp-json\/wp\/v2\/pages\/899\/revisions"}],"predecessor-version":[{"id":1333,"href":"https:\/\/portal.pi.gov.br\/piauiprev\/wp-json\/wp\/v2\/pages\/899\/revisions\/1333"}],"wp:attachment":[{"href":"https:\/\/portal.pi.gov.br\/piauiprev\/wp-json\/wp\/v2\/media?parent=899"}],"curies":[{"name":"wp","href":"https:\/\/api.w.org\/{rel}","templated":true}]}}