{"id":908,"date":"2023-03-09T09:12:41","date_gmt":"2023-03-09T12:12:41","guid":{"rendered":"https:\/\/portal.pi.gov.br\/piauiprev\/?page_id=908"},"modified":"2023-03-30T11:37:55","modified_gmt":"2023-03-30T14:37:55","slug":"aposentadoria","status":"publish","type":"page","link":"https:\/\/portal.pi.gov.br\/piauiprev\/aposentadoria\/","title":{"rendered":"Aposentadoria"},"content":{"rendered":"\n<div class=\"wp-block-stackable-heading stk-block-heading stk-block stk-17dfe8b\" id=\"strong-documentos-necessarios-para-o-processo-de-aposentadoria-strong\" data-block-id=\"17dfe8b\"><h2 class=\"stk-block-heading__text\"><strong>DOCUMENTOS NECESS\u00c1RIOS PARA O PROCESSO DE APOSENTADORIA<\/strong><\/h2><div class=\"stk-block-heading__bottom-line\"><\/div><\/div>\n\n\n\n<div class=\"wp-block-stackable-text stk-block-text stk-block stk-1713736\" data-block-id=\"1713736\"><p class=\"stk-block-text__text\"><strong>1.\u00a0<\/strong>Requerimento (documento emitido pelo sistema, no momento do atendimento);<\/p><\/div>\n\n\n\n<div class=\"wp-block-stackable-text stk-block-text stk-block stk-e42e7f6\" data-block-id=\"e42e7f6\"><p class=\"stk-block-text__text\"><strong>2.\u00a0<\/strong>Termo de Op\u00e7\u00e3o (documento emitido pelo sistema, no momento do atendimento);<\/p><\/div>\n\n\n\n<div class=\"wp-block-stackable-text stk-block-text stk-block stk-eb3eee9\" data-block-id=\"eb3eee9\"><p class=\"stk-block-text__text\"><strong>3.\u00a0<\/strong>Informa\u00e7\u00f5es de vencimentos e vantagens (com fundamenta\u00e7\u00e3o legal) contendo lota\u00e7\u00e3o do servidor e assinatura pelo Diretor da Unidade de Gest\u00e3o de Pessoas;<\/p><\/div>\n\n\n\n<div class=\"wp-block-stackable-text stk-block-text stk-block stk-a2442f1\" data-block-id=\"a2442f1\"><p class=\"stk-block-text__text\"><strong>4.\u00a0<\/strong>Documentos pessoais do requerente (originais para escaneamento):<\/p><\/div>\n\n\n\n<ul>\n<li>Carteira de Identidade;<\/li>\n\n\n\n<li>Certid\u00e3o de Nascimento e\/ou Casamento (se casado no religioso, apresentar Certid\u00e3o de Nascimento); (os com uni\u00e3o est\u00e1vel, apresentar documento que comprove a situa\u00e7\u00e3o);<\/li>\n\n\n\n<li>CPF;<\/li>\n\n\n\n<li>PIS\/PASEP;<\/li>\n\n\n\n<li>T\u00edtulo Eleitoral;<\/li>\n\n\n\n<li>Carteira de Reservista (homem); (certificado de reservista)<\/li>\n\n\n\n<li>Comprovante de Resid\u00eancia.<\/li>\n<\/ul>\n\n\n\n<div class=\"wp-block-stackable-text stk-block-text stk-block stk-d02ed05\" data-block-id=\"d02ed05\"><p class=\"stk-block-text__text\"><strong>5.&nbsp;<\/strong>Declara\u00e7\u00e3o de Bens (documento emitido pelo sistema, no momento do atendimento):<\/p><\/div>\n\n\n\n<ul>\n<li>Assinada pelo requerente (original) e declara\u00e7\u00e3o de rendimento &#8211; Imposto de Renda.<\/li>\n<\/ul>\n\n\n\n<div class=\"wp-block-stackable-text stk-block-text stk-block stk-812fd1b\" data-block-id=\"812fd1b\"><p class=\"stk-block-text__text\"><strong>6.&nbsp;<\/strong>Declara\u00e7\u00e3o de exist\u00eancia de acumula\u00e7\u00e3o ou n\u00e3o de cargos ou fun\u00e7\u00e3o na Administra\u00e7\u00e3o P\u00fablica (documento emitido pelo sistema, no momento do atendimento):<\/p><\/div>\n\n\n\n<ul>\n<li>Se acumular:\n<ul>\n<li>Anexar o contracheque do cargo que acumula;<\/li>\n\n\n\n<li>Declara\u00e7\u00e3o de vencimentos e vantagens do \u00f3rg\u00e3o onde acumula;<\/li>\n\n\n\n<li>Declara\u00e7\u00e3o de carga hor\u00e1ria e turno de trabalho dos \u00f3rg\u00e3os em que acumula;<\/li>\n\n\n\n<li>Se for inativo, apresentar: Ato de Concess\u00e3o de Aposentadoria, Resolu\u00e7\u00e3o ou Ac\u00f3rd\u00e3o do julgamento legal pelo Tribunal de Contas do Estado.<\/li>\n<\/ul>\n<\/li>\n\n\n\n<li>Se profissional da \u00e1rea da sa\u00fade, acrescentar:\n<ul>\n<li>Escala de servi\u00e7o;<\/li>\n\n\n\n<li>Diploma de Gradua\u00e7\u00e3o;<\/li>\n\n\n\n<li>Certificado de Curso T\u00e9cnico.<\/li>\n<\/ul>\n<\/li>\n<\/ul>\n\n\n\n<div class=\"wp-block-stackable-text stk-block-text stk-block stk-09c98ad\" data-block-id=\"09c98ad\"><p class=\"stk-block-text__text\"><strong>7.&nbsp;<\/strong>Ato de Admiss\u00e3o (Contrato de Trabalho, Memorando ou termo de Posse):<\/p><\/div>\n\n\n\n<div class=\"wp-block-stackable-text stk-block-text stk-block stk-c9b3518\" data-block-id=\"c9b3518\"><p class=\"stk-block-text__text\"><strong>OBS 1:<\/strong>&nbsp;Se for declara\u00e7\u00e3o, s\u00f3 ser\u00e1 aceita se comprovada com outros documentos com a mesma data e confirmada atrav\u00e9s de uma certid\u00e3o (original) assinada pelo(a) Diretor(a) de Gest\u00e3o de Pessoas do \u00f3rg\u00e3o;<\/p><\/div>\n\n\n\n<div class=\"wp-block-stackable-text stk-block-text stk-block stk-2674b1b\" data-block-id=\"2674b1b\"><p class=\"stk-block-text__text\"><strong>OBS 2:<\/strong>&nbsp;A certid\u00e3o s\u00f3 ser\u00e1 considerada se tiver documento \u00e0 \u00e9poca que comprove o ingresso, do servidor no servi\u00e7o p\u00fablico, tais como: f\u00e9rias, licen\u00e7a pr\u00eamio, promo\u00e7\u00f5es publicadas no Di\u00e1rio Oficial do Estado, contracheques e\/ou relat\u00f3rio financeiro por matr\u00edcula.<\/p><\/div>\n\n\n\n<div class=\"wp-block-stackable-text stk-block-text stk-block stk-9adb188\" data-block-id=\"9adb188\"><p class=\"stk-block-text__text\"><strong>8.&nbsp;<\/strong>Averba\u00e7\u00e3o:<\/p><\/div>\n\n\n\n<ul>\n<li>Portaria de Averba\u00e7\u00e3o emitida pelo \u00f3rg\u00e3o de origem e, no caso de professor, declarar o per\u00edodo averbado no efetivo exerc\u00edcio do magist\u00e9rio;<\/li>\n\n\n\n<li>C\u00f3pia da publica\u00e7\u00e3o no Di\u00e1rio Oficial do Estado da Portaria de Averba\u00e7\u00e3o;<\/li>\n\n\n\n<li>Certid\u00e3o de Contribui\u00e7\u00e3o Previdenci\u00e1ria do Regime Geral &#8211; INSS, original, contendo o cargo exercido no per\u00edodo averbado;<\/li>\n\n\n\n<li>Se for do regime Pr\u00f3prio de Previd\u00eancia Social &#8211; RPPS, apresentar a Certid\u00e3o de Contribui\u00e7\u00e3o Previdenci\u00e1ria original daquele regime.<\/li>\n<\/ul>\n\n\n\n<div class=\"wp-block-stackable-text stk-block-text stk-block stk-ffd75a8\" data-block-id=\"ffd75a8\"><p class=\"stk-block-text__text\"><strong>9.&nbsp;<\/strong>Portaria ou Memorando do Adicional por Tempo de Servi\u00e7os, obedecendo a Lei Complementar n\u00ba 33\/03, com o devido percentual;<\/p><\/div>\n\n\n\n<div class=\"wp-block-stackable-text stk-block-text stk-block stk-69613bd\" data-block-id=\"69613bd\"><p class=\"stk-block-text__text\"><strong>10.&nbsp;<\/strong>Gratifica\u00e7\u00e3o Incorporada:<\/p><\/div>\n\n\n\n<ul>\n<li>C\u00f3pia do processo de incorpora\u00e7\u00e3o e\/ou mapa de fun\u00e7\u00e3o autorizado (indicando o\u00a0percentual e o tipo de gratifica\u00e7\u00e3o);<\/li>\n\n\n\n<li>Ato de nomea\u00e7\u00e3o e exonera\u00e7\u00e3o da respectiva fun\u00e7\u00e3o.<\/li>\n<\/ul>\n\n\n\n<div class=\"wp-block-stackable-text stk-block-text stk-block stk-835c103\" data-block-id=\"835c103\"><p class=\"stk-block-text__text\"><strong>11.&nbsp;<\/strong>Mudan\u00e7a de cargos:<\/p><\/div>\n\n\n\n<ul>\n<li>C\u00f3pia dos atos e decretos;<\/li>\n\n\n\n<li>C\u00f3pia da publica\u00e7\u00e3o no Di\u00e1rio Oficial do Estado.<\/li>\n<\/ul>\n\n\n\n<div class=\"wp-block-stackable-text stk-block-text stk-block stk-0defb87\" data-block-id=\"0defb87\"><p class=\"stk-block-text__text\"><strong>12.&nbsp;<\/strong>Declara\u00e7\u00e3o de Tempo de Contribui\u00e7\u00e3o &#8211; DTC (documento emitido pelo sistema);<\/p><\/div>\n\n\n\n<div class=\"wp-block-stackable-text stk-block-text stk-block stk-8e15145\" data-block-id=\"8e15145\"><p class=\"stk-block-text__text\"><strong>13.&nbsp;<\/strong>Decreto de enquadramento e promo\u00e7\u00f5es no plano de cargos, carreiras e vencimentos, constando o nome do servidor(a), classe, padr\u00e3o, bem como documentos decorrentes da avalia\u00e7\u00e3o de cargos;<\/p><\/div>\n\n\n\n<div class=\"wp-block-stackable-text stk-block-text stk-block stk-be1044f\" data-block-id=\"be1044f\"><p class=\"stk-block-text__text\"><strong>14.&nbsp;<\/strong>Afastamentos: faltas, licen\u00e7as, suspens\u00f5es e f\u00e9rias;<\/p><\/div>\n\n\n\n<div class=\"wp-block-stackable-text stk-block-text stk-block stk-4aa3110\" data-block-id=\"4aa3110\"><p class=\"stk-block-text__text\"><strong>15.&nbsp;<\/strong>Mapa de Tempo de Servi\u00e7o existente no prontu\u00e1rio do servidor (se tiver);<\/p><\/div>\n\n\n\n<div class=\"wp-block-stackable-text stk-block-text stk-block stk-2530ccf\" data-block-id=\"2530ccf\"><p class=\"stk-block-text__text\"><strong>16.&nbsp;<\/strong>Reintegra\u00e7\u00e3o motivada pelo Expurgo ou PDV (Programa de Desligamento Volunt\u00e1rio). Ser\u00e3o necess\u00e1rias c\u00f3pias:<\/p><\/div>\n\n\n\n<ul>\n<li>Decreto Legislativo, com nome do(a) servidor(a); (aplic\u00e1vel apenas para os casos do PDV)\n<ul>\n<li>Documento que comprove recolhimento das contribui\u00e7\u00f5es previdenci\u00e1rias referentes ao per\u00edodo que estivera afastado do servi\u00e7o p\u00fablico.<\/li>\n<\/ul>\n<\/li>\n\n\n\n<li>Se a reintegra\u00e7\u00e3o for via judicial:\n<ul>\n<li>C\u00f3pia completa do processo judicial de reintegra\u00e7\u00e3o;<\/li>\n\n\n\n<li>Certid\u00e3o de Tr\u00e2nsito em Julgado, com o nome do(a) servidor(a);<\/li>\n\n\n\n<li>Comprova\u00e7\u00e3o do recolhimento das contribui\u00e7\u00f5es previdenci\u00e1rias referente ao per\u00edodo em que estivera afastado do servi\u00e7o p\u00fablico;<\/li>\n\n\n\n<li>Comprova\u00e7\u00e3o da devolu\u00e7\u00e3o da indeniza\u00e7\u00e3o decorrente do desligamento;<\/li>\n\n\n\n<li>Documento do \u00f3rg\u00e3o de origem que comprove a data da reintegra\u00e7\u00e3o;<\/li>\n\n\n\n<li>C\u00f3pia do processo judicial.<\/li>\n<\/ul>\n<\/li>\n<\/ul>\n\n\n\n<div class=\"wp-block-stackable-text stk-block-text stk-block stk-5d1610c\" data-block-id=\"5d1610c\"><p class=\"stk-block-text__text\"><strong>17.&nbsp;<\/strong>Se professor, acrescentar:<\/p><\/div>\n\n\n\n<ul>\n<li>Apostilas de Acesso (originais para escaneamento &#8211; todas em sequ\u00eancia);<\/li>\n\n\n\n<li>Apostilas de N\u00edveis (originais para escaneamento &#8211; todas em sequ\u00eancia);<\/li>\n\n\n\n<li>Em cumprimento \u00e0 Lei n\u00ba 6.300\/13, no seu Art. 61- A, que seja certificado no m\u00ednimo 5 (cinco) anos consecutivos de efetivo exerc\u00edcio na nova jornada (40hs) no per\u00edodo imediatamente anterior ao pedido de aposentadoria;<\/li>\n\n\n\n<li>Em caso de n\u00e3o haver as apostilas, por ter sido uma altera\u00e7\u00e3o legal, deve-se juntar as leis que implementaram tais altera\u00e7\u00f5es.<\/li>\n<\/ul>\n\n\n\n<div class=\"wp-block-stackable-text stk-block-text stk-block stk-40b88ee\" data-block-id=\"40b88ee\"><p class=\"stk-block-text__text\"><strong>17.1.&nbsp;<\/strong>Aposentadoria Especial (\u00a75\u00ba do Art. 40 da CF):<\/p><\/div>\n\n\n\n<ul>\n<li>Declara\u00e7\u00e3o que comprove exclusivamente tempos de efetivo exerc\u00edcio das fun\u00e7\u00f5es de magist\u00e9rio, emitida pelo Diretor da Unidade Escolar na qual o professor est\u00e1 exercendo suas fun\u00e7\u00f5es de magist\u00e9rio, bem como carga hor\u00e1ria, turno e disciplina ministrada;<\/li>\n\n\n\n<li>Se estiver ou esteve \u00e0 disposi\u00e7\u00e3o, apresentar documentos que indiquem as atribui\u00e7\u00f5es no \u00f3rg\u00e3o seccionado e a data de in\u00edcio e fim da disposi\u00e7\u00e3o;<\/li>\n\n\n\n<li>Se a disposi\u00e7\u00e3o for atrav\u00e9s de conv\u00eanio, acostar c\u00f3pia do conv\u00eanio.<\/li>\n<\/ul>\n\n\n\n<div class=\"wp-block-stackable-heading stk-block-heading stk-block stk-003f58e\" id=\"strong-importante-strong\" data-block-id=\"003f58e\"><h2 class=\"stk-block-heading__text\"><strong>IMPORTANTE!<\/strong><\/h2><div class=\"stk-block-heading__bottom-line\"><\/div><\/div>\n\n\n\n<div class=\"wp-block-stackable-text stk-block-text stk-block stk-159d576\" data-block-id=\"159d576\"><p class=\"stk-block-text__text\">H\u00e1 documentos espec\u00edficos relacionados as situa\u00e7\u00f5es peculiares de cada Carreira ou Tipo de Aposentadoria que ser\u00e3o informados pelo \u00d3rg\u00e3o de Origem na Abertura do Processo.<\/p><\/div>\n","protected":false},"excerpt":{"rendered":"<p>DOCUMENTOS NECESS\u00c1RIOS PARA O PROCESSO DE APOSENTADORIA 1.\u00a0Requerimento (documento emitido pelo sistema, no momento do atendimento); 2.\u00a0Termo de Op\u00e7\u00e3o (documento emitido pelo sistema, no momento do atendimento); 3.\u00a0Informa\u00e7\u00f5es de vencimentos [&hellip;]<\/p>\n","protected":false},"author":1,"featured_media":0,"parent":0,"menu_order":0,"comment_status":"closed","ping_status":"closed","template":"template-fullwidth.php","meta":[],"featured_image_urls":{"full":"","thumbnail":"","medium":"","medium_large":"","large":"","sgg-420":"","sgg-540":"","sgg-780":"","1536x1536":"","2048x2048":"","homepage-slider":"","homepage-slider-small":"","page-top":"","page-small":"","loop-main":"","thumb-gallery-widget":""},"post_excerpt_stackable":"<p>DOCUMENTOS NECESS\u00c1RIOS PARA O PROCESSO DE APOSENTADORIA 1.\u00a0Requerimento (documento emitido pelo sistema, no momento do atendimento); 2.\u00a0Termo de Op\u00e7\u00e3o (documento emitido pelo sistema, no momento do atendimento); 3.\u00a0Informa\u00e7\u00f5es de vencimentos e vantagens (com fundamenta\u00e7\u00e3o legal) contendo lota\u00e7\u00e3o do servidor e assinatura pelo Diretor da Unidade de Gest\u00e3o de Pessoas; 4.\u00a0Documentos pessoais do requerente (originais para escaneamento): Carteira de Identidade; Certid\u00e3o de Nascimento e\/ou Casamento (se casado no religioso, apresentar Certid\u00e3o de Nascimento); (os com uni\u00e3o est\u00e1vel, apresentar documento que comprove a situa\u00e7\u00e3o); CPF; PIS\/PASEP; T\u00edtulo Eleitoral; Carteira de Reservista (homem); (certificado de reservista) Comprovante de Resid\u00eancia. 5.&nbsp;Declara\u00e7\u00e3o de Bens (documento&hellip;<\/p>\n","category_list":"","author_info":{"name":"admin","url":"https:\/\/portal.pi.gov.br\/piauiprev\/author\/admin\/"},"comments_num":"0 coment\u00e1rio","featured_image_urls_v2":{"full":"","thumbnail":"","medium":"","medium_large":"","large":"","sgg-420":"","sgg-540":"","sgg-780":"","1536x1536":"","2048x2048":"","homepage-slider":"","homepage-slider-small":"","page-top":"","page-small":"","loop-main":"","thumb-gallery-widget":""},"post_excerpt_stackable_v2":"<p>DOCUMENTOS NECESS\u00c1RIOS PARA O PROCESSO DE APOSENTADORIA 1.\u00a0Requerimento (documento emitido pelo sistema, no momento do atendimento); 2.\u00a0Termo de Op\u00e7\u00e3o (documento emitido pelo sistema, no momento do atendimento); 3.\u00a0Informa\u00e7\u00f5es de vencimentos e vantagens (com fundamenta\u00e7\u00e3o legal) contendo lota\u00e7\u00e3o do servidor e assinatura pelo Diretor da Unidade de Gest\u00e3o de Pessoas; 4.\u00a0Documentos pessoais do requerente (originais para escaneamento): Carteira de Identidade; Certid\u00e3o de Nascimento e\/ou Casamento (se casado no religioso, apresentar Certid\u00e3o de Nascimento); (os com uni\u00e3o est\u00e1vel, apresentar documento que comprove a situa\u00e7\u00e3o); CPF; PIS\/PASEP; T\u00edtulo Eleitoral; Carteira de Reservista (homem); (certificado de reservista) Comprovante de Resid\u00eancia. 5.&nbsp;Declara\u00e7\u00e3o de Bens (documento&hellip;<\/p>\n","category_list_v2":"","author_info_v2":{"name":"admin","url":"https:\/\/portal.pi.gov.br\/piauiprev\/author\/admin\/"},"comments_num_v2":"0 coment\u00e1rio","_links":{"self":[{"href":"https:\/\/portal.pi.gov.br\/piauiprev\/wp-json\/wp\/v2\/pages\/908"}],"collection":[{"href":"https:\/\/portal.pi.gov.br\/piauiprev\/wp-json\/wp\/v2\/pages"}],"about":[{"href":"https:\/\/portal.pi.gov.br\/piauiprev\/wp-json\/wp\/v2\/types\/page"}],"author":[{"embeddable":true,"href":"https:\/\/portal.pi.gov.br\/piauiprev\/wp-json\/wp\/v2\/users\/1"}],"replies":[{"embeddable":true,"href":"https:\/\/portal.pi.gov.br\/piauiprev\/wp-json\/wp\/v2\/comments?post=908"}],"version-history":[{"count":7,"href":"https:\/\/portal.pi.gov.br\/piauiprev\/wp-json\/wp\/v2\/pages\/908\/revisions"}],"predecessor-version":[{"id":1046,"href":"https:\/\/portal.pi.gov.br\/piauiprev\/wp-json\/wp\/v2\/pages\/908\/revisions\/1046"}],"wp:attachment":[{"href":"https:\/\/portal.pi.gov.br\/piauiprev\/wp-json\/wp\/v2\/media?parent=908"}],"curies":[{"name":"wp","href":"https:\/\/api.w.org\/{rel}","templated":true}]}}