{"id":910,"date":"2023-03-09T09:12:57","date_gmt":"2023-03-09T12:12:57","guid":{"rendered":"https:\/\/portal.pi.gov.br\/piauiprev\/?page_id=910"},"modified":"2023-03-31T08:14:30","modified_gmt":"2023-03-31T11:14:30","slug":"pensao","status":"publish","type":"page","link":"https:\/\/portal.pi.gov.br\/piauiprev\/pensao\/","title":{"rendered":"Pens\u00e3o"},"content":{"rendered":"\n<div class=\"wp-block-stackable-heading stk-block-heading stk-block stk-625ac85\" id=\"strong-documentos-necessarios-para-abertura-do-processo-de-pensao-por-morte-strong\" data-block-id=\"625ac85\"><h2 class=\"stk-block-heading__text\"><strong>DOCUMENTOS NECESS\u00c1RIOS PARA ABERTURA DO PROCESSO DE PENS\u00c3O POR MORTE<\/strong><\/h2><div class=\"stk-block-heading__bottom-line\"><\/div><\/div>\n\n\n\n<h4 class=\"wp-block-heading\">1.&nbsp;DOCUMENTOS DO REQUERENTE\/DEPENDENTE<\/h4>\n\n\n\n<div class=\"wp-block-stackable-text stk-block-text stk-block stk-ce6105c\" data-block-id=\"ce6105c\"><p class=\"stk-block-text__text\"><strong>1.1.&nbsp;<\/strong>Documentos exigidos para TODOS os requerentes:<\/p><\/div>\n\n\n\n<ul>\n<li>Requerimento (Emitido no momento da abertura do processo &#8211; PIAUIPREV);<\/li>\n\n\n\n<li>Documentos pessoais: RG, CPF e Comprovante de resid\u00eancia atualizado;<\/li>\n\n\n\n<li>Dados banc\u00e1rios: N\u00ba da Ag\u00eancia e da Conta Corrente ativado Banco do Brasil (Caso n\u00e3o tenha, pode abrir posteriormente e juntar os dados ao processo, ou apresentar a Coordena\u00e7\u00e3o de Pens\u00e3o, poder\u00e1 fazer a abertura da conta em Ag\u00eancias no Estado do Piau\u00ed ou da cidade de Timon\u2013MA).<\/li>\n<\/ul>\n\n\n\n<div class=\"wp-block-stackable-text stk-block-text stk-block stk-8f837ef\" data-block-id=\"8f837ef\"><p class=\"stk-block-text__text\"><strong>1.2.&nbsp;<\/strong>Documentos exigidos de acordo com o TIPO DE DEPEND\u00caNCIA do requerente:<\/p><\/div>\n\n\n\n<div class=\"wp-block-stackable-text stk-block-text stk-block stk-639d533\" data-block-id=\"639d533\"><p class=\"stk-block-text__text\"><strong>1.2.1.&nbsp;<\/strong>C\u00d4NJUGE: Certid\u00e3o de casamento averbada com o \u00f3bito do instituidor;<\/p><\/div>\n\n\n\n<ul>\n<li>\u00daltima declara\u00e7\u00e3o de ajuste anual do Imposto de Renda, caso n\u00e3o seja isento(a);\n<ul>\n<li>Declara\u00e7\u00e3o de recebimento ou n\u00e3o de benef\u00edcio previdenci\u00e1rio (de qualquer regime previdenci\u00e1rio) (Atendimento \u2013 PIAUIPREV).<\/li>\n<\/ul>\n<\/li>\n\n\n\n<li>Contracheque\/extrato de pagamento mais recente de cada benef\u00edcio (percebido);<\/li>\n\n\n\n<li>Ato concess\u00f3rio de cada benef\u00edcio.<\/li>\n<\/ul>\n\n\n\n<div class=\"wp-block-stackable-text stk-block-text stk-block stk-0768011\" data-block-id=\"0768011\"><p class=\"stk-block-text__text\"><strong>1.2.2.&nbsp;<\/strong>COMPANHEIRO(A): Ser\u00e1 necess\u00e1rio juntar CERTID\u00c3O DE NASCIMENTO (atualizada)\/Certid\u00e3o de casamento (averbada com o div\u00f3rcio) e documentos que comprovem a uni\u00e3o est\u00e1vel (Ex.: Escritura p\u00fablica de uni\u00e3o est\u00e1vel; Comprovante de resid\u00eancia atualizado, de ambos nomes no endere\u00e7o; Certid\u00e3o de casamento religioso; Certid\u00e3o de nascimento de filhos havidos em comum; Comprovante de conta banc\u00e1ria conjunta; Ap\u00f3lice de seguro em que conste o(a) companheiro como dependente; Contrato de Aluguel em comum; Disposi\u00e7\u00f5es testament\u00e1rias; Declara\u00e7\u00e3o de Imposto de Renda do segurado em que conste o interessado como seu dependente; Procura\u00e7\u00e3o ou fian\u00e7a reciprocamente outorgada; outras provas documentais que possam comprovar a Uni\u00e3o Est\u00e1vel):<\/p><\/div>\n\n\n\n<ul>\n<li>\u00daltima declara\u00e7\u00e3o de ajuste anual do Imposto de Renda, caso n\u00e3o seja isento(a);\n<ul>\n<li>Declara\u00e7\u00e3o de recebimento ou n\u00e3o de benef\u00edcio previdenci\u00e1rio (Atendimento &#8211; PIAUIPREV);<\/li>\n\n\n\n<li>Caso receba benef\u00edcio previdenci\u00e1rio: veja item anterior.<\/li>\n<\/ul>\n<\/li>\n\n\n\n<li>Contracheque\/extrato de pagamento mais recente de cada benef\u00edcio;<\/li>\n\n\n\n<li>Ato concess\u00f3rio de cada benef\u00edcio.<\/li>\n<\/ul>\n\n\n\n<div class=\"wp-block-stackable-text stk-block-text stk-block stk-d46a63d\" data-block-id=\"d46a63d\"><p class=\"stk-block-text__text\"><strong>1.2.3.&nbsp;<\/strong>EX-C\u00d4NJUGE, EX-COMPANHEIRO(A) RECEBEDOR DE ALIMENTOS TEMPOR\u00c1RIOS:<\/p><\/div>\n\n\n\n<ul>\n<li>Senten\u00e7a Judicial de Pens\u00e3o Aliment\u00edcia; ou<\/li>\n\n\n\n<li>Senten\u00e7a de Div\u00f3rcio que trate de alimentos, com certid\u00e3o de tr\u00e2nsito em julgado.<\/li>\n<\/ul>\n\n\n\n<div class=\"wp-block-stackable-text stk-block-text stk-block stk-00e340e\" data-block-id=\"00e340e\"><p class=\"stk-block-text__text\"><strong>1.2.4.&nbsp;<\/strong>FILHO MENOR DE 21 ANOS, n\u00e3o emancipado: Certid\u00e3o de nascimento atualizada;<\/p><\/div>\n\n\n\n<div class=\"wp-block-stackable-text stk-block-text stk-block stk-8e9b7d4\" data-block-id=\"8e9b7d4\"><p class=\"stk-block-text__text\"><strong>1.2.5.&nbsp;<\/strong>FILHO INV\u00c1LIDO ou com DEFICI\u00caNCIA INTELECTUAL, MENTAL ou GRAVE:<\/p><\/div>\n\n\n\n<ul>\n<li>Certid\u00e3o de nascimento atualizada;<\/li>\n\n\n\n<li>Laudo m\u00e9dico especializado (m\u00e9dico assistente) e exames que comprovem a patologia (atuais e antigos, preferencialmente atestados anteriores \u00e0 maioridade).<\/li>\n<\/ul>\n\n\n\n<div class=\"wp-block-stackable-text stk-block-text stk-block stk-b756452\" data-block-id=\"b756452\"><p class=\"stk-block-text__text\"><strong>1.2.6.&nbsp;<\/strong>MENOR TUTELADO OU ENTEADO:<\/p><\/div>\n\n\n\n<ul>\n<li>Certid\u00e3o de nascimento atualizada; e Tutelado: termo de tutela;<\/li>\n\n\n\n<li>Enteado: documentos que comprovem o casamento ou uni\u00e3o est\u00e1vel entre o(a) genitor(a) do requerente e o instituidor da pens\u00e3o;<\/li>\n\n\n\n<li>Documentos que comprovem a depend\u00eancia econ\u00f4mica.<\/li>\n<\/ul>\n\n\n\n<div class=\"wp-block-stackable-text stk-block-text stk-block stk-28a5dc9\" data-block-id=\"28a5dc9\"><p class=\"stk-block-text__text\"><strong>1.2.7.&nbsp;<\/strong>PAIS, com depend\u00eancia econ\u00f4mica:<\/p><\/div>\n\n\n\n<ul>\n<li>Documentos que comprovem afilia\u00e7\u00e3o;<\/li>\n\n\n\n<li>Documentos que comprovem a depend\u00eancia econ\u00f4mica.<\/li>\n<\/ul>\n\n\n\n<div class=\"wp-block-stackable-text stk-block-text stk-block stk-73daad2\" data-block-id=\"73daad2\"><p class=\"stk-block-text__text\"><strong>1.2.8.&nbsp;<\/strong>IRM\u00c3O MENOR DE 21 ANOS, n\u00e3o emancipado, com depend\u00eancia econ\u00f4mica:<\/p><\/div>\n\n\n\n<ul>\n<li>Documentos que comprovem o parentesco;<\/li>\n\n\n\n<li>Documentos que comprovem a depend\u00eancia econ\u00f4mica.<\/li>\n<\/ul>\n\n\n\n<div class=\"wp-block-stackable-text stk-block-text stk-block stk-fdd524b\" data-block-id=\"fdd524b\"><p class=\"stk-block-text__text\"><strong>1.2.9.&nbsp;<\/strong>IRM\u00c3O INV\u00c1LIDO ou com DEFICI\u00caNCIA INTELECTUAL, MENTAL ou GRAVE:<\/p><\/div>\n\n\n\n<ul>\n<li>Documentos que comprovem o parentesco;<\/li>\n\n\n\n<li>Laudo m\u00e9dico especializado (m\u00e9dico assistente) e exames que comprovem a patologia (atuais e antigos, preferencialmente atestados anteriores \u00e0 maioridade).<\/li>\n<\/ul>\n\n\n\n<h4 class=\"wp-block-heading\"><strong>2.&nbsp;<\/strong>DOCUMENTOS DO SEGURADO INSTITUIDOR<\/h4>\n\n\n\n<ul>\n<li>DOCUMENTOS PESSOAIS: Certid\u00e3o de \u00d3BITO ou declara\u00e7\u00e3o judicial de morte presumida, RG, CPF, COMPROVANTE DE RESID\u00caNCIA do segurado e certid\u00e3o de nascimento\/casamento atualizada;<\/li>\n\n\n\n<li>DECLARA\u00c7\u00c3O DE CARGOS E VANTAGENS, do servidor ativo e inativo, com a indica\u00e7\u00e3o clara do fundamento legal de cada vantagem, bem como, em caso de segurado ativo, informar quando saiu ou sair\u00e1 de folha de pagamento;<\/li>\n\n\n\n<li>INATIVO: C\u00f3pia do PROCESSO DE APOSENTADORIA (TCE), constando o Decreto de inativa\u00e7\u00e3o. Caso o processo n\u00e3o seja localizado, apresentar certid\u00e3o de que o mesmo n\u00e3o foi localizado naquela corte;<\/li>\n\n\n\n<li>ATIVO:\n<ul>\n<li>MAPA DE TEMPO DE SERVI\u00c7O &#8211; Atualizado com \u00f3bito (solicita\u00e7\u00e3o no \u00f3rg\u00e3o de origem e confec\u00e7\u00e3o na SEADPREV);<\/li>\n\n\n\n<li>No caso de Servidor&nbsp;<strong>ATIVO&nbsp;<\/strong>admitido ap\u00f3s a Constitui\u00e7\u00e3o Federal de 1988, apresentar documentos que comprovem a nomea\u00e7\u00e3o e a posse no servi\u00e7o p\u00fablico por meio de concurso (ATO DE NOMEA\u00c7\u00c3O E TERMO DE POSSE);<\/li>\n\n\n\n<li>\u00daltimo ATO DE ENQUADRAMENTO (\u00d3rg\u00e3o de origem).<\/li>\n<\/ul>\n<\/li>\n<\/ul>\n\n\n\n<h4 class=\"wp-block-heading\"><strong>3.\u00a0<\/strong>DOCUMENTOS DO CURADOR\/TUTOR\/PROCURADOR<\/h4>\n\n\n\n<ul>\n<li>RG, CPF, comprovante de resid\u00eancia do curador\/tutor\/procurador, quando houver;<\/li>\n\n\n\n<li>Termo de Curatela\/Termo de Tutela (Quando provis\u00f3ria apresentar a definitiva o quanto antes)\/Procura\u00e7\u00e3o com fins espec\u00edficos de representa\u00e7\u00e3o perante a Funda\u00e7\u00e3o Piau\u00ed Previd\u00eancia, quando houver.<\/li>\n<\/ul>\n","protected":false},"excerpt":{"rendered":"<p>DOCUMENTOS NECESS\u00c1RIOS PARA ABERTURA DO PROCESSO DE PENS\u00c3O POR MORTE 1.&nbsp;DOCUMENTOS DO REQUERENTE\/DEPENDENTE 1.1.&nbsp;Documentos exigidos para TODOS os requerentes: 1.2.&nbsp;Documentos exigidos de acordo com o TIPO DE DEPEND\u00caNCIA do requerente: [&hellip;]<\/p>\n","protected":false},"author":1,"featured_media":0,"parent":0,"menu_order":0,"comment_status":"closed","ping_status":"closed","template":"template-fullwidth.php","meta":[],"featured_image_urls":{"full":"","thumbnail":"","medium":"","medium_large":"","large":"","sgg-420":"","sgg-540":"","sgg-780":"","1536x1536":"","2048x2048":"","homepage-slider":"","homepage-slider-small":"","page-top":"","page-small":"","loop-main":"","thumb-gallery-widget":""},"post_excerpt_stackable":"<p>DOCUMENTOS NECESS\u00c1RIOS PARA ABERTURA DO PROCESSO DE PENS\u00c3O POR MORTE 1.&nbsp;DOCUMENTOS DO REQUERENTE\/DEPENDENTE 1.1.&nbsp;Documentos exigidos para TODOS os requerentes: Requerimento (Emitido no momento da abertura do processo &#8211; PIAUIPREV); Documentos pessoais: RG, CPF e Comprovante de resid\u00eancia atualizado; Dados banc\u00e1rios: N\u00ba da Ag\u00eancia e da Conta Corrente ativado Banco do Brasil (Caso n\u00e3o tenha, pode abrir posteriormente e juntar os dados ao processo, ou apresentar a Coordena\u00e7\u00e3o de Pens\u00e3o, poder\u00e1 fazer a abertura da conta em Ag\u00eancias no Estado do Piau\u00ed ou da cidade de Timon\u2013MA). 1.2.&nbsp;Documentos exigidos de acordo com o TIPO DE DEPEND\u00caNCIA do requerente: 1.2.1.&nbsp;C\u00d4NJUGE: Certid\u00e3o de&hellip;<\/p>\n","category_list":"","author_info":{"name":"admin","url":"https:\/\/portal.pi.gov.br\/piauiprev\/author\/admin\/"},"comments_num":"0 coment\u00e1rio","featured_image_urls_v2":{"full":"","thumbnail":"","medium":"","medium_large":"","large":"","sgg-420":"","sgg-540":"","sgg-780":"","1536x1536":"","2048x2048":"","homepage-slider":"","homepage-slider-small":"","page-top":"","page-small":"","loop-main":"","thumb-gallery-widget":""},"post_excerpt_stackable_v2":"<p>DOCUMENTOS NECESS\u00c1RIOS PARA ABERTURA DO PROCESSO DE PENS\u00c3O POR MORTE 1.&nbsp;DOCUMENTOS DO REQUERENTE\/DEPENDENTE 1.1.&nbsp;Documentos exigidos para TODOS os requerentes: Requerimento (Emitido no momento da abertura do processo &#8211; PIAUIPREV); Documentos pessoais: RG, CPF e Comprovante de resid\u00eancia atualizado; Dados banc\u00e1rios: N\u00ba da Ag\u00eancia e da Conta Corrente ativado Banco do Brasil (Caso n\u00e3o tenha, pode abrir posteriormente e juntar os dados ao processo, ou apresentar a Coordena\u00e7\u00e3o de Pens\u00e3o, poder\u00e1 fazer a abertura da conta em Ag\u00eancias no Estado do Piau\u00ed ou da cidade de Timon\u2013MA). 1.2.&nbsp;Documentos exigidos de acordo com o TIPO DE DEPEND\u00caNCIA do requerente: 1.2.1.&nbsp;C\u00d4NJUGE: Certid\u00e3o de&hellip;<\/p>\n","category_list_v2":"","author_info_v2":{"name":"admin","url":"https:\/\/portal.pi.gov.br\/piauiprev\/author\/admin\/"},"comments_num_v2":"0 coment\u00e1rio","_links":{"self":[{"href":"https:\/\/portal.pi.gov.br\/piauiprev\/wp-json\/wp\/v2\/pages\/910"}],"collection":[{"href":"https:\/\/portal.pi.gov.br\/piauiprev\/wp-json\/wp\/v2\/pages"}],"about":[{"href":"https:\/\/portal.pi.gov.br\/piauiprev\/wp-json\/wp\/v2\/types\/page"}],"author":[{"embeddable":true,"href":"https:\/\/portal.pi.gov.br\/piauiprev\/wp-json\/wp\/v2\/users\/1"}],"replies":[{"embeddable":true,"href":"https:\/\/portal.pi.gov.br\/piauiprev\/wp-json\/wp\/v2\/comments?post=910"}],"version-history":[{"count":6,"href":"https:\/\/portal.pi.gov.br\/piauiprev\/wp-json\/wp\/v2\/pages\/910\/revisions"}],"predecessor-version":[{"id":1090,"href":"https:\/\/portal.pi.gov.br\/piauiprev\/wp-json\/wp\/v2\/pages\/910\/revisions\/1090"}],"wp:attachment":[{"href":"https:\/\/portal.pi.gov.br\/piauiprev\/wp-json\/wp\/v2\/media?parent=910"}],"curies":[{"name":"wp","href":"https:\/\/api.w.org\/{rel}","templated":true}]}}