{"id":912,"date":"2023-03-09T09:13:12","date_gmt":"2023-03-09T12:13:12","guid":{"rendered":"https:\/\/portal.pi.gov.br\/piauiprev\/?page_id=912"},"modified":"2023-03-30T12:32:33","modified_gmt":"2023-03-30T15:32:33","slug":"outros","status":"publish","type":"page","link":"https:\/\/portal.pi.gov.br\/piauiprev\/outros\/","title":{"rendered":"Outros"},"content":{"rendered":"\n<div class=\"wp-block-stackable-text stk-block-text stk-block stk-2b8baad\" data-block-id=\"2b8baad\"><p class=\"stk-block-text__text\"><strong>1. Onde requerer o pedido de aposentadoria?<\/strong><\/p><\/div>\n\n\n\n<ul>\n<li>Na secret\u00e1ria de Origem a qual o segurado est\u00e1 vinculado.<\/li>\n<\/ul>\n\n\n\n<div class=\"wp-block-stackable-text stk-block-text stk-block stk-575e8e5\" data-block-id=\"575e8e5\"><p class=\"stk-block-text__text\"><strong>2. Tive minha solicita\u00e7\u00e3o indeferida, qual o prazo para requerer a reconsidera\u00e7\u00e3o?<\/strong><\/p><\/div>\n\n\n\n<ul>\n<li>Caso haja fato ou fundamento jur\u00eddico novo, o prazo para a interposi\u00e7\u00e3o de pedido de reconsidera\u00e7\u00e3o \u00e9 de 10 (dez) dias, contados do recebimento da notifica\u00e7\u00e3o, conforme art. 41, par\u00e1grafo \u00fanico, da Lei Estadual 6.782, de 28 de Mar\u00e7o de 2016.<\/li>\n<\/ul>\n\n\n\n<div class=\"wp-block-stackable-text stk-block-text stk-block stk-2ce74fe\" data-block-id=\"2ce74fe\"><p class=\"stk-block-text__text\"><strong>3. Quem tem direito de receber o benef\u00edcio de pens\u00e3o por morte?<\/strong><\/p><\/div>\n\n\n\n<ul>\n<li>C\u00d4NJUGE;<\/li>\n\n\n\n<li>FILHO MENOR DE 21 ANOS (n\u00e3o emancipado);<\/li>\n\n\n\n<li>FILHO INV\u00c1LIDO ou com DEFICI\u00caNCIA INTELECTUAL, MENTAL ou GRAVE;<\/li>\n\n\n\n<li>COMPANHEIRO(A);<\/li>\n\n\n\n<li>PAI OU M\u00c3E COM DEP\u00caNDENCIA ECON\u00d4MICA;<\/li>\n\n\n\n<li>EX-C\u00d4NJUGE, EX-COMPANHEIRO(A) RECEBEDOR DE ALIMENTOS TEMPOR\u00c1RIOS;<\/li>\n\n\n\n<li>EQUIPARADO A FILHO (MENOR TUTELADO OU ENTEADO INSCRITOS COMO DEPENDENTES PELO SEGURADO);<\/li>\n\n\n\n<li>PAIS, com depend\u00eancia econ\u00f4mica;<\/li>\n\n\n\n<li>IRM\u00c3O MENOR DE 21 ANOS;<\/li>\n\n\n\n<li>IRM\u00c3O INV\u00c1LIDO ou com DEFICI\u00caNCIA INTELECTUAL, MENTAL ou GRAVE.<\/li>\n<\/ul>\n\n\n\n<div class=\"wp-block-stackable-text stk-block-text stk-block stk-a372867\" data-block-id=\"a372867\"><p class=\"stk-block-text__text\"><strong>4. Qual o prazo para requerer a pens\u00e3o por morte?<\/strong><\/p><\/div>\n\n\n\n<ul>\n<li>Pode ser requerido a qualquer tempo, no entanto o prazo para receber o retroativo \u00e9 de 90 dias contados da data do \u00f3bito.<\/li>\n<\/ul>\n\n\n\n<div class=\"wp-block-stackable-text stk-block-text stk-block stk-f2463b2\" data-block-id=\"f2463b2\"><p class=\"stk-block-text__text\"><strong>5. Como \u00e9 calculado o benef\u00edcio da pens\u00e3o?<\/strong><\/p><\/div>\n\n\n\n<ul>\n<li>\u00c9 apurado a m\u00e9dia das contribui\u00e7\u00f5es previdenci\u00e1rias do segurado ATIVO at\u00e9 a data do \u00f3bito. Em caso de Segurado INATIVO, ser\u00e1 utilizado como base o valor dos proventos. Apurado o valor, \u00e9 devido a t\u00edtulo de pens\u00e3o por morte, a cota familiar de 50%, mais 10% por dependente habilitado, at\u00e9 o limite m\u00e1ximo de 100%.<\/li>\n<\/ul>\n\n\n\n<div class=\"wp-block-stackable-text stk-block-text stk-block stk-134224d\" data-block-id=\"134224d\"><p class=\"stk-block-text__text\"><strong>6. Como \u00e9 calculado meu benef\u00edcio de aposentadoria?<\/strong><\/p><\/div>\n\n\n\n<ul>\n<li>Varia de acordo com a regra a ser escolhida, o segurado dever\u00e1 procurar \u00f3rg\u00e3o para simula\u00e7\u00e3o.<\/li>\n<\/ul>\n\n\n\n<div class=\"wp-block-stackable-text stk-block-text stk-block stk-472f623\" data-block-id=\"472f623\"><p class=\"stk-block-text__text\"><strong>7. Em m\u00e9dia quanto tempo dura o processo de pens\u00e3o?<\/strong><\/p><\/div>\n\n\n\n<ul>\n<li>Entre 90 e 120 dias, podendo demandar mais tempo em virtude de dilig\u00eancias, per\u00edcias m\u00e9dica, dentre outros.<\/li>\n<\/ul>\n\n\n\n<div class=\"wp-block-stackable-text stk-block-text stk-block stk-68cbc21\" data-block-id=\"68cbc21\"><p class=\"stk-block-text__text\"><strong>8. Em m\u00e9dia quanto tempo dura o processo de aposentadoria?<\/strong><\/p><\/div>\n\n\n\n<ul>\n<li>N\u00e3o existe um prazo m\u00e9dio estabelecido, tendo vista que al\u00e9m do \u00f3rg\u00e3o de origem, o processo de aposentadoria tramita por outros \u00f3rg\u00e3os antes de chegar \u00e0 PIAUIPREV.<\/li>\n<\/ul>\n\n\n\n<div class=\"wp-block-stackable-text stk-block-text stk-block stk-0f0832b\" data-block-id=\"0f0832b\"><p class=\"stk-block-text__text\"><strong>9. Qual o procedimento para requerer a CTC?<\/strong><\/p><\/div>\n\n\n\n<ul>\n<li>O interessado dever\u00e1 comparecer ao \u00f3rg\u00e3o de origem a qual era vinculado e solicitar a CERTID\u00c3O DE TEMPO DE SERVI\u00c7O DE EX-SERVIDOR OU MAPA DE TEMPO DE SERVI\u00c7O DE EX-SERVIDOR (varia de acordo com o \u00f3rg\u00e3o). Em posse da CERTID\u00c3O DE TEMPO DE SERVI\u00c7O\/MAPA, dever\u00e1 comparecer ao Atendimento da PIAUIPREV para solicitar a CERTID\u00c3O DE TEMPO DE CONTRIBUI\u00c7\u00c3O.<\/li>\n<\/ul>\n\n\n\n<div class=\"wp-block-stackable-text stk-block-text stk-block stk-2fc3516\" data-block-id=\"2fc3516\"><p class=\"stk-block-text__text\"><strong>10. Como acompanho o andamento do meu processo?<\/strong><\/p><\/div>\n\n\n\n<ul>\n<li>ATRAV\u00c9S DO PORTAL DO SEGURADO:\n<ul>\n<li>SITE: sisprev.pi.gov.br\/portal<\/li>\n\n\n\n<li>LOGIN: CPF do requerente<\/li>\n\n\n\n<li>SENHA: fornecida no ato da abertura do processo<\/li>\n\n\n\n<li>Ao abrir, clicar em \u201cMeus Processos\u201d e conseguir\u00e1 ver o tramite.<\/li>\n<\/ul>\n<\/li>\n<\/ul>\n\n\n\n<div class=\"wp-block-stackable-text stk-block-text stk-block stk-9cea131\" data-block-id=\"9cea131\"><p class=\"stk-block-text__text\"><strong>11. Quem pode requerer a isen\u00e7\u00e3o de imposto de renda?<\/strong><\/p><\/div>\n\n\n\n<ul>\n<li>As pessoas portadoras de doen\u00e7as graves s\u00e3o desde que se enquadrem cumulativamente nas seguintes situa\u00e7\u00f5es (Lei n\u00ba 7.713\/88):\n<ul>\n<li>Os rendimentos sejam relativos a aposentadoria, pens\u00e3o ou reserva\/reforma (militares); e<\/li>\n\n\n\n<li>Possuam alguma das seguintes doen\u00e7as:\n<ul>\n<li>AIDS (S\u00edndrome da Imunodefici\u00eancia Adquirida)<\/li>\n\n\n\n<li>Aliena\u00e7\u00e3o Mental<\/li>\n\n\n\n<li>Cardiopatia Grave<\/li>\n\n\n\n<li>Cegueira (inclusive monocular)<\/li>\n\n\n\n<li>Contamina\u00e7\u00e3o por Radia\u00e7\u00e3o<\/li>\n\n\n\n<li>Doen\u00e7a de Paget em estados avan\u00e7ados (Oste\u00edte Deformante)<\/li>\n\n\n\n<li>Doen\u00e7a de Parkinson<\/li>\n\n\n\n<li>Esclerose M\u00faltipla<\/li>\n\n\n\n<li>Espondiloartrose Anquilosante<\/li>\n\n\n\n<li>Fibrose C\u00edstica (Mucoviscidose)<\/li>\n\n\n\n<li>Hansen\u00edase<\/li>\n\n\n\n<li>Nefropatia Grave<\/li>\n\n\n\n<li>Hepatopatia Grave<\/li>\n\n\n\n<li>Neoplasia Maligna<\/li>\n\n\n\n<li>Paralisia Irrevers\u00edvel e Incapacitante<\/li>\n\n\n\n<li>Tuberculose Ativa<\/li>\n<\/ul>\n<\/li>\n<\/ul>\n<\/li>\n<\/ul>\n","protected":false},"excerpt":{"rendered":"<p>1. Onde requerer o pedido de aposentadoria? 2. Tive minha solicita\u00e7\u00e3o indeferida, qual o prazo para requerer a reconsidera\u00e7\u00e3o? 3. Quem tem direito de receber o benef\u00edcio de pens\u00e3o por [&hellip;]<\/p>\n","protected":false},"author":1,"featured_media":0,"parent":0,"menu_order":0,"comment_status":"closed","ping_status":"closed","template":"template-fullwidth.php","meta":[],"featured_image_urls":{"full":"","thumbnail":"","medium":"","medium_large":"","large":"","sgg-420":"","sgg-540":"","sgg-780":"","1536x1536":"","2048x2048":"","homepage-slider":"","homepage-slider-small":"","page-top":"","page-small":"","loop-main":"","thumb-gallery-widget":""},"post_excerpt_stackable":"<p>1. Onde requerer o pedido de aposentadoria? Na secret\u00e1ria de Origem a qual o segurado est\u00e1 vinculado. 2. Tive minha solicita\u00e7\u00e3o indeferida, qual o prazo para requerer a reconsidera\u00e7\u00e3o? Caso haja fato ou fundamento jur\u00eddico novo, o prazo para a interposi\u00e7\u00e3o de pedido de reconsidera\u00e7\u00e3o \u00e9 de 10 (dez) dias, contados do recebimento da notifica\u00e7\u00e3o, conforme art. 41, par\u00e1grafo \u00fanico, da Lei Estadual 6.782, de 28 de Mar\u00e7o de 2016. 3. Quem tem direito de receber o benef\u00edcio de pens\u00e3o por morte? C\u00d4NJUGE; FILHO MENOR DE 21 ANOS (n\u00e3o emancipado); FILHO INV\u00c1LIDO ou com DEFICI\u00caNCIA INTELECTUAL, MENTAL ou GRAVE; COMPANHEIRO(A);&hellip;<\/p>\n","category_list":"","author_info":{"name":"admin","url":"https:\/\/portal.pi.gov.br\/piauiprev\/author\/admin\/"},"comments_num":"0 coment\u00e1rio","featured_image_urls_v2":{"full":"","thumbnail":"","medium":"","medium_large":"","large":"","sgg-420":"","sgg-540":"","sgg-780":"","1536x1536":"","2048x2048":"","homepage-slider":"","homepage-slider-small":"","page-top":"","page-small":"","loop-main":"","thumb-gallery-widget":""},"post_excerpt_stackable_v2":"<p>1. Onde requerer o pedido de aposentadoria? Na secret\u00e1ria de Origem a qual o segurado est\u00e1 vinculado. 2. Tive minha solicita\u00e7\u00e3o indeferida, qual o prazo para requerer a reconsidera\u00e7\u00e3o? Caso haja fato ou fundamento jur\u00eddico novo, o prazo para a interposi\u00e7\u00e3o de pedido de reconsidera\u00e7\u00e3o \u00e9 de 10 (dez) dias, contados do recebimento da notifica\u00e7\u00e3o, conforme art. 41, par\u00e1grafo \u00fanico, da Lei Estadual 6.782, de 28 de Mar\u00e7o de 2016. 3. Quem tem direito de receber o benef\u00edcio de pens\u00e3o por morte? C\u00d4NJUGE; FILHO MENOR DE 21 ANOS (n\u00e3o emancipado); FILHO INV\u00c1LIDO ou com DEFICI\u00caNCIA INTELECTUAL, MENTAL ou GRAVE; COMPANHEIRO(A);&hellip;<\/p>\n","category_list_v2":"","author_info_v2":{"name":"admin","url":"https:\/\/portal.pi.gov.br\/piauiprev\/author\/admin\/"},"comments_num_v2":"0 coment\u00e1rio","_links":{"self":[{"href":"https:\/\/portal.pi.gov.br\/piauiprev\/wp-json\/wp\/v2\/pages\/912"}],"collection":[{"href":"https:\/\/portal.pi.gov.br\/piauiprev\/wp-json\/wp\/v2\/pages"}],"about":[{"href":"https:\/\/portal.pi.gov.br\/piauiprev\/wp-json\/wp\/v2\/types\/page"}],"author":[{"embeddable":true,"href":"https:\/\/portal.pi.gov.br\/piauiprev\/wp-json\/wp\/v2\/users\/1"}],"replies":[{"embeddable":true,"href":"https:\/\/portal.pi.gov.br\/piauiprev\/wp-json\/wp\/v2\/comments?post=912"}],"version-history":[{"count":5,"href":"https:\/\/portal.pi.gov.br\/piauiprev\/wp-json\/wp\/v2\/pages\/912\/revisions"}],"predecessor-version":[{"id":1060,"href":"https:\/\/portal.pi.gov.br\/piauiprev\/wp-json\/wp\/v2\/pages\/912\/revisions\/1060"}],"wp:attachment":[{"href":"https:\/\/portal.pi.gov.br\/piauiprev\/wp-json\/wp\/v2\/media?parent=912"}],"curies":[{"name":"wp","href":"https:\/\/api.w.org\/{rel}","templated":true}]}}