{"id":916,"date":"2023-03-09T09:14:00","date_gmt":"2023-03-09T12:14:00","guid":{"rendered":"https:\/\/portal.pi.gov.br\/piauiprev\/?page_id=916"},"modified":"2026-04-01T11:58:30","modified_gmt":"2026-04-01T14:58:30","slug":"prestacao-de-contas","status":"publish","type":"page","link":"https:\/\/portal.pi.gov.br\/piauiprev\/prestacao-de-contas\/","title":{"rendered":"Presta\u00e7\u00e3o de Contas"},"content":{"rendered":"\n<h5 class=\"wp-block-heading\"><a href=\"https:\/\/portal.pi.gov.br\/piauiprev\/transparencia\/\">&lt;Voltar<\/a><\/h5>\n\n\n\n<p><\/p>\n\n\n\n<div class=\"wp-block-stackable-heading stk-block-heading stk-block-heading--v2 stk-block stk-5b98f4b\" id=\"strong-relatorios-de-gestao-strong\" data-block-id=\"5b98f4b\"><h3 class=\"stk-block-heading__text stk-block-heading--use-theme-margins\"><strong>RELAT\u00d3RIOS DE GEST\u00c3O<\/strong><\/h3><div class=\"stk-block-heading__bottom-line\"><\/div><\/div>\n\n\n\n<p class=\"has-text-align-center has-medium-font-size\"><em><strong><a href=\"https:\/\/portal.pi.gov.br\/piauiprev\/wp-content\/uploads\/sites\/45\/2026\/04\/Relatorio_Anual_de_Gestao__4_.pdf\" target=\"_blank\" rel=\"noreferrer noopener\">Relat\u00f3rio de Gest\u00e3o 2025<\/a><\/strong><\/em><\/p>\n\n\n\n<p class=\"has-text-align-center has-medium-font-size\"><em><strong><a rel=\"noreferrer noopener\" href=\"https:\/\/portal.pi.gov.br\/piauiprev\/wp-content\/uploads\/sites\/45\/2025\/04\/Relatorio_de_Gestao_2024__diagramado_28.03.2025___final.pdf\" target=\"_blank\">Relat\u00f3rio de Gest\u00e3o 2024<\/a><\/strong><\/em><\/p>\n\n\n\n<p class=\"has-text-align-center has-medium-font-size\"><a rel=\"noreferrer noopener\" href=\"https:\/\/portal.pi.gov.br\/piauiprev\/wp-content\/uploads\/sites\/45\/2024\/04\/Relatorio-de-GESTAO-PIAUIPREV-2023-01.04.24.pdf\" target=\"_blank\"><em><strong>Relat\u00f3rio de Gest\u00e3o 2023<\/strong><\/em><\/a><\/p>\n\n\n\n<p class=\"has-text-align-center has-medium-font-size\"><a rel=\"noreferrer noopener\" href=\"https:\/\/portal.pi.gov.br\/piauiprev\/wp-content\/uploads\/sites\/45\/2023\/03\/relatoriodegestao2022.pdf\" target=\"_blank\"><em><strong>Relat\u00f3rio de Gest\u00e3o 2022<\/strong><\/em><\/a><\/p>\n","protected":false},"excerpt":{"rendered":"<p>&lt;Voltar RELAT\u00d3RIOS DE GEST\u00c3O Relat\u00f3rio de Gest\u00e3o 2025 Relat\u00f3rio de Gest\u00e3o 2024 Relat\u00f3rio de Gest\u00e3o 2023 Relat\u00f3rio de Gest\u00e3o 2022<\/p>\n","protected":false},"author":1,"featured_media":0,"parent":0,"menu_order":0,"comment_status":"closed","ping_status":"closed","template":"template-fullwidth.php","meta":[],"featured_image_urls":{"full":"","thumbnail":"","medium":"","medium_large":"","large":"","sgg-420":"","sgg-540":"","sgg-780":"","1536x1536":"","2048x2048":"","homepage-slider":"","homepage-slider-small":"","page-top":"","page-small":"","loop-main":"","thumb-gallery-widget":""},"post_excerpt_stackable":"<p>&lt;Voltar RELAT\u00d3RIOS DE GEST\u00c3O Relat\u00f3rio de Gest\u00e3o 2025 Relat\u00f3rio de Gest\u00e3o 2024 Relat\u00f3rio de Gest\u00e3o 2023 Relat\u00f3rio de Gest\u00e3o 2022<\/p>\n","category_list":"","author_info":{"name":"admin","url":"https:\/\/portal.pi.gov.br\/piauiprev\/author\/admin\/"},"comments_num":"0 coment\u00e1rio","featured_image_urls_v2":{"full":"","thumbnail":"","medium":"","medium_large":"","large":"","sgg-420":"","sgg-540":"","sgg-780":"","1536x1536":"","2048x2048":"","homepage-slider":"","homepage-slider-small":"","page-top":"","page-small":"","loop-main":"","thumb-gallery-widget":""},"post_excerpt_stackable_v2":"<p>&lt;Voltar RELAT\u00d3RIOS DE GEST\u00c3O Relat\u00f3rio de Gest\u00e3o 2025 Relat\u00f3rio de Gest\u00e3o 2024 Relat\u00f3rio de Gest\u00e3o 2023 Relat\u00f3rio de Gest\u00e3o 2022<\/p>\n","category_list_v2":"","author_info_v2":{"name":"admin","url":"https:\/\/portal.pi.gov.br\/piauiprev\/author\/admin\/"},"comments_num_v2":"0 coment\u00e1rio","_links":{"self":[{"href":"https:\/\/portal.pi.gov.br\/piauiprev\/wp-json\/wp\/v2\/pages\/916"}],"collection":[{"href":"https:\/\/portal.pi.gov.br\/piauiprev\/wp-json\/wp\/v2\/pages"}],"about":[{"href":"https:\/\/portal.pi.gov.br\/piauiprev\/wp-json\/wp\/v2\/types\/page"}],"author":[{"embeddable":true,"href":"https:\/\/portal.pi.gov.br\/piauiprev\/wp-json\/wp\/v2\/users\/1"}],"replies":[{"embeddable":true,"href":"https:\/\/portal.pi.gov.br\/piauiprev\/wp-json\/wp\/v2\/comments?post=916"}],"version-history":[{"count":12,"href":"https:\/\/portal.pi.gov.br\/piauiprev\/wp-json\/wp\/v2\/pages\/916\/revisions"}],"predecessor-version":[{"id":4645,"href":"https:\/\/portal.pi.gov.br\/piauiprev\/wp-json\/wp\/v2\/pages\/916\/revisions\/4645"}],"wp:attachment":[{"href":"https:\/\/portal.pi.gov.br\/piauiprev\/wp-json\/wp\/v2\/media?parent=916"}],"curies":[{"name":"wp","href":"https:\/\/api.w.org\/{rel}","templated":true}]}}