{"id":920,"date":"2023-03-09T09:14:40","date_gmt":"2023-03-09T12:14:40","guid":{"rendered":"https:\/\/portal.pi.gov.br\/piauiprev\/?page_id=920"},"modified":"2026-03-05T08:26:02","modified_gmt":"2026-03-05T11:26:02","slug":"dipr","status":"publish","type":"page","link":"https:\/\/portal.pi.gov.br\/piauiprev\/dipr\/","title":{"rendered":"Demonstrativos de Informa\u00e7\u00f5es Previdenci\u00e1rias e Repasses (DIPR)"},"content":{"rendered":"\n<h5 class=\"wp-block-heading\"><a href=\"https:\/\/portal.pi.gov.br\/piauiprev\/transparencia\/\">&lt;Voltar<\/a><\/h5>\n\n\n\n<p><\/p>\n\n\n\n<h3 class=\"wp-block-heading has-text-align-center\"><strong>20<\/strong>25<\/h3>\n\n\n\n<p class=\"has-text-align-center\"><a href=\"https:\/\/portal.pi.gov.br\/piauiprev\/wp-content\/uploads\/sites\/45\/2026\/03\/DIPR_NOV___DEZ_2025.pdf\" data-type=\"URL\" data-id=\"https:\/\/portal.pi.gov.br\/piauiprev\/wp-content\/uploads\/sites\/45\/2026\/03\/DIPR_NOV___DEZ_2025.pdf\" target=\"_blank\" rel=\"noreferrer noopener\">DIPR 2025 &#8211; Novembro-Dezembro<\/a><\/p>\n\n\n\n<p class=\"has-text-align-center\"><a href=\"https:\/\/portal.pi.gov.br\/piauiprev\/wp-content\/uploads\/sites\/45\/2026\/03\/DIPR_SET___OUT____2025.pdf\" data-type=\"URL\" data-id=\"https:\/\/portal.pi.gov.br\/piauiprev\/wp-content\/uploads\/sites\/45\/2026\/03\/DIPR_SET___OUT____2025.pdf\" target=\"_blank\" rel=\"noreferrer noopener\">DIPR 2025 &#8211; Setembro-Outubro<\/a><\/p>\n\n\n\n<p class=\"has-text-align-center\"><a href=\"https:\/\/portal.pi.gov.br\/piauiprev\/wp-content\/uploads\/sites\/45\/2025\/10\/DIPR___JULHO_E_AGOSTO.pdf\" data-type=\"URL\" data-id=\"https:\/\/portal.pi.gov.br\/piauiprev\/wp-content\/uploads\/sites\/45\/2025\/10\/DIPR___JULHO_E_AGOSTO.pdf\" target=\"_blank\" rel=\"noreferrer noopener\">DIPR 2025 &#8211; Julho-Agosto<\/a><\/p>\n\n\n\n<p class=\"has-text-align-center\"><a href=\"https:\/\/portal.pi.gov.br\/piauiprev\/wp-content\/uploads\/sites\/45\/2025\/09\/DIPR___MAIO_E_JUNHO.pdf\" data-type=\"URL\" data-id=\"https:\/\/portal.pi.gov.br\/piauiprev\/wp-content\/uploads\/sites\/45\/2025\/09\/DIPR___MAIO_E_JUNHO.pdf\" target=\"_blank\" rel=\"noreferrer noopener\">DIPR 2025 &#8211; Maio-Junho<\/a><\/p>\n\n\n\n<p class=\"has-text-align-center\"><a href=\"https:\/\/portal.pi.gov.br\/piauiprev\/wp-content\/uploads\/sites\/45\/2025\/06\/DIPR__MAR_ABR___2025.pdf\" target=\"_blank\" rel=\"noreferrer noopener\">DIPR 2025 &#8211; Mar\u00e7o-Abril<\/a><\/p>\n\n\n\n<p class=\"has-text-align-center\"><a rel=\"noreferrer noopener\" href=\"https:\/\/portal.pi.gov.br\/piauiprev\/wp-content\/uploads\/sites\/45\/2025\/04\/DIPR__JAN_FEV___2025.pdf\" data-type=\"URL\" data-id=\"https:\/\/portal.pi.gov.br\/piauiprev\/wp-content\/uploads\/sites\/45\/2025\/04\/DIPR__JAN_FEV___2025.pdf\" target=\"_blank\">DIPR 2025 &#8211; Janeiro-Fevereiro<\/a><\/p>\n\n\n\n<h3 class=\"wp-block-heading has-text-align-center\"><strong>20<\/strong>24<\/h3>\n\n\n\n<p class=\"has-text-align-center\"><a href=\"https:\/\/portal.pi.gov.br\/piauiprev\/wp-content\/uploads\/sites\/45\/2025\/02\/DIPR__NOV__DEZ__2024.pdf\" target=\"_blank\" rel=\"noreferrer noopener\">DIPR 2024 &#8211; Novembro-Dezembro<\/a><\/p>\n\n\n\n<p class=\"has-text-align-center\"><a href=\"https:\/\/portal.pi.gov.br\/piauiprev\/wp-content\/uploads\/sites\/45\/2025\/02\/DIPR__SET_OUT___2024.pdf\" target=\"_blank\" rel=\"noreferrer noopener\">DIPR 2024 &#8211; Setembro-Outubro<\/a><\/p>\n\n\n\n<p class=\"has-text-align-center\"><a href=\"https:\/\/portal.pi.gov.br\/piauiprev\/wp-content\/uploads\/sites\/45\/2024\/12\/DIPR___JUL_AGO___2024.pdf\" target=\"_blank\" rel=\"noreferrer noopener\">DIPR 2024 &#8211; Julho-Agosto<\/a><\/p>\n\n\n\n<p class=\"has-text-align-center\"><a href=\"https:\/\/portal.pi.gov.br\/piauiprev\/wp-content\/uploads\/sites\/45\/2024\/12\/DIPR___MAI_JUN___2024.pdf\" target=\"_blank\" rel=\"noreferrer noopener\">DIPR 2024 &#8211; Maio-Junho<\/a><\/p>\n\n\n\n<p class=\"has-text-align-center\"><a href=\"https:\/\/portal.pi.gov.br\/piauiprev\/wp-content\/uploads\/sites\/45\/2024\/07\/DIPR_MAR_ABR_2024.pdf\" target=\"_blank\" rel=\"noreferrer noopener\">DIPR 2024 &#8211; Mar\u00e7o-Abril<\/a><\/p>\n\n\n\n<p class=\"has-text-align-center\"><a href=\"https:\/\/portal.pi.gov.br\/piauiprev\/wp-content\/uploads\/sites\/45\/2024\/07\/DIPR_JAN_FEV__2024.pdf\" target=\"_blank\" rel=\"noreferrer noopener\">DIPR 2024 &#8211; Janeiro-Fevereiro<\/a><\/p>\n\n\n\n<h3 class=\"wp-block-heading has-text-align-center\"><strong>20<\/strong>23<\/h3>\n\n\n\n<p class=\"has-text-align-center\"><a href=\"https:\/\/portal.pi.gov.br\/piauiprev\/wp-content\/uploads\/sites\/45\/2024\/07\/DIPR_NOV_DEZ_2023.pdf\" target=\"_blank\" rel=\"noreferrer noopener\">DIPR 2023 &#8211; Novembro-Dezembro<\/a><\/p>\n\n\n\n<p class=\"has-text-align-center\"><a href=\"https:\/\/portal.pi.gov.br\/piauiprev\/wp-content\/uploads\/sites\/45\/2024\/07\/DIPR_SET_OUT_2023.pdf\" target=\"_blank\" rel=\"noreferrer noopener\">DIPR 2023 &#8211; Setembro-Outubro<\/a><\/p>\n\n\n\n<p class=\"has-text-align-center\"><a href=\"https:\/\/portal.pi.gov.br\/piauiprev\/wp-content\/uploads\/sites\/45\/2024\/07\/DIPR_JUL_AGO__2023.pdf\" target=\"_blank\" rel=\"noreferrer noopener\">DIPR 2023 &#8211; Julho-Agosto<\/a><\/p>\n\n\n\n<p class=\"has-text-align-center\"><a href=\"https:\/\/portal.pi.gov.br\/piauiprev\/wp-content\/uploads\/sites\/45\/2024\/07\/DIPR_MAI_JUN__2023.pdf\" target=\"_blank\" rel=\"noreferrer noopener\">DIPR 2023 &#8211; Maio-Junho<\/a><\/p>\n\n\n\n<p class=\"has-text-align-center\"><a href=\"https:\/\/portal.pi.gov.br\/piauiprev\/wp-content\/uploads\/sites\/45\/2024\/07\/DIPR_MAR_ABR_2023.pdf\" target=\"_blank\" rel=\"noreferrer noopener\">DIPR 2023 &#8211; Mar\u00e7o-Abril<\/a><\/p>\n\n\n\n<p class=\"has-text-align-center\"><a href=\"https:\/\/portal.pi.gov.br\/piauiprev\/wp-content\/uploads\/sites\/45\/2024\/07\/DIPR_JAN_FEV__2023.pdf\" target=\"_blank\" rel=\"noreferrer noopener\">DIPR 2023 &#8211; Janeiro-Fevereiro<\/a><\/p>\n\n\n\n<h3 class=\"wp-block-heading has-text-align-center\"><strong>20<\/strong>22<\/h3>\n\n\n\n<p class=\"has-text-align-center\"><a href=\"https:\/\/portal.pi.gov.br\/piauiprev\/wp-content\/uploads\/sites\/45\/2024\/07\/DIPR_NOV_DEZ_2022.pdf\" target=\"_blank\" rel=\"noreferrer noopener\">DIPR 2022 &#8211; Novembro-Dezembro<\/a><\/p>\n\n\n\n<p class=\"has-text-align-center\"><a href=\"https:\/\/portal.pi.gov.br\/piauiprev\/wp-content\/uploads\/sites\/45\/2024\/07\/DIPR_SET_OUT_2022.pdf\" target=\"_blank\" rel=\"noreferrer noopener\">DIPR 2022 &#8211; Setembro-Outubro<\/a><\/p>\n\n\n\n<p class=\"has-text-align-center\"><a href=\"https:\/\/portal.pi.gov.br\/piauiprev\/wp-content\/uploads\/sites\/45\/2024\/07\/DIPR_JUL_AGO_2022.pdf\" target=\"_blank\" rel=\"noreferrer noopener\">DIPR 2022 &#8211; Julho-Agosto<\/a><\/p>\n\n\n\n<p class=\"has-text-align-center\"><a href=\"https:\/\/portal.pi.gov.br\/piauiprev\/wp-content\/uploads\/sites\/45\/2024\/07\/DIPR_MAI_JUN_2022.pdf\" target=\"_blank\" rel=\"noreferrer noopener\">DIPR 2022 &#8211; Maio-Junho<\/a><\/p>\n\n\n\n<p class=\"has-text-align-center\"><a href=\"https:\/\/portal.pi.gov.br\/piauiprev\/wp-content\/uploads\/sites\/45\/2024\/07\/DIPR_MAR_ABR_2022.pdf\" target=\"_blank\" rel=\"noreferrer noopener\">DIPR 2022 &#8211; Mar\u00e7o-Abril<\/a><\/p>\n\n\n\n<p class=\"has-text-align-center\"><a href=\"https:\/\/portal.pi.gov.br\/piauiprev\/wp-content\/uploads\/sites\/45\/2024\/07\/DIPR_JAN_FEV__2022.pdf\" target=\"_blank\" rel=\"noreferrer noopener\">DIPR 2022 &#8211; Janeiro-Fevereiro<\/a><\/p>\n\n\n\n<h3 class=\"wp-block-heading has-text-align-center\"><strong>20<\/strong>21<\/h3>\n\n\n\n<p class=\"has-text-align-center\"><a href=\"https:\/\/portal.pi.gov.br\/piauiprev\/wp-content\/uploads\/sites\/45\/2024\/07\/DIPR_NOV_DEZ__2021.pdf\" target=\"_blank\" rel=\"noreferrer noopener\">DIPR 2021 &#8211; Novembro-Dezembro<\/a><\/p>\n\n\n\n<p class=\"has-text-align-center\"><a href=\"https:\/\/portal.pi.gov.br\/piauiprev\/wp-content\/uploads\/sites\/45\/2024\/07\/DIPR_SET_OUT__2021.pdf\" target=\"_blank\" rel=\"noreferrer noopener\">DIPR 2021 &#8211; Setembro-Outubro<\/a><\/p>\n\n\n\n<p class=\"has-text-align-center\"><a href=\"https:\/\/portal.pi.gov.br\/piauiprev\/wp-content\/uploads\/sites\/45\/2024\/07\/DIPR_JUL_AGO__2021.pdf\" target=\"_blank\" rel=\"noreferrer noopener\">DIPR 2021 &#8211; Julho-Agosto<\/a><\/p>\n\n\n\n<p class=\"has-text-align-center\"><a href=\"https:\/\/portal.pi.gov.br\/piauiprev\/wp-content\/uploads\/sites\/45\/2024\/07\/DIPR_MAI_JUN__2021.pdf\" target=\"_blank\" rel=\"noreferrer noopener\">DIPR 2021 &#8211; Maio-Junho<\/a><\/p>\n\n\n\n<p class=\"has-text-align-center\"><a href=\"https:\/\/portal.pi.gov.br\/piauiprev\/wp-content\/uploads\/sites\/45\/2024\/07\/DIPR_MAR_ABR__2021.pdf\" target=\"_blank\" rel=\"noreferrer noopener\">DIPR 2021 &#8211; Mar\u00e7o-Abril<\/a><\/p>\n\n\n\n<p class=\"has-text-align-center\"><a href=\"https:\/\/portal.pi.gov.br\/piauiprev\/wp-content\/uploads\/sites\/45\/2024\/07\/DIPR_JAN_FEV__2021.pdf\" target=\"_blank\" rel=\"noreferrer noopener\">DIPR 2021 &#8211; Janeiro-Fevereiro<\/a><\/p>\n\n\n\n<h3 class=\"wp-block-heading has-text-align-center\"><strong>20<\/strong>20<\/h3>\n\n\n\n<p class=\"has-text-align-center\"><a href=\"https:\/\/portal.pi.gov.br\/piauiprev\/wp-content\/uploads\/sites\/45\/2024\/07\/DIPR_NOV_DEZ__2020.pdf\" target=\"_blank\" rel=\"noreferrer noopener\">DIPR 2020 &#8211; Novembro-Dezembro<\/a><\/p>\n\n\n\n<p class=\"has-text-align-center\"><a href=\"https:\/\/portal.pi.gov.br\/piauiprev\/wp-content\/uploads\/sites\/45\/2024\/07\/DIPR_SET_OUT__2020.pdf\" target=\"_blank\" rel=\"noreferrer noopener\">DIPR 2020 &#8211; Setembro-Outubro<\/a><\/p>\n\n\n\n<p class=\"has-text-align-center\"><a href=\"https:\/\/portal.pi.gov.br\/piauiprev\/wp-content\/uploads\/sites\/45\/2024\/07\/DIPR_JUL_AGO__2020.pdf\" target=\"_blank\" rel=\"noreferrer noopener\">DIPR 2020 &#8211; Julho-Agosto<\/a><\/p>\n\n\n\n<p class=\"has-text-align-center\"><a href=\"https:\/\/portal.pi.gov.br\/piauiprev\/wp-content\/uploads\/sites\/45\/2024\/07\/DIPR_MAI_JUN__2020.pdf\" target=\"_blank\" rel=\"noreferrer noopener\">DIPR 2020 &#8211; Maio-Junho<\/a><\/p>\n\n\n\n<p class=\"has-text-align-center\"><a href=\"https:\/\/portal.pi.gov.br\/piauiprev\/wp-content\/uploads\/sites\/45\/2024\/07\/DIPR_MAR_ABR__2020.pdf\" target=\"_blank\" rel=\"noreferrer noopener\">DIPR 2020 &#8211; Mar\u00e7o-Abril<\/a><\/p>\n\n\n\n<p class=\"has-text-align-center\"><a href=\"https:\/\/portal.pi.gov.br\/piauiprev\/wp-content\/uploads\/sites\/45\/2024\/07\/DIPR_JAN_FEV__2020.pdf\" target=\"_blank\" rel=\"noreferrer noopener\">DIPR 2020 &#8211; Janeiro-Fevereiro<\/a><\/p>\n\n\n\n<h3 class=\"wp-block-heading has-text-align-center\"><strong>2019<\/strong><\/h3>\n\n\n\n<p class=\"has-text-align-center\"><a href=\"https:\/\/portal.pi.gov.br\/piauiprev\/wp-content\/uploads\/sites\/45\/2023\/03\/FP04_DIPR-nov-dez-2019.pdf\" target=\"_blank\" rel=\"noreferrer noopener\">DIPR 2019 &#8211; Novembro-Dezembro<\/a><\/p>\n\n\n\n<p class=\"has-text-align-center\"><a href=\"https:\/\/portal.pi.gov.br\/piauiprev\/wp-content\/uploads\/sites\/45\/2023\/03\/FP04_DIPR-set-out-2019.pdf\" target=\"_blank\" rel=\"noreferrer noopener\">DIPR 2019 &#8211; Setembro-Outubro<\/a><\/p>\n\n\n\n<p class=\"has-text-align-center\"><a href=\"https:\/\/portal.pi.gov.br\/piauiprev\/wp-content\/uploads\/sites\/45\/2023\/03\/FP04_DIPR-jul-ago-2019.pdf\" target=\"_blank\" rel=\"noreferrer noopener\">DIPR 2019 &#8211; Julho-Agosto<\/a><\/p>\n\n\n\n<p class=\"has-text-align-center\"><a href=\"https:\/\/portal.pi.gov.br\/piauiprev\/wp-content\/uploads\/sites\/45\/2023\/03\/FP04_DIPR-mai-jun-2019.pdf\" target=\"_blank\" rel=\"noreferrer noopener\">DIPR 2019 &#8211; Maio-Junho<\/a><\/p>\n\n\n\n<p class=\"has-text-align-center\"><a href=\"https:\/\/portal.pi.gov.br\/piauiprev\/wp-content\/uploads\/sites\/45\/2023\/03\/FP04_DIPR-mar-abr-2019.pdf\" target=\"_blank\" rel=\"noreferrer noopener\">DIPR 2019 &#8211; Mar\u00e7o-Abril<\/a><\/p>\n\n\n\n<p class=\"has-text-align-center\"><a href=\"https:\/\/portal.pi.gov.br\/piauiprev\/wp-content\/uploads\/sites\/45\/2023\/03\/FP04_DIPR-jan-fev-2019.pdf\" target=\"_blank\" rel=\"noreferrer noopener\">DIPR 2019 &#8211; Janeiro-Fevereiro<\/a><\/p>\n\n\n\n<h3 class=\"wp-block-heading has-text-align-center\"><strong>2018<\/strong><\/h3>\n\n\n\n<p class=\"has-text-align-center\"><a href=\"https:\/\/portal.pi.gov.br\/piauiprev\/wp-content\/uploads\/sites\/45\/2023\/03\/FP041_DIPR-nov-dez-2018.pdf\" target=\"_blank\" rel=\"noreferrer noopener\">DIPR 2018 &#8211; Novembro-Dezembro<\/a><\/p>\n\n\n\n<p class=\"has-text-align-center\"><a rel=\"noreferrer noopener\" href=\"http:\/\/www.piauiprev.pi.gov.br\/download\/202008\/FP04_3c4b691354.pdf\" target=\"_blank\"><\/a><a href=\"https:\/\/portal.pi.gov.br\/piauiprev\/wp-content\/uploads\/sites\/45\/2023\/03\/FP041_DIPR-set-out-2018.pdf\" target=\"_blank\" rel=\"noreferrer noopener\">DIPR 2018 &#8211; Setembro-Outubro<\/a><\/p>\n\n\n\n<p class=\"has-text-align-center\"><a href=\"https:\/\/portal.pi.gov.br\/piauiprev\/wp-content\/uploads\/sites\/45\/2023\/03\/FP041_DIPR-jul-ago-2018.pdf\" target=\"_blank\" rel=\"noreferrer noopener\">DIPR 2018 &#8211; Julho-Agosto<\/a><\/p>\n\n\n\n<p class=\"has-text-align-center\"><a href=\"https:\/\/portal.pi.gov.br\/piauiprev\/wp-content\/uploads\/sites\/45\/2023\/03\/FP041_DIPR-mai-jun-2018.pdf\" target=\"_blank\" rel=\"noreferrer noopener\">DIPR 2018 &#8211; Maio-Junho<\/a><\/p>\n\n\n\n<p class=\"has-text-align-center\"><a href=\"https:\/\/portal.pi.gov.br\/piauiprev\/wp-content\/uploads\/sites\/45\/2023\/03\/FP041_DIPR-mar-abr-2018.pdf\" target=\"_blank\" rel=\"noreferrer noopener\">DIPR 2018 &#8211; Mar\u00e7o-Abril<\/a><\/p>\n\n\n\n<p class=\"has-text-align-center\"><a href=\"https:\/\/portal.pi.gov.br\/piauiprev\/wp-content\/uploads\/sites\/45\/2023\/03\/FP041_DIPR-jan-fev-2018.pdf\" target=\"_blank\" rel=\"noreferrer noopener\">DIPR 2018 &#8211; Janeiro-Fevereiro<\/a><\/p>\n\n\n\n<h3 class=\"wp-block-heading has-text-align-center\">2017<\/h3>\n\n\n\n<p class=\"has-text-align-center\"><a href=\"https:\/\/portal.pi.gov.br\/piauiprev\/wp-content\/uploads\/sites\/45\/2023\/03\/FP042_DIPR-nov-dez-2017.pdf\" target=\"_blank\" rel=\"noreferrer noopener\">DIPR 2017 &#8211; Novembro-Dezembro<\/a><\/p>\n\n\n\n<p class=\"has-text-align-center\"><a href=\"https:\/\/portal.pi.gov.br\/piauiprev\/wp-content\/uploads\/sites\/45\/2023\/03\/FP042_DIPR-set-out-2017.pdf\" target=\"_blank\" rel=\"noreferrer noopener\">DIPR 2017 &#8211; Setembro-Outubro<\/a><\/p>\n\n\n\n<p class=\"has-text-align-center\"><a href=\"https:\/\/portal.pi.gov.br\/piauiprev\/wp-content\/uploads\/sites\/45\/2023\/03\/FP042_DIPR-jul-ago-2017.pdf\" target=\"_blank\" rel=\"noreferrer noopener\">DIPR 2017 &#8211; Julho-Agosto<\/a><\/p>\n\n\n\n<p class=\"has-text-align-center\"><a href=\"https:\/\/portal.pi.gov.br\/piauiprev\/wp-content\/uploads\/sites\/45\/2023\/03\/FP042_DIPR-mai-jun-2017.pdf\" target=\"_blank\" rel=\"noreferrer noopener\">DIPR 2017 &#8211; Maio-Junho<\/a><\/p>\n\n\n\n<p class=\"has-text-align-center\"><a href=\"https:\/\/portal.pi.gov.br\/piauiprev\/wp-content\/uploads\/sites\/45\/2023\/03\/FP042_DIPR-mar-abr-2017.pdf\" target=\"_blank\" rel=\"noreferrer noopener\">DIPR 2017 &#8211; Mar\u00e7o-Abril<\/a><\/p>\n\n\n\n<p class=\"has-text-align-center\"><a href=\"https:\/\/portal.pi.gov.br\/piauiprev\/wp-content\/uploads\/sites\/45\/2023\/03\/FP042_DIPR-jan-fev-2017.pdf\" target=\"_blank\" rel=\"noreferrer noopener\">DIPR 2017 &#8211; Janeiro-Fevereiro<\/a><\/p>\n\n\n\n<h3 class=\"wp-block-heading has-text-align-center\">2016<\/h3>\n\n\n\n<p class=\"has-text-align-center\"><a href=\"https:\/\/portal.pi.gov.br\/piauiprev\/wp-content\/uploads\/sites\/45\/2023\/03\/FP043_DIPR-nov-dez-2016.pdf\" target=\"_blank\" rel=\"noreferrer noopener\">DIPR 2016 &#8211; Novembro-Dezembro<\/a><\/p>\n\n\n\n<p class=\"has-text-align-center\"><a href=\"https:\/\/portal.pi.gov.br\/piauiprev\/wp-content\/uploads\/sites\/45\/2023\/03\/FP043_DIPR-set-out-2016.pdf\" target=\"_blank\" rel=\"noreferrer noopener\">DIPR 2016 &#8211; Setembro-Outubro<\/a><\/p>\n\n\n\n<p class=\"has-text-align-center\"><a href=\"https:\/\/portal.pi.gov.br\/piauiprev\/wp-content\/uploads\/sites\/45\/2023\/03\/FP043_DIPR-jul-ago-2016.pdf\" target=\"_blank\" rel=\"noreferrer noopener\">DIPR 2016 &#8211; Julho-Agosto<\/a><\/p>\n\n\n\n<p class=\"has-text-align-center\"><a href=\"https:\/\/portal.pi.gov.br\/piauiprev\/wp-content\/uploads\/sites\/45\/2023\/03\/FP043_DIPR-mai-jun-2016.pdf\" target=\"_blank\" rel=\"noreferrer noopener\">DIPR 2016 &#8211; Maio-Junho<\/a><\/p>\n\n\n\n<p class=\"has-text-align-center\"><a href=\"https:\/\/portal.pi.gov.br\/piauiprev\/wp-content\/uploads\/sites\/45\/2023\/03\/FP043_DIPR-mar-abr-2016.pdf\" target=\"_blank\" rel=\"noreferrer noopener\">DIPR 2016 &#8211; Mar\u00e7o-Abril<\/a><\/p>\n\n\n\n<p class=\"has-text-align-center\"><a href=\"https:\/\/portal.pi.gov.br\/piauiprev\/wp-content\/uploads\/sites\/45\/2023\/03\/FP043_DIPR-jan-fev-2016.pdf\" target=\"_blank\" rel=\"noreferrer noopener\">DIPR 2016 &#8211; Janeiro-Fevereiro<\/a><\/p>\n\n\n\n<h3 class=\"wp-block-heading has-text-align-center\">2015<\/h3>\n\n\n\n<p class=\"has-text-align-center\"><a href=\"https:\/\/portal.pi.gov.br\/piauiprev\/wp-content\/uploads\/sites\/45\/2023\/03\/FP044_DIPR-nov-dez-2015.pdf\" target=\"_blank\" rel=\"noreferrer noopener\">DIPR 2015 &#8211; Novembro-Dezembro<\/a><\/p>\n\n\n\n<p class=\"has-text-align-center\"><a href=\"https:\/\/portal.pi.gov.br\/piauiprev\/wp-content\/uploads\/sites\/45\/2023\/03\/FP044_DIPR-set-out-2015.pdf\" target=\"_blank\" rel=\"noreferrer noopener\">DIPR 2015 &#8211; Setembro-Outubro<\/a><\/p>\n\n\n\n<p class=\"has-text-align-center\"><a href=\"https:\/\/portal.pi.gov.br\/piauiprev\/wp-content\/uploads\/sites\/45\/2023\/03\/FP044_DIPR-jul-ago-2015.pdf\" target=\"_blank\" rel=\"noreferrer noopener\">DIPR 2015 &#8211; Julho-Agosto<\/a><\/p>\n\n\n\n<p class=\"has-text-align-center\"><a href=\"https:\/\/portal.pi.gov.br\/piauiprev\/wp-content\/uploads\/sites\/45\/2023\/03\/FP044_DIPR-mai-jun-2015.pdf\" target=\"_blank\" rel=\"noreferrer noopener\">DIPR 2015 &#8211; Maio-Junho<\/a><\/p>\n\n\n\n<p class=\"has-text-align-center\"><a href=\"https:\/\/portal.pi.gov.br\/piauiprev\/wp-content\/uploads\/sites\/45\/2023\/03\/FP044_DIPR-mar-abr-2015.pdf\" target=\"_blank\" rel=\"noreferrer noopener\">DIPR 2015 &#8211; Mar\u00e7o-Abril<\/a><\/p>\n\n\n\n<p class=\"has-text-align-center\"><a href=\"https:\/\/portal.pi.gov.br\/piauiprev\/wp-content\/uploads\/sites\/45\/2023\/03\/FP044_DIPR-jan-fev-2015.pdf\" target=\"_blank\" rel=\"noreferrer noopener\">DIPR 2015 &#8211; Janeiro-Fevereiro<\/a><\/p>\n","protected":false},"excerpt":{"rendered":"<p>&lt;Voltar 2025 DIPR 2025 &#8211; Novembro-Dezembro DIPR 2025 &#8211; Setembro-Outubro DIPR 2025 &#8211; Julho-Agosto DIPR 2025 &#8211; Maio-Junho DIPR 2025 &#8211; Mar\u00e7o-Abril DIPR 2025 &#8211; Janeiro-Fevereiro 2024 DIPR 2024 &#8211; [&hellip;]<\/p>\n","protected":false},"author":1,"featured_media":0,"parent":0,"menu_order":0,"comment_status":"closed","ping_status":"closed","template":"template-fullwidth.php","meta":[],"featured_image_urls":{"full":"","thumbnail":"","medium":"","medium_large":"","large":"","sgg-420":"","sgg-540":"","sgg-780":"","1536x1536":"","2048x2048":"","homepage-slider":"","homepage-slider-small":"","page-top":"","page-small":"","loop-main":"","thumb-gallery-widget":""},"post_excerpt_stackable":"<p>&lt;Voltar 2025 DIPR 2025 &#8211; Novembro-Dezembro DIPR 2025 &#8211; Setembro-Outubro DIPR 2025 &#8211; Julho-Agosto DIPR 2025 &#8211; Maio-Junho DIPR 2025 &#8211; Mar\u00e7o-Abril DIPR 2025 &#8211; Janeiro-Fevereiro 2024 DIPR 2024 &#8211; Novembro-Dezembro DIPR 2024 &#8211; Setembro-Outubro DIPR 2024 &#8211; Julho-Agosto DIPR 2024 &#8211; Maio-Junho DIPR 2024 &#8211; Mar\u00e7o-Abril DIPR 2024 &#8211; Janeiro-Fevereiro 2023 DIPR 2023 &#8211; Novembro-Dezembro DIPR 2023 &#8211; Setembro-Outubro DIPR 2023 &#8211; Julho-Agosto DIPR 2023 &#8211; Maio-Junho DIPR 2023 &#8211; Mar\u00e7o-Abril DIPR 2023 &#8211; Janeiro-Fevereiro 2022 DIPR 2022 &#8211; Novembro-Dezembro DIPR 2022 &#8211; Setembro-Outubro DIPR 2022 &#8211; Julho-Agosto DIPR 2022 &#8211; Maio-Junho DIPR 2022 &#8211; Mar\u00e7o-Abril DIPR 2022 &#8211;&hellip;<\/p>\n","category_list":"","author_info":{"name":"admin","url":"https:\/\/portal.pi.gov.br\/piauiprev\/author\/admin\/"},"comments_num":"0 coment\u00e1rio","featured_image_urls_v2":{"full":"","thumbnail":"","medium":"","medium_large":"","large":"","sgg-420":"","sgg-540":"","sgg-780":"","1536x1536":"","2048x2048":"","homepage-slider":"","homepage-slider-small":"","page-top":"","page-small":"","loop-main":"","thumb-gallery-widget":""},"post_excerpt_stackable_v2":"<p>&lt;Voltar 2025 DIPR 2025 &#8211; Novembro-Dezembro DIPR 2025 &#8211; Setembro-Outubro DIPR 2025 &#8211; Julho-Agosto DIPR 2025 &#8211; Maio-Junho DIPR 2025 &#8211; Mar\u00e7o-Abril DIPR 2025 &#8211; Janeiro-Fevereiro 2024 DIPR 2024 &#8211; Novembro-Dezembro DIPR 2024 &#8211; Setembro-Outubro DIPR 2024 &#8211; Julho-Agosto DIPR 2024 &#8211; Maio-Junho DIPR 2024 &#8211; Mar\u00e7o-Abril DIPR 2024 &#8211; Janeiro-Fevereiro 2023 DIPR 2023 &#8211; Novembro-Dezembro DIPR 2023 &#8211; Setembro-Outubro DIPR 2023 &#8211; Julho-Agosto DIPR 2023 &#8211; Maio-Junho DIPR 2023 &#8211; Mar\u00e7o-Abril DIPR 2023 &#8211; Janeiro-Fevereiro 2022 DIPR 2022 &#8211; Novembro-Dezembro DIPR 2022 &#8211; Setembro-Outubro DIPR 2022 &#8211; Julho-Agosto DIPR 2022 &#8211; Maio-Junho DIPR 2022 &#8211; Mar\u00e7o-Abril DIPR 2022 &#8211;&hellip;<\/p>\n","category_list_v2":"","author_info_v2":{"name":"admin","url":"https:\/\/portal.pi.gov.br\/piauiprev\/author\/admin\/"},"comments_num_v2":"0 coment\u00e1rio","_links":{"self":[{"href":"https:\/\/portal.pi.gov.br\/piauiprev\/wp-json\/wp\/v2\/pages\/920"}],"collection":[{"href":"https:\/\/portal.pi.gov.br\/piauiprev\/wp-json\/wp\/v2\/pages"}],"about":[{"href":"https:\/\/portal.pi.gov.br\/piauiprev\/wp-json\/wp\/v2\/types\/page"}],"author":[{"embeddable":true,"href":"https:\/\/portal.pi.gov.br\/piauiprev\/wp-json\/wp\/v2\/users\/1"}],"replies":[{"embeddable":true,"href":"https:\/\/portal.pi.gov.br\/piauiprev\/wp-json\/wp\/v2\/comments?post=920"}],"version-history":[{"count":28,"href":"https:\/\/portal.pi.gov.br\/piauiprev\/wp-json\/wp\/v2\/pages\/920\/revisions"}],"predecessor-version":[{"id":4450,"href":"https:\/\/portal.pi.gov.br\/piauiprev\/wp-json\/wp\/v2\/pages\/920\/revisions\/4450"}],"wp:attachment":[{"href":"https:\/\/portal.pi.gov.br\/piauiprev\/wp-json\/wp\/v2\/media?parent=920"}],"curies":[{"name":"wp","href":"https:\/\/api.w.org\/{rel}","templated":true}]}}