{"id":922,"date":"2023-03-09T09:15:03","date_gmt":"2023-03-09T12:15:03","guid":{"rendered":"https:\/\/portal.pi.gov.br\/piauiprev\/?page_id=922"},"modified":"2024-07-08T10:50:32","modified_gmt":"2024-07-08T13:50:32","slug":"dpin","status":"publish","type":"page","link":"https:\/\/portal.pi.gov.br\/piauiprev\/dpin\/","title":{"rendered":"Demonstrativos das Pol\u00edticas de Investimentos (DPIN)"},"content":{"rendered":"\n<h5 class=\"wp-block-heading\"><a href=\"https:\/\/portal.pi.gov.br\/piauiprev\/transparencia\/\">&lt;Voltar<\/a><\/h5>\n\n\n\n<p><\/p>\n\n\n\n<h4 class=\"wp-block-heading has-text-align-center\"><span style=\"color: #000000\" class=\"stk-highlight\">2024<\/span><\/h4>\n\n\n\n<p class=\"has-text-align-center\"><a rel=\"noreferrer noopener\" href=\"https:\/\/portal.pi.gov.br\/piauiprev\/wp-content\/uploads\/sites\/45\/2024\/07\/DPIN__2024.pdf\" target=\"_blank\">Demonstrativo da Pol\u00edtica de Investimentos &#8211; Exerc\u00edcio 2024<\/a><\/p>\n\n\n\n<h4 class=\"wp-block-heading has-text-align-center\"><span style=\"color: #000000\" class=\"stk-highlight\">2023<\/span><\/h4>\n\n\n\n<p class=\"has-text-align-center\"><a rel=\"noreferrer noopener\" href=\"https:\/\/portal.pi.gov.br\/piauiprev\/wp-content\/uploads\/sites\/45\/2024\/07\/DPIN__2023.pdf\" target=\"_blank\">Demonstrativo da Pol\u00edtica de Investimentos &#8211; Exerc\u00edcio 2023<\/a><\/p>\n\n\n\n<h4 class=\"wp-block-heading has-text-align-center\">2022<\/h4>\n\n\n\n<p class=\"has-text-align-center\"><a rel=\"noreferrer noopener\" href=\"https:\/\/portal.pi.gov.br\/piauiprev\/wp-content\/uploads\/sites\/45\/2024\/07\/DPIN__2022.pdf\" target=\"_blank\">Demonstrativo da Pol\u00edtica de Investimentos &#8211; Exerc\u00edcio 2022<\/a><\/p>\n\n\n\n<h4 class=\"wp-block-heading has-text-align-center\">2021<\/h4>\n\n\n\n<p class=\"has-text-align-center\"><a rel=\"noreferrer noopener\" href=\"https:\/\/portal.pi.gov.br\/piauiprev\/wp-content\/uploads\/sites\/45\/2024\/07\/DPIN__2021.pdf\" target=\"_blank\">Demonstrativo da Pol\u00edtica de Investimentos &#8211; Exerc\u00edcio 2021<\/a><\/p>\n\n\n\n<h4 class=\"wp-block-heading has-text-align-center\">2020<\/h4>\n\n\n\n<p class=\"has-text-align-center\"><a rel=\"noreferrer noopener\" href=\"https:\/\/portal.pi.gov.br\/piauiprev\/wp-content\/uploads\/sites\/45\/2024\/07\/DPIN__2020.pdf\" target=\"_blank\">Demonstrativo da Pol\u00edtica de Investimentos &#8211; Exerc\u00edcio 2020<\/a><\/p>\n\n\n\n<h4 class=\"wp-block-heading has-text-align-center\">2019<\/h4>\n\n\n\n<p class=\"has-text-align-center\"><a href=\"https:\/\/portal.pi.gov.br\/piauiprev\/wp-content\/uploads\/sites\/45\/2024\/07\/DPIN__2019.pdf\" target=\"_blank\" rel=\"noreferrer noopener\">Demonstrativo da Pol\u00edtica de Investimentos &#8211; Exerc\u00edcio 2019<\/a><\/p>\n","protected":false},"excerpt":{"rendered":"<p>&lt;Voltar 2024 Demonstrativo da Pol\u00edtica de Investimentos &#8211; Exerc\u00edcio 2024 2023 Demonstrativo da Pol\u00edtica de Investimentos &#8211; Exerc\u00edcio 2023 2022 Demonstrativo da Pol\u00edtica de Investimentos &#8211; Exerc\u00edcio 2022 2021 Demonstrativo [&hellip;]<\/p>\n","protected":false},"author":1,"featured_media":0,"parent":0,"menu_order":0,"comment_status":"closed","ping_status":"closed","template":"template-fullwidth.php","meta":[],"featured_image_urls":{"full":"","thumbnail":"","medium":"","medium_large":"","large":"","sgg-420":"","sgg-540":"","sgg-780":"","1536x1536":"","2048x2048":"","homepage-slider":"","homepage-slider-small":"","page-top":"","page-small":"","loop-main":"","thumb-gallery-widget":""},"post_excerpt_stackable":"<p>&lt;Voltar 2024 Demonstrativo da Pol\u00edtica de Investimentos &#8211; Exerc\u00edcio 2024 2023 Demonstrativo da Pol\u00edtica de Investimentos &#8211; Exerc\u00edcio 2023 2022 Demonstrativo da Pol\u00edtica de Investimentos &#8211; Exerc\u00edcio 2022 2021 Demonstrativo da Pol\u00edtica de Investimentos &#8211; Exerc\u00edcio 2021 2020 Demonstrativo da Pol\u00edtica de Investimentos &#8211; Exerc\u00edcio 2020 2019 Demonstrativo da Pol\u00edtica de Investimentos &#8211; Exerc\u00edcio 2019<\/p>\n","category_list":"","author_info":{"name":"admin","url":"https:\/\/portal.pi.gov.br\/piauiprev\/author\/admin\/"},"comments_num":"0 coment\u00e1rio","featured_image_urls_v2":{"full":"","thumbnail":"","medium":"","medium_large":"","large":"","sgg-420":"","sgg-540":"","sgg-780":"","1536x1536":"","2048x2048":"","homepage-slider":"","homepage-slider-small":"","page-top":"","page-small":"","loop-main":"","thumb-gallery-widget":""},"post_excerpt_stackable_v2":"<p>&lt;Voltar 2024 Demonstrativo da Pol\u00edtica de Investimentos &#8211; Exerc\u00edcio 2024 2023 Demonstrativo da Pol\u00edtica de Investimentos &#8211; Exerc\u00edcio 2023 2022 Demonstrativo da Pol\u00edtica de Investimentos &#8211; Exerc\u00edcio 2022 2021 Demonstrativo da Pol\u00edtica de Investimentos &#8211; Exerc\u00edcio 2021 2020 Demonstrativo da Pol\u00edtica de Investimentos &#8211; Exerc\u00edcio 2020 2019 Demonstrativo da Pol\u00edtica de Investimentos &#8211; Exerc\u00edcio 2019<\/p>\n","category_list_v2":"","author_info_v2":{"name":"admin","url":"https:\/\/portal.pi.gov.br\/piauiprev\/author\/admin\/"},"comments_num_v2":"0 coment\u00e1rio","_links":{"self":[{"href":"https:\/\/portal.pi.gov.br\/piauiprev\/wp-json\/wp\/v2\/pages\/922"}],"collection":[{"href":"https:\/\/portal.pi.gov.br\/piauiprev\/wp-json\/wp\/v2\/pages"}],"about":[{"href":"https:\/\/portal.pi.gov.br\/piauiprev\/wp-json\/wp\/v2\/types\/page"}],"author":[{"embeddable":true,"href":"https:\/\/portal.pi.gov.br\/piauiprev\/wp-json\/wp\/v2\/users\/1"}],"replies":[{"embeddable":true,"href":"https:\/\/portal.pi.gov.br\/piauiprev\/wp-json\/wp\/v2\/comments?post=922"}],"version-history":[{"count":15,"href":"https:\/\/portal.pi.gov.br\/piauiprev\/wp-json\/wp\/v2\/pages\/922\/revisions"}],"predecessor-version":[{"id":2318,"href":"https:\/\/portal.pi.gov.br\/piauiprev\/wp-json\/wp\/v2\/pages\/922\/revisions\/2318"}],"wp:attachment":[{"href":"https:\/\/portal.pi.gov.br\/piauiprev\/wp-json\/wp\/v2\/media?parent=922"}],"curies":[{"name":"wp","href":"https:\/\/api.w.org\/{rel}","templated":true}]}}