{"id":928,"date":"2023-03-09T09:16:20","date_gmt":"2023-03-09T12:16:20","guid":{"rendered":"https:\/\/portal.pi.gov.br\/piauiprev\/?page_id=928"},"modified":"2026-02-27T12:52:21","modified_gmt":"2026-02-27T15:52:21","slug":"conselho-administrativo","status":"publish","type":"page","link":"https:\/\/portal.pi.gov.br\/piauiprev\/conselho-administrativo\/","title":{"rendered":"Conselho de Administra\u00e7\u00e3o"},"content":{"rendered":"\n<h5 class=\"wp-block-heading\"><a href=\"https:\/\/portal.pi.gov.br\/piauiprev\/transparencia\/\">&lt;Voltar<\/a><\/h5>\n\n\n\n<div class=\"wp-block-stackable-text stk-block-text stk-block stk-f948902\" data-block-id=\"f948902\"><p class=\"stk-block-text__text\"><a href=\"https:\/\/portal.pi.gov.br\/piauiprev\/wp-content\/uploads\/sites\/45\/2026\/02\/DECRETO_N__24348__DE_10_DE_fevereiro_DE_2026.pdf\" data-type=\"URL\" target=\"_blank\" rel=\"noreferrer noopener\"><strong>10\/02\/2026 &#8211; Decreto n\u00ba 24.348<\/strong><\/a> [Nomeia os membros e os suplentes para o Conselho de Administra\u00e7\u00e3o do Regime Pr\u00f3prio de Previd\u00eancia Social do Estado do Piau\u00ed, para o tri\u00eanio 2026\/2028]<\/p><\/div>\n\n\n\n<div class=\"wp-block-stackable-text stk-block-text stk-block stk-f35e3e8\" data-block-id=\"f35e3e8\"><p class=\"stk-block-text__text\"><strong><a rel=\"noreferrer noopener\" href=\"https:\/\/portal.pi.gov.br\/piauiprev\/wp-content\/uploads\/sites\/45\/2025\/04\/DOEPI_71_2025.pdf\" data-type=\"URL\" data-id=\"https:\/\/portal.pi.gov.br\/piauiprev\/wp-content\/uploads\/sites\/45\/2025\/04\/DOEPI_71_2025.pdf\" target=\"_blank\">04\/04\/2025 &#8211; Decreto n\u00ba 23.708<\/a><\/strong> [Altera&nbsp;o Anexo I do Decreto n\u00ba 22.119, de 31 de maio de 2023, que nomeia&nbsp;os membros do Conselho Administra\u00e7\u00e3o e do Conselho Fiscal do Regime Pr\u00f3prio de Previd\u00eancia Social do Estado do Piau\u00ed]<\/p><\/div>\n\n\n\n<div class=\"wp-block-stackable-text stk-block-text stk-block stk-344a05d\" data-block-id=\"344a05d\"><p class=\"stk-block-text__text\"><strong><a rel=\"noreferrer noopener\" href=\"https:\/\/portal.pi.gov.br\/piauiprev\/wp-content\/uploads\/sites\/45\/2023\/11\/Decreto_n__22.477_2023___ALTERACAO_DO_DECRETO_22.119.pdf\" target=\"_blank\">17\/10\/2023 &#8211; Decreto n\u00ba 22.477<\/a><\/strong> [Altera o Anexo I do Decreto n\u00ba 22.119, de 31 de maio de 2023, que nomeou os membros do Conselho de Administra\u00e7\u00e3o e do Conselho Fiscal do Regime Pr\u00f3prio de Previd\u00eancia Social do Estado do Piau\u00ed &#8211; RPPS\/PI]<\/p><\/div>\n\n\n\n<div class=\"wp-block-stackable-text stk-block-text stk-block stk-70bb3da\" data-block-id=\"70bb3da\"><p class=\"stk-block-text__text\"><strong><a rel=\"noreferrer noopener\" href=\"https:\/\/portal.pi.gov.br\/piauiprev\/wp-content\/uploads\/sites\/45\/2023\/09\/DECRETO_N__22.119__DE_31_DE_MAIO_DE_2023.pdf\" target=\"_blank\">31\/05\/2023 &#8211; Decreto n\u00ba 22.119<\/a><\/strong> [Nomeia os membros do Conselho de Administra\u00e7\u00e3o e do Conselho Fiscal do Regime Pr\u00f3prio de Previd\u00eancia Social do Estado do Piau\u00ed &#8211; RPPS\/PI]<\/p><\/div>\n\n\n\n<div class=\"wp-block-buttons is-content-justification-center is-layout-flex wp-container-1\">\n<div class=\"wp-block-button is-style-fill\"><a class=\"wp-block-button__link has-background has-text-align-center wp-element-button\" href=\"https:\/\/portal.pi.gov.br\/piauiprev\/conselho-de-administracao-atas-das-reunioes\" style=\"background:linear-gradient(360deg,rgb(2,3,129) 0%,rgb(40,116,252) 100%)\">Atas das Reuni\u00f5es<\/a><\/div>\n\n\n\n<div class=\"wp-block-button is-style-fill\"><a class=\"wp-block-button__link has-background has-text-align-center wp-element-button\" href=\"https:\/\/portal.pi.gov.br\/piauiprev\/conselho-de-administracao-cronograma-de-reunioes\" style=\"background:linear-gradient(360deg,rgb(2,3,129) 0%,rgb(40,116,252) 100%)\">Cronograma de Reuni\u00f5es<\/a><\/div>\n\n\n\n<div class=\"wp-block-button is-style-fill\"><a class=\"wp-block-button__link has-background has-text-align-center wp-element-button\" href=\"https:\/\/portal.pi.gov.br\/piauiprev\/conselho-de-administracao-membros\" style=\"background:linear-gradient(360deg,rgb(2,3,129) 0%,rgb(40,116,252) 100%)\">Membros<\/a><\/div>\n\n\n\n<div class=\"wp-block-button is-style-fill\"><a class=\"wp-block-button__link has-background has-text-align-center wp-element-button\" href=\"https:\/\/portal.pi.gov.br\/piauiprev\/conselho-de-administracao-resolucoes\" style=\"background:linear-gradient(360deg,rgb(2,3,129) 0%,rgb(40,116,252) 100%)\">Resolu\u00e7\u00f5es<\/a><\/div>\n\n\n\n<div class=\"wp-block-button is-style-fill\"><a class=\"wp-block-button__link has-background has-text-align-center wp-element-button\" href=\"https:\/\/portal.pi.gov.br\/piauiprev\/conselho-de-administracao-regimento-interno\" style=\"background:linear-gradient(360deg,rgb(2,3,129) 0%,rgb(40,116,252) 100%)\">Regimento Interno<\/a><\/div>\n\n\n\n<div class=\"wp-block-button is-style-fill\"><a class=\"wp-block-button__link has-background has-text-align-center wp-element-button\" href=\"https:\/\/portal.pi.gov.br\/piauiprev\/conselho-de-administracao-termos-de-posse\" style=\"background:linear-gradient(360deg,rgb(2,3,129) 0%,rgb(40,116,252) 100%)\">Termos de Posse<\/a><\/div>\n\n\n\n<div class=\"wp-block-button is-style-fill\"><a class=\"wp-block-button__link has-background has-text-align-center wp-element-button\" href=\"https:\/\/portal.pi.gov.br\/piauiprev\/conselho-de-administracao-pauta-das-reunioes\" style=\"background:linear-gradient(360deg,rgb(2,3,129) 0%,rgb(40,116,252) 100%)\">Pauta das Reuni\u00f5es<\/a><\/div>\n<\/div>\n\n\n\n<p><\/p>\n","protected":false},"excerpt":{"rendered":"<p>&lt;Voltar 10\/02\/2026 &#8211; Decreto n\u00ba 24.348 [Nomeia os membros e os suplentes para o Conselho de Administra\u00e7\u00e3o do Regime Pr\u00f3prio de Previd\u00eancia Social do Estado do Piau\u00ed, para o tri\u00eanio [&hellip;]<\/p>\n","protected":false},"author":1,"featured_media":0,"parent":0,"menu_order":0,"comment_status":"closed","ping_status":"closed","template":"template-fullwidth.php","meta":[],"featured_image_urls":{"full":"","thumbnail":"","medium":"","medium_large":"","large":"","sgg-420":"","sgg-540":"","sgg-780":"","1536x1536":"","2048x2048":"","homepage-slider":"","homepage-slider-small":"","page-top":"","page-small":"","loop-main":"","thumb-gallery-widget":""},"post_excerpt_stackable":"<p>&lt;Voltar 10\/02\/2026 &#8211; Decreto n\u00ba 24.348 [Nomeia os membros e os suplentes para o Conselho de Administra\u00e7\u00e3o do Regime Pr\u00f3prio de Previd\u00eancia Social do Estado do Piau\u00ed, para o tri\u00eanio 2026\/2028] 04\/04\/2025 &#8211; Decreto n\u00ba 23.708 [Altera&nbsp;o Anexo I do Decreto n\u00ba 22.119, de 31 de maio de 2023, que nomeia&nbsp;os membros do Conselho Administra\u00e7\u00e3o e do Conselho Fiscal do Regime Pr\u00f3prio de Previd\u00eancia Social do Estado do Piau\u00ed] 17\/10\/2023 &#8211; Decreto n\u00ba 22.477 [Altera o Anexo I do Decreto n\u00ba 22.119, de 31 de maio de 2023, que nomeou os membros do Conselho de Administra\u00e7\u00e3o e do Conselho Fiscal&hellip;<\/p>\n","category_list":"","author_info":{"name":"admin","url":"https:\/\/portal.pi.gov.br\/piauiprev\/author\/admin\/"},"comments_num":"0 coment\u00e1rio","featured_image_urls_v2":{"full":"","thumbnail":"","medium":"","medium_large":"","large":"","sgg-420":"","sgg-540":"","sgg-780":"","1536x1536":"","2048x2048":"","homepage-slider":"","homepage-slider-small":"","page-top":"","page-small":"","loop-main":"","thumb-gallery-widget":""},"post_excerpt_stackable_v2":"<p>&lt;Voltar 10\/02\/2026 &#8211; Decreto n\u00ba 24.348 [Nomeia os membros e os suplentes para o Conselho de Administra\u00e7\u00e3o do Regime Pr\u00f3prio de Previd\u00eancia Social do Estado do Piau\u00ed, para o tri\u00eanio 2026\/2028] 04\/04\/2025 &#8211; Decreto n\u00ba 23.708 [Altera&nbsp;o Anexo I do Decreto n\u00ba 22.119, de 31 de maio de 2023, que nomeia&nbsp;os membros do Conselho Administra\u00e7\u00e3o e do Conselho Fiscal do Regime Pr\u00f3prio de Previd\u00eancia Social do Estado do Piau\u00ed] 17\/10\/2023 &#8211; Decreto n\u00ba 22.477 [Altera o Anexo I do Decreto n\u00ba 22.119, de 31 de maio de 2023, que nomeou os membros do Conselho de Administra\u00e7\u00e3o e do Conselho Fiscal&hellip;<\/p>\n","category_list_v2":"","author_info_v2":{"name":"admin","url":"https:\/\/portal.pi.gov.br\/piauiprev\/author\/admin\/"},"comments_num_v2":"0 coment\u00e1rio","_links":{"self":[{"href":"https:\/\/portal.pi.gov.br\/piauiprev\/wp-json\/wp\/v2\/pages\/928"}],"collection":[{"href":"https:\/\/portal.pi.gov.br\/piauiprev\/wp-json\/wp\/v2\/pages"}],"about":[{"href":"https:\/\/portal.pi.gov.br\/piauiprev\/wp-json\/wp\/v2\/types\/page"}],"author":[{"embeddable":true,"href":"https:\/\/portal.pi.gov.br\/piauiprev\/wp-json\/wp\/v2\/users\/1"}],"replies":[{"embeddable":true,"href":"https:\/\/portal.pi.gov.br\/piauiprev\/wp-json\/wp\/v2\/comments?post=928"}],"version-history":[{"count":22,"href":"https:\/\/portal.pi.gov.br\/piauiprev\/wp-json\/wp\/v2\/pages\/928\/revisions"}],"predecessor-version":[{"id":4446,"href":"https:\/\/portal.pi.gov.br\/piauiprev\/wp-json\/wp\/v2\/pages\/928\/revisions\/4446"}],"wp:attachment":[{"href":"https:\/\/portal.pi.gov.br\/piauiprev\/wp-json\/wp\/v2\/media?parent=928"}],"curies":[{"name":"wp","href":"https:\/\/api.w.org\/{rel}","templated":true}]}}