{"id":930,"date":"2023-03-09T09:16:52","date_gmt":"2023-03-09T12:16:52","guid":{"rendered":"https:\/\/portal.pi.gov.br\/piauiprev\/?page_id=930"},"modified":"2026-02-05T08:29:35","modified_gmt":"2026-02-05T11:29:35","slug":"conselho-fiscal","status":"publish","type":"page","link":"https:\/\/portal.pi.gov.br\/piauiprev\/conselho-fiscal\/","title":{"rendered":"Conselho Fiscal"},"content":{"rendered":"\n<h5 class=\"wp-block-heading\"><a href=\"https:\/\/portal.pi.gov.br\/piauiprev\/transparencia\/\">&lt;Voltar<\/a><\/h5>\n\n\n\n<p><\/p>\n\n\n\n<div class=\"wp-block-stackable-text stk-block-text stk-block stk-4b7bd27\" data-block-id=\"4b7bd27\"><p class=\"stk-block-text__text\"><a href=\"https:\/\/portal.pi.gov.br\/piauiprev\/wp-content\/uploads\/sites\/45\/2026\/02\/DOEPI_18_2026.pdf\" data-type=\"URL\" data-id=\"https:\/\/portal.pi.gov.br\/piauiprev\/wp-content\/uploads\/sites\/45\/2026\/02\/DOEPI_18_2026.pdf\" target=\"_blank\" rel=\"noreferrer noopener\"><strong>21\/01\/2026 &#8211; Decreto n\u00ba 24.310\/2026<\/strong><\/a> [Nomeia os membros do Conselho Fiscal do Regime Pr\u00f3prio de Previd\u00eancia Social do Estado do Piau\u00ed &#8211; RPPS\/PI]<\/p><\/div>\n\n\n\n<div class=\"wp-block-stackable-text stk-block-text stk-block stk-0f358a7\" data-block-id=\"0f358a7\"><p class=\"stk-block-text__text\"><a rel=\"noreferrer noopener\" href=\"https:\/\/portal.pi.gov.br\/piauiprev\/wp-content\/uploads\/sites\/45\/2024\/06\/Decreto_n__23.015_2024___altera_o_Decreto_22.019_e_substitui_os_conselheiros_fiscais.pdf\" target=\"_blank\"><strong>27\/05\/2024 &#8211; Decreto n\u00ba 23.015<\/strong><\/a> [Altera o Decreto n\u00ba 22.119, de 31 de maio de 2023, que nomeia os membros do Conselho de Administra\u00e7\u00e3o e do Conselho Fiscal do Regime Pr\u00f3prio de Previd\u00eancia Social do Estado do Piau\u00ed &#8211; RPPS\/PI]<\/p><\/div>\n\n\n\n<div class=\"wp-block-stackable-text stk-block-text stk-block stk-d0197db\" data-block-id=\"d0197db\"><p class=\"stk-block-text__text\"><strong><a rel=\"noreferrer noopener\" href=\"https:\/\/portal.pi.gov.br\/piauiprev\/wp-content\/uploads\/sites\/45\/2023\/09\/DECRETO_N__22.119__DE_31_DE_MAIO_DE_2023.pdf\" target=\"_blank\">31\/05\/2023 &#8211; Decreto n\u00ba 22.119<\/a><\/strong> [Nomeia os membros do Conselho de Administra\u00e7\u00e3o e do Conselho Fiscal do Regime Pr\u00f3prio de Previd\u00eancia Social do Estado do Piau\u00ed &#8211; RPPS\/PI]<\/p><\/div>\n\n\n\n<div class=\"wp-block-buttons is-content-justification-center is-layout-flex wp-container-1\">\n<div class=\"wp-block-button is-style-fill\"><a class=\"wp-block-button__link has-background has-text-align-center wp-element-button\" href=\"https:\/\/portal.pi.gov.br\/piauiprev\/conselho-fiscal-atas-das-reunioes\" style=\"background:linear-gradient(360deg,rgb(2,3,129) 0%,rgb(40,116,252) 100%)\">Atas das Reuni\u00f5es<\/a><\/div>\n\n\n\n<div class=\"wp-block-button is-style-fill\"><a class=\"wp-block-button__link has-background has-text-align-center wp-element-button\" href=\"https:\/\/portal.pi.gov.br\/piauiprev\/conselho-fiscal-cronograma-de-reunioes\" style=\"background:linear-gradient(360deg,rgb(2,3,129) 0%,rgb(40,116,252) 100%)\">Cronograma de Reuni\u00f5es<\/a><\/div>\n\n\n\n<div class=\"wp-block-button is-style-fill\"><a class=\"wp-block-button__link has-background has-text-align-center wp-element-button\" href=\"https:\/\/portal.pi.gov.br\/piauiprev\/conselho-fiscal-membros\" style=\"background:linear-gradient(360deg,rgb(2,3,129) 0%,rgb(40,116,252) 100%)\">Membros<\/a><\/div>\n\n\n\n<div class=\"wp-block-button is-style-fill\"><a class=\"wp-block-button__link has-background has-text-align-center wp-element-button\" href=\"https:\/\/portal.pi.gov.br\/piauiprev\/pareceres\" style=\"background:linear-gradient(360deg,rgb(2,3,129) 0%,rgb(40,116,252) 100%)\">Pareceres<\/a><\/div>\n\n\n\n<div class=\"wp-block-button is-style-fill\"><a class=\"wp-block-button__link has-background has-text-align-center wp-element-button\" href=\"https:\/\/portal.pi.gov.br\/piauiprev\/conselho-fiscal-resolucoes\" style=\"background:linear-gradient(360deg,rgb(2,3,129) 0%,rgb(40,116,252) 100%)\">Resolu\u00e7\u00f5es<\/a><\/div>\n\n\n\n<div class=\"wp-block-button is-style-fill\"><a class=\"wp-block-button__link has-background has-text-align-center wp-element-button\" href=\"https:\/\/portal.pi.gov.br\/piauiprev\/conselho-fiscal-regimento-interno\" style=\"background:linear-gradient(360deg,rgb(2,3,129) 0%,rgb(40,116,252) 100%)\">Regimento Interno<\/a><\/div>\n\n\n\n<div class=\"wp-block-button is-style-fill\"><a class=\"wp-block-button__link has-background has-text-align-center wp-element-button\" href=\"https:\/\/portal.pi.gov.br\/piauiprev\/conselho-de-administracao-termos-de-posse\" style=\"background:linear-gradient(360deg,rgb(2,3,129) 0%,rgb(40,116,252) 100%)\">Termos de Posse<\/a><\/div>\n\n\n\n<div class=\"wp-block-button is-style-fill\"><a class=\"wp-block-button__link has-background has-text-align-center wp-element-button\" href=\"https:\/\/portal.pi.gov.br\/piauiprev\/conselho-fiscal-pauta-das-reunioes\" style=\"background:linear-gradient(360deg,rgb(2,3,129) 0%,rgb(40,116,252) 100%)\">Pauta das Reuni\u00f5es<\/a><\/div>\n<\/div>\n","protected":false},"excerpt":{"rendered":"<p>&lt;Voltar 21\/01\/2026 &#8211; Decreto n\u00ba 24.310\/2026 [Nomeia os membros do Conselho Fiscal do Regime Pr\u00f3prio de Previd\u00eancia Social do Estado do Piau\u00ed &#8211; RPPS\/PI] 27\/05\/2024 &#8211; Decreto n\u00ba 23.015 [Altera [&hellip;]<\/p>\n","protected":false},"author":1,"featured_media":0,"parent":0,"menu_order":0,"comment_status":"closed","ping_status":"closed","template":"template-fullwidth.php","meta":[],"featured_image_urls":{"full":"","thumbnail":"","medium":"","medium_large":"","large":"","sgg-420":"","sgg-540":"","sgg-780":"","1536x1536":"","2048x2048":"","homepage-slider":"","homepage-slider-small":"","page-top":"","page-small":"","loop-main":"","thumb-gallery-widget":""},"post_excerpt_stackable":"<p>&lt;Voltar 21\/01\/2026 &#8211; Decreto n\u00ba 24.310\/2026 [Nomeia os membros do Conselho Fiscal do Regime Pr\u00f3prio de Previd\u00eancia Social do Estado do Piau\u00ed &#8211; RPPS\/PI] 27\/05\/2024 &#8211; Decreto n\u00ba 23.015 [Altera o Decreto n\u00ba 22.119, de 31 de maio de 2023, que nomeia os membros do Conselho de Administra\u00e7\u00e3o e do Conselho Fiscal do Regime Pr\u00f3prio de Previd\u00eancia Social do Estado do Piau\u00ed &#8211; RPPS\/PI] 31\/05\/2023 &#8211; Decreto n\u00ba 22.119 [Nomeia os membros do Conselho de Administra\u00e7\u00e3o e do Conselho Fiscal do Regime Pr\u00f3prio de Previd\u00eancia Social do Estado do Piau\u00ed &#8211; RPPS\/PI] Atas das Reuni\u00f5es Cronograma de Reuni\u00f5es Membros Pareceres&hellip;<\/p>\n","category_list":"","author_info":{"name":"admin","url":"https:\/\/portal.pi.gov.br\/piauiprev\/author\/admin\/"},"comments_num":"0 coment\u00e1rio","featured_image_urls_v2":{"full":"","thumbnail":"","medium":"","medium_large":"","large":"","sgg-420":"","sgg-540":"","sgg-780":"","1536x1536":"","2048x2048":"","homepage-slider":"","homepage-slider-small":"","page-top":"","page-small":"","loop-main":"","thumb-gallery-widget":""},"post_excerpt_stackable_v2":"<p>&lt;Voltar 21\/01\/2026 &#8211; Decreto n\u00ba 24.310\/2026 [Nomeia os membros do Conselho Fiscal do Regime Pr\u00f3prio de Previd\u00eancia Social do Estado do Piau\u00ed &#8211; RPPS\/PI] 27\/05\/2024 &#8211; Decreto n\u00ba 23.015 [Altera o Decreto n\u00ba 22.119, de 31 de maio de 2023, que nomeia os membros do Conselho de Administra\u00e7\u00e3o e do Conselho Fiscal do Regime Pr\u00f3prio de Previd\u00eancia Social do Estado do Piau\u00ed &#8211; RPPS\/PI] 31\/05\/2023 &#8211; Decreto n\u00ba 22.119 [Nomeia os membros do Conselho de Administra\u00e7\u00e3o e do Conselho Fiscal do Regime Pr\u00f3prio de Previd\u00eancia Social do Estado do Piau\u00ed &#8211; RPPS\/PI] Atas das Reuni\u00f5es Cronograma de Reuni\u00f5es Membros Pareceres&hellip;<\/p>\n","category_list_v2":"","author_info_v2":{"name":"admin","url":"https:\/\/portal.pi.gov.br\/piauiprev\/author\/admin\/"},"comments_num_v2":"0 coment\u00e1rio","_links":{"self":[{"href":"https:\/\/portal.pi.gov.br\/piauiprev\/wp-json\/wp\/v2\/pages\/930"}],"collection":[{"href":"https:\/\/portal.pi.gov.br\/piauiprev\/wp-json\/wp\/v2\/pages"}],"about":[{"href":"https:\/\/portal.pi.gov.br\/piauiprev\/wp-json\/wp\/v2\/types\/page"}],"author":[{"embeddable":true,"href":"https:\/\/portal.pi.gov.br\/piauiprev\/wp-json\/wp\/v2\/users\/1"}],"replies":[{"embeddable":true,"href":"https:\/\/portal.pi.gov.br\/piauiprev\/wp-json\/wp\/v2\/comments?post=930"}],"version-history":[{"count":13,"href":"https:\/\/portal.pi.gov.br\/piauiprev\/wp-json\/wp\/v2\/pages\/930\/revisions"}],"predecessor-version":[{"id":4375,"href":"https:\/\/portal.pi.gov.br\/piauiprev\/wp-json\/wp\/v2\/pages\/930\/revisions\/4375"}],"wp:attachment":[{"href":"https:\/\/portal.pi.gov.br\/piauiprev\/wp-json\/wp\/v2\/media?parent=930"}],"curies":[{"name":"wp","href":"https:\/\/api.w.org\/{rel}","templated":true}]}}