{"id":2543,"date":"2025-04-07T11:15:43","date_gmt":"2025-04-07T14:15:43","guid":{"rendered":"https:\/\/portal.pi.gov.br\/sada\/?page_id=2543"},"modified":"2025-04-07T11:15:43","modified_gmt":"2025-04-07T14:15:43","slug":"protocolo","status":"publish","type":"page","link":"https:\/\/portal.pi.gov.br\/sada\/protocolo\/","title":{"rendered":"Protocolo"},"content":{"rendered":"\n<p>Funcionamento: Segunda a sexta, de 7h30 \u00e0s 13h30.<br>Endere\u00e7o: Rua Jo\u00e3o Cabral, 2319, Piraj\u00e1, CEP: 64.002-150, Teresina \u2013 PI<\/p>\n\n\n\n<p>Of\u00edcios protocolados podem ser feitos por e-mail:&nbsp;<strong>sada@sada.pi.gov.br<\/strong>&nbsp;e devem constar o endere\u00e7o de e-mail ou telefone do solicitante para posterior retorno.<\/p>\n","protected":false},"excerpt":{"rendered":"<p>Funcionamento: Segunda a sexta, de 7h30 \u00e0s 13h30.Endere\u00e7o: Rua Jo\u00e3o Cabral, 2319, Piraj\u00e1, CEP: 64.002-150, Teresina \u2013 PI Of\u00edcios protocolados podem ser feitos por e-mail:&nbsp;sada@sada.pi.gov.br&nbsp;e devem constar o endere\u00e7o de [&hellip;]<\/p>\n","protected":false},"author":1,"featured_media":0,"parent":0,"menu_order":0,"comment_status":"closed","ping_status":"closed","template":"template-fullwidth.php","meta":[],"featured_image_urls":{"full":"","thumbnail":"","medium":"","medium_large":"","large":"","sgg-420":"","sgg-540":"","sgg-780":"","1536x1536":"","2048x2048":"","homepage-slider":"","homepage-slider-small":"","page-top":"","page-small":"","loop-main":"","thumb-gallery-widget":""},"post_excerpt_stackable":"<p>Funcionamento: Segunda a sexta, de 7h30 \u00e0s 13h30.Endere\u00e7o: Rua Jo\u00e3o Cabral, 2319, Piraj\u00e1, CEP: 64.002-150, Teresina \u2013 PI Of\u00edcios protocolados podem ser feitos por e-mail:&nbsp;sada@sada.pi.gov.br&nbsp;e devem constar o endere\u00e7o de e-mail ou telefone do solicitante para posterior retorno.<\/p>\n","category_list":"","author_info":{"name":"admin","url":"https:\/\/portal.pi.gov.br\/sada\/author\/admin\/"},"comments_num":"0 coment\u00e1rio","featured_image_urls_v2":{"full":"","thumbnail":"","medium":"","medium_large":"","large":"","sgg-420":"","sgg-540":"","sgg-780":"","1536x1536":"","2048x2048":"","homepage-slider":"","homepage-slider-small":"","page-top":"","page-small":"","loop-main":"","thumb-gallery-widget":""},"post_excerpt_stackable_v2":"<p>Funcionamento: Segunda a sexta, de 7h30 \u00e0s 13h30.Endere\u00e7o: Rua Jo\u00e3o Cabral, 2319, Piraj\u00e1, CEP: 64.002-150, Teresina \u2013 PI Of\u00edcios protocolados podem ser feitos por e-mail:&nbsp;sada@sada.pi.gov.br&nbsp;e devem constar o endere\u00e7o de e-mail ou telefone do solicitante para posterior retorno.<\/p>\n","category_list_v2":"","author_info_v2":{"name":"admin","url":"https:\/\/portal.pi.gov.br\/sada\/author\/admin\/"},"comments_num_v2":"0 coment\u00e1rio","_links":{"self":[{"href":"https:\/\/portal.pi.gov.br\/sada\/wp-json\/wp\/v2\/pages\/2543"}],"collection":[{"href":"https:\/\/portal.pi.gov.br\/sada\/wp-json\/wp\/v2\/pages"}],"about":[{"href":"https:\/\/portal.pi.gov.br\/sada\/wp-json\/wp\/v2\/types\/page"}],"author":[{"embeddable":true,"href":"https:\/\/portal.pi.gov.br\/sada\/wp-json\/wp\/v2\/users\/1"}],"replies":[{"embeddable":true,"href":"https:\/\/portal.pi.gov.br\/sada\/wp-json\/wp\/v2\/comments?post=2543"}],"version-history":[{"count":1,"href":"https:\/\/portal.pi.gov.br\/sada\/wp-json\/wp\/v2\/pages\/2543\/revisions"}],"predecessor-version":[{"id":2544,"href":"https:\/\/portal.pi.gov.br\/sada\/wp-json\/wp\/v2\/pages\/2543\/revisions\/2544"}],"wp:attachment":[{"href":"https:\/\/portal.pi.gov.br\/sada\/wp-json\/wp\/v2\/media?parent=2543"}],"curies":[{"name":"wp","href":"https:\/\/api.w.org\/{rel}","templated":true}]}}