{"id":923,"date":"2023-06-26T08:30:19","date_gmt":"2023-06-26T11:30:19","guid":{"rendered":"https:\/\/portal.pi.gov.br\/sada\/?page_id=923"},"modified":"2024-01-10T13:51:19","modified_gmt":"2024-01-10T16:51:19","slug":"perfil-do-secretario","status":"publish","type":"page","link":"https:\/\/portal.pi.gov.br\/sada\/perfil-do-secretario\/","title":{"rendered":"Perfil do Secret\u00e1rio"},"content":{"rendered":"\n<p>F\u00e1bio Abreu Costa \u00e9 natural do Cear\u00e1, casado, pai de dois filhos, e atualmente secret\u00e1rio da Assist\u00eancia T\u00e9cnica e Defesa Agropecu\u00e1ria do Estado do Piau\u00ed.\u00a0Foi secret\u00e1rio de Seguran\u00e7a P\u00fablica do Estado do Piau\u00ed de 2015 a 2020; deputado Federal pelo Estado do Piau\u00ed 2015 a 2018 e de 2019 a 2022. Possui larga experi\u00eancia na \u00e1rea operacional de seguran\u00e7a p\u00fablica, tendo atuado de 2003 a 2005 no Grupamento de A\u00e7\u00f5es T\u00e1ticas Especiais \u2013 GATE\/PMPI (atual BOPE\/PMPI) e de 2006 a 2014 nas Rondas Ostensivas de Natureza Especial \u2013 RONE\/PMPI. Em 1991 serviu no Ex\u00e9rcito Brasileiro na gradua\u00e7\u00e3o de Cabo. Em 1992 ingressou na Pol\u00edcia Militar do Piau\u00ed na gradua\u00e7\u00e3o de Sargento. Na \u00e1rea de ensino possui experi\u00eancia especialmente nas disciplinas de Armamento e Tiro, Abordagem Policial e Atividade F\u00edsica, lecionanda em v\u00e1rios cursos de \u00e2mbito estadual e nacional, em institui\u00e7\u00f5es como Pol\u00edcia Militar do Piau\u00ed, Pol\u00edcia Civil do Estado do Piau\u00ed, For\u00e7a Nacional de Seguran\u00e7a P\u00fablica, Secretaria Nacional de Seguran\u00e7a P\u00fablica entre outras.\u00a0<\/p>\n\n\n\n<p>F\u00e1bio Abreu \u00e9 tamb\u00e9m bacharel em Ci\u00eancias de Defesa Social pelo Instituto de Ensino de Seguran\u00e7a do Par\u00e1 \u2013 IESP (2001); Graduado em Educa\u00e7\u00e3o F\u00edsica pela Escola de Educa\u00e7\u00e3o F\u00edsica do Ex\u00e9rcito Brasileiro \u2013 IPCFex (2003); Especialista em Atividade F\u00edsica e Qualidade de Vida pela Universidade Federal do Piau\u00ed \u2013 UFPI (2010); Especialista em Gest\u00e3o de Seguran\u00e7a P\u00fablica pela Universidade Estadual do Piau\u00ed \u2013 UESPI (2013); Bacharel em Direito, formado pela Universidade Cruzeiro do Sul \u2013 SP (2022).&nbsp;<\/p>\n\n\n\n<p>Ele tamb\u00e9m possui Diplomas e Condecora\u00e7\u00f5es de Ordem ao M\u00e9rito Renascen\u00e7a do Piau\u00ed (Graus Cavaleiro, Oficial e Comendador); Medalha \u201cHer\u00f3is do Jenipapo\u201d (2010); Medalha \u201cM\u00e9rito Policial Militar\u201d do Estado de Sergipe (2010); Medalha \u201cM\u00e9rito Livramento\u201d da Cidade de Jos\u00e9 de Freitas (2012); Medalha \u201cImperador Pedro II\u201d do Corpo de Bombeiros do Estado do Piau\u00ed (2015); Medalha \u201cMarechal Rondon\u201d do Estado de Rond\u00f4nia (2018); Medalha Estadual do M\u00e9rito Agropecu\u00e1rio \u201cJo\u00e3o mendes Ol\u00edmpio de Melo\u201d (2022).<\/p>\n\n\n\n<p>Assim como j\u00e1 recebeu t\u00edtulo de Cidad\u00e3o Teresinense  (2012); T\u00edtulo de Cidad\u00e3o Agricolandense (2018); T\u00edtulo de Cidad\u00e3o Simonense (2019); T\u00edtulo de Cidad\u00e3o Nazareno (2019); T\u00edtulo de Cidad\u00e3o Castelense (2019); T\u00edtulo de Cidad\u00e3o S\u00e3ojosense (2019); T\u00edtulo de Cidad\u00e3o Sigefredoense (2019); T\u00edtulo de Cidad\u00e3o Campomaiorense (2023). <\/p>\n","protected":false},"excerpt":{"rendered":"<p>F\u00e1bio Abreu Costa \u00e9 natural do Cear\u00e1, casado, pai de dois filhos, e atualmente secret\u00e1rio da Assist\u00eancia T\u00e9cnica e Defesa Agropecu\u00e1ria do Estado do Piau\u00ed.\u00a0Foi secret\u00e1rio de Seguran\u00e7a P\u00fablica do [&hellip;]<\/p>\n","protected":false},"author":1,"featured_media":0,"parent":0,"menu_order":0,"comment_status":"closed","ping_status":"closed","template":"template-fullwidth.php","meta":[],"featured_image_urls":{"full":"","thumbnail":"","medium":"","medium_large":"","large":"","sgg-420":"","sgg-540":"","sgg-780":"","1536x1536":"","2048x2048":"","homepage-slider":"","homepage-slider-small":"","page-top":"","page-small":"","loop-main":"","thumb-gallery-widget":""},"post_excerpt_stackable":"<p>F\u00e1bio Abreu Costa \u00e9 natural do Cear\u00e1, casado, pai de dois filhos, e atualmente secret\u00e1rio da Assist\u00eancia T\u00e9cnica e Defesa Agropecu\u00e1ria do Estado do Piau\u00ed.\u00a0Foi secret\u00e1rio de Seguran\u00e7a P\u00fablica do Estado do Piau\u00ed de 2015 a 2020; deputado Federal pelo Estado do Piau\u00ed 2015 a 2018 e de 2019 a 2022. Possui larga experi\u00eancia na \u00e1rea operacional de seguran\u00e7a p\u00fablica, tendo atuado de 2003 a 2005 no Grupamento de A\u00e7\u00f5es T\u00e1ticas Especiais \u2013 GATE\/PMPI (atual BOPE\/PMPI) e de 2006 a 2014 nas Rondas Ostensivas de Natureza Especial \u2013 RONE\/PMPI. Em 1991 serviu no Ex\u00e9rcito Brasileiro na gradua\u00e7\u00e3o de Cabo. Em&hellip;<\/p>\n","category_list":"","author_info":{"name":"admin","url":"https:\/\/portal.pi.gov.br\/sada\/author\/admin\/"},"comments_num":"0 coment\u00e1rio","featured_image_urls_v2":{"full":"","thumbnail":"","medium":"","medium_large":"","large":"","sgg-420":"","sgg-540":"","sgg-780":"","1536x1536":"","2048x2048":"","homepage-slider":"","homepage-slider-small":"","page-top":"","page-small":"","loop-main":"","thumb-gallery-widget":""},"post_excerpt_stackable_v2":"<p>F\u00e1bio Abreu Costa \u00e9 natural do Cear\u00e1, casado, pai de dois filhos, e atualmente secret\u00e1rio da Assist\u00eancia T\u00e9cnica e Defesa Agropecu\u00e1ria do Estado do Piau\u00ed.\u00a0Foi secret\u00e1rio de Seguran\u00e7a P\u00fablica do Estado do Piau\u00ed de 2015 a 2020; deputado Federal pelo Estado do Piau\u00ed 2015 a 2018 e de 2019 a 2022. Possui larga experi\u00eancia na \u00e1rea operacional de seguran\u00e7a p\u00fablica, tendo atuado de 2003 a 2005 no Grupamento de A\u00e7\u00f5es T\u00e1ticas Especiais \u2013 GATE\/PMPI (atual BOPE\/PMPI) e de 2006 a 2014 nas Rondas Ostensivas de Natureza Especial \u2013 RONE\/PMPI. Em 1991 serviu no Ex\u00e9rcito Brasileiro na gradua\u00e7\u00e3o de Cabo. Em&hellip;<\/p>\n","category_list_v2":"","author_info_v2":{"name":"admin","url":"https:\/\/portal.pi.gov.br\/sada\/author\/admin\/"},"comments_num_v2":"0 coment\u00e1rio","_links":{"self":[{"href":"https:\/\/portal.pi.gov.br\/sada\/wp-json\/wp\/v2\/pages\/923"}],"collection":[{"href":"https:\/\/portal.pi.gov.br\/sada\/wp-json\/wp\/v2\/pages"}],"about":[{"href":"https:\/\/portal.pi.gov.br\/sada\/wp-json\/wp\/v2\/types\/page"}],"author":[{"embeddable":true,"href":"https:\/\/portal.pi.gov.br\/sada\/wp-json\/wp\/v2\/users\/1"}],"replies":[{"embeddable":true,"href":"https:\/\/portal.pi.gov.br\/sada\/wp-json\/wp\/v2\/comments?post=923"}],"version-history":[{"count":5,"href":"https:\/\/portal.pi.gov.br\/sada\/wp-json\/wp\/v2\/pages\/923\/revisions"}],"predecessor-version":[{"id":1420,"href":"https:\/\/portal.pi.gov.br\/sada\/wp-json\/wp\/v2\/pages\/923\/revisions\/1420"}],"wp:attachment":[{"href":"https:\/\/portal.pi.gov.br\/sada\/wp-json\/wp\/v2\/media?parent=923"}],"curies":[{"name":"wp","href":"https:\/\/api.w.org\/{rel}","templated":true}]}}