{"id":925,"date":"2023-06-26T08:31:00","date_gmt":"2023-06-26T11:31:00","guid":{"rendered":"https:\/\/portal.pi.gov.br\/sada\/?page_id=925"},"modified":"2024-01-10T13:44:12","modified_gmt":"2024-01-10T16:44:12","slug":"diretores","status":"publish","type":"page","link":"https:\/\/portal.pi.gov.br\/sada\/diretores\/","title":{"rendered":"Diretores"},"content":{"rendered":"\n<p><strong>Val\u00e9ria de Sousa Santos<br><\/strong>Diretora Administrativa-Financeira<\/p>\n\n\n\n<p><strong>Andr\u00e9 Maur\u00edcio de Oliveira Nogueira<br><\/strong>Diretor de Inova\u00e7\u00e3o<\/p>\n\n\n\n<p><strong>Laudelino Ribeiro de Amorim Filho<br><\/strong>Diretor de Infraestrutura Rural<\/p>\n\n\n\n<p><strong>Andr\u00e9 da Silva Rocha<br><\/strong>Diretor de Assist\u00eancia T\u00e9cnica e Extens\u00e3o Rural<\/p>\n\n\n\n<p><strong>Geyson Coutinho Moura<br><\/strong>Diretor de Pesquisa Agr\u00edcola, Experimenta\u00e7\u00e3o Agropecu\u00e1ria e Gest\u00e3o Ambiental<\/p>\n\n\n\n<p><strong>Libonato de Carvalho Rocha<br><\/strong>Diretor de Opera\u00e7\u00f5es, Elabora\u00e7\u00e3o de Projetos e Capta\u00e7\u00e3o de Recursos<\/p>\n","protected":false},"excerpt":{"rendered":"<p>Val\u00e9ria de Sousa SantosDiretora Administrativa-Financeira Andr\u00e9 Maur\u00edcio de Oliveira NogueiraDiretor de Inova\u00e7\u00e3o Laudelino Ribeiro de Amorim FilhoDiretor de Infraestrutura Rural Andr\u00e9 da Silva RochaDiretor de Assist\u00eancia T\u00e9cnica e Extens\u00e3o Rural [&hellip;]<\/p>\n","protected":false},"author":1,"featured_media":0,"parent":0,"menu_order":0,"comment_status":"closed","ping_status":"closed","template":"template-fullwidth.php","meta":[],"featured_image_urls":{"full":"","thumbnail":"","medium":"","medium_large":"","large":"","sgg-420":"","sgg-540":"","sgg-780":"","1536x1536":"","2048x2048":"","homepage-slider":"","homepage-slider-small":"","page-top":"","page-small":"","loop-main":"","thumb-gallery-widget":""},"post_excerpt_stackable":"<p>Val\u00e9ria de Sousa SantosDiretora Administrativa-Financeira Andr\u00e9 Maur\u00edcio de Oliveira NogueiraDiretor de Inova\u00e7\u00e3o Laudelino Ribeiro de Amorim FilhoDiretor de Infraestrutura Rural Andr\u00e9 da Silva RochaDiretor de Assist\u00eancia T\u00e9cnica e Extens\u00e3o Rural Geyson Coutinho MouraDiretor de Pesquisa Agr\u00edcola, Experimenta\u00e7\u00e3o Agropecu\u00e1ria e Gest\u00e3o Ambiental Libonato de Carvalho RochaDiretor de Opera\u00e7\u00f5es, Elabora\u00e7\u00e3o de Projetos e Capta\u00e7\u00e3o de Recursos<\/p>\n","category_list":"","author_info":{"name":"admin","url":"https:\/\/portal.pi.gov.br\/sada\/author\/admin\/"},"comments_num":"0 coment\u00e1rio","featured_image_urls_v2":{"full":"","thumbnail":"","medium":"","medium_large":"","large":"","sgg-420":"","sgg-540":"","sgg-780":"","1536x1536":"","2048x2048":"","homepage-slider":"","homepage-slider-small":"","page-top":"","page-small":"","loop-main":"","thumb-gallery-widget":""},"post_excerpt_stackable_v2":"<p>Val\u00e9ria de Sousa SantosDiretora Administrativa-Financeira Andr\u00e9 Maur\u00edcio de Oliveira NogueiraDiretor de Inova\u00e7\u00e3o Laudelino Ribeiro de Amorim FilhoDiretor de Infraestrutura Rural Andr\u00e9 da Silva RochaDiretor de Assist\u00eancia T\u00e9cnica e Extens\u00e3o Rural Geyson Coutinho MouraDiretor de Pesquisa Agr\u00edcola, Experimenta\u00e7\u00e3o Agropecu\u00e1ria e Gest\u00e3o Ambiental Libonato de Carvalho RochaDiretor de Opera\u00e7\u00f5es, Elabora\u00e7\u00e3o de Projetos e Capta\u00e7\u00e3o de Recursos<\/p>\n","category_list_v2":"","author_info_v2":{"name":"admin","url":"https:\/\/portal.pi.gov.br\/sada\/author\/admin\/"},"comments_num_v2":"0 coment\u00e1rio","_links":{"self":[{"href":"https:\/\/portal.pi.gov.br\/sada\/wp-json\/wp\/v2\/pages\/925"}],"collection":[{"href":"https:\/\/portal.pi.gov.br\/sada\/wp-json\/wp\/v2\/pages"}],"about":[{"href":"https:\/\/portal.pi.gov.br\/sada\/wp-json\/wp\/v2\/types\/page"}],"author":[{"embeddable":true,"href":"https:\/\/portal.pi.gov.br\/sada\/wp-json\/wp\/v2\/users\/1"}],"replies":[{"embeddable":true,"href":"https:\/\/portal.pi.gov.br\/sada\/wp-json\/wp\/v2\/comments?post=925"}],"version-history":[{"count":5,"href":"https:\/\/portal.pi.gov.br\/sada\/wp-json\/wp\/v2\/pages\/925\/revisions"}],"predecessor-version":[{"id":2331,"href":"https:\/\/portal.pi.gov.br\/sada\/wp-json\/wp\/v2\/pages\/925\/revisions\/2331"}],"wp:attachment":[{"href":"https:\/\/portal.pi.gov.br\/sada\/wp-json\/wp\/v2\/media?parent=925"}],"curies":[{"name":"wp","href":"https:\/\/api.w.org\/{rel}","templated":true}]}}