{"id":927,"date":"2023-06-26T08:31:20","date_gmt":"2023-06-26T11:31:20","guid":{"rendered":"https:\/\/portal.pi.gov.br\/sada\/?page_id=927"},"modified":"2023-11-24T13:56:21","modified_gmt":"2023-11-24T16:56:21","slug":"missao-visao-e-valores","status":"publish","type":"page","link":"https:\/\/portal.pi.gov.br\/sada\/missao-visao-e-valores\/","title":{"rendered":"Miss\u00e3o e Vis\u00e3o"},"content":{"rendered":"\n<p><strong>MISS\u00c3O<\/strong><\/p>\n\n\n\n<p>Executar a\u00e7\u00f5es que contribuam para o desenvolvimento rural sustent\u00e1vel, promovendo o aumento na qualidade de vida das fam\u00edlias agricultoras, atrav\u00e9s da Pol\u00edtica Nacional de ATER, com foco em a\u00e7\u00f5es inovadoras e educativas, bem como de infraestrutura no campo.<\/p>\n\n\n\n<p><strong>VIS\u00c3O<\/strong><\/p>\n\n\n\n<p>Ser refer\u00eancia na promo\u00e7\u00e3o do desenvolvimento socioecon\u00f4mico no meio rural. <\/p>\n\n\n\n<p><\/p>\n","protected":false},"excerpt":{"rendered":"<p>MISS\u00c3O Executar a\u00e7\u00f5es que contribuam para o desenvolvimento rural sustent\u00e1vel, promovendo o aumento na qualidade de vida das fam\u00edlias agricultoras, atrav\u00e9s da Pol\u00edtica Nacional de ATER, com foco em a\u00e7\u00f5es [&hellip;]<\/p>\n","protected":false},"author":1,"featured_media":0,"parent":0,"menu_order":0,"comment_status":"closed","ping_status":"closed","template":"template-fullwidth.php","meta":[],"featured_image_urls":{"full":"","thumbnail":"","medium":"","medium_large":"","large":"","sgg-420":"","sgg-540":"","sgg-780":"","1536x1536":"","2048x2048":"","homepage-slider":"","homepage-slider-small":"","page-top":"","page-small":"","loop-main":"","thumb-gallery-widget":""},"post_excerpt_stackable":"<p>MISS\u00c3O Executar a\u00e7\u00f5es que contribuam para o desenvolvimento rural sustent\u00e1vel, promovendo o aumento na qualidade de vida das fam\u00edlias agricultoras, atrav\u00e9s da Pol\u00edtica Nacional de ATER, com foco em a\u00e7\u00f5es inovadoras e educativas, bem como de infraestrutura no campo. VIS\u00c3O Ser refer\u00eancia na promo\u00e7\u00e3o do desenvolvimento socioecon\u00f4mico no meio rural.<\/p>\n","category_list":"","author_info":{"name":"admin","url":"https:\/\/portal.pi.gov.br\/sada\/author\/admin\/"},"comments_num":"0 coment\u00e1rio","featured_image_urls_v2":{"full":"","thumbnail":"","medium":"","medium_large":"","large":"","sgg-420":"","sgg-540":"","sgg-780":"","1536x1536":"","2048x2048":"","homepage-slider":"","homepage-slider-small":"","page-top":"","page-small":"","loop-main":"","thumb-gallery-widget":""},"post_excerpt_stackable_v2":"<p>MISS\u00c3O Executar a\u00e7\u00f5es que contribuam para o desenvolvimento rural sustent\u00e1vel, promovendo o aumento na qualidade de vida das fam\u00edlias agricultoras, atrav\u00e9s da Pol\u00edtica Nacional de ATER, com foco em a\u00e7\u00f5es inovadoras e educativas, bem como de infraestrutura no campo. VIS\u00c3O Ser refer\u00eancia na promo\u00e7\u00e3o do desenvolvimento socioecon\u00f4mico no meio rural.<\/p>\n","category_list_v2":"","author_info_v2":{"name":"admin","url":"https:\/\/portal.pi.gov.br\/sada\/author\/admin\/"},"comments_num_v2":"0 coment\u00e1rio","_links":{"self":[{"href":"https:\/\/portal.pi.gov.br\/sada\/wp-json\/wp\/v2\/pages\/927"}],"collection":[{"href":"https:\/\/portal.pi.gov.br\/sada\/wp-json\/wp\/v2\/pages"}],"about":[{"href":"https:\/\/portal.pi.gov.br\/sada\/wp-json\/wp\/v2\/types\/page"}],"author":[{"embeddable":true,"href":"https:\/\/portal.pi.gov.br\/sada\/wp-json\/wp\/v2\/users\/1"}],"replies":[{"embeddable":true,"href":"https:\/\/portal.pi.gov.br\/sada\/wp-json\/wp\/v2\/comments?post=927"}],"version-history":[{"count":3,"href":"https:\/\/portal.pi.gov.br\/sada\/wp-json\/wp\/v2\/pages\/927\/revisions"}],"predecessor-version":[{"id":1105,"href":"https:\/\/portal.pi.gov.br\/sada\/wp-json\/wp\/v2\/pages\/927\/revisions\/1105"}],"wp:attachment":[{"href":"https:\/\/portal.pi.gov.br\/sada\/wp-json\/wp\/v2\/media?parent=927"}],"curies":[{"name":"wp","href":"https:\/\/api.w.org\/{rel}","templated":true}]}}