{"id":931,"date":"2023-06-26T08:32:13","date_gmt":"2023-06-26T11:32:13","guid":{"rendered":"https:\/\/portal.pi.gov.br\/sada\/?page_id=931"},"modified":"2023-11-24T11:26:01","modified_gmt":"2023-11-24T14:26:01","slug":"arquivo-emater-piaui","status":"publish","type":"page","link":"https:\/\/portal.pi.gov.br\/sada\/arquivo-emater-piaui\/","title":{"rendered":"Arquivo Emater Piau\u00ed"},"content":{"rendered":"\n<p><a href=\"http:\/\/www.emater.pi.gov.br\/\" target=\"_blank\" rel=\"noreferrer noopener\"><strong>Saiba mais sobre a hist\u00f3ria e a\u00e7\u00f5es executadas pelo extinto Instituto de Assist\u00eancia T\u00e9cnica e Extens\u00e3o Rural do Piau\u00ed. <\/strong><\/a><\/p>\n","protected":false},"excerpt":{"rendered":"<p>Saiba mais sobre a hist\u00f3ria e a\u00e7\u00f5es executadas pelo extinto Instituto de Assist\u00eancia T\u00e9cnica e Extens\u00e3o Rural do Piau\u00ed.<\/p>\n","protected":false},"author":1,"featured_media":0,"parent":0,"menu_order":0,"comment_status":"closed","ping_status":"closed","template":"template-fullwidth.php","meta":[],"featured_image_urls":{"full":"","thumbnail":"","medium":"","medium_large":"","large":"","sgg-420":"","sgg-540":"","sgg-780":"","1536x1536":"","2048x2048":"","homepage-slider":"","homepage-slider-small":"","page-top":"","page-small":"","loop-main":"","thumb-gallery-widget":""},"post_excerpt_stackable":"<p>Saiba mais sobre a hist\u00f3ria e a\u00e7\u00f5es executadas pelo extinto Instituto de Assist\u00eancia T\u00e9cnica e Extens\u00e3o Rural do Piau\u00ed.<\/p>\n","category_list":"","author_info":{"name":"admin","url":"https:\/\/portal.pi.gov.br\/sada\/author\/admin\/"},"comments_num":"0 coment\u00e1rio","featured_image_urls_v2":{"full":"","thumbnail":"","medium":"","medium_large":"","large":"","sgg-420":"","sgg-540":"","sgg-780":"","1536x1536":"","2048x2048":"","homepage-slider":"","homepage-slider-small":"","page-top":"","page-small":"","loop-main":"","thumb-gallery-widget":""},"post_excerpt_stackable_v2":"<p>Saiba mais sobre a hist\u00f3ria e a\u00e7\u00f5es executadas pelo extinto Instituto de Assist\u00eancia T\u00e9cnica e Extens\u00e3o Rural do Piau\u00ed.<\/p>\n","category_list_v2":"","author_info_v2":{"name":"admin","url":"https:\/\/portal.pi.gov.br\/sada\/author\/admin\/"},"comments_num_v2":"0 coment\u00e1rio","_links":{"self":[{"href":"https:\/\/portal.pi.gov.br\/sada\/wp-json\/wp\/v2\/pages\/931"}],"collection":[{"href":"https:\/\/portal.pi.gov.br\/sada\/wp-json\/wp\/v2\/pages"}],"about":[{"href":"https:\/\/portal.pi.gov.br\/sada\/wp-json\/wp\/v2\/types\/page"}],"author":[{"embeddable":true,"href":"https:\/\/portal.pi.gov.br\/sada\/wp-json\/wp\/v2\/users\/1"}],"replies":[{"embeddable":true,"href":"https:\/\/portal.pi.gov.br\/sada\/wp-json\/wp\/v2\/comments?post=931"}],"version-history":[{"count":3,"href":"https:\/\/portal.pi.gov.br\/sada\/wp-json\/wp\/v2\/pages\/931\/revisions"}],"predecessor-version":[{"id":1077,"href":"https:\/\/portal.pi.gov.br\/sada\/wp-json\/wp\/v2\/pages\/931\/revisions\/1077"}],"wp:attachment":[{"href":"https:\/\/portal.pi.gov.br\/sada\/wp-json\/wp\/v2\/media?parent=931"}],"curies":[{"name":"wp","href":"https:\/\/api.w.org\/{rel}","templated":true}]}}