{"id":933,"date":"2023-06-26T08:32:51","date_gmt":"2023-06-26T11:32:51","guid":{"rendered":"https:\/\/portal.pi.gov.br\/sada\/?page_id=933"},"modified":"2023-11-29T12:01:07","modified_gmt":"2023-11-29T15:01:07","slug":"enderecos-e-contatos","status":"publish","type":"page","link":"https:\/\/portal.pi.gov.br\/sada\/enderecos-e-contatos\/","title":{"rendered":"Endere\u00e7os e Contatos"},"content":{"rendered":"\n<p><strong>TERESINA-PI<\/strong>: Rua Jo\u00e3o Cabral, N\u00ba 2319, Bairro Piraj\u00e1<\/p>\n\n\n\n<p><strong>PIRIPIRI:<\/strong>&nbsp;Rua Osvaldo Cruz N\u00b0 35<\/p>\n\n\n\n<p><strong>PARNA\u00cdBA-PI:<\/strong>\u00a0Parna\u00edba Rua Desembargador Freitas, N\u00ba 1612, Bairro Nova Parna\u00edba<\/p>\n\n\n\n<p><strong>ESPERANTINA:<\/strong>&nbsp;Rua Professora Meire Fernandes de Carvalho 21, Centro<\/p>\n\n\n\n<p><strong>CAMPO MAIOR:<\/strong>\u00a0Rua Ademar Mendes S\/N, Centro<\/p>\n\n\n\n<p><strong>S\u00c3O PEDRO DO PIAU\u00cd:<\/strong>&nbsp;Pra\u00e7a Dirceu Mendes Arcoverde N\u00ba 497, Pra\u00e7a de Eventos<\/p>\n\n\n\n<p><strong>VALEN\u00c7A DO PIAU\u00cd:&nbsp;<\/strong>Rua Prof\u00ba Jo\u00e3o Soares S\/N<\/p>\n\n\n\n<p><strong>PICOS:&nbsp;<\/strong>BR 316 Bairro Belo Norte Piau\u00ed Shopping<\/p>\n\n\n\n<p><strong>OEIRAS:&nbsp;<\/strong>Rua Andr\u00e9 Holanda N\u00b0 385<\/p>\n\n\n\n<p><strong>S\u00c3O RAIMUNDO NONATO:<\/strong>\u00a0Av. Hip\u00f3lito Ribeiro Soares, S\/N<\/p>\n\n\n\n<p><strong>S\u00c3O JO\u00c3O DO PIAU\u00cd:<\/strong>\u00a0Avenida C\u00e2ndido do Coelho N\u00ba 1118, Centro<\/p>\n\n\n\n<p><strong>FLORIANO:<\/strong>&nbsp;Rua Jo\u00e3o Dantas&nbsp;N\u00b0 720<\/p>\n\n\n\n<p><strong>URU\u00c7U\u00cd:<\/strong>&nbsp;Rua Arica Leal, SN<\/p>\n\n\n\n<p><strong>BOM JESUS:<\/strong>\u00a0Avenida Miramar N\u00b0 175 Bairro Miramar<\/p>\n\n\n\n<p><strong>CORRENTE:<\/strong>&nbsp;Rua Jo\u00e3o Pacheco Cavalcanti S\/N Centro<\/p>\n\n\n\n<p><strong>PAULISTANA:<\/strong>\u00a0Rua Aerolino de Abreu, Bairro Sertanejo<\/p>\n","protected":false},"excerpt":{"rendered":"<p>TERESINA-PI: Rua Jo\u00e3o Cabral, N\u00ba 2319, Bairro Piraj\u00e1 PIRIPIRI:&nbsp;Rua Osvaldo Cruz N\u00b0 35 PARNA\u00cdBA-PI:\u00a0Parna\u00edba Rua Desembargador Freitas, N\u00ba 1612, Bairro Nova Parna\u00edba ESPERANTINA:&nbsp;Rua Professora Meire Fernandes de Carvalho 21, Centro [&hellip;]<\/p>\n","protected":false},"author":1,"featured_media":0,"parent":0,"menu_order":0,"comment_status":"closed","ping_status":"closed","template":"template-fullwidth.php","meta":[],"featured_image_urls":{"full":"","thumbnail":"","medium":"","medium_large":"","large":"","sgg-420":"","sgg-540":"","sgg-780":"","1536x1536":"","2048x2048":"","homepage-slider":"","homepage-slider-small":"","page-top":"","page-small":"","loop-main":"","thumb-gallery-widget":""},"post_excerpt_stackable":"<p>TERESINA-PI: Rua Jo\u00e3o Cabral, N\u00ba 2319, Bairro Piraj\u00e1 PIRIPIRI:&nbsp;Rua Osvaldo Cruz N\u00b0 35 PARNA\u00cdBA-PI:\u00a0Parna\u00edba Rua Desembargador Freitas, N\u00ba 1612, Bairro Nova Parna\u00edba ESPERANTINA:&nbsp;Rua Professora Meire Fernandes de Carvalho 21, Centro CAMPO MAIOR:\u00a0Rua Ademar Mendes S\/N, Centro S\u00c3O PEDRO DO PIAU\u00cd:&nbsp;Pra\u00e7a Dirceu Mendes Arcoverde N\u00ba 497, Pra\u00e7a de Eventos VALEN\u00c7A DO PIAU\u00cd:&nbsp;Rua Prof\u00ba Jo\u00e3o Soares S\/N PICOS:&nbsp;BR 316 Bairro Belo Norte Piau\u00ed Shopping OEIRAS:&nbsp;Rua Andr\u00e9 Holanda N\u00b0 385 S\u00c3O RAIMUNDO NONATO:\u00a0Av. Hip\u00f3lito Ribeiro Soares, S\/N S\u00c3O JO\u00c3O DO PIAU\u00cd:\u00a0Avenida C\u00e2ndido do Coelho N\u00ba 1118, Centro FLORIANO:&nbsp;Rua Jo\u00e3o Dantas&nbsp;N\u00b0 720 URU\u00c7U\u00cd:&nbsp;Rua Arica Leal, SN BOM JESUS:\u00a0Avenida Miramar N\u00b0 175 Bairro Miramar CORRENTE:&nbsp;Rua&hellip;<\/p>\n","category_list":"","author_info":{"name":"admin","url":"https:\/\/portal.pi.gov.br\/sada\/author\/admin\/"},"comments_num":"0 coment\u00e1rio","featured_image_urls_v2":{"full":"","thumbnail":"","medium":"","medium_large":"","large":"","sgg-420":"","sgg-540":"","sgg-780":"","1536x1536":"","2048x2048":"","homepage-slider":"","homepage-slider-small":"","page-top":"","page-small":"","loop-main":"","thumb-gallery-widget":""},"post_excerpt_stackable_v2":"<p>TERESINA-PI: Rua Jo\u00e3o Cabral, N\u00ba 2319, Bairro Piraj\u00e1 PIRIPIRI:&nbsp;Rua Osvaldo Cruz N\u00b0 35 PARNA\u00cdBA-PI:\u00a0Parna\u00edba Rua Desembargador Freitas, N\u00ba 1612, Bairro Nova Parna\u00edba ESPERANTINA:&nbsp;Rua Professora Meire Fernandes de Carvalho 21, Centro CAMPO MAIOR:\u00a0Rua Ademar Mendes S\/N, Centro S\u00c3O PEDRO DO PIAU\u00cd:&nbsp;Pra\u00e7a Dirceu Mendes Arcoverde N\u00ba 497, Pra\u00e7a de Eventos VALEN\u00c7A DO PIAU\u00cd:&nbsp;Rua Prof\u00ba Jo\u00e3o Soares S\/N PICOS:&nbsp;BR 316 Bairro Belo Norte Piau\u00ed Shopping OEIRAS:&nbsp;Rua Andr\u00e9 Holanda N\u00b0 385 S\u00c3O RAIMUNDO NONATO:\u00a0Av. Hip\u00f3lito Ribeiro Soares, S\/N S\u00c3O JO\u00c3O DO PIAU\u00cd:\u00a0Avenida C\u00e2ndido do Coelho N\u00ba 1118, Centro FLORIANO:&nbsp;Rua Jo\u00e3o Dantas&nbsp;N\u00b0 720 URU\u00c7U\u00cd:&nbsp;Rua Arica Leal, SN BOM JESUS:\u00a0Avenida Miramar N\u00b0 175 Bairro Miramar CORRENTE:&nbsp;Rua&hellip;<\/p>\n","category_list_v2":"","author_info_v2":{"name":"admin","url":"https:\/\/portal.pi.gov.br\/sada\/author\/admin\/"},"comments_num_v2":"0 coment\u00e1rio","_links":{"self":[{"href":"https:\/\/portal.pi.gov.br\/sada\/wp-json\/wp\/v2\/pages\/933"}],"collection":[{"href":"https:\/\/portal.pi.gov.br\/sada\/wp-json\/wp\/v2\/pages"}],"about":[{"href":"https:\/\/portal.pi.gov.br\/sada\/wp-json\/wp\/v2\/types\/page"}],"author":[{"embeddable":true,"href":"https:\/\/portal.pi.gov.br\/sada\/wp-json\/wp\/v2\/users\/1"}],"replies":[{"embeddable":true,"href":"https:\/\/portal.pi.gov.br\/sada\/wp-json\/wp\/v2\/comments?post=933"}],"version-history":[{"count":5,"href":"https:\/\/portal.pi.gov.br\/sada\/wp-json\/wp\/v2\/pages\/933\/revisions"}],"predecessor-version":[{"id":1135,"href":"https:\/\/portal.pi.gov.br\/sada\/wp-json\/wp\/v2\/pages\/933\/revisions\/1135"}],"wp:attachment":[{"href":"https:\/\/portal.pi.gov.br\/sada\/wp-json\/wp\/v2\/media?parent=933"}],"curies":[{"name":"wp","href":"https:\/\/api.w.org\/{rel}","templated":true}]}}