{"id":937,"date":"2023-06-26T08:33:41","date_gmt":"2023-06-26T11:33:41","guid":{"rendered":"https:\/\/portal.pi.gov.br\/sada\/?page_id=937"},"modified":"2023-11-24T13:53:24","modified_gmt":"2023-11-24T16:53:24","slug":"caf","status":"publish","type":"page","link":"https:\/\/portal.pi.gov.br\/sada\/caf\/","title":{"rendered":"CAF"},"content":{"rendered":"\n<p>O Cadastro Nacional da Agricultura Familiar (CAF) \u00e9 o documento que d\u00e1 acesso de todos os agricultores e empreendedores familiares rurais, \u00e0s pol\u00edticas p\u00fablicas direcionadas ao segmento. Ele est\u00e1 substituindo a DAP \u2013 Declara\u00e7\u00e3o de Aptid\u00e3o ao Pronaf.<\/p>\n\n\n\n<p>A validade do CAF \u00e9 de 2 anos  e o interessado deve procurar a SADA ou o escrit\u00f3rio regional do munic\u00edpio onde fica localizada a sua propriedade.<\/p>\n\n\n\n<p><strong>DOCUMENTOS NECESS\u00c1RIOS PARA EMISS\u00c3O DO CAF<\/strong><\/p>\n\n\n\n<ul>\n<li>RG e CPF \u2013 todos os membros familiares maiores de 16. (menores de 16 \u00e9 opcional);<\/li>\n\n\n\n<li>Certid\u00e3o de Casamento, se casado no civil. Nas demais formas de uni\u00e3o basta a informa\u00e7\u00e3o;<\/li>\n\n\n\n<li>Comprovante de resid\u00eancia;<br>N\u00famero de Celular;<br>CNIS (Cadastro Nacional de Informa\u00e7\u00f5es Sociais) \u2013 todos os membros maiores de 18 anos \u2014 INSS;<\/li>\n\n\n\n<li>Extrato de Benef\u00edcios Sociais \u2013 CAIXA ECON\u00d4MICA;<\/li>\n\n\n\n<li>Documentos da Terra ( escritura, recibo, etc);<br>CAR ( cadastro ambiental rural);<\/li>\n\n\n\n<li>Para os n\u00e3o propriet\u00e1rios \u2013 contrato de comodato, arrendamento, meia\u00e7\u00e3o com, no m\u00ednimo, 12 meses de feito (renda dos \u00faltimos 12 meses).<\/li>\n<\/ul>\n\n\n\n<p><\/p>\n","protected":false},"excerpt":{"rendered":"<p>O Cadastro Nacional da Agricultura Familiar (CAF) \u00e9 o documento que d\u00e1 acesso de todos os agricultores e empreendedores familiares rurais, \u00e0s pol\u00edticas p\u00fablicas direcionadas ao segmento. Ele est\u00e1 substituindo [&hellip;]<\/p>\n","protected":false},"author":1,"featured_media":0,"parent":0,"menu_order":0,"comment_status":"closed","ping_status":"closed","template":"template-fullwidth.php","meta":[],"featured_image_urls":{"full":"","thumbnail":"","medium":"","medium_large":"","large":"","sgg-420":"","sgg-540":"","sgg-780":"","1536x1536":"","2048x2048":"","homepage-slider":"","homepage-slider-small":"","page-top":"","page-small":"","loop-main":"","thumb-gallery-widget":""},"post_excerpt_stackable":"<p>O Cadastro Nacional da Agricultura Familiar (CAF) \u00e9 o documento que d\u00e1 acesso de todos os agricultores e empreendedores familiares rurais, \u00e0s pol\u00edticas p\u00fablicas direcionadas ao segmento. Ele est\u00e1 substituindo a DAP \u2013 Declara\u00e7\u00e3o de Aptid\u00e3o ao Pronaf. A validade do CAF \u00e9 de 2 anos e o interessado deve procurar a SADA ou o escrit\u00f3rio regional do munic\u00edpio onde fica localizada a sua propriedade. DOCUMENTOS NECESS\u00c1RIOS PARA EMISS\u00c3O DO CAF RG e CPF \u2013 todos os membros familiares maiores de 16. (menores de 16 \u00e9 opcional); Certid\u00e3o de Casamento, se casado no civil. Nas demais formas de uni\u00e3o basta&hellip;<\/p>\n","category_list":"","author_info":{"name":"admin","url":"https:\/\/portal.pi.gov.br\/sada\/author\/admin\/"},"comments_num":"0 coment\u00e1rio","featured_image_urls_v2":{"full":"","thumbnail":"","medium":"","medium_large":"","large":"","sgg-420":"","sgg-540":"","sgg-780":"","1536x1536":"","2048x2048":"","homepage-slider":"","homepage-slider-small":"","page-top":"","page-small":"","loop-main":"","thumb-gallery-widget":""},"post_excerpt_stackable_v2":"<p>O Cadastro Nacional da Agricultura Familiar (CAF) \u00e9 o documento que d\u00e1 acesso de todos os agricultores e empreendedores familiares rurais, \u00e0s pol\u00edticas p\u00fablicas direcionadas ao segmento. Ele est\u00e1 substituindo a DAP \u2013 Declara\u00e7\u00e3o de Aptid\u00e3o ao Pronaf. A validade do CAF \u00e9 de 2 anos e o interessado deve procurar a SADA ou o escrit\u00f3rio regional do munic\u00edpio onde fica localizada a sua propriedade. DOCUMENTOS NECESS\u00c1RIOS PARA EMISS\u00c3O DO CAF RG e CPF \u2013 todos os membros familiares maiores de 16. (menores de 16 \u00e9 opcional); Certid\u00e3o de Casamento, se casado no civil. Nas demais formas de uni\u00e3o basta&hellip;<\/p>\n","category_list_v2":"","author_info_v2":{"name":"admin","url":"https:\/\/portal.pi.gov.br\/sada\/author\/admin\/"},"comments_num_v2":"0 coment\u00e1rio","_links":{"self":[{"href":"https:\/\/portal.pi.gov.br\/sada\/wp-json\/wp\/v2\/pages\/937"}],"collection":[{"href":"https:\/\/portal.pi.gov.br\/sada\/wp-json\/wp\/v2\/pages"}],"about":[{"href":"https:\/\/portal.pi.gov.br\/sada\/wp-json\/wp\/v2\/types\/page"}],"author":[{"embeddable":true,"href":"https:\/\/portal.pi.gov.br\/sada\/wp-json\/wp\/v2\/users\/1"}],"replies":[{"embeddable":true,"href":"https:\/\/portal.pi.gov.br\/sada\/wp-json\/wp\/v2\/comments?post=937"}],"version-history":[{"count":4,"href":"https:\/\/portal.pi.gov.br\/sada\/wp-json\/wp\/v2\/pages\/937\/revisions"}],"predecessor-version":[{"id":1104,"href":"https:\/\/portal.pi.gov.br\/sada\/wp-json\/wp\/v2\/pages\/937\/revisions\/1104"}],"wp:attachment":[{"href":"https:\/\/portal.pi.gov.br\/sada\/wp-json\/wp\/v2\/media?parent=937"}],"curies":[{"name":"wp","href":"https:\/\/api.w.org\/{rel}","templated":true}]}}