{"id":939,"date":"2023-06-26T08:34:01","date_gmt":"2023-06-26T11:34:01","guid":{"rendered":"https:\/\/portal.pi.gov.br\/sada\/?page_id=939"},"modified":"2023-11-24T14:16:29","modified_gmt":"2023-11-24T17:16:29","slug":"projeto-agua-doce","status":"publish","type":"page","link":"https:\/\/portal.pi.gov.br\/sada\/projeto-agua-doce\/","title":{"rendered":"Projeto \u00c1gua Doce"},"content":{"rendered":"\n<p>O Programa \u00c1gua Doce \u2013 PAD, \u00e9 uma iniciativa do Governo Federal, implementada pelo Minist\u00e9rio do Desenvolvimento Regional (MDR), em parceria com institui\u00e7\u00f5es federais, estaduais, municipais e organiza\u00e7\u00f5es da sociedade civil. Por meio da instala\u00e7\u00e3o de sistemas de dessaliniza\u00e7\u00e3o em comunidades do semi\u00e1rido brasileiro. Atualmente s\u00e3o 49 sistemas em funcionamento, e mais 16 esta\u00e7\u00f5es de tratamento ser\u00e3o implantadas na regi\u00e3o Sul do Piau\u00ed.<\/p>\n\n\n\n<p>No Piau\u00ed, o programa \u00e9 executado pela Sada nos seguintes territ\u00f3rios e munic\u00edpios:<\/p>\n\n\n\n<p><strong>Serra da Capivara:<\/strong> Campo Alegre do Fidalgo e Lagoa do Barro.<\/p>\n\n\n\n<p><strong>Vale do Rio Itaim:<\/strong> Curral Novo do Piau\u00ed, Bet\u00e2nia, Acau\u00e3, Caldeir\u00e3o Grande do Piau\u00ed, Massap\u00ea e Queimada Nova.<\/p>\n\n\n\n<p><strong>Vale do Rio Canind\u00e9:<\/strong> S\u00e3o Francisco de Assis do Piau\u00ed.<\/p>\n\n\n\n<p><strong>Vale do Rio Piau\u00ed e Itaueira:<\/strong> Pedro Laurentino.<\/p>\n\n\n\n<p><strong>Vale do Rio Guaribas:<\/strong> S\u00e3o Juli\u00e3o e Vila Nova<\/p>\n\n\n\n<p>Atualmente, o \u00c1gua Doce beneficia 3 mil fam\u00edlias, cerca de 15 mil pessoas. A meta da Sada \u00e9 ampliar o programa e lev\u00e1-lo para mais 20 mil fam\u00edlias, chegando a 100 mil pessoas com acesso a \u00e1gua de qualidade.<\/p>\n","protected":false},"excerpt":{"rendered":"<p>O Programa \u00c1gua Doce \u2013 PAD, \u00e9 uma iniciativa do Governo Federal, implementada pelo Minist\u00e9rio do Desenvolvimento Regional (MDR), em parceria com institui\u00e7\u00f5es federais, estaduais, municipais e organiza\u00e7\u00f5es da sociedade [&hellip;]<\/p>\n","protected":false},"author":1,"featured_media":0,"parent":0,"menu_order":0,"comment_status":"closed","ping_status":"closed","template":"template-fullwidth.php","meta":[],"featured_image_urls":{"full":"","thumbnail":"","medium":"","medium_large":"","large":"","sgg-420":"","sgg-540":"","sgg-780":"","1536x1536":"","2048x2048":"","homepage-slider":"","homepage-slider-small":"","page-top":"","page-small":"","loop-main":"","thumb-gallery-widget":""},"post_excerpt_stackable":"<p>O Programa \u00c1gua Doce \u2013 PAD, \u00e9 uma iniciativa do Governo Federal, implementada pelo Minist\u00e9rio do Desenvolvimento Regional (MDR), em parceria com institui\u00e7\u00f5es federais, estaduais, municipais e organiza\u00e7\u00f5es da sociedade civil. Por meio da instala\u00e7\u00e3o de sistemas de dessaliniza\u00e7\u00e3o em comunidades do semi\u00e1rido brasileiro. Atualmente s\u00e3o 49 sistemas em funcionamento, e mais 16 esta\u00e7\u00f5es de tratamento ser\u00e3o implantadas na regi\u00e3o Sul do Piau\u00ed. No Piau\u00ed, o programa \u00e9 executado pela Sada nos seguintes territ\u00f3rios e munic\u00edpios: Serra da Capivara: Campo Alegre do Fidalgo e Lagoa do Barro. Vale do Rio Itaim: Curral Novo do Piau\u00ed, Bet\u00e2nia, Acau\u00e3, Caldeir\u00e3o Grande do&hellip;<\/p>\n","category_list":"","author_info":{"name":"admin","url":"https:\/\/portal.pi.gov.br\/sada\/author\/admin\/"},"comments_num":"0 coment\u00e1rio","featured_image_urls_v2":{"full":"","thumbnail":"","medium":"","medium_large":"","large":"","sgg-420":"","sgg-540":"","sgg-780":"","1536x1536":"","2048x2048":"","homepage-slider":"","homepage-slider-small":"","page-top":"","page-small":"","loop-main":"","thumb-gallery-widget":""},"post_excerpt_stackable_v2":"<p>O Programa \u00c1gua Doce \u2013 PAD, \u00e9 uma iniciativa do Governo Federal, implementada pelo Minist\u00e9rio do Desenvolvimento Regional (MDR), em parceria com institui\u00e7\u00f5es federais, estaduais, municipais e organiza\u00e7\u00f5es da sociedade civil. Por meio da instala\u00e7\u00e3o de sistemas de dessaliniza\u00e7\u00e3o em comunidades do semi\u00e1rido brasileiro. Atualmente s\u00e3o 49 sistemas em funcionamento, e mais 16 esta\u00e7\u00f5es de tratamento ser\u00e3o implantadas na regi\u00e3o Sul do Piau\u00ed. No Piau\u00ed, o programa \u00e9 executado pela Sada nos seguintes territ\u00f3rios e munic\u00edpios: Serra da Capivara: Campo Alegre do Fidalgo e Lagoa do Barro. Vale do Rio Itaim: Curral Novo do Piau\u00ed, Bet\u00e2nia, Acau\u00e3, Caldeir\u00e3o Grande do&hellip;<\/p>\n","category_list_v2":"","author_info_v2":{"name":"admin","url":"https:\/\/portal.pi.gov.br\/sada\/author\/admin\/"},"comments_num_v2":"0 coment\u00e1rio","_links":{"self":[{"href":"https:\/\/portal.pi.gov.br\/sada\/wp-json\/wp\/v2\/pages\/939"}],"collection":[{"href":"https:\/\/portal.pi.gov.br\/sada\/wp-json\/wp\/v2\/pages"}],"about":[{"href":"https:\/\/portal.pi.gov.br\/sada\/wp-json\/wp\/v2\/types\/page"}],"author":[{"embeddable":true,"href":"https:\/\/portal.pi.gov.br\/sada\/wp-json\/wp\/v2\/users\/1"}],"replies":[{"embeddable":true,"href":"https:\/\/portal.pi.gov.br\/sada\/wp-json\/wp\/v2\/comments?post=939"}],"version-history":[{"count":3,"href":"https:\/\/portal.pi.gov.br\/sada\/wp-json\/wp\/v2\/pages\/939\/revisions"}],"predecessor-version":[{"id":1114,"href":"https:\/\/portal.pi.gov.br\/sada\/wp-json\/wp\/v2\/pages\/939\/revisions\/1114"}],"wp:attachment":[{"href":"https:\/\/portal.pi.gov.br\/sada\/wp-json\/wp\/v2\/media?parent=939"}],"curies":[{"name":"wp","href":"https:\/\/api.w.org\/{rel}","templated":true}]}}