{"id":943,"date":"2023-06-26T08:34:52","date_gmt":"2023-06-26T11:34:52","guid":{"rendered":"https:\/\/portal.pi.gov.br\/sada\/?page_id=943"},"modified":"2023-11-29T13:09:46","modified_gmt":"2023-11-29T16:09:46","slug":"programa-piaui-ater","status":"publish","type":"page","link":"https:\/\/portal.pi.gov.br\/sada\/programa-piaui-ater\/","title":{"rendered":"Programa Piau\u00ed +ATER"},"content":{"rendered":"\n<p>O Programa Piau\u00ed +ATER visa a expans\u00e3o do servi\u00e7o de assist\u00eancia t\u00e9cnica e extens\u00e3o rural e defesa agropecu\u00e1ria para os 224 munic\u00edpios do Piau\u00ed, com atua\u00e7\u00e3o nos 12 territ\u00f3rios de desenvolvimento, ampliando em mais de 150% do n\u00famero de fam\u00edlias rurais atualmente atendidas. O investimento total durante os 4 anos de Programa ser\u00e1 de mais de 54 milh\u00f5es de reais com recursos do tesouro estadual e de outras parcerias.<\/p>\n\n\n\n<p>O programa \u00e9 voltado para Agricultores Familiares, Assentados de Reforma Agr\u00e1ria, Ribeirinhos, Pescadores Artesanais, Quilombolas, Povos Origin\u00e1rios, Pequenos e M\u00e9dios Agricultores, abrangendo os 12 Territ\u00f3rios de Desenvolvimento do Estado e tem como objetivo geral, implantar uma rede de assist\u00eancia t\u00e9cnica, extens\u00e3o rural e defesa agropecu\u00e1ria em parcerias com as prefeituras municipais, na perspectiva agroecol\u00f3gica e da economia solid\u00e1ria.<\/p>\n\n\n\n<p>Atualmente s\u00e3o 4580 estabelecimentos rurais no Estado, segundo dados da ASBRAER. S\u00e3o 10.009.857 hectares da agricultura no estado, sendo 3.852.846 familiar e 6.157.011 n\u00e3o familiar. No Nordeste, 134.800 Unidade Familiar de Produ\u00e7\u00e3o Agropecu\u00e1ria (UFPA) recebem servi\u00e7os de Ater, sendo 7.000 UFPA&#8217;s atendidas no Piau\u00ed. A meta do programa \u00e9 que no Piau\u00ed sejam 19.728 UFPA&#8217;s recebendo esse servi\u00e7o.<\/p>\n\n\n\n<p><\/p>\n","protected":false},"excerpt":{"rendered":"<p>O Programa Piau\u00ed +ATER visa a expans\u00e3o do servi\u00e7o de assist\u00eancia t\u00e9cnica e extens\u00e3o rural e defesa agropecu\u00e1ria para os 224 munic\u00edpios do Piau\u00ed, com atua\u00e7\u00e3o nos 12 territ\u00f3rios de [&hellip;]<\/p>\n","protected":false},"author":1,"featured_media":0,"parent":0,"menu_order":0,"comment_status":"closed","ping_status":"closed","template":"template-fullwidth.php","meta":[],"featured_image_urls":{"full":"","thumbnail":"","medium":"","medium_large":"","large":"","sgg-420":"","sgg-540":"","sgg-780":"","1536x1536":"","2048x2048":"","homepage-slider":"","homepage-slider-small":"","page-top":"","page-small":"","loop-main":"","thumb-gallery-widget":""},"post_excerpt_stackable":"<p>O Programa Piau\u00ed +ATER visa a expans\u00e3o do servi\u00e7o de assist\u00eancia t\u00e9cnica e extens\u00e3o rural e defesa agropecu\u00e1ria para os 224 munic\u00edpios do Piau\u00ed, com atua\u00e7\u00e3o nos 12 territ\u00f3rios de desenvolvimento, ampliando em mais de 150% do n\u00famero de fam\u00edlias rurais atualmente atendidas. O investimento total durante os 4 anos de Programa ser\u00e1 de mais de 54 milh\u00f5es de reais com recursos do tesouro estadual e de outras parcerias. O programa \u00e9 voltado para Agricultores Familiares, Assentados de Reforma Agr\u00e1ria, Ribeirinhos, Pescadores Artesanais, Quilombolas, Povos Origin\u00e1rios, Pequenos e M\u00e9dios Agricultores, abrangendo os 12 Territ\u00f3rios de Desenvolvimento do Estado e tem&hellip;<\/p>\n","category_list":"","author_info":{"name":"admin","url":"https:\/\/portal.pi.gov.br\/sada\/author\/admin\/"},"comments_num":"0 coment\u00e1rio","featured_image_urls_v2":{"full":"","thumbnail":"","medium":"","medium_large":"","large":"","sgg-420":"","sgg-540":"","sgg-780":"","1536x1536":"","2048x2048":"","homepage-slider":"","homepage-slider-small":"","page-top":"","page-small":"","loop-main":"","thumb-gallery-widget":""},"post_excerpt_stackable_v2":"<p>O Programa Piau\u00ed +ATER visa a expans\u00e3o do servi\u00e7o de assist\u00eancia t\u00e9cnica e extens\u00e3o rural e defesa agropecu\u00e1ria para os 224 munic\u00edpios do Piau\u00ed, com atua\u00e7\u00e3o nos 12 territ\u00f3rios de desenvolvimento, ampliando em mais de 150% do n\u00famero de fam\u00edlias rurais atualmente atendidas. O investimento total durante os 4 anos de Programa ser\u00e1 de mais de 54 milh\u00f5es de reais com recursos do tesouro estadual e de outras parcerias. O programa \u00e9 voltado para Agricultores Familiares, Assentados de Reforma Agr\u00e1ria, Ribeirinhos, Pescadores Artesanais, Quilombolas, Povos Origin\u00e1rios, Pequenos e M\u00e9dios Agricultores, abrangendo os 12 Territ\u00f3rios de Desenvolvimento do Estado e tem&hellip;<\/p>\n","category_list_v2":"","author_info_v2":{"name":"admin","url":"https:\/\/portal.pi.gov.br\/sada\/author\/admin\/"},"comments_num_v2":"0 coment\u00e1rio","_links":{"self":[{"href":"https:\/\/portal.pi.gov.br\/sada\/wp-json\/wp\/v2\/pages\/943"}],"collection":[{"href":"https:\/\/portal.pi.gov.br\/sada\/wp-json\/wp\/v2\/pages"}],"about":[{"href":"https:\/\/portal.pi.gov.br\/sada\/wp-json\/wp\/v2\/types\/page"}],"author":[{"embeddable":true,"href":"https:\/\/portal.pi.gov.br\/sada\/wp-json\/wp\/v2\/users\/1"}],"replies":[{"embeddable":true,"href":"https:\/\/portal.pi.gov.br\/sada\/wp-json\/wp\/v2\/comments?post=943"}],"version-history":[{"count":5,"href":"https:\/\/portal.pi.gov.br\/sada\/wp-json\/wp\/v2\/pages\/943\/revisions"}],"predecessor-version":[{"id":1150,"href":"https:\/\/portal.pi.gov.br\/sada\/wp-json\/wp\/v2\/pages\/943\/revisions\/1150"}],"wp:attachment":[{"href":"https:\/\/portal.pi.gov.br\/sada\/wp-json\/wp\/v2\/media?parent=943"}],"curies":[{"name":"wp","href":"https:\/\/api.w.org\/{rel}","templated":true}]}}