{"id":1154,"date":"2021-06-15T08:08:19","date_gmt":"2021-06-15T11:08:19","guid":{"rendered":"http:\/\/portal.pi.gov.br\/saf\/?page_id=1154"},"modified":"2023-03-18T11:49:27","modified_gmt":"2023-03-18T14:49:27","slug":"sobre-a-gestora","status":"publish","type":"page","link":"https:\/\/portal.pi.gov.br\/saf\/sobre-a-gestora\/","title":{"rendered":"Sobre a Gestora"},"content":{"rendered":"<div class=\"wp-block-image is-style-default\">\n<figure class=\"aligncenter size-full\"><img decoding=\"async\" loading=\"lazy\" width=\"588\" height=\"946\" src=\"https:\/\/portal.pi.gov.br\/saf\/wp-content\/uploads\/sites\/25\/2023\/03\/IMG-20230106-WA0028-1.jpg\" alt=\"\" class=\"wp-image-2271\" srcset=\"https:\/\/portal.pi.gov.br\/saf\/wp-content\/uploads\/sites\/25\/2023\/03\/IMG-20230106-WA0028-1.jpg 588w, https:\/\/portal.pi.gov.br\/saf\/wp-content\/uploads\/sites\/25\/2023\/03\/IMG-20230106-WA0028-1-311x500.jpg 311w, https:\/\/portal.pi.gov.br\/saf\/wp-content\/uploads\/sites\/25\/2023\/03\/IMG-20230106-WA0028-1-261x420.jpg 261w, https:\/\/portal.pi.gov.br\/saf\/wp-content\/uploads\/sites\/25\/2023\/03\/IMG-20230106-WA0028-1-336x540.jpg 336w, https:\/\/portal.pi.gov.br\/saf\/wp-content\/uploads\/sites\/25\/2023\/03\/IMG-20230106-WA0028-1-485x780.jpg 485w\" sizes=\"(max-width: 588px) 100vw, 588px\" \/><figcaption class=\"wp-element-caption\">Rejane Tavares da Silva<\/figcaption><\/figure><\/div>\n\n\n<p class=\"has-text-align-center\"><strong>Secret\u00e1ria de Estado da Agricultura Familiar\u00a0 &#8211; <\/strong>Rejane Tavares da Silva<strong>\u00a0<\/strong><\/p>\n\n\n\n<p>\u00c9 jornalista, graduada pela Universidade Federal de Pernambuco (UFPE), com mestrado em Administra\u00e7\u00e3o e Comunica\u00e7\u00e3o Rural pela Universidade Federal Rural de Pernambuco (UFRPE) e especializa\u00e7\u00e3o em Planejamento Estrat\u00e9gico e Participativo pelo PNUD e GIZ.<\/p>\n\n\n\n<p>Trabalhou em ag\u00eancias de coopera\u00e7\u00e3o internacional como PNUD, IICA, OEA e GIZ, onde coordenou trabalhos como o Plano de A\u00e7\u00f5es Integradas para o Desenvolvimento da Bacia do rio Parna\u00edba (Planap); o Programa Regional de Desenvolvimento Local Sustent\u00e1vel &#8211; Programa Nordeste Sustent\u00e1vel; gerenciou o Programa de Parcerias com o Setor Empresarial, da coopera\u00e7\u00e3o Brasil\/Alemanha.<\/p>\n\n\n\n<p>Na Secretaria de Estado do Planejamento (Seplan), atuou como superintendente de Planejamento Estrat\u00e9gico e Territorial, coordenando a elabora\u00e7\u00e3o do Projeto Plurianual (PPA), na reformula\u00e7\u00e3o da estrat\u00e9gia de planejamento, monitoramento e avalia\u00e7\u00e3o do Estado e tamb\u00e9m esteve como secret\u00e1ria da Seplan at\u00e9 dezembro de 2022 quando deixou o Planejamento para assumir a Secretaria de Estado da Agricultura Familiar (SAF).<\/p>\n","protected":false},"excerpt":{"rendered":"<p>Secret\u00e1ria de Estado da Agricultura Familiar\u00a0 &#8211; Rejane Tavares da Silva\u00a0 \u00c9 jornalista, graduada pela Universidade Federal de Pernambuco (UFPE), com mestrado em Administra\u00e7\u00e3o e Comunica\u00e7\u00e3o Rural pela Universidade Federal [&hellip;]<\/p>\n","protected":false},"author":1,"featured_media":0,"parent":0,"menu_order":0,"comment_status":"closed","ping_status":"closed","template":"template-fullwidth.php","meta":[],"featured_image_urls":{"full":"","thumbnail":"","medium":"","medium_large":"","large":"","sgg-420":"","sgg-540":"","sgg-780":"","1536x1536":"","2048x2048":"","homepage-slider":"","homepage-slider-small":"","page-top":"","page-small":"","loop-main":"","thumb-gallery-widget":""},"post_excerpt_stackable":"<p>Rejane Tavares da Silva Secret\u00e1ria de Estado da Agricultura Familiar\u00a0 &#8211; Rejane Tavares da Silva\u00a0 \u00c9 jornalista, graduada pela Universidade Federal de Pernambuco (UFPE), com mestrado em Administra\u00e7\u00e3o e Comunica\u00e7\u00e3o Rural pela Universidade Federal Rural de Pernambuco (UFRPE) e especializa\u00e7\u00e3o em Planejamento Estrat\u00e9gico e Participativo pelo PNUD e GIZ. Trabalhou em ag\u00eancias de coopera\u00e7\u00e3o internacional como PNUD, IICA, OEA e GIZ, onde coordenou trabalhos como o Plano de A\u00e7\u00f5es Integradas para o Desenvolvimento da Bacia do rio Parna\u00edba (Planap); o Programa Regional de Desenvolvimento Local Sustent\u00e1vel &#8211; Programa Nordeste Sustent\u00e1vel; gerenciou o Programa de Parcerias com o Setor Empresarial, da&hellip;<\/p>\n","category_list":"","author_info":{"name":"admin","url":"https:\/\/portal.pi.gov.br\/saf\/author\/admin\/"},"comments_num":"0 coment\u00e1rio","featured_image_urls_v2":{"full":"","thumbnail":"","medium":"","medium_large":"","large":"","sgg-420":"","sgg-540":"","sgg-780":"","1536x1536":"","2048x2048":"","homepage-slider":"","homepage-slider-small":"","page-top":"","page-small":"","loop-main":"","thumb-gallery-widget":""},"post_excerpt_stackable_v2":"<p>Rejane Tavares da Silva Secret\u00e1ria de Estado da Agricultura Familiar\u00a0 &#8211; Rejane Tavares da Silva\u00a0 \u00c9 jornalista, graduada pela Universidade Federal de Pernambuco (UFPE), com mestrado em Administra\u00e7\u00e3o e Comunica\u00e7\u00e3o Rural pela Universidade Federal Rural de Pernambuco (UFRPE) e especializa\u00e7\u00e3o em Planejamento Estrat\u00e9gico e Participativo pelo PNUD e GIZ. Trabalhou em ag\u00eancias de coopera\u00e7\u00e3o internacional como PNUD, IICA, OEA e GIZ, onde coordenou trabalhos como o Plano de A\u00e7\u00f5es Integradas para o Desenvolvimento da Bacia do rio Parna\u00edba (Planap); o Programa Regional de Desenvolvimento Local Sustent\u00e1vel &#8211; Programa Nordeste Sustent\u00e1vel; gerenciou o Programa de Parcerias com o Setor Empresarial, da&hellip;<\/p>\n","category_list_v2":"","author_info_v2":{"name":"admin","url":"https:\/\/portal.pi.gov.br\/saf\/author\/admin\/"},"comments_num_v2":"0 coment\u00e1rio","_links":{"self":[{"href":"https:\/\/portal.pi.gov.br\/saf\/wp-json\/wp\/v2\/pages\/1154"}],"collection":[{"href":"https:\/\/portal.pi.gov.br\/saf\/wp-json\/wp\/v2\/pages"}],"about":[{"href":"https:\/\/portal.pi.gov.br\/saf\/wp-json\/wp\/v2\/types\/page"}],"author":[{"embeddable":true,"href":"https:\/\/portal.pi.gov.br\/saf\/wp-json\/wp\/v2\/users\/1"}],"replies":[{"embeddable":true,"href":"https:\/\/portal.pi.gov.br\/saf\/wp-json\/wp\/v2\/comments?post=1154"}],"version-history":[{"count":17,"href":"https:\/\/portal.pi.gov.br\/saf\/wp-json\/wp\/v2\/pages\/1154\/revisions"}],"predecessor-version":[{"id":2274,"href":"https:\/\/portal.pi.gov.br\/saf\/wp-json\/wp\/v2\/pages\/1154\/revisions\/2274"}],"wp:attachment":[{"href":"https:\/\/portal.pi.gov.br\/saf\/wp-json\/wp\/v2\/media?parent=1154"}],"curies":[{"name":"wp","href":"https:\/\/api.w.org\/{rel}","templated":true}]}}