{"id":2882,"date":"2023-08-29T09:13:56","date_gmt":"2023-08-29T12:13:56","guid":{"rendered":"https:\/\/portal.pi.gov.br\/saf\/?page_id=2882"},"modified":"2025-04-01T09:50:59","modified_gmt":"2025-04-01T12:50:59","slug":"organograma","status":"publish","type":"page","link":"https:\/\/portal.pi.gov.br\/saf\/organograma\/","title":{"rendered":"Organograma"},"content":{"rendered":"\n<figure class=\"wp-block-image size-full\"><img decoding=\"async\" loading=\"lazy\" width=\"2412\" height=\"2679\" src=\"https:\/\/portal.pi.gov.br\/saf\/wp-content\/uploads\/sites\/25\/2025\/04\/SAF_organograma-2025_site.png\" alt=\"\" class=\"wp-image-4321\" srcset=\"https:\/\/portal.pi.gov.br\/saf\/wp-content\/uploads\/sites\/25\/2025\/04\/SAF_organograma-2025_site.png 2412w, https:\/\/portal.pi.gov.br\/saf\/wp-content\/uploads\/sites\/25\/2025\/04\/SAF_organograma-2025_site-450x500.png 450w, https:\/\/portal.pi.gov.br\/saf\/wp-content\/uploads\/sites\/25\/2025\/04\/SAF_organograma-2025_site-768x853.png 768w, https:\/\/portal.pi.gov.br\/saf\/wp-content\/uploads\/sites\/25\/2025\/04\/SAF_organograma-2025_site-378x420.png 378w, https:\/\/portal.pi.gov.br\/saf\/wp-content\/uploads\/sites\/25\/2025\/04\/SAF_organograma-2025_site-486x540.png 486w, https:\/\/portal.pi.gov.br\/saf\/wp-content\/uploads\/sites\/25\/2025\/04\/SAF_organograma-2025_site-702x780.png 702w, https:\/\/portal.pi.gov.br\/saf\/wp-content\/uploads\/sites\/25\/2025\/04\/SAF_organograma-2025_site-1383x1536.png 1383w, https:\/\/portal.pi.gov.br\/saf\/wp-content\/uploads\/sites\/25\/2025\/04\/SAF_organograma-2025_site-1844x2048.png 1844w, https:\/\/portal.pi.gov.br\/saf\/wp-content\/uploads\/sites\/25\/2025\/04\/SAF_organograma-2025_site-947x1052.png 947w, https:\/\/portal.pi.gov.br\/saf\/wp-content\/uploads\/sites\/25\/2025\/04\/SAF_organograma-2025_site-624x693.png 624w\" sizes=\"(max-width: 2412px) 100vw, 2412px\" \/><\/figure>\n\n\n\n<p>COMIT\u00ca DE GEST\u00c3O: <\/p>\n\n\n\n<p>Presidente: Secret\u00e1ria da Agricultura Familiar<\/p>\n\n\n\n<p>Membros:<\/p>\n\n\n\n<p>Chefe de Gabinete<\/p>\n\n\n\n<p>Assessoria de Planejamento e Execu\u00e7\u00e3o Or\u00e7ament\u00e1ria<\/p>\n\n\n\n<p>Superintendente de A\u00e7\u00f5es de Apoio \u00e0 Agricultura Familiar<\/p>\n\n\n\n<p>Superintendente de Projetos Territoriais e Desenvolvimento Rural<\/p>\n\n\n\n<p>Superintendente de Comercializa\u00e7\u00e3o, Agroindustrializa\u00e7\u00e3o e Inova\u00e7\u00e3o<\/p>\n\n\n\n<p>Superintendente de A\u00e7\u00f5es Afirmativas e Organiza\u00e7\u00e3o Social<\/p>\n\n\n\n<p>O Comit\u00ea de Gest\u00e3o \u00e9 o \u00f3rg\u00e3o m\u00e1ximo, de car\u00e1ter consultivo e deliberativo, com reuni\u00f5es per\u00edodicas, que delibera sobre as a\u00e7\u00f5es da Secretaria de Estado da Agricultura Familiar (SAF). <\/p>\n","protected":false},"excerpt":{"rendered":"<p>COMIT\u00ca DE GEST\u00c3O: Presidente: Secret\u00e1ria da Agricultura Familiar Membros: Chefe de Gabinete Assessoria de Planejamento e Execu\u00e7\u00e3o Or\u00e7ament\u00e1ria Superintendente de A\u00e7\u00f5es de Apoio \u00e0 Agricultura Familiar Superintendente de Projetos Territoriais [&hellip;]<\/p>\n","protected":false},"author":1,"featured_media":0,"parent":0,"menu_order":0,"comment_status":"closed","ping_status":"closed","template":"template-fullwidth.php","meta":[],"featured_image_urls":{"full":"","thumbnail":"","medium":"","medium_large":"","large":"","sgg-420":"","sgg-540":"","sgg-780":"","1536x1536":"","2048x2048":"","homepage-slider":"","homepage-slider-small":"","page-top":"","page-small":"","loop-main":"","thumb-gallery-widget":""},"post_excerpt_stackable":"<p>COMIT\u00ca DE GEST\u00c3O: Presidente: Secret\u00e1ria da Agricultura Familiar Membros: Chefe de Gabinete Assessoria de Planejamento e Execu\u00e7\u00e3o Or\u00e7ament\u00e1ria Superintendente de A\u00e7\u00f5es de Apoio \u00e0 Agricultura Familiar Superintendente de Projetos Territoriais e Desenvolvimento Rural Superintendente de Comercializa\u00e7\u00e3o, Agroindustrializa\u00e7\u00e3o e Inova\u00e7\u00e3o Superintendente de A\u00e7\u00f5es Afirmativas e Organiza\u00e7\u00e3o Social O Comit\u00ea de Gest\u00e3o \u00e9 o \u00f3rg\u00e3o m\u00e1ximo, de car\u00e1ter consultivo e deliberativo, com reuni\u00f5es per\u00edodicas, que delibera sobre as a\u00e7\u00f5es da Secretaria de Estado da Agricultura Familiar (SAF).<\/p>\n","category_list":"","author_info":{"name":"admin","url":"https:\/\/portal.pi.gov.br\/saf\/author\/admin\/"},"comments_num":"0 coment\u00e1rio","featured_image_urls_v2":{"full":"","thumbnail":"","medium":"","medium_large":"","large":"","sgg-420":"","sgg-540":"","sgg-780":"","1536x1536":"","2048x2048":"","homepage-slider":"","homepage-slider-small":"","page-top":"","page-small":"","loop-main":"","thumb-gallery-widget":""},"post_excerpt_stackable_v2":"<p>COMIT\u00ca DE GEST\u00c3O: Presidente: Secret\u00e1ria da Agricultura Familiar Membros: Chefe de Gabinete Assessoria de Planejamento e Execu\u00e7\u00e3o Or\u00e7ament\u00e1ria Superintendente de A\u00e7\u00f5es de Apoio \u00e0 Agricultura Familiar Superintendente de Projetos Territoriais e Desenvolvimento Rural Superintendente de Comercializa\u00e7\u00e3o, Agroindustrializa\u00e7\u00e3o e Inova\u00e7\u00e3o Superintendente de A\u00e7\u00f5es Afirmativas e Organiza\u00e7\u00e3o Social O Comit\u00ea de Gest\u00e3o \u00e9 o \u00f3rg\u00e3o m\u00e1ximo, de car\u00e1ter consultivo e deliberativo, com reuni\u00f5es per\u00edodicas, que delibera sobre as a\u00e7\u00f5es da Secretaria de Estado da Agricultura Familiar (SAF).<\/p>\n","category_list_v2":"","author_info_v2":{"name":"admin","url":"https:\/\/portal.pi.gov.br\/saf\/author\/admin\/"},"comments_num_v2":"0 coment\u00e1rio","_links":{"self":[{"href":"https:\/\/portal.pi.gov.br\/saf\/wp-json\/wp\/v2\/pages\/2882"}],"collection":[{"href":"https:\/\/portal.pi.gov.br\/saf\/wp-json\/wp\/v2\/pages"}],"about":[{"href":"https:\/\/portal.pi.gov.br\/saf\/wp-json\/wp\/v2\/types\/page"}],"author":[{"embeddable":true,"href":"https:\/\/portal.pi.gov.br\/saf\/wp-json\/wp\/v2\/users\/1"}],"replies":[{"embeddable":true,"href":"https:\/\/portal.pi.gov.br\/saf\/wp-json\/wp\/v2\/comments?post=2882"}],"version-history":[{"count":4,"href":"https:\/\/portal.pi.gov.br\/saf\/wp-json\/wp\/v2\/pages\/2882\/revisions"}],"predecessor-version":[{"id":4323,"href":"https:\/\/portal.pi.gov.br\/saf\/wp-json\/wp\/v2\/pages\/2882\/revisions\/4323"}],"wp:attachment":[{"href":"https:\/\/portal.pi.gov.br\/saf\/wp-json\/wp\/v2\/media?parent=2882"}],"curies":[{"name":"wp","href":"https:\/\/api.w.org\/{rel}","templated":true}]}}