{"id":2886,"date":"2023-08-29T09:14:44","date_gmt":"2023-08-29T12:14:44","guid":{"rendered":"https:\/\/portal.pi.gov.br\/saf\/?page_id=2886"},"modified":"2024-05-28T11:54:42","modified_gmt":"2024-05-28T14:54:42","slug":"saaaf","status":"publish","type":"page","link":"https:\/\/portal.pi.gov.br\/saf\/saaaf\/","title":{"rendered":"Superintend\u00eancia de A\u00e7\u00f5es de Apoio \u00e0 Agricultura Familiar"},"content":{"rendered":"\n<p><\/p>\n\n\n\n<figure class=\"wp-block-image size-full\"><img decoding=\"async\" loading=\"lazy\" width=\"1374\" height=\"773\" src=\"https:\/\/portal.pi.gov.br\/saf\/wp-content\/uploads\/sites\/25\/2024\/05\/SAF_atualizacao-SITE_SAAAF.jpg\" alt=\"\" class=\"wp-image-3479\" srcset=\"https:\/\/portal.pi.gov.br\/saf\/wp-content\/uploads\/sites\/25\/2024\/05\/SAF_atualizacao-SITE_SAAAF.jpg 1374w, https:\/\/portal.pi.gov.br\/saf\/wp-content\/uploads\/sites\/25\/2024\/05\/SAF_atualizacao-SITE_SAAAF-500x281.jpg 500w, https:\/\/portal.pi.gov.br\/saf\/wp-content\/uploads\/sites\/25\/2024\/05\/SAF_atualizacao-SITE_SAAAF-768x432.jpg 768w, https:\/\/portal.pi.gov.br\/saf\/wp-content\/uploads\/sites\/25\/2024\/05\/SAF_atualizacao-SITE_SAAAF-420x236.jpg 420w, https:\/\/portal.pi.gov.br\/saf\/wp-content\/uploads\/sites\/25\/2024\/05\/SAF_atualizacao-SITE_SAAAF-540x304.jpg 540w, https:\/\/portal.pi.gov.br\/saf\/wp-content\/uploads\/sites\/25\/2024\/05\/SAF_atualizacao-SITE_SAAAF-780x439.jpg 780w, https:\/\/portal.pi.gov.br\/saf\/wp-content\/uploads\/sites\/25\/2024\/05\/SAF_atualizacao-SITE_SAAAF-947x533.jpg 947w, https:\/\/portal.pi.gov.br\/saf\/wp-content\/uploads\/sites\/25\/2024\/05\/SAF_atualizacao-SITE_SAAAF-624x351.jpg 624w\" sizes=\"(max-width: 1374px) 100vw, 1374px\" \/><\/figure>\n\n\n\n<p>Superintendente: Cl\u00e9bio Coutinho<\/p>\n\n\n\n<p>Superintend\u00eancia de A\u00e7\u00f5es de Apoio \u00e0 Agricultura Familiar<\/p>\n\n\n\n<p>A Superintend\u00eancia de A\u00e7\u00f5es de Apoio \u00e0 Agricultura Familiar (SAAAF) tem as seguintes atribui\u00e7\u00f5es e fun\u00e7\u00f5es: consolidar os processos produtivos da AF; fortalecer as cadeias produtivas da AF; promover o fortalecimento da base produtiva da AF; fomentar programas para a seguran\u00e7a alimentar, nutricional e produtiva; estabelecer parcerias estrat\u00e9gicas para o fortalecimento dos processos de produ\u00e7\u00e3o e beneficiamento dos produtos da AF; fomentar a infraestrutura social e produtiva da AF com a ado\u00e7\u00e3o de tecnologias renov\u00e1veis e sociais; viabilizar a Assist\u00eancia T\u00e9cnica e a extens\u00e3o rural; e incentivar a produ\u00e7\u00e3o agroecol\u00f3gica.<\/p>\n\n\n\n<p>E-mail: clebio.jose@saf.pi.gov.br<\/p>\n\n\n\n<p>Telefone institucional: 86 9 9401 4505<\/p>\n\n\n\n<p><\/p>\n\n\n\n<p>A superintend\u00eancia \u00e9 formada por tr\u00eas diretorias:<\/p>\n\n\n\n<p>Diretoria de Fortalecimento da Base Produtiva<\/p>\n\n\n\n<p>Diretora: Josineide Costa<\/p>\n\n\n\n<p><\/p>\n\n\n\n<p>Diretoria de Assist\u00eancia T\u00e9cnica e Extens\u00e3o Rural<\/p>\n\n\n\n<p>Diretor: Ant\u00f4nio Jos\u00e9 Pereira Ferreira<\/p>\n\n\n\n<p><\/p>\n\n\n\n<p>Diretoria de Fomento \u00e0s Cadeias Produtivas<\/p>\n\n\n\n<p>Diretor: Alionardo Santiago<\/p>\n","protected":false},"excerpt":{"rendered":"<p>Superintendente: Cl\u00e9bio Coutinho Superintend\u00eancia de A\u00e7\u00f5es de Apoio \u00e0 Agricultura Familiar A Superintend\u00eancia de A\u00e7\u00f5es de Apoio \u00e0 Agricultura Familiar (SAAAF) tem as seguintes atribui\u00e7\u00f5es e fun\u00e7\u00f5es: consolidar os processos [&hellip;]<\/p>\n","protected":false},"author":1,"featured_media":0,"parent":0,"menu_order":0,"comment_status":"closed","ping_status":"closed","template":"template-fullwidth.php","meta":[],"featured_image_urls":{"full":"","thumbnail":"","medium":"","medium_large":"","large":"","sgg-420":"","sgg-540":"","sgg-780":"","1536x1536":"","2048x2048":"","homepage-slider":"","homepage-slider-small":"","page-top":"","page-small":"","loop-main":"","thumb-gallery-widget":""},"post_excerpt_stackable":"<p>Superintendente: Cl\u00e9bio Coutinho Superintend\u00eancia de A\u00e7\u00f5es de Apoio \u00e0 Agricultura Familiar A Superintend\u00eancia de A\u00e7\u00f5es de Apoio \u00e0 Agricultura Familiar (SAAAF) tem as seguintes atribui\u00e7\u00f5es e fun\u00e7\u00f5es: consolidar os processos produtivos da AF; fortalecer as cadeias produtivas da AF; promover o fortalecimento da base produtiva da AF; fomentar programas para a seguran\u00e7a alimentar, nutricional e produtiva; estabelecer parcerias estrat\u00e9gicas para o fortalecimento dos processos de produ\u00e7\u00e3o e beneficiamento dos produtos da AF; fomentar a infraestrutura social e produtiva da AF com a ado\u00e7\u00e3o de tecnologias renov\u00e1veis e sociais; viabilizar a Assist\u00eancia T\u00e9cnica e a extens\u00e3o rural; e incentivar a produ\u00e7\u00e3o&hellip;<\/p>\n","category_list":"","author_info":{"name":"admin","url":"https:\/\/portal.pi.gov.br\/saf\/author\/admin\/"},"comments_num":"0 coment\u00e1rio","featured_image_urls_v2":{"full":"","thumbnail":"","medium":"","medium_large":"","large":"","sgg-420":"","sgg-540":"","sgg-780":"","1536x1536":"","2048x2048":"","homepage-slider":"","homepage-slider-small":"","page-top":"","page-small":"","loop-main":"","thumb-gallery-widget":""},"post_excerpt_stackable_v2":"<p>Superintendente: Cl\u00e9bio Coutinho Superintend\u00eancia de A\u00e7\u00f5es de Apoio \u00e0 Agricultura Familiar A Superintend\u00eancia de A\u00e7\u00f5es de Apoio \u00e0 Agricultura Familiar (SAAAF) tem as seguintes atribui\u00e7\u00f5es e fun\u00e7\u00f5es: consolidar os processos produtivos da AF; fortalecer as cadeias produtivas da AF; promover o fortalecimento da base produtiva da AF; fomentar programas para a seguran\u00e7a alimentar, nutricional e produtiva; estabelecer parcerias estrat\u00e9gicas para o fortalecimento dos processos de produ\u00e7\u00e3o e beneficiamento dos produtos da AF; fomentar a infraestrutura social e produtiva da AF com a ado\u00e7\u00e3o de tecnologias renov\u00e1veis e sociais; viabilizar a Assist\u00eancia T\u00e9cnica e a extens\u00e3o rural; e incentivar a produ\u00e7\u00e3o&hellip;<\/p>\n","category_list_v2":"","author_info_v2":{"name":"admin","url":"https:\/\/portal.pi.gov.br\/saf\/author\/admin\/"},"comments_num_v2":"0 coment\u00e1rio","_links":{"self":[{"href":"https:\/\/portal.pi.gov.br\/saf\/wp-json\/wp\/v2\/pages\/2886"}],"collection":[{"href":"https:\/\/portal.pi.gov.br\/saf\/wp-json\/wp\/v2\/pages"}],"about":[{"href":"https:\/\/portal.pi.gov.br\/saf\/wp-json\/wp\/v2\/types\/page"}],"author":[{"embeddable":true,"href":"https:\/\/portal.pi.gov.br\/saf\/wp-json\/wp\/v2\/users\/1"}],"replies":[{"embeddable":true,"href":"https:\/\/portal.pi.gov.br\/saf\/wp-json\/wp\/v2\/comments?post=2886"}],"version-history":[{"count":4,"href":"https:\/\/portal.pi.gov.br\/saf\/wp-json\/wp\/v2\/pages\/2886\/revisions"}],"predecessor-version":[{"id":3480,"href":"https:\/\/portal.pi.gov.br\/saf\/wp-json\/wp\/v2\/pages\/2886\/revisions\/3480"}],"wp:attachment":[{"href":"https:\/\/portal.pi.gov.br\/saf\/wp-json\/wp\/v2\/media?parent=2886"}],"curies":[{"name":"wp","href":"https:\/\/api.w.org\/{rel}","templated":true}]}}