{"id":2888,"date":"2023-08-29T09:15:02","date_gmt":"2023-08-29T12:15:02","guid":{"rendered":"https:\/\/portal.pi.gov.br\/saf\/?page_id=2888"},"modified":"2025-06-23T17:13:49","modified_gmt":"2025-06-23T20:13:49","slug":"sptdr","status":"publish","type":"page","link":"https:\/\/portal.pi.gov.br\/saf\/sptdr\/","title":{"rendered":"Superintend\u00eancia de Projetos Territoriais do Semi\u00e1rido"},"content":{"rendered":"\n<p><\/p>\n\n\n\n<figure class=\"wp-block-image size-full\"><img decoding=\"async\" loading=\"lazy\" width=\"1374\" height=\"773\" src=\"https:\/\/portal.pi.gov.br\/saf\/wp-content\/uploads\/sites\/25\/2024\/05\/SAF_atualizacao-SITE_SPTDR.jpg\" alt=\"\" class=\"wp-image-3475\" srcset=\"https:\/\/portal.pi.gov.br\/saf\/wp-content\/uploads\/sites\/25\/2024\/05\/SAF_atualizacao-SITE_SPTDR.jpg 1374w, https:\/\/portal.pi.gov.br\/saf\/wp-content\/uploads\/sites\/25\/2024\/05\/SAF_atualizacao-SITE_SPTDR-500x281.jpg 500w, https:\/\/portal.pi.gov.br\/saf\/wp-content\/uploads\/sites\/25\/2024\/05\/SAF_atualizacao-SITE_SPTDR-768x432.jpg 768w, https:\/\/portal.pi.gov.br\/saf\/wp-content\/uploads\/sites\/25\/2024\/05\/SAF_atualizacao-SITE_SPTDR-420x236.jpg 420w, https:\/\/portal.pi.gov.br\/saf\/wp-content\/uploads\/sites\/25\/2024\/05\/SAF_atualizacao-SITE_SPTDR-540x304.jpg 540w, https:\/\/portal.pi.gov.br\/saf\/wp-content\/uploads\/sites\/25\/2024\/05\/SAF_atualizacao-SITE_SPTDR-780x439.jpg 780w, https:\/\/portal.pi.gov.br\/saf\/wp-content\/uploads\/sites\/25\/2024\/05\/SAF_atualizacao-SITE_SPTDR-947x533.jpg 947w, https:\/\/portal.pi.gov.br\/saf\/wp-content\/uploads\/sites\/25\/2024\/05\/SAF_atualizacao-SITE_SPTDR-624x351.jpg 624w\" sizes=\"(max-width: 1374px) 100vw, 1374px\" \/><\/figure>\n\n\n\n<p>Superintendente: Jairo de Oliveira Chagas J\u00fanior<\/p>\n\n\n\n<p>A Superintend\u00eancia de Projetos Territoriais do Semi\u00e1rido (SPS) tem as seguintes atribui\u00e7\u00f5es e fun\u00e7\u00f5es: fortalecer as pol\u00edticas de desenvolvimento territorial implementadas pelo governo do estado; implantar infraestrutura produtiva de desenvolvimento territorial rural; executar os projetos territoriais estrat\u00e9gicos, dentre os quais, PSI, PROGERE, Pilares RII, Rota das Emo\u00e7\u00f5es, Projeto do Jaborandi, etc; e qualificar as demandas de investimento rural nos territ\u00f3rios de desenvolvimento.<\/p>\n\n\n\n<p>E-mail: jairo.chagas@saf.pi.gov.br<\/p>\n\n\n\n<p>Telefone institucional: 86 9 9445-8810<\/p>\n\n\n\n<p>A superintend\u00eancia \u00e9 dividida por diretorias com a\u00e7\u00f5es em determinadas \u00e1reas territoriais.<\/p>\n\n\n\n<p>Diretoria de Projetos dos Territ\u00f3rios do Semi\u00e1rido<\/p>\n\n\n\n<p>Diretor: Francisco das Chagas Ribeiro Filho (Chic\u00e3o)<\/p>\n\n\n\n<p>Diretoria de Projetos dos Territ\u00f3rios do Cerrado<\/p>\n\n\n\n<p>Diretor: Amauri Medeiros<\/p>\n\n\n\n<p>Diretoria de Projetos dos Territ\u00f3rios da Regi\u00e3o Meio Norte<\/p>\n\n\n\n<p>Diretora: Liz Elizabeth Meireles<\/p>\n","protected":false},"excerpt":{"rendered":"<p>Superintendente: Jairo de Oliveira Chagas J\u00fanior A Superintend\u00eancia de Projetos Territoriais do Semi\u00e1rido (SPS) tem as seguintes atribui\u00e7\u00f5es e fun\u00e7\u00f5es: fortalecer as pol\u00edticas de desenvolvimento territorial implementadas pelo governo do [&hellip;]<\/p>\n","protected":false},"author":1,"featured_media":0,"parent":0,"menu_order":0,"comment_status":"closed","ping_status":"closed","template":"template-fullwidth.php","meta":[],"featured_image_urls":{"full":"","thumbnail":"","medium":"","medium_large":"","large":"","sgg-420":"","sgg-540":"","sgg-780":"","1536x1536":"","2048x2048":"","homepage-slider":"","homepage-slider-small":"","page-top":"","page-small":"","loop-main":"","thumb-gallery-widget":""},"post_excerpt_stackable":"<p>Superintendente: Jairo de Oliveira Chagas J\u00fanior A Superintend\u00eancia de Projetos Territoriais do Semi\u00e1rido (SPS) tem as seguintes atribui\u00e7\u00f5es e fun\u00e7\u00f5es: fortalecer as pol\u00edticas de desenvolvimento territorial implementadas pelo governo do estado; implantar infraestrutura produtiva de desenvolvimento territorial rural; executar os projetos territoriais estrat\u00e9gicos, dentre os quais, PSI, PROGERE, Pilares RII, Rota das Emo\u00e7\u00f5es, Projeto do Jaborandi, etc; e qualificar as demandas de investimento rural nos territ\u00f3rios de desenvolvimento. E-mail: jairo.chagas@saf.pi.gov.br Telefone institucional: 86 9 9445-8810 A superintend\u00eancia \u00e9 dividida por diretorias com a\u00e7\u00f5es em determinadas \u00e1reas territoriais. Diretoria de Projetos dos Territ\u00f3rios do Semi\u00e1rido Diretor: Francisco das Chagas Ribeiro Filho&hellip;<\/p>\n","category_list":"","author_info":{"name":"admin","url":"https:\/\/portal.pi.gov.br\/saf\/author\/admin\/"},"comments_num":"0 coment\u00e1rio","featured_image_urls_v2":{"full":"","thumbnail":"","medium":"","medium_large":"","large":"","sgg-420":"","sgg-540":"","sgg-780":"","1536x1536":"","2048x2048":"","homepage-slider":"","homepage-slider-small":"","page-top":"","page-small":"","loop-main":"","thumb-gallery-widget":""},"post_excerpt_stackable_v2":"<p>Superintendente: Jairo de Oliveira Chagas J\u00fanior A Superintend\u00eancia de Projetos Territoriais do Semi\u00e1rido (SPS) tem as seguintes atribui\u00e7\u00f5es e fun\u00e7\u00f5es: fortalecer as pol\u00edticas de desenvolvimento territorial implementadas pelo governo do estado; implantar infraestrutura produtiva de desenvolvimento territorial rural; executar os projetos territoriais estrat\u00e9gicos, dentre os quais, PSI, PROGERE, Pilares RII, Rota das Emo\u00e7\u00f5es, Projeto do Jaborandi, etc; e qualificar as demandas de investimento rural nos territ\u00f3rios de desenvolvimento. E-mail: jairo.chagas@saf.pi.gov.br Telefone institucional: 86 9 9445-8810 A superintend\u00eancia \u00e9 dividida por diretorias com a\u00e7\u00f5es em determinadas \u00e1reas territoriais. Diretoria de Projetos dos Territ\u00f3rios do Semi\u00e1rido Diretor: Francisco das Chagas Ribeiro Filho&hellip;<\/p>\n","category_list_v2":"","author_info_v2":{"name":"admin","url":"https:\/\/portal.pi.gov.br\/saf\/author\/admin\/"},"comments_num_v2":"0 coment\u00e1rio","_links":{"self":[{"href":"https:\/\/portal.pi.gov.br\/saf\/wp-json\/wp\/v2\/pages\/2888"}],"collection":[{"href":"https:\/\/portal.pi.gov.br\/saf\/wp-json\/wp\/v2\/pages"}],"about":[{"href":"https:\/\/portal.pi.gov.br\/saf\/wp-json\/wp\/v2\/types\/page"}],"author":[{"embeddable":true,"href":"https:\/\/portal.pi.gov.br\/saf\/wp-json\/wp\/v2\/users\/1"}],"replies":[{"embeddable":true,"href":"https:\/\/portal.pi.gov.br\/saf\/wp-json\/wp\/v2\/comments?post=2888"}],"version-history":[{"count":5,"href":"https:\/\/portal.pi.gov.br\/saf\/wp-json\/wp\/v2\/pages\/2888\/revisions"}],"predecessor-version":[{"id":4542,"href":"https:\/\/portal.pi.gov.br\/saf\/wp-json\/wp\/v2\/pages\/2888\/revisions\/4542"}],"wp:attachment":[{"href":"https:\/\/portal.pi.gov.br\/saf\/wp-json\/wp\/v2\/media?parent=2888"}],"curies":[{"name":"wp","href":"https:\/\/api.w.org\/{rel}","templated":true}]}}