{"id":2890,"date":"2023-08-29T09:15:20","date_gmt":"2023-08-29T12:15:20","guid":{"rendered":"https:\/\/portal.pi.gov.br\/saf\/?page_id=2890"},"modified":"2024-05-28T11:54:13","modified_gmt":"2024-05-28T14:54:13","slug":"scaoi","status":"publish","type":"page","link":"https:\/\/portal.pi.gov.br\/saf\/scaoi\/","title":{"rendered":"Superintend\u00eancia de Comercializa\u00e7\u00e3o, Agroindustrializa\u00e7\u00e3o e Inova\u00e7\u00e3o"},"content":{"rendered":"\n<figure class=\"wp-block-image size-full\"><img decoding=\"async\" loading=\"lazy\" width=\"1374\" height=\"773\" src=\"https:\/\/portal.pi.gov.br\/saf\/wp-content\/uploads\/sites\/25\/2024\/05\/SAF_atualizacao-SITE_SCAI.jpg\" alt=\"\" class=\"wp-image-3477\" srcset=\"https:\/\/portal.pi.gov.br\/saf\/wp-content\/uploads\/sites\/25\/2024\/05\/SAF_atualizacao-SITE_SCAI.jpg 1374w, https:\/\/portal.pi.gov.br\/saf\/wp-content\/uploads\/sites\/25\/2024\/05\/SAF_atualizacao-SITE_SCAI-500x281.jpg 500w, https:\/\/portal.pi.gov.br\/saf\/wp-content\/uploads\/sites\/25\/2024\/05\/SAF_atualizacao-SITE_SCAI-768x432.jpg 768w, https:\/\/portal.pi.gov.br\/saf\/wp-content\/uploads\/sites\/25\/2024\/05\/SAF_atualizacao-SITE_SCAI-420x236.jpg 420w, https:\/\/portal.pi.gov.br\/saf\/wp-content\/uploads\/sites\/25\/2024\/05\/SAF_atualizacao-SITE_SCAI-540x304.jpg 540w, https:\/\/portal.pi.gov.br\/saf\/wp-content\/uploads\/sites\/25\/2024\/05\/SAF_atualizacao-SITE_SCAI-780x439.jpg 780w, https:\/\/portal.pi.gov.br\/saf\/wp-content\/uploads\/sites\/25\/2024\/05\/SAF_atualizacao-SITE_SCAI-947x533.jpg 947w, https:\/\/portal.pi.gov.br\/saf\/wp-content\/uploads\/sites\/25\/2024\/05\/SAF_atualizacao-SITE_SCAI-624x351.jpg 624w\" sizes=\"(max-width: 1374px) 100vw, 1374px\" \/><\/figure>\n\n\n\n<p>Superintendente: Evandro Cardoso<\/p>\n\n\n\n<p>A Superintend\u00eancia de Comercializa\u00e7\u00e3o, Agroindustrializa\u00e7\u00e3o e Inova\u00e7\u00e3o (SCAI) tem as seguintes atribui\u00e7\u00f5es e fun\u00e7\u00f5es: promover a inser\u00e7\u00e3o da agricultura familiar nos mercados; estabelecer parcerias estrat\u00e9gicas para o fortalecimento dos processos de comercializa\u00e7\u00e3o dos produtos da AF; executar os programas de comercializa\u00e7\u00e3o e inova\u00e7\u00e3o da AF; estabelecer parcerias com os setores empresariais para comercializa\u00e7\u00e3o e inova\u00e7\u00e3o da AF; construir mecanismos para viabilizar a comercializa\u00e7\u00e3o dos produtos da AF; fomentar o acesso da agricultura familiar \u00e0s tecnologias inovadoras e sustent\u00e1veis.<\/p>\n\n\n\n<p>E-mail: evandro.cardoso@saf.pi.gov.br<\/p>\n\n\n\n<p>Telefone institucional: (86) 98875 6721<\/p>\n\n\n\n<p>A superintend\u00eancia \u00e9 formada por duas diretorias:<\/p>\n\n\n\n<p>Diretoria de Mercados Institucionais<\/p>\n\n\n\n<p>Diretor: Ilan Cunha Silveira<\/p>\n\n\n\n<p>Ger\u00eancia de Mercados Institucionais<\/p>\n\n\n\n<p>Gerente: Durval Gomes<\/p>\n\n\n\n<p>Diretoria de inova\u00e7\u00e3o e parceria com setor empresarial<\/p>\n\n\n\n<p>Diretor: Tiago Patr\u00edcio<\/p>\n","protected":false},"excerpt":{"rendered":"<p>Superintendente: Evandro Cardoso A Superintend\u00eancia de Comercializa\u00e7\u00e3o, Agroindustrializa\u00e7\u00e3o e Inova\u00e7\u00e3o (SCAI) tem as seguintes atribui\u00e7\u00f5es e fun\u00e7\u00f5es: promover a inser\u00e7\u00e3o da agricultura familiar nos mercados; estabelecer parcerias estrat\u00e9gicas para o [&hellip;]<\/p>\n","protected":false},"author":1,"featured_media":0,"parent":0,"menu_order":0,"comment_status":"closed","ping_status":"closed","template":"template-fullwidth.php","meta":[],"featured_image_urls":{"full":"","thumbnail":"","medium":"","medium_large":"","large":"","sgg-420":"","sgg-540":"","sgg-780":"","1536x1536":"","2048x2048":"","homepage-slider":"","homepage-slider-small":"","page-top":"","page-small":"","loop-main":"","thumb-gallery-widget":""},"post_excerpt_stackable":"<p>Superintendente: Evandro Cardoso A Superintend\u00eancia de Comercializa\u00e7\u00e3o, Agroindustrializa\u00e7\u00e3o e Inova\u00e7\u00e3o (SCAI) tem as seguintes atribui\u00e7\u00f5es e fun\u00e7\u00f5es: promover a inser\u00e7\u00e3o da agricultura familiar nos mercados; estabelecer parcerias estrat\u00e9gicas para o fortalecimento dos processos de comercializa\u00e7\u00e3o dos produtos da AF; executar os programas de comercializa\u00e7\u00e3o e inova\u00e7\u00e3o da AF; estabelecer parcerias com os setores empresariais para comercializa\u00e7\u00e3o e inova\u00e7\u00e3o da AF; construir mecanismos para viabilizar a comercializa\u00e7\u00e3o dos produtos da AF; fomentar o acesso da agricultura familiar \u00e0s tecnologias inovadoras e sustent\u00e1veis. E-mail: evandro.cardoso@saf.pi.gov.br Telefone institucional: (86) 98875 6721 A superintend\u00eancia \u00e9 formada por duas diretorias: Diretoria de Mercados Institucionais Diretor:&hellip;<\/p>\n","category_list":"","author_info":{"name":"admin","url":"https:\/\/portal.pi.gov.br\/saf\/author\/admin\/"},"comments_num":"0 coment\u00e1rio","featured_image_urls_v2":{"full":"","thumbnail":"","medium":"","medium_large":"","large":"","sgg-420":"","sgg-540":"","sgg-780":"","1536x1536":"","2048x2048":"","homepage-slider":"","homepage-slider-small":"","page-top":"","page-small":"","loop-main":"","thumb-gallery-widget":""},"post_excerpt_stackable_v2":"<p>Superintendente: Evandro Cardoso A Superintend\u00eancia de Comercializa\u00e7\u00e3o, Agroindustrializa\u00e7\u00e3o e Inova\u00e7\u00e3o (SCAI) tem as seguintes atribui\u00e7\u00f5es e fun\u00e7\u00f5es: promover a inser\u00e7\u00e3o da agricultura familiar nos mercados; estabelecer parcerias estrat\u00e9gicas para o fortalecimento dos processos de comercializa\u00e7\u00e3o dos produtos da AF; executar os programas de comercializa\u00e7\u00e3o e inova\u00e7\u00e3o da AF; estabelecer parcerias com os setores empresariais para comercializa\u00e7\u00e3o e inova\u00e7\u00e3o da AF; construir mecanismos para viabilizar a comercializa\u00e7\u00e3o dos produtos da AF; fomentar o acesso da agricultura familiar \u00e0s tecnologias inovadoras e sustent\u00e1veis. E-mail: evandro.cardoso@saf.pi.gov.br Telefone institucional: (86) 98875 6721 A superintend\u00eancia \u00e9 formada por duas diretorias: Diretoria de Mercados Institucionais Diretor:&hellip;<\/p>\n","category_list_v2":"","author_info_v2":{"name":"admin","url":"https:\/\/portal.pi.gov.br\/saf\/author\/admin\/"},"comments_num_v2":"0 coment\u00e1rio","_links":{"self":[{"href":"https:\/\/portal.pi.gov.br\/saf\/wp-json\/wp\/v2\/pages\/2890"}],"collection":[{"href":"https:\/\/portal.pi.gov.br\/saf\/wp-json\/wp\/v2\/pages"}],"about":[{"href":"https:\/\/portal.pi.gov.br\/saf\/wp-json\/wp\/v2\/types\/page"}],"author":[{"embeddable":true,"href":"https:\/\/portal.pi.gov.br\/saf\/wp-json\/wp\/v2\/users\/1"}],"replies":[{"embeddable":true,"href":"https:\/\/portal.pi.gov.br\/saf\/wp-json\/wp\/v2\/comments?post=2890"}],"version-history":[{"count":6,"href":"https:\/\/portal.pi.gov.br\/saf\/wp-json\/wp\/v2\/pages\/2890\/revisions"}],"predecessor-version":[{"id":3478,"href":"https:\/\/portal.pi.gov.br\/saf\/wp-json\/wp\/v2\/pages\/2890\/revisions\/3478"}],"wp:attachment":[{"href":"https:\/\/portal.pi.gov.br\/saf\/wp-json\/wp\/v2\/media?parent=2890"}],"curies":[{"name":"wp","href":"https:\/\/api.w.org\/{rel}","templated":true}]}}