{"id":3189,"date":"2024-01-19T12:22:22","date_gmt":"2024-01-19T15:22:22","guid":{"rendered":"https:\/\/portal.pi.gov.br\/saf\/?page_id=3189"},"modified":"2024-01-19T12:29:16","modified_gmt":"2024-01-19T15:29:16","slug":"superintendencias","status":"publish","type":"page","link":"https:\/\/portal.pi.gov.br\/saf\/superintendencias\/","title":{"rendered":"Superintend\u00eancias"},"content":{"rendered":"\n<p><\/p>\n\n\n\n<p><strong>Superintend\u00eancia de A\u00e7\u00f5es de Apoio \u00e0 Agricultura Familiar &#8211; SAAAF<\/strong><\/p>\n\n\n\n<p>Superintendente: Cl\u00e9bio Coutinho<\/p>\n\n\n\n<p>A <a href=\"https:\/\/portal.pi.gov.br\/saf\/saaaf\/\">Superintend\u00eancia de A\u00e7\u00f5es de Apoio \u00e0 Agricultura Familiar (SAAAF)<\/a> tem as seguintes atribui\u00e7\u00f5es e fun\u00e7\u00f5es: consolidar os processos produtivos da AF; fortalecer as cadeias produtivas da AF; promover o fortalecimento da base produtiva da AF; fomentar programas para a seguran\u00e7a alimentar, nutricional e produtiva; estabelecer parcerias estrat\u00e9gicas para o fortalecimento dos processos de produ\u00e7\u00e3o e beneficiamento dos produtos da AF; fomentar a infraestrutura social e produtiva da AF com a ado\u00e7\u00e3o de tecnologias renov\u00e1veis e sociais; viabilizar a Assist\u00eancia T\u00e9cnica e a extens\u00e3o rural; e incentivar a produ\u00e7\u00e3o agroecol\u00f3gica.<\/p>\n\n\n\n<p><\/p>\n\n\n\n<p><\/p>\n\n\n\n<p><strong>Superintend\u00eancia de Projetos Territoriais e Desenvolvimento Rural &#8211; SPTDR<\/strong><\/p>\n\n\n\n<p>Superintendente: Jairo de Oliveira Chagas J\u00fanior<\/p>\n\n\n\n<p>A <a href=\"https:\/\/portal.pi.gov.br\/saf\/sptdr\/\">Superintend\u00eancia de Projetos Territoriais e Desenvolvimento Rural (SPTDR)<\/a> tem as seguintes atribui\u00e7\u00f5es e fun\u00e7\u00f5es: fortalecer as pol\u00edticas de desenvolvimento territorial implementadas pelo governo do estado; implantar infraestrutura produtiva de desenvolvimento territorial rural; executar os projetos territoriais estrat\u00e9gicos, dentre os quais, PSI, PROGERE, Pilares RII, Rota das Emo\u00e7\u00f5es, Projeto do Jaborandi, etc; e qualificar as demandas de investimento rural nos territ\u00f3rios de desenvolvimento.<\/p>\n\n\n\n<p><\/p>\n\n\n\n<p><strong>Superintend\u00eancia de Comercializa\u00e7\u00e3o, Agroindustrializa\u00e7\u00e3o e Inova\u00e7\u00e3o &#8211; SCAI<\/strong><\/p>\n\n\n\n<p>Superintendente: Evandro Cardoso<\/p>\n\n\n\n<p>A <a href=\"https:\/\/portal.pi.gov.br\/saf\/scaoi\/\">Superintend\u00eancia de Comercializa\u00e7\u00e3o, Agroindustrializa\u00e7\u00e3o e Inova\u00e7\u00e3o (SCAI)<\/a> tem as seguintes atribui\u00e7\u00f5es e fun\u00e7\u00f5es: promover a inser\u00e7\u00e3o da agricultura familiar nos mercados; estabelecer parcerias estrat\u00e9gicas para o fortalecimento dos processos de comercializa\u00e7\u00e3o dos produtos da AF; executar os programas de comercializa\u00e7\u00e3o e inova\u00e7\u00e3o da AF; estabelecer parcerias com os setores empresariais para comercializa\u00e7\u00e3o e inova\u00e7\u00e3o da AF; construir mecanismos para viabilizar a comercializa\u00e7\u00e3o dos produtos da AF; fomentar o acesso da agricultura familiar \u00e0s tecnologias inovadoras e sustent\u00e1veis.<\/p>\n\n\n\n<p><\/p>\n\n\n\n<p><strong>Superintend\u00eancia de A\u00e7\u00f5es Afirmativas e Organiza\u00e7\u00e3o Social &#8211; SAAOS<\/strong><\/p>\n\n\n\n<p>Superintendente: M\u00e1rcia Mendes<\/p>\n\n\n\n<p><\/p>\n\n\n\n<p>A <a href=\"https:\/\/portal.pi.gov.br\/saf\/saaos\/\">Superintend\u00eancia de A\u00e7\u00f5es Afirmativas e Organiza\u00e7\u00e3o Social (SAAOS)<\/a> tem as seguintes atribui\u00e7\u00f5es e fun\u00e7\u00f5es: contribuir no desenvolvimento de capacidades organizativas e de gest\u00e3o de empreendimentos da AF; apoiar e articular pol\u00edticas p\u00fablicas que fortale\u00e7am o protagonismo de mulheres, jovens e coletivos sociais; apoiar e articular processos de media\u00e7\u00e3o dos conflitos na \u00e1rea da agricultura familiar; apoiar estrat\u00e9gias de economia solid\u00e1ria no Piau\u00ed; ampliar o di\u00e1logo e a articula\u00e7\u00e3o com os movimentos sociais do campo, das \u00e1guas e das florestas; articular a assist\u00eancia t\u00e9cnica e extens\u00e3o rural.<\/p>\n","protected":false},"excerpt":{"rendered":"<p>Superintend\u00eancia de A\u00e7\u00f5es de Apoio \u00e0 Agricultura Familiar &#8211; SAAAF Superintendente: Cl\u00e9bio Coutinho A Superintend\u00eancia de A\u00e7\u00f5es de Apoio \u00e0 Agricultura Familiar (SAAAF) tem as seguintes atribui\u00e7\u00f5es e fun\u00e7\u00f5es: consolidar [&hellip;]<\/p>\n","protected":false},"author":1,"featured_media":0,"parent":0,"menu_order":0,"comment_status":"closed","ping_status":"closed","template":"template-fullwidth.php","meta":[],"featured_image_urls":{"full":"","thumbnail":"","medium":"","medium_large":"","large":"","sgg-420":"","sgg-540":"","sgg-780":"","1536x1536":"","2048x2048":"","homepage-slider":"","homepage-slider-small":"","page-top":"","page-small":"","loop-main":"","thumb-gallery-widget":""},"post_excerpt_stackable":"<p>Superintend\u00eancia de A\u00e7\u00f5es de Apoio \u00e0 Agricultura Familiar &#8211; SAAAF Superintendente: Cl\u00e9bio Coutinho A Superintend\u00eancia de A\u00e7\u00f5es de Apoio \u00e0 Agricultura Familiar (SAAAF) tem as seguintes atribui\u00e7\u00f5es e fun\u00e7\u00f5es: consolidar os processos produtivos da AF; fortalecer as cadeias produtivas da AF; promover o fortalecimento da base produtiva da AF; fomentar programas para a seguran\u00e7a alimentar, nutricional e produtiva; estabelecer parcerias estrat\u00e9gicas para o fortalecimento dos processos de produ\u00e7\u00e3o e beneficiamento dos produtos da AF; fomentar a infraestrutura social e produtiva da AF com a ado\u00e7\u00e3o de tecnologias renov\u00e1veis e sociais; viabilizar a Assist\u00eancia T\u00e9cnica e a extens\u00e3o rural; e incentivar&hellip;<\/p>\n","category_list":"","author_info":{"name":"admin","url":"https:\/\/portal.pi.gov.br\/saf\/author\/admin\/"},"comments_num":"0 coment\u00e1rio","featured_image_urls_v2":{"full":"","thumbnail":"","medium":"","medium_large":"","large":"","sgg-420":"","sgg-540":"","sgg-780":"","1536x1536":"","2048x2048":"","homepage-slider":"","homepage-slider-small":"","page-top":"","page-small":"","loop-main":"","thumb-gallery-widget":""},"post_excerpt_stackable_v2":"<p>Superintend\u00eancia de A\u00e7\u00f5es de Apoio \u00e0 Agricultura Familiar &#8211; SAAAF Superintendente: Cl\u00e9bio Coutinho A Superintend\u00eancia de A\u00e7\u00f5es de Apoio \u00e0 Agricultura Familiar (SAAAF) tem as seguintes atribui\u00e7\u00f5es e fun\u00e7\u00f5es: consolidar os processos produtivos da AF; fortalecer as cadeias produtivas da AF; promover o fortalecimento da base produtiva da AF; fomentar programas para a seguran\u00e7a alimentar, nutricional e produtiva; estabelecer parcerias estrat\u00e9gicas para o fortalecimento dos processos de produ\u00e7\u00e3o e beneficiamento dos produtos da AF; fomentar a infraestrutura social e produtiva da AF com a ado\u00e7\u00e3o de tecnologias renov\u00e1veis e sociais; viabilizar a Assist\u00eancia T\u00e9cnica e a extens\u00e3o rural; e incentivar&hellip;<\/p>\n","category_list_v2":"","author_info_v2":{"name":"admin","url":"https:\/\/portal.pi.gov.br\/saf\/author\/admin\/"},"comments_num_v2":"0 coment\u00e1rio","_links":{"self":[{"href":"https:\/\/portal.pi.gov.br\/saf\/wp-json\/wp\/v2\/pages\/3189"}],"collection":[{"href":"https:\/\/portal.pi.gov.br\/saf\/wp-json\/wp\/v2\/pages"}],"about":[{"href":"https:\/\/portal.pi.gov.br\/saf\/wp-json\/wp\/v2\/types\/page"}],"author":[{"embeddable":true,"href":"https:\/\/portal.pi.gov.br\/saf\/wp-json\/wp\/v2\/users\/1"}],"replies":[{"embeddable":true,"href":"https:\/\/portal.pi.gov.br\/saf\/wp-json\/wp\/v2\/comments?post=3189"}],"version-history":[{"count":3,"href":"https:\/\/portal.pi.gov.br\/saf\/wp-json\/wp\/v2\/pages\/3189\/revisions"}],"predecessor-version":[{"id":3194,"href":"https:\/\/portal.pi.gov.br\/saf\/wp-json\/wp\/v2\/pages\/3189\/revisions\/3194"}],"wp:attachment":[{"href":"https:\/\/portal.pi.gov.br\/saf\/wp-json\/wp\/v2\/media?parent=3189"}],"curies":[{"name":"wp","href":"https:\/\/api.w.org\/{rel}","templated":true}]}}