{"id":3791,"date":"2024-09-10T12:24:39","date_gmt":"2024-09-10T15:24:39","guid":{"rendered":"https:\/\/portal.pi.gov.br\/saf\/?page_id=3791"},"modified":"2024-09-11T10:03:10","modified_gmt":"2024-09-11T13:03:10","slug":"juventude-rural-transformadora","status":"publish","type":"page","link":"https:\/\/portal.pi.gov.br\/saf\/juventude-rural-transformadora\/","title":{"rendered":"Juventude Rural Transformadora"},"content":{"rendered":"\n<figure class=\"wp-block-image size-full\"><img decoding=\"async\" loading=\"lazy\" width=\"1374\" height=\"774\" src=\"https:\/\/portal.pi.gov.br\/saf\/wp-content\/uploads\/sites\/25\/2024\/09\/SAF_atualizacao-SITE_abertura_JUVENTUDE.jpg\" alt=\"\" class=\"wp-image-3794\" srcset=\"https:\/\/portal.pi.gov.br\/saf\/wp-content\/uploads\/sites\/25\/2024\/09\/SAF_atualizacao-SITE_abertura_JUVENTUDE.jpg 1374w, https:\/\/portal.pi.gov.br\/saf\/wp-content\/uploads\/sites\/25\/2024\/09\/SAF_atualizacao-SITE_abertura_JUVENTUDE-500x282.jpg 500w, https:\/\/portal.pi.gov.br\/saf\/wp-content\/uploads\/sites\/25\/2024\/09\/SAF_atualizacao-SITE_abertura_JUVENTUDE-768x433.jpg 768w, https:\/\/portal.pi.gov.br\/saf\/wp-content\/uploads\/sites\/25\/2024\/09\/SAF_atualizacao-SITE_abertura_JUVENTUDE-420x237.jpg 420w, https:\/\/portal.pi.gov.br\/saf\/wp-content\/uploads\/sites\/25\/2024\/09\/SAF_atualizacao-SITE_abertura_JUVENTUDE-540x304.jpg 540w, https:\/\/portal.pi.gov.br\/saf\/wp-content\/uploads\/sites\/25\/2024\/09\/SAF_atualizacao-SITE_abertura_JUVENTUDE-780x439.jpg 780w, https:\/\/portal.pi.gov.br\/saf\/wp-content\/uploads\/sites\/25\/2024\/09\/SAF_atualizacao-SITE_abertura_JUVENTUDE-947x533.jpg 947w, https:\/\/portal.pi.gov.br\/saf\/wp-content\/uploads\/sites\/25\/2024\/09\/SAF_atualizacao-SITE_abertura_JUVENTUDE-624x352.jpg 624w\" sizes=\"(max-width: 1374px) 100vw, 1374px\" \/><\/figure>\n\n\n\n<p>O projeto Juventude Rural Transformadora \u00e9 voltado para jovens egressos de Escolas Fam\u00edlias Agr\u00edcolas (EFAs), Escolas Rurais, Escolas Agrot\u00e9cnicas e do IFPI para atuarem como bolsistas. O projeto visa a forma\u00e7\u00e3o te\u00f3rica e pr\u00e1tica de jovens rurais, capacitando-os para participa\u00e7\u00e3o em iniciativas de inclus\u00e3o produtiva e processos de transforma\u00e7\u00e3o social.<\/p>\n\n\n\n<p>Os jovens selecionados receber\u00e3o bolsa com valor mensal de R$ 1.000,00 que ter\u00e3o dura\u00e7\u00e3o de at\u00e9 18 meses. Eles ter\u00e3o a miss\u00e3o de identificar oportunidades de aperfei\u00e7oamento tecnol\u00f3gico, al\u00e9m de aprimorar aspectos de organiza\u00e7\u00e3o e gest\u00e3o, comunica\u00e7\u00e3o, pol\u00edtica, sustentabilidade socioecon\u00f4mica e ambiental no contexto da Agricultura Familiar.<\/p>\n\n\n\n<p>As 100 vagas ser\u00e3o distribu\u00eddas em todos os 12 territ\u00f3rios de desenvolvimento do Piau\u00ed: Chapada das Mangabeiras, Chapada Vale Rio Itaim, Alto Parna\u00edba, Vale dos Rios Piau\u00ed e Itaueira, Serra da Capivara, Vale no Canind\u00e9, Vale do Rio Guaribas, Vale do Sambito, Entre Rios, Carnaubais, Cocais e Plan\u00edcie Litor\u00e2nea.<\/p>\n\n\n\n<p>O curso \u00e9 uma iniciativa da Secretaria da Agricultura Familiar (SAF), em parceria com o Instituto Federal de Educa\u00e7\u00e3o, Ci\u00eancia e Tecnologia do Piau\u00ed (IFPI) e conta com o apoio da Secretaria da Educa\u00e7\u00e3o (Seduc) e o Centro Brasileiro de An\u00e1lise e Planejamento (CEBRAP), com recursos do Minist\u00e9rio do Desenvolvimento Social (MDS).<br><br><\/p>\n\n\n\n<p><a target=\"_blank\" rel=\"noreferrer noopener\" href=\"https:\/\/seletivos.ifpi.edu.br\/media\/selecao-bolsistas-projeto-juventude-rural---2024\/arquivo\/edital_2024-09-06.pdf\"><strong>Clique aqui para acessar o edital<\/strong><\/a><\/p>\n\n\n\n<p><a target=\"_blank\" rel=\"noreferrer noopener\" href=\"https:\/\/seletivos.ifpi.edu.br\/concurso\/acesso_candidato\/266\/\"><strong>Clique aqui para acessar a p\u00e1gina de inscri\u00e7\u00f5es do projeto<\/strong><\/a><\/p>\n\n\n","protected":false},"excerpt":{"rendered":"<p>O projeto Juventude Rural Transformadora \u00e9 voltado para jovens egressos de Escolas Fam\u00edlias Agr\u00edcolas (EFAs), Escolas Rurais, Escolas Agrot\u00e9cnicas e do IFPI para atuarem como bolsistas. O projeto visa a [&hellip;]<\/p>\n","protected":false},"author":1,"featured_media":0,"parent":0,"menu_order":0,"comment_status":"closed","ping_status":"closed","template":"template-fullwidth.php","meta":[],"featured_image_urls":{"full":"","thumbnail":"","medium":"","medium_large":"","large":"","sgg-420":"","sgg-540":"","sgg-780":"","1536x1536":"","2048x2048":"","homepage-slider":"","homepage-slider-small":"","page-top":"","page-small":"","loop-main":"","thumb-gallery-widget":""},"post_excerpt_stackable":"<p>O projeto Juventude Rural Transformadora \u00e9 voltado para jovens egressos de Escolas Fam\u00edlias Agr\u00edcolas (EFAs), Escolas Rurais, Escolas Agrot\u00e9cnicas e do IFPI para atuarem como bolsistas. O projeto visa a forma\u00e7\u00e3o te\u00f3rica e pr\u00e1tica de jovens rurais, capacitando-os para participa\u00e7\u00e3o em iniciativas de inclus\u00e3o produtiva e processos de transforma\u00e7\u00e3o social. Os jovens selecionados receber\u00e3o bolsa com valor mensal de R$ 1.000,00 que ter\u00e3o dura\u00e7\u00e3o de at\u00e9 18 meses. Eles ter\u00e3o a miss\u00e3o de identificar oportunidades de aperfei\u00e7oamento tecnol\u00f3gico, al\u00e9m de aprimorar aspectos de organiza\u00e7\u00e3o e gest\u00e3o, comunica\u00e7\u00e3o, pol\u00edtica, sustentabilidade socioecon\u00f4mica e ambiental no contexto da Agricultura Familiar. As 100 vagas&hellip;<\/p>\n","category_list":"","author_info":{"name":"admin","url":"https:\/\/portal.pi.gov.br\/saf\/author\/admin\/"},"comments_num":"0 coment\u00e1rio","featured_image_urls_v2":{"full":"","thumbnail":"","medium":"","medium_large":"","large":"","sgg-420":"","sgg-540":"","sgg-780":"","1536x1536":"","2048x2048":"","homepage-slider":"","homepage-slider-small":"","page-top":"","page-small":"","loop-main":"","thumb-gallery-widget":""},"post_excerpt_stackable_v2":"<p>O projeto Juventude Rural Transformadora \u00e9 voltado para jovens egressos de Escolas Fam\u00edlias Agr\u00edcolas (EFAs), Escolas Rurais, Escolas Agrot\u00e9cnicas e do IFPI para atuarem como bolsistas. O projeto visa a forma\u00e7\u00e3o te\u00f3rica e pr\u00e1tica de jovens rurais, capacitando-os para participa\u00e7\u00e3o em iniciativas de inclus\u00e3o produtiva e processos de transforma\u00e7\u00e3o social. Os jovens selecionados receber\u00e3o bolsa com valor mensal de R$ 1.000,00 que ter\u00e3o dura\u00e7\u00e3o de at\u00e9 18 meses. Eles ter\u00e3o a miss\u00e3o de identificar oportunidades de aperfei\u00e7oamento tecnol\u00f3gico, al\u00e9m de aprimorar aspectos de organiza\u00e7\u00e3o e gest\u00e3o, comunica\u00e7\u00e3o, pol\u00edtica, sustentabilidade socioecon\u00f4mica e ambiental no contexto da Agricultura Familiar. As 100 vagas&hellip;<\/p>\n","category_list_v2":"","author_info_v2":{"name":"admin","url":"https:\/\/portal.pi.gov.br\/saf\/author\/admin\/"},"comments_num_v2":"0 coment\u00e1rio","_links":{"self":[{"href":"https:\/\/portal.pi.gov.br\/saf\/wp-json\/wp\/v2\/pages\/3791"}],"collection":[{"href":"https:\/\/portal.pi.gov.br\/saf\/wp-json\/wp\/v2\/pages"}],"about":[{"href":"https:\/\/portal.pi.gov.br\/saf\/wp-json\/wp\/v2\/types\/page"}],"author":[{"embeddable":true,"href":"https:\/\/portal.pi.gov.br\/saf\/wp-json\/wp\/v2\/users\/1"}],"replies":[{"embeddable":true,"href":"https:\/\/portal.pi.gov.br\/saf\/wp-json\/wp\/v2\/comments?post=3791"}],"version-history":[{"count":4,"href":"https:\/\/portal.pi.gov.br\/saf\/wp-json\/wp\/v2\/pages\/3791\/revisions"}],"predecessor-version":[{"id":3798,"href":"https:\/\/portal.pi.gov.br\/saf\/wp-json\/wp\/v2\/pages\/3791\/revisions\/3798"}],"wp:attachment":[{"href":"https:\/\/portal.pi.gov.br\/saf\/wp-json\/wp\/v2\/media?parent=3791"}],"curies":[{"name":"wp","href":"https:\/\/api.w.org\/{rel}","templated":true}]}}