{"id":3809,"date":"2024-09-18T09:53:10","date_gmt":"2024-09-18T12:53:10","guid":{"rendered":"https:\/\/portal.pi.gov.br\/saf\/?page_id=3809"},"modified":"2025-06-23T17:50:42","modified_gmt":"2025-06-23T20:50:42","slug":"superintendentes","status":"publish","type":"page","link":"https:\/\/portal.pi.gov.br\/saf\/superintendentes\/","title":{"rendered":"Superintendentes"},"content":{"rendered":"\n<p><strong>Cl\u00e9bio Jos\u00e9 Coutinho Bento &#8211; Superintendente de A\u00e7\u00f5es de Apoio \u00e0 Agricultura Familiar (SAAAF)<\/strong><\/p>\n\n\n\n<div class=\"wp-block-columns is-layout-flex wp-container-3\">\n<div class=\"wp-block-column is-layout-flow\">\n<figure class=\"wp-block-image size-full is-resized\"><img decoding=\"async\" loading=\"lazy\" src=\"https:\/\/portal.pi.gov.br\/saf\/wp-content\/uploads\/sites\/25\/2025\/02\/WhatsApp-Image-2024-11-29-at-12.45.53-1.jpeg\" alt=\"\" class=\"wp-image-4193\" width=\"289\" height=\"398\" srcset=\"https:\/\/portal.pi.gov.br\/saf\/wp-content\/uploads\/sites\/25\/2025\/02\/WhatsApp-Image-2024-11-29-at-12.45.53-1.jpeg 1856w, https:\/\/portal.pi.gov.br\/saf\/wp-content\/uploads\/sites\/25\/2025\/02\/WhatsApp-Image-2024-11-29-at-12.45.53-1-363x500.jpeg 363w, https:\/\/portal.pi.gov.br\/saf\/wp-content\/uploads\/sites\/25\/2025\/02\/WhatsApp-Image-2024-11-29-at-12.45.53-1-768x1059.jpeg 768w, https:\/\/portal.pi.gov.br\/saf\/wp-content\/uploads\/sites\/25\/2025\/02\/WhatsApp-Image-2024-11-29-at-12.45.53-1-305x420.jpeg 305w, https:\/\/portal.pi.gov.br\/saf\/wp-content\/uploads\/sites\/25\/2025\/02\/WhatsApp-Image-2024-11-29-at-12.45.53-1-392x540.jpeg 392w, https:\/\/portal.pi.gov.br\/saf\/wp-content\/uploads\/sites\/25\/2025\/02\/WhatsApp-Image-2024-11-29-at-12.45.53-1-566x780.jpeg 566w, https:\/\/portal.pi.gov.br\/saf\/wp-content\/uploads\/sites\/25\/2025\/02\/WhatsApp-Image-2024-11-29-at-12.45.53-1-1114x1536.jpeg 1114w, https:\/\/portal.pi.gov.br\/saf\/wp-content\/uploads\/sites\/25\/2025\/02\/WhatsApp-Image-2024-11-29-at-12.45.53-1-1485x2048.jpeg 1485w, https:\/\/portal.pi.gov.br\/saf\/wp-content\/uploads\/sites\/25\/2025\/02\/WhatsApp-Image-2024-11-29-at-12.45.53-1-947x1306.jpeg 947w, https:\/\/portal.pi.gov.br\/saf\/wp-content\/uploads\/sites\/25\/2025\/02\/WhatsApp-Image-2024-11-29-at-12.45.53-1-624x861.jpeg 624w\" sizes=\"(max-width: 289px) 100vw, 289px\" \/><\/figure>\n<\/div>\n\n\n\n<div class=\"wp-block-column is-layout-flow\">\n<p><\/p>\n\n\n\n<p>Engenheiro Agr\u00f4nomo formado pela FACIAGRA e Especialista em Pol\u00edticas P\u00fablicas para o Semi\u00e1rido pela UESPI. Professor Substituto da UESPI no Curso de Agronomia entre 2002 e 2006, Campus Fronteiras e Picos; Extensionista Rural da Secretaria da Assist\u00eancia T\u00e9cnica e Defesa Agropecu\u00e1ria (SADA\/PI) desde 2004; Coordenador Regional do EMATER entre 2008 e 2010; Diretor T\u00e9cnico do EMATER entre 2016 a 2019; Condecorado com a Medalha do M\u00e9rito Agropecu\u00e1rio em 2019; Diretor T\u00e9cnico do PVSA\/SAF-PI, entre 2019 e 2022; Superintendente da SAF desde 2023.<\/p>\n<\/div>\n<\/div>\n\n\n\n<p><\/p>\n\n\n\n<p><strong>Evandro Carlos Miranda Cardoso &#8211; Superintendente de Projetos Territoriais do Norte e do Sul da SAF<\/strong><\/p>\n\n\n\n<div class=\"wp-block-media-text alignwide is-stacked-on-mobile\" style=\"grid-template-columns:35% auto\"><figure class=\"wp-block-media-text__media\"><img decoding=\"async\" loading=\"lazy\" width=\"1066\" height=\"1600\" src=\"https:\/\/portal.pi.gov.br\/saf\/wp-content\/uploads\/sites\/25\/2024\/11\/WhatsApp-Image-2024-11-29-at-10.28.19.jpeg\" alt=\"\" class=\"wp-image-4022 size-full\" srcset=\"https:\/\/portal.pi.gov.br\/saf\/wp-content\/uploads\/sites\/25\/2024\/11\/WhatsApp-Image-2024-11-29-at-10.28.19.jpeg 1066w, https:\/\/portal.pi.gov.br\/saf\/wp-content\/uploads\/sites\/25\/2024\/11\/WhatsApp-Image-2024-11-29-at-10.28.19-333x500.jpeg 333w, https:\/\/portal.pi.gov.br\/saf\/wp-content\/uploads\/sites\/25\/2024\/11\/WhatsApp-Image-2024-11-29-at-10.28.19-768x1153.jpeg 768w, https:\/\/portal.pi.gov.br\/saf\/wp-content\/uploads\/sites\/25\/2024\/11\/WhatsApp-Image-2024-11-29-at-10.28.19-280x420.jpeg 280w, https:\/\/portal.pi.gov.br\/saf\/wp-content\/uploads\/sites\/25\/2024\/11\/WhatsApp-Image-2024-11-29-at-10.28.19-360x540.jpeg 360w, https:\/\/portal.pi.gov.br\/saf\/wp-content\/uploads\/sites\/25\/2024\/11\/WhatsApp-Image-2024-11-29-at-10.28.19-520x780.jpeg 520w, https:\/\/portal.pi.gov.br\/saf\/wp-content\/uploads\/sites\/25\/2024\/11\/WhatsApp-Image-2024-11-29-at-10.28.19-1023x1536.jpeg 1023w, https:\/\/portal.pi.gov.br\/saf\/wp-content\/uploads\/sites\/25\/2024\/11\/WhatsApp-Image-2024-11-29-at-10.28.19-947x1421.jpeg 947w, https:\/\/portal.pi.gov.br\/saf\/wp-content\/uploads\/sites\/25\/2024\/11\/WhatsApp-Image-2024-11-29-at-10.28.19-624x937.jpeg 624w\" sizes=\"(max-width: 1066px) 100vw, 1066px\" \/><\/figure><div class=\"wp-block-media-text__content\">\n<p>\u00c9 Engenheiro Agr\u00f4nomo, graduado pela Universidade Federal Rural da Amaz\u00f4nia \u2013 UFRA (antiga FCAP), Bel\u00e9m-PA, com Especializa\u00e7\u00e3o em Planejamento e Desenvolvimento Municipal Sustent\u00e1vel, pelo Instituto Interamericano de Coopera\u00e7\u00e3o para a Agricultura &#8211; IICA\/OEA e Universidade Estadual do Maranh\u00e3o \u2013 UEMA.<br>Trabalhou em ag\u00eancias de coopera\u00e7\u00e3o internacional como PNUD\/ONU, IICA\/OEA e Fundo NOVIB\/OXFAM, onde participou de trabalhos de avalia\u00e7\u00e3o de Projetos de Coopera\u00e7\u00e3o no Brasil e no Equador; integrou equipe de Consultores encarregados da elabora\u00e7\u00e3o do Plano de A\u00e7\u00f5es Integradas para o Desenvolvimento da Bacia do Rio Parna\u00edba (PLANAP); como Consultor Especialista, comp\u00f4s a equipe do Programa Regional de Desenvolvimento Local Sustent\u00e1vel \u2013 Programa Nordeste Sustent\u00e1vel e Coordenou o Projeto de Coopera\u00e7\u00e3o T\u00e9cnica do IICA com o Governo do Piau\u00ed, que apoiou a execu\u00e7\u00e3o do Projeto Viva o Semi\u00e1rido (FIDA). Coordenou o Estudo de Revis\u00e3o de Meio Termo do Programa de Combate \u00e0 Pobreza Rural do Governo do Piau\u00ed\/Banco Mundial.<br>No Instituto Nacional de Coloniza\u00e7\u00e3o e Reforma Agr\u00e1ria \u2013 INCRA\/MDA, exerceu os cargos de Superintendente Regional no Estado do Piau\u00ed; Coordenador Nacional de Cadastro Rural, na sede, em Bras\u00edlia, onde tamb\u00e9m exerceu as fun\u00e7\u00f5es de Diretor Substituto da Diretoria de Ordenamento da Estrutura Fundi\u00e1ria e Gerenciou, pelo INCRA, a constru\u00e7\u00e3o do novo Sistema Nacional de Cadastro Rural \u2013 SNCR e a Equipe do Projeto CNIR &#8211; Cadastro Nacional de Im\u00f3veis Rurais (INCRA\/RFB).<br>No Servi\u00e7o Brasileiro de Apoio \u00e0s Micro e Pequenas Empresas \u2013 SEBRAE, atuou como Consultor para a \u00e1rea de Desenvolvimento Local Integrado e Sustent\u00e1vel \u2013 DLIS nos estados do Piau\u00ed e Par\u00e1, e no Programa \u00c1gua na Escola.<br>Na Prefeitura de Oeiras do Par\u00e1-PA, exerceu o cargo de Prefeito Municipal, para o mandato de 1993 a 1996.<br>\u00c9 Mediador e Conciliador Judicial junto ao Tribunal de Justi\u00e7a do Estado do Piau\u00ed, formado pela Escola Judici\u00e1ria do TJ Piau\u00ed EJUD\/CNJ, com aperfei\u00e7oamento em media\u00e7\u00e3o de Conflitos Fundi\u00e1rios e de Fam\u00edlia<\/p>\n<\/div><\/div>\n\n\n\n<p><\/p>\n\n\n\n<p><strong>Jairo Chagas J\u00fanior &#8211; Superintendente de Projetos Territoriais do Semi\u00e1rido da SAF<\/strong><\/p>\n\n\n\n<div class=\"wp-block-media-text alignwide is-stacked-on-mobile\" style=\"grid-template-columns:35% auto\"><figure class=\"wp-block-media-text__media\"><img decoding=\"async\" loading=\"lazy\" width=\"1920\" height=\"2560\" src=\"https:\/\/portal.pi.gov.br\/saf\/wp-content\/uploads\/sites\/25\/2024\/11\/WhatsApp-Image-2024-11-29-at-10.28.19-2.jpeg\" alt=\"\" class=\"wp-image-4024 size-full\" srcset=\"https:\/\/portal.pi.gov.br\/saf\/wp-content\/uploads\/sites\/25\/2024\/11\/WhatsApp-Image-2024-11-29-at-10.28.19-2.jpeg 1920w, https:\/\/portal.pi.gov.br\/saf\/wp-content\/uploads\/sites\/25\/2024\/11\/WhatsApp-Image-2024-11-29-at-10.28.19-2-375x500.jpeg 375w, https:\/\/portal.pi.gov.br\/saf\/wp-content\/uploads\/sites\/25\/2024\/11\/WhatsApp-Image-2024-11-29-at-10.28.19-2-768x1024.jpeg 768w, https:\/\/portal.pi.gov.br\/saf\/wp-content\/uploads\/sites\/25\/2024\/11\/WhatsApp-Image-2024-11-29-at-10.28.19-2-315x420.jpeg 315w, https:\/\/portal.pi.gov.br\/saf\/wp-content\/uploads\/sites\/25\/2024\/11\/WhatsApp-Image-2024-11-29-at-10.28.19-2-405x540.jpeg 405w, https:\/\/portal.pi.gov.br\/saf\/wp-content\/uploads\/sites\/25\/2024\/11\/WhatsApp-Image-2024-11-29-at-10.28.19-2-585x780.jpeg 585w, https:\/\/portal.pi.gov.br\/saf\/wp-content\/uploads\/sites\/25\/2024\/11\/WhatsApp-Image-2024-11-29-at-10.28.19-2-1152x1536.jpeg 1152w, https:\/\/portal.pi.gov.br\/saf\/wp-content\/uploads\/sites\/25\/2024\/11\/WhatsApp-Image-2024-11-29-at-10.28.19-2-1536x2048.jpeg 1536w, https:\/\/portal.pi.gov.br\/saf\/wp-content\/uploads\/sites\/25\/2024\/11\/WhatsApp-Image-2024-11-29-at-10.28.19-2-947x1263.jpeg 947w, https:\/\/portal.pi.gov.br\/saf\/wp-content\/uploads\/sites\/25\/2024\/11\/WhatsApp-Image-2024-11-29-at-10.28.19-2-624x832.jpeg 624w\" sizes=\"(max-width: 1920px) 100vw, 1920px\" \/><\/figure><div class=\"wp-block-media-text__content\">\n<p>Ge\u00f3grafo (UFPI), Especialista em Planejamento Urbano e Gest\u00e3o Socioambiental de Cidades (UFPI)<br>Atuou como assessor t\u00e9cnico pela Ag\u00eancia Internacional de Coopera\u00e7\u00e3o T\u00e9cnica Alem\u00e3 (GIZ), tendo trabalhado com povos extrativistas para o fortalecimento dos grupos produtivos e a inser\u00e7\u00e3o dos seus produtos nos mercados. Foi Coordenador Regional do Projeto Articula(a\u00e7\u00e3o) (SENAES\/MTE\/UNITRABALHO) apoiando estados e munic\u00edpios do Norte e Nordeste na inclus\u00e3o socioprodutiva dos catadores e catadoras de materiais recicl\u00e1veis (2013-2016), bem como no Projeto PROCATADOR, implantando Planos de Log\u00edstica Solid\u00e1ria.<br>De 2016 a 2022 foi Assessor T\u00e9cnico na SEPLAN contribuindo na consolida\u00e7\u00e3o do Planejamento Territorial Participativo. Foi tamb\u00e9m Diretor de Estudos Econ\u00f4micos e Sociais (2020) na Superintend\u00eancia de Estudos Econ\u00f4micos e Sociais (CEPRO\/SEPLAN).<br>Atualmente \u00e9 Superintendente de Projetos Territoriais de Desenvolvimento Rural da SAF, coordenando a implanta\u00e7\u00e3o de projetos estrat\u00e9gicos como o Piau\u00ed Sustent\u00e1vel e Inclusivo (PSI), o Pilares II e o Sert\u00e3o Vivo.<\/p>\n<\/div><\/div>\n\n\n\n<p><\/p>\n\n\n\n<p><strong>M\u00e1rcia Mendes &#8211; Diretora de Organiza\u00e7\u00e3o e Mobiliza\u00e7\u00e3o Social da SAF<\/strong><\/p>\n\n\n\n<div class=\"wp-block-columns is-layout-flex wp-container-6\">\n<div class=\"wp-block-column is-layout-flow\">\n<figure class=\"wp-block-image size-full is-resized\"><img decoding=\"async\" loading=\"lazy\" src=\"https:\/\/portal.pi.gov.br\/saf\/wp-content\/uploads\/sites\/25\/2025\/02\/WhatsApp-Image-2024-11-29-at-12.45.54.jpeg\" alt=\"\" class=\"wp-image-4196\" width=\"289\" height=\"391\" srcset=\"https:\/\/portal.pi.gov.br\/saf\/wp-content\/uploads\/sites\/25\/2025\/02\/WhatsApp-Image-2024-11-29-at-12.45.54.jpeg 1183w, https:\/\/portal.pi.gov.br\/saf\/wp-content\/uploads\/sites\/25\/2025\/02\/WhatsApp-Image-2024-11-29-at-12.45.54-370x500.jpeg 370w, https:\/\/portal.pi.gov.br\/saf\/wp-content\/uploads\/sites\/25\/2025\/02\/WhatsApp-Image-2024-11-29-at-12.45.54-768x1039.jpeg 768w, https:\/\/portal.pi.gov.br\/saf\/wp-content\/uploads\/sites\/25\/2025\/02\/WhatsApp-Image-2024-11-29-at-12.45.54-311x420.jpeg 311w, https:\/\/portal.pi.gov.br\/saf\/wp-content\/uploads\/sites\/25\/2025\/02\/WhatsApp-Image-2024-11-29-at-12.45.54-399x540.jpeg 399w, https:\/\/portal.pi.gov.br\/saf\/wp-content\/uploads\/sites\/25\/2025\/02\/WhatsApp-Image-2024-11-29-at-12.45.54-577x780.jpeg 577w, https:\/\/portal.pi.gov.br\/saf\/wp-content\/uploads\/sites\/25\/2025\/02\/WhatsApp-Image-2024-11-29-at-12.45.54-1136x1536.jpeg 1136w, https:\/\/portal.pi.gov.br\/saf\/wp-content\/uploads\/sites\/25\/2025\/02\/WhatsApp-Image-2024-11-29-at-12.45.54-947x1281.jpeg 947w, https:\/\/portal.pi.gov.br\/saf\/wp-content\/uploads\/sites\/25\/2025\/02\/WhatsApp-Image-2024-11-29-at-12.45.54-624x844.jpeg 624w\" sizes=\"(max-width: 289px) 100vw, 289px\" \/><\/figure>\n<\/div>\n\n\n\n<div class=\"wp-block-column is-layout-flow\">\n<p>M\u00e1rcia Mendes \u00e9 natural de Simpl\u00edcio Mendes \u00e9 formada nos cursos de Pedagogia e Servi\u00e7o Social, com especializa\u00e7\u00e3o em Pol\u00edticas P\u00fablicas e Cidadania pela Universidade Estadual do Piau\u00ed (UESPI) e Educa\u00e7\u00e3o, Cidadania e Ruralidades pela Universidade Federal do Piau\u00ed (UFPI).<br>Incialmente atuou como extensionista rural no Instituto de Assist\u00eancia T\u00e9cnica e Extens\u00e3o Rural (Emater), onde participou do Projeto Banco do Nordeste\/PNUD\/ABC, um programa de capacita\u00e7\u00e3o em apoio a implementa\u00e7\u00e3o de projetos associativas de produtores rurais e urbanos, e integrou a equipe estadual de execu\u00e7\u00e3o do Programa Comunidade Ativa, que tinha o objetivo de induzir uma din\u00e2mica de Desenvolvimento Local e Sustent\u00e1vel.<br>Assessora, Supervisora de \u00c1rea de Assentamento e Reforma Agr\u00e1ria, Coordenadora de Ensino e Aprendizagem, Articuladora Estadual das Redes Tem\u00e1ticas de Turismo Rural e Artesanato na Agricultura Familiar, Rede ATER Mulheres Rurais, de Metodologias Participativas na Diretoria de Educa\u00e7\u00e3o e Extens\u00e3o Rural, criando um canal de comunica\u00e7\u00e3o com agricultores e agricultoras rurais: a experi\u00eancia pioneira, Emater TV. Foi Diretora de Planejamento Estrat\u00e9gico e Territorial da Seplan e, atualmente, exerce o cargo de superintendente de A\u00e7\u00f5es Afirmativas e Organiza\u00e7\u00e3o Social da SAF.<br><\/p>\n<\/div>\n<\/div>\n","protected":false},"excerpt":{"rendered":"<p>Cl\u00e9bio Jos\u00e9 Coutinho Bento &#8211; Superintendente de A\u00e7\u00f5es de Apoio \u00e0 Agricultura Familiar (SAAAF) Engenheiro Agr\u00f4nomo formado pela FACIAGRA e Especialista em Pol\u00edticas P\u00fablicas para o Semi\u00e1rido pela UESPI. Professor [&hellip;]<\/p>\n","protected":false},"author":1,"featured_media":0,"parent":0,"menu_order":0,"comment_status":"closed","ping_status":"closed","template":"template-fullwidth.php","meta":[],"featured_image_urls":{"full":"","thumbnail":"","medium":"","medium_large":"","large":"","sgg-420":"","sgg-540":"","sgg-780":"","1536x1536":"","2048x2048":"","homepage-slider":"","homepage-slider-small":"","page-top":"","page-small":"","loop-main":"","thumb-gallery-widget":""},"post_excerpt_stackable":"<p>Cl\u00e9bio Jos\u00e9 Coutinho Bento &#8211; Superintendente de A\u00e7\u00f5es de Apoio \u00e0 Agricultura Familiar (SAAAF) Engenheiro Agr\u00f4nomo formado pela FACIAGRA e Especialista em Pol\u00edticas P\u00fablicas para o Semi\u00e1rido pela UESPI. Professor Substituto da UESPI no Curso de Agronomia entre 2002 e 2006, Campus Fronteiras e Picos; Extensionista Rural da Secretaria da Assist\u00eancia T\u00e9cnica e Defesa Agropecu\u00e1ria (SADA\/PI) desde 2004; Coordenador Regional do EMATER entre 2008 e 2010; Diretor T\u00e9cnico do EMATER entre 2016 a 2019; Condecorado com a Medalha do M\u00e9rito Agropecu\u00e1rio em 2019; Diretor T\u00e9cnico do PVSA\/SAF-PI, entre 2019 e 2022; Superintendente da SAF desde 2023. Evandro Carlos Miranda Cardoso&hellip;<\/p>\n","category_list":"","author_info":{"name":"admin","url":"https:\/\/portal.pi.gov.br\/saf\/author\/admin\/"},"comments_num":"0 coment\u00e1rio","featured_image_urls_v2":{"full":"","thumbnail":"","medium":"","medium_large":"","large":"","sgg-420":"","sgg-540":"","sgg-780":"","1536x1536":"","2048x2048":"","homepage-slider":"","homepage-slider-small":"","page-top":"","page-small":"","loop-main":"","thumb-gallery-widget":""},"post_excerpt_stackable_v2":"<p>Cl\u00e9bio Jos\u00e9 Coutinho Bento &#8211; Superintendente de A\u00e7\u00f5es de Apoio \u00e0 Agricultura Familiar (SAAAF) Engenheiro Agr\u00f4nomo formado pela FACIAGRA e Especialista em Pol\u00edticas P\u00fablicas para o Semi\u00e1rido pela UESPI. Professor Substituto da UESPI no Curso de Agronomia entre 2002 e 2006, Campus Fronteiras e Picos; Extensionista Rural da Secretaria da Assist\u00eancia T\u00e9cnica e Defesa Agropecu\u00e1ria (SADA\/PI) desde 2004; Coordenador Regional do EMATER entre 2008 e 2010; Diretor T\u00e9cnico do EMATER entre 2016 a 2019; Condecorado com a Medalha do M\u00e9rito Agropecu\u00e1rio em 2019; Diretor T\u00e9cnico do PVSA\/SAF-PI, entre 2019 e 2022; Superintendente da SAF desde 2023. Evandro Carlos Miranda Cardoso&hellip;<\/p>\n","category_list_v2":"","author_info_v2":{"name":"admin","url":"https:\/\/portal.pi.gov.br\/saf\/author\/admin\/"},"comments_num_v2":"0 coment\u00e1rio","_links":{"self":[{"href":"https:\/\/portal.pi.gov.br\/saf\/wp-json\/wp\/v2\/pages\/3809"}],"collection":[{"href":"https:\/\/portal.pi.gov.br\/saf\/wp-json\/wp\/v2\/pages"}],"about":[{"href":"https:\/\/portal.pi.gov.br\/saf\/wp-json\/wp\/v2\/types\/page"}],"author":[{"embeddable":true,"href":"https:\/\/portal.pi.gov.br\/saf\/wp-json\/wp\/v2\/users\/1"}],"replies":[{"embeddable":true,"href":"https:\/\/portal.pi.gov.br\/saf\/wp-json\/wp\/v2\/comments?post=3809"}],"version-history":[{"count":7,"href":"https:\/\/portal.pi.gov.br\/saf\/wp-json\/wp\/v2\/pages\/3809\/revisions"}],"predecessor-version":[{"id":4544,"href":"https:\/\/portal.pi.gov.br\/saf\/wp-json\/wp\/v2\/pages\/3809\/revisions\/4544"}],"wp:attachment":[{"href":"https:\/\/portal.pi.gov.br\/saf\/wp-json\/wp\/v2\/media?parent=3809"}],"curies":[{"name":"wp","href":"https:\/\/api.w.org\/{rel}","templated":true}]}}