{"id":5207,"date":"2026-03-04T10:40:45","date_gmt":"2026-03-04T13:40:45","guid":{"rendered":"https:\/\/portal.pi.gov.br\/saf\/?page_id=5207"},"modified":"2026-04-01T20:06:20","modified_gmt":"2026-04-01T23:06:20","slug":"pilares-ii","status":"publish","type":"page","link":"https:\/\/portal.pi.gov.br\/saf\/pilares-ii\/","title":{"rendered":"Pilares II"},"content":{"rendered":"\n<figure class=\"wp-block-image size-full\"><img decoding=\"async\" loading=\"lazy\" width=\"1374\" height=\"774\" src=\"https:\/\/portal.pi.gov.br\/saf\/wp-content\/uploads\/sites\/25\/2026\/03\/SAF_atualizacao-SITE_PILARES-II.jpg.jpeg\" alt=\"\" class=\"wp-image-5212\" srcset=\"https:\/\/portal.pi.gov.br\/saf\/wp-content\/uploads\/sites\/25\/2026\/03\/SAF_atualizacao-SITE_PILARES-II.jpg.jpeg 1374w, https:\/\/portal.pi.gov.br\/saf\/wp-content\/uploads\/sites\/25\/2026\/03\/SAF_atualizacao-SITE_PILARES-II.jpg-500x282.jpeg 500w, https:\/\/portal.pi.gov.br\/saf\/wp-content\/uploads\/sites\/25\/2026\/03\/SAF_atualizacao-SITE_PILARES-II.jpg-768x433.jpeg 768w, https:\/\/portal.pi.gov.br\/saf\/wp-content\/uploads\/sites\/25\/2026\/03\/SAF_atualizacao-SITE_PILARES-II.jpg-420x237.jpeg 420w, https:\/\/portal.pi.gov.br\/saf\/wp-content\/uploads\/sites\/25\/2026\/03\/SAF_atualizacao-SITE_PILARES-II.jpg-540x304.jpeg 540w, https:\/\/portal.pi.gov.br\/saf\/wp-content\/uploads\/sites\/25\/2026\/03\/SAF_atualizacao-SITE_PILARES-II.jpg-780x439.jpeg 780w, https:\/\/portal.pi.gov.br\/saf\/wp-content\/uploads\/sites\/25\/2026\/03\/SAF_atualizacao-SITE_PILARES-II.jpg-947x533.jpeg 947w, https:\/\/portal.pi.gov.br\/saf\/wp-content\/uploads\/sites\/25\/2026\/03\/SAF_atualizacao-SITE_PILARES-II.jpg-624x352.jpeg 624w\" sizes=\"(max-width: 1374px) 100vw, 1374px\" \/><\/figure>\n\n\n\n<p><strong>Projeto Piau\u00ed: Pilares de Crescimento e Inclus\u00e3o Social II (Pilares II) <\/strong><\/p>\n\n\n\n<p>Objetivo Geral: Garantir a seguran\u00e7a fundi\u00e1ria dos agricultores familiares; ampliar a ado\u00e7\u00e3o de pr\u00e1ticas agr\u00edcolas sustent\u00e1veis e climaticamente inteligentes; e fortalecer a gest\u00e3o dos recursos naturais em territ\u00f3rios selecionados (Plan\u00edcie Litor\u00e2nea, Cocais, Carnaubais, Entre Rios, Tabuleiros do Alto Parna\u00edba e Chapada das Mangabeiras).<\/p>\n\n\n\n<p>P\u00fablico \u2013 alvo: Agricultores familiares, assentamentos da reforma agr\u00e1ria, Povos e Comunidades Tradicionais (PCTs), mulheres e jovens.<\/p>\n\n\n\n<p>Benef\u00edcios: T\u00edtulos de terra, planos de investimento produtivo e planos de neg\u00f3cio, assist\u00eancia t\u00e9cnica rural e ambiental e preven\u00e7\u00e3o e controle de inc\u00eandios florestais.<\/p>\n\n\n\n<p>Financiador: Opera\u00e7\u00e3o de Cr\u00e9dito com financiamento do Banco internacional para a reconstru\u00e7\u00e3o e Desenvolvimento (BIRD), realizada e coordenada pela Secretaria de Estado do Planejamento (SEPLAN) no \u00e2mbito da Superintend\u00eancia de Coopera\u00e7\u00e3o T\u00e9cnico-financeira (SUTEF).<\/p>\n\n\n\n<p>Valor: Total de US$62.500.000,00, sendo US$ 50.000.000 (80%) \u2013 BIRD e US$ 12.500.000 (20%) \u2013 Contrapartida do Estado.<\/p>\n\n\n\n<hr class=\"wp-block-separator has-alpha-channel-opacity\" \/>\n\n\n\n<p>Edital de sele\u00e7\u00e3o p\u00fablica de cartas-consulta para elabora\u00e7\u00e3o de planos de investimentos produtivos do Projeto Pilares II<\/p>\n\n\n\n<p><strong><a href=\"https:\/\/portal.pi.gov.br\/saf\/download\/90\/editais-e-licitacoes\/5197\/edital-pilares-ii\">Clique aqui para acessar o EDITAL <\/a><\/strong><\/p>\n\n\n\n<p><strong><a href=\"https:\/\/docs.google.com\/viewer?url=https%3A%2F%2Fportal.pi.gov.br%2Fsaf%2Fwp-admin%2Fadmin-ajax.php%3Fjuwpfisadmin%3Dfalse%26action%3Dwpfd%26task%3Dfile.download%26wpfd_category_id%3D90%26wpfd_file_id%3D5196%26token%3D4b728ddb00218a77a5db1b91193752e6%26preview%3D1&amp;embedded=true\">Clique aqui para acessar o AVISO &#8211; CHAMAMENTO P\u00daBLICO<\/a><\/strong><\/p>\n\n\n\n<p><strong><a href=\"https:\/\/docs.google.com\/viewer?url=https%3A%2F%2Fportal.pi.gov.br%2Fsaf%2Fwp-admin%2Fadmin-ajax.php%3Fjuwpfisadmin%3Dfalse%26action%3Dwpfd%26task%3Dfile.download%26wpfd_category_id%3D90%26wpfd_file_id%3D5198%26token%3D4b728ddb00218a77a5db1b91193752e6%26preview%3D1&amp;embedded=true\">Clique aqui para acessar o TERMO DE REFER\u00caNCIA &#8211; PILARES II<\/a><\/strong><\/p>\n\n\n\n<p><strong><a href=\"https:\/\/sigrp.pi.gov.br\/\">Clique aqui para acessar o Sistema Integrado de Gest\u00e3o de Repasses (SIGRP) para fazer sua inscri\u00e7\u00e3o<\/a><\/strong><\/p>\n\n\n\n<p><strong><a href=\"https:\/\/docs.google.com\/viewer?url=https%3A%2F%2Fportal.pi.gov.br%2Fsaf%2Fwp-admin%2Fadmin-ajax.php%3Fjuwpfisadmin%3Dfalse%26action%3Dwpfd%26task%3Dfile.download%26wpfd_category_id%3D90%26wpfd_file_id%3D5307%26token%3D3092c8c1a279797ead95fa4c24108058%26preview%3D1&amp;embedded=true\">Clique aqui para acessar o aviso de altera\u00e7\u00e3o no cronograma do edital<\/a><\/strong><\/p>\n","protected":false},"excerpt":{"rendered":"<p>Projeto Piau\u00ed: Pilares de Crescimento e Inclus\u00e3o Social II (Pilares II) Objetivo Geral: Garantir a seguran\u00e7a fundi\u00e1ria dos agricultores familiares; ampliar a ado\u00e7\u00e3o de pr\u00e1ticas agr\u00edcolas sustent\u00e1veis e climaticamente inteligentes; [&hellip;]<\/p>\n","protected":false},"author":1832,"featured_media":0,"parent":0,"menu_order":0,"comment_status":"closed","ping_status":"closed","template":"template-fullwidth.php","meta":[],"featured_image_urls":{"full":"","thumbnail":"","medium":"","medium_large":"","large":"","sgg-420":"","sgg-540":"","sgg-780":"","1536x1536":"","2048x2048":"","homepage-slider":"","homepage-slider-small":"","page-top":"","page-small":"","loop-main":"","thumb-gallery-widget":""},"post_excerpt_stackable":"<p>Projeto Piau\u00ed: Pilares de Crescimento e Inclus\u00e3o Social II (Pilares II) Objetivo Geral: Garantir a seguran\u00e7a fundi\u00e1ria dos agricultores familiares; ampliar a ado\u00e7\u00e3o de pr\u00e1ticas agr\u00edcolas sustent\u00e1veis e climaticamente inteligentes; e fortalecer a gest\u00e3o dos recursos naturais em territ\u00f3rios selecionados (Plan\u00edcie Litor\u00e2nea, Cocais, Carnaubais, Entre Rios, Tabuleiros do Alto Parna\u00edba e Chapada das Mangabeiras). P\u00fablico \u2013 alvo: Agricultores familiares, assentamentos da reforma agr\u00e1ria, Povos e Comunidades Tradicionais (PCTs), mulheres e jovens. Benef\u00edcios: T\u00edtulos de terra, planos de investimento produtivo e planos de neg\u00f3cio, assist\u00eancia t\u00e9cnica rural e ambiental e preven\u00e7\u00e3o e controle de inc\u00eandios florestais. Financiador: Opera\u00e7\u00e3o de Cr\u00e9dito com&hellip;<\/p>\n","category_list":"","author_info":{"name":"ETIPI","url":"https:\/\/portal.pi.gov.br\/saf\/author\/pallomagualter\/"},"comments_num":"0 coment\u00e1rio","featured_image_urls_v2":{"full":"","thumbnail":"","medium":"","medium_large":"","large":"","sgg-420":"","sgg-540":"","sgg-780":"","1536x1536":"","2048x2048":"","homepage-slider":"","homepage-slider-small":"","page-top":"","page-small":"","loop-main":"","thumb-gallery-widget":""},"post_excerpt_stackable_v2":"<p>Projeto Piau\u00ed: Pilares de Crescimento e Inclus\u00e3o Social II (Pilares II) Objetivo Geral: Garantir a seguran\u00e7a fundi\u00e1ria dos agricultores familiares; ampliar a ado\u00e7\u00e3o de pr\u00e1ticas agr\u00edcolas sustent\u00e1veis e climaticamente inteligentes; e fortalecer a gest\u00e3o dos recursos naturais em territ\u00f3rios selecionados (Plan\u00edcie Litor\u00e2nea, Cocais, Carnaubais, Entre Rios, Tabuleiros do Alto Parna\u00edba e Chapada das Mangabeiras). P\u00fablico \u2013 alvo: Agricultores familiares, assentamentos da reforma agr\u00e1ria, Povos e Comunidades Tradicionais (PCTs), mulheres e jovens. Benef\u00edcios: T\u00edtulos de terra, planos de investimento produtivo e planos de neg\u00f3cio, assist\u00eancia t\u00e9cnica rural e ambiental e preven\u00e7\u00e3o e controle de inc\u00eandios florestais. Financiador: Opera\u00e7\u00e3o de Cr\u00e9dito com&hellip;<\/p>\n","category_list_v2":"","author_info_v2":{"name":"ETIPI","url":"https:\/\/portal.pi.gov.br\/saf\/author\/pallomagualter\/"},"comments_num_v2":"0 coment\u00e1rio","_links":{"self":[{"href":"https:\/\/portal.pi.gov.br\/saf\/wp-json\/wp\/v2\/pages\/5207"}],"collection":[{"href":"https:\/\/portal.pi.gov.br\/saf\/wp-json\/wp\/v2\/pages"}],"about":[{"href":"https:\/\/portal.pi.gov.br\/saf\/wp-json\/wp\/v2\/types\/page"}],"author":[{"embeddable":true,"href":"https:\/\/portal.pi.gov.br\/saf\/wp-json\/wp\/v2\/users\/1832"}],"replies":[{"embeddable":true,"href":"https:\/\/portal.pi.gov.br\/saf\/wp-json\/wp\/v2\/comments?post=5207"}],"version-history":[{"count":4,"href":"https:\/\/portal.pi.gov.br\/saf\/wp-json\/wp\/v2\/pages\/5207\/revisions"}],"predecessor-version":[{"id":5324,"href":"https:\/\/portal.pi.gov.br\/saf\/wp-json\/wp\/v2\/pages\/5207\/revisions\/5324"}],"wp:attachment":[{"href":"https:\/\/portal.pi.gov.br\/saf\/wp-json\/wp\/v2\/media?parent=5207"}],"curies":[{"name":"wp","href":"https:\/\/api.w.org\/{rel}","templated":true}]}}