{"id":874,"date":"2021-03-03T10:11:22","date_gmt":"2021-03-03T13:11:22","guid":{"rendered":"http:\/\/www2.pi.gov.br\/saf\/?page_id=874"},"modified":"2024-11-08T12:58:46","modified_gmt":"2024-11-08T15:58:46","slug":"apresentacao","status":"publish","type":"page","link":"https:\/\/portal.pi.gov.br\/saf\/apresentacao\/","title":{"rendered":"Apresenta\u00e7\u00e3o"},"content":{"rendered":"\n<p><\/p>\n\n\n\n<figure class=\"wp-block-image size-full\"><img decoding=\"async\" loading=\"lazy\" width=\"2560\" height=\"1404\" src=\"https:\/\/portal.pi.gov.br\/saf\/wp-content\/uploads\/sites\/25\/2024\/07\/fachada-saf-scaled.jpg\" alt=\"\" class=\"wp-image-3608\" srcset=\"https:\/\/portal.pi.gov.br\/saf\/wp-content\/uploads\/sites\/25\/2024\/07\/fachada-saf-scaled.jpg 2560w, https:\/\/portal.pi.gov.br\/saf\/wp-content\/uploads\/sites\/25\/2024\/07\/fachada-saf-500x274.jpg 500w, https:\/\/portal.pi.gov.br\/saf\/wp-content\/uploads\/sites\/25\/2024\/07\/fachada-saf-768x421.jpg 768w, https:\/\/portal.pi.gov.br\/saf\/wp-content\/uploads\/sites\/25\/2024\/07\/fachada-saf-420x230.jpg 420w, https:\/\/portal.pi.gov.br\/saf\/wp-content\/uploads\/sites\/25\/2024\/07\/fachada-saf-540x296.jpg 540w, https:\/\/portal.pi.gov.br\/saf\/wp-content\/uploads\/sites\/25\/2024\/07\/fachada-saf-780x428.jpg 780w, https:\/\/portal.pi.gov.br\/saf\/wp-content\/uploads\/sites\/25\/2024\/07\/fachada-saf-1536x842.jpg 1536w, https:\/\/portal.pi.gov.br\/saf\/wp-content\/uploads\/sites\/25\/2024\/07\/fachada-saf-2048x1123.jpg 2048w, https:\/\/portal.pi.gov.br\/saf\/wp-content\/uploads\/sites\/25\/2024\/07\/fachada-saf-947x519.jpg 947w, https:\/\/portal.pi.gov.br\/saf\/wp-content\/uploads\/sites\/25\/2024\/07\/fachada-saf-624x342.jpg 624w\" sizes=\"(max-width: 2560px) 100vw, 2560px\" \/><\/figure>\n\n\n\n<p><strong>Miss\u00e3o: <\/strong><\/p>\n\n\n\n<p>Promover o Desenvolvimento Rural Sustent\u00e1vel e Solid\u00e1rio, atrav\u00e9s do fortalecimento da Agricultura Familiar,\u00a0 visando o aumento da produ\u00e7\u00e3o agr\u00edcola no Piau\u00ed,\u00a0 a sustentabilidade ambiental e a melhoria da qualidade de vida, da seguran\u00e7a e da soberania alimentar no campo.\u00a0<\/p>\n\n\n\n<p><strong>Vis\u00e3o:<\/strong><\/p>\n\n\n\n<p>Ser refer\u00eancia na promo\u00e7\u00e3o do desenvolvimento rural sustent\u00e1vel e solid\u00e1rio, impulsionando a agricultura familiar no Piau\u00ed e assegurando a qualidade de vida, seguran\u00e7a e soberania alimentar das comunidades rurais.<\/p>\n\n\n\n<p><strong>Valores:<\/strong><\/p>\n\n\n\n<p>&#8211; Sustentabilidade Ambiental: Compromisso com pr\u00e1ticas que respeitem e preservem o meio ambiente, garantindo que o desenvolvimento agr\u00edcola seja equilibrado com a conserva\u00e7\u00e3o dos recursos naturais para as futuras gera\u00e7\u00f5es.<br>&#8211; Inclus\u00e3o e Solidariedade: Valoriza\u00e7\u00e3o da diversidade e promo\u00e7\u00e3o da equidade no campo, com foco na inclus\u00e3o de grupos vulner\u00e1veis e fortalecimento das rela\u00e7\u00f5es comunit\u00e1rias.<br>&#8211; Inova\u00e7\u00e3o e Efici\u00eancia: Busca cont\u00ednua por tecnologias e m\u00e9todos inovadores que aumentem a produtividade e o impacto social das atividades rurais, otimizando o uso de recursos e promovendo a melhoria cont\u00ednua.<br>&#8211; Respeito e Valoriza\u00e7\u00e3o do Conhecimento Local: Reconhecimento e respeito pelas pr\u00e1ticas e saberes tradicionais dos agricultores familiares, promovendo uma integra\u00e7\u00e3o entre o conhecimento local e as tecnologias modernas.<br>&#8211; Compromisso com a Qualidade de Vida: Orienta\u00e7\u00e3o para a\u00e7\u00f5es que visem n\u00e3o s\u00f3 o aumento da produ\u00e7\u00e3o, mas tamb\u00e9m a melhoria das condi\u00e7\u00f5es de vida das fam\u00edlias no campo, com acesso a direitos b\u00e1sicos e seguran\u00e7a alimentar.<br>&#8211; Transpar\u00eancia e \u00c9tica: Atua\u00e7\u00e3o pautada na transpar\u00eancia, responsabilidade e \u00e9tica em todas as a\u00e7\u00f5es, garantindo a confian\u00e7a dos agricultores e da sociedade.<\/p>\n\n\n\n<p><strong>LINHAS DE A\u00c7\u00c3O<\/strong><\/p>\n\n\n\n<p>1 \u2013 Fomento a Produ\u00e7\u00e3o &#8211; Acesso a terra, sementes e mudas, irriga\u00e7\u00e3o, piscicultura, agroind\u00fastrias, Viva o Semi\u00e1rido, Garantia Safra, apoio a organiza\u00e7\u00e3o e consolida\u00e7\u00e3o de c\u00e2maras setoriais e&nbsp; t\u00e9cnicas.<\/p>\n\n\n\n<p>2 &#8211; Estrutura\u00e7\u00e3o dos servi\u00e7os de Ater &#8211; Credenciamento de institui\u00e7\u00f5es de ATER, apoio \u00e0 cria\u00e7\u00e3o da Rede Estadual de Ater e Monitoramento dos Servi\u00e7os.<\/p>\n\n\n\n<p>&nbsp;3 &#8211; Mercado Institucional e Convencional &#8211; Compra Direta da Produ\u00e7\u00e3o Familiar; apoio a realiza\u00e7\u00e3o de feiras livres, exposi\u00e7\u00f5es agropecu\u00e1rias, festivais da produ\u00e7\u00e3o.<\/p>\n\n\n\n<p>&nbsp;4- Infraestruturas Rurais&nbsp;&#8211; Abastecimento de agua, perfura\u00e7\u00e3o de po\u00e7os, barragens, cisternas, matadouros, estradas vicinais, habita\u00e7\u00f5es, mercados p\u00fablicos.<\/p>\n\n\n\n<p>&nbsp;5- 4- Restrutura\u00e7\u00e3o Organizacional &#8211;&nbsp; Defini\u00e7\u00e3o de organograma, elabora\u00e7\u00e3o de regimento interno, implanta\u00e7\u00e3o de sistemas, qualifica\u00e7\u00e3o&nbsp;e capacita\u00e7\u00e3o de pessoal, melhoria da estrutura f\u00edsica.<\/p>\n\n\n\n<p>Art. 39. Compete \u00e0 Secretaria de Agricultura Familiar:<\/p>\n\n\n\n<p>I \u2013 promover o desenvolvimento sustent\u00e1vel do meio rural do Estado do Piau\u00ed atrav\u00e9s de iniciativas que busquem articula\u00e7\u00f5es, planos, programas e projetos de institui\u00e7\u00f5es p\u00fablicas, privadas e n\u00e3o-governamentais;<\/p>\n\n\n\n<p>II \u2013 formular e implementa a\u00e7\u00f5es que visam \u00e0 cria\u00e7\u00e3o de condi\u00e7\u00f5es para o desenvolvimento de comunidades e de associa\u00e7\u00f5es de pequenos produtores rurais, de gera\u00e7\u00e3o de rendas e de alternativas de empregos;<\/p>\n\n\n\n<p>III \u2013 conceber e controlar a pol\u00edtica estadual de coloniza\u00e7\u00e3o;<\/p>\n\n\n\n<p>IV \u2013 promover a expans\u00e3o da oferta de insumos b\u00e1sicos para a agricultura;<\/p>\n\n\n\n<p>V \u2013 estudar e propor medidas visando ao fortalecimento de servi\u00e7os de extens\u00e3o rural;<\/p>\n\n\n\n<p>VI \u2013 proteger o uso e a fertilidade dos solos;<\/p>\n\n\n\n<p>VII \u2013 desenvolver e fortalecer o cooperativismo;<\/p>\n\n\n\n<p>VIII \u2013 realizar, conjuntamente com a Secretaria de Agroneg\u00f3cios, o planejamento agr\u00edcola;<\/p>\n\n\n\n<p>\u00a7 1\u00ba. A Secretaria de Agricultura Familiar ter\u00e1 a seguinte estrutura:<\/p>\n\n\n\n<p>I \u2013 gabinete do Secret\u00e1rio;<\/p>\n\n\n\n<p>II \u2013 unidades de diretorias:<\/p>\n\n\n\n<p>a) diretoria de infraestrutura;<\/p>\n\n\n\n<p>b) diretoria administrativo-financeira;<\/p>\n\n\n\n<p>c) diretoria de defesa agropecu\u00e1ria;<\/p>\n\n\n\n<p>d) diretoria de abastecimento;<\/p>\n\n\n\n<p>e) diretoria de agricultura familiar;<\/p>\n\n\n\n<p>f) diretoria de tecnologia agropecu\u00e1ria;<\/p>\n\n\n\n<p>g) diretoria de desenvolvimento agr\u00e1rio;<\/p>\n\n\n\n<p>III \u2013 assist\u00eancia de servi\u00e7os;<\/p>\n\n\n\n<p>IV \u2013 assessoria t\u00e9cnica;<\/p>\n\n\n\n<p>V \u2013 ger\u00eancias;<\/p>\n\n\n\n<p>VI \u2013 coordena\u00e7\u00f5es;<\/p>\n\n\n\n<p>VII &#8211; supervis\u00f5es.<\/p>\n","protected":false},"excerpt":{"rendered":"<p>Miss\u00e3o: Promover o Desenvolvimento Rural Sustent\u00e1vel e Solid\u00e1rio, atrav\u00e9s do fortalecimento da Agricultura Familiar,\u00a0 visando o aumento da produ\u00e7\u00e3o agr\u00edcola no Piau\u00ed,\u00a0 a sustentabilidade ambiental e a melhoria da qualidade [&hellip;]<\/p>\n","protected":false},"author":1,"featured_media":0,"parent":0,"menu_order":0,"comment_status":"closed","ping_status":"closed","template":"template-fullwidth.php","meta":[],"featured_image_urls":{"full":"","thumbnail":"","medium":"","medium_large":"","large":"","sgg-420":"","sgg-540":"","sgg-780":"","1536x1536":"","2048x2048":"","homepage-slider":"","homepage-slider-small":"","page-top":"","page-small":"","loop-main":"","thumb-gallery-widget":""},"post_excerpt_stackable":"<p>Miss\u00e3o: Promover o Desenvolvimento Rural Sustent\u00e1vel e Solid\u00e1rio, atrav\u00e9s do fortalecimento da Agricultura Familiar,\u00a0 visando o aumento da produ\u00e7\u00e3o agr\u00edcola no Piau\u00ed,\u00a0 a sustentabilidade ambiental e a melhoria da qualidade de vida, da seguran\u00e7a e da soberania alimentar no campo.\u00a0 Vis\u00e3o: Ser refer\u00eancia na promo\u00e7\u00e3o do desenvolvimento rural sustent\u00e1vel e solid\u00e1rio, impulsionando a agricultura familiar no Piau\u00ed e assegurando a qualidade de vida, seguran\u00e7a e soberania alimentar das comunidades rurais. Valores: &#8211; Sustentabilidade Ambiental: Compromisso com pr\u00e1ticas que respeitem e preservem o meio ambiente, garantindo que o desenvolvimento agr\u00edcola seja equilibrado com a conserva\u00e7\u00e3o dos recursos naturais para as futuras&hellip;<\/p>\n","category_list":"","author_info":{"name":"admin","url":"https:\/\/portal.pi.gov.br\/saf\/author\/admin\/"},"comments_num":"0 coment\u00e1rio","featured_image_urls_v2":{"full":"","thumbnail":"","medium":"","medium_large":"","large":"","sgg-420":"","sgg-540":"","sgg-780":"","1536x1536":"","2048x2048":"","homepage-slider":"","homepage-slider-small":"","page-top":"","page-small":"","loop-main":"","thumb-gallery-widget":""},"post_excerpt_stackable_v2":"<p>Miss\u00e3o: Promover o Desenvolvimento Rural Sustent\u00e1vel e Solid\u00e1rio, atrav\u00e9s do fortalecimento da Agricultura Familiar,\u00a0 visando o aumento da produ\u00e7\u00e3o agr\u00edcola no Piau\u00ed,\u00a0 a sustentabilidade ambiental e a melhoria da qualidade de vida, da seguran\u00e7a e da soberania alimentar no campo.\u00a0 Vis\u00e3o: Ser refer\u00eancia na promo\u00e7\u00e3o do desenvolvimento rural sustent\u00e1vel e solid\u00e1rio, impulsionando a agricultura familiar no Piau\u00ed e assegurando a qualidade de vida, seguran\u00e7a e soberania alimentar das comunidades rurais. Valores: &#8211; Sustentabilidade Ambiental: Compromisso com pr\u00e1ticas que respeitem e preservem o meio ambiente, garantindo que o desenvolvimento agr\u00edcola seja equilibrado com a conserva\u00e7\u00e3o dos recursos naturais para as futuras&hellip;<\/p>\n","category_list_v2":"","author_info_v2":{"name":"admin","url":"https:\/\/portal.pi.gov.br\/saf\/author\/admin\/"},"comments_num_v2":"0 coment\u00e1rio","_links":{"self":[{"href":"https:\/\/portal.pi.gov.br\/saf\/wp-json\/wp\/v2\/pages\/874"}],"collection":[{"href":"https:\/\/portal.pi.gov.br\/saf\/wp-json\/wp\/v2\/pages"}],"about":[{"href":"https:\/\/portal.pi.gov.br\/saf\/wp-json\/wp\/v2\/types\/page"}],"author":[{"embeddable":true,"href":"https:\/\/portal.pi.gov.br\/saf\/wp-json\/wp\/v2\/users\/1"}],"replies":[{"embeddable":true,"href":"https:\/\/portal.pi.gov.br\/saf\/wp-json\/wp\/v2\/comments?post=874"}],"version-history":[{"count":8,"href":"https:\/\/portal.pi.gov.br\/saf\/wp-json\/wp\/v2\/pages\/874\/revisions"}],"predecessor-version":[{"id":3915,"href":"https:\/\/portal.pi.gov.br\/saf\/wp-json\/wp\/v2\/pages\/874\/revisions\/3915"}],"wp:attachment":[{"href":"https:\/\/portal.pi.gov.br\/saf\/wp-json\/wp\/v2\/media?parent=874"}],"curies":[{"name":"wp","href":"https:\/\/api.w.org\/{rel}","templated":true}]}}