{"id":880,"date":"2021-03-03T10:17:32","date_gmt":"2021-03-03T13:17:32","guid":{"rendered":"http:\/\/www2.pi.gov.br\/saf\/?page_id=880"},"modified":"2024-05-28T12:04:08","modified_gmt":"2024-05-28T15:04:08","slug":"projeto-viva-o-semiarido-pvsa","status":"publish","type":"page","link":"https:\/\/portal.pi.gov.br\/saf\/projeto-viva-o-semiarido-pvsa\/","title":{"rendered":"Projeto Viva o Semi\u00e1rido &#8211; PVSA"},"content":{"rendered":"\n<figure class=\"wp-block-image size-full\"><img decoding=\"async\" loading=\"lazy\" width=\"1374\" height=\"773\" src=\"https:\/\/portal.pi.gov.br\/saf\/wp-content\/uploads\/sites\/25\/2024\/05\/SAF_atualizacao-SITE_PVSA.jpg\" alt=\"\" class=\"wp-image-3497\" srcset=\"https:\/\/portal.pi.gov.br\/saf\/wp-content\/uploads\/sites\/25\/2024\/05\/SAF_atualizacao-SITE_PVSA.jpg 1374w, https:\/\/portal.pi.gov.br\/saf\/wp-content\/uploads\/sites\/25\/2024\/05\/SAF_atualizacao-SITE_PVSA-500x281.jpg 500w, https:\/\/portal.pi.gov.br\/saf\/wp-content\/uploads\/sites\/25\/2024\/05\/SAF_atualizacao-SITE_PVSA-768x432.jpg 768w, https:\/\/portal.pi.gov.br\/saf\/wp-content\/uploads\/sites\/25\/2024\/05\/SAF_atualizacao-SITE_PVSA-420x236.jpg 420w, https:\/\/portal.pi.gov.br\/saf\/wp-content\/uploads\/sites\/25\/2024\/05\/SAF_atualizacao-SITE_PVSA-540x304.jpg 540w, https:\/\/portal.pi.gov.br\/saf\/wp-content\/uploads\/sites\/25\/2024\/05\/SAF_atualizacao-SITE_PVSA-780x439.jpg 780w, https:\/\/portal.pi.gov.br\/saf\/wp-content\/uploads\/sites\/25\/2024\/05\/SAF_atualizacao-SITE_PVSA-947x533.jpg 947w, https:\/\/portal.pi.gov.br\/saf\/wp-content\/uploads\/sites\/25\/2024\/05\/SAF_atualizacao-SITE_PVSA-624x351.jpg 624w\" sizes=\"(max-width: 1374px) 100vw, 1374px\" \/><\/figure>\n\n\n\n<p>O Projeto Viva o Semi\u00e1rido \u2013 PVSA resulta de Acordo de Empr\u00e9stimo firmado entre o Governo do Estado do Piau\u00ed e o Fundo Internacional de Desenvolvimento Agr\u00edcola \u2013 FIDA. O PVSA, tem como objetivo geral contribuir para a redu\u00e7\u00e3o da pobreza e dos n\u00edveis de extrema pobreza da popula\u00e7\u00e3o rural do semi\u00e1rido piauiense por meio do incremento das atividades produtivas predominantes e do fortalecimento organizacional dos produtores rurais.<\/p>\n\n\n\n<p>O projeto atua em&nbsp;89 munic\u00edpios&nbsp;de cinco territ\u00f3rios do Piau\u00ed: Vale do Sambito (15 munic\u00edpios), Vale do Rio Guaribas (23), Vale do Rio Canind\u00e9 (17), Serra da Capivara (18) e Chapada vale do Rio Itaim (16).&nbsp; Os investimentos s\u00e3o destinados a planos de neg\u00f3cios voltados para as atividades da&nbsp;apicultura, ovinocaprinocultura, cajucultura, piscicultura, avicultura, quintais produtivos, suinocultura, mandiocultura, irriga\u00e7\u00e3o e artesanato.<\/p>\n\n\n\n<p>Como seu p\u00fablico priorit\u00e1rio foi definido as Associa\u00e7\u00f5es Comunit\u00e1rias de Agricultores \/ Agricultoras Familiares e dentre essas, prioritariamente, o p\u00fablico formado por quilombolas, jovens e mulheres. Produtores (as) rurais com interesses comuns, organizados em entidades legalmente constitu\u00eddas, como Associa\u00e7\u00f5es e Cooperativas.<\/p>\n\n\n\n<p><\/p>\n\n\n\n<p><strong>V\u00cdDEO INSTITUCIONAL <\/strong><\/p>\n\n\n\n<figure class=\"wp-block-embed is-type-video is-provider-youtube wp-block-embed-youtube wp-embed-aspect-16-9 wp-has-aspect-ratio\"><div class=\"wp-block-embed__wrapper\">\n<iframe loading=\"lazy\" title=\"Projeto Viva o Semi\u00e1rido - Piau\u00ed\" width=\"887\" height=\"499\" src=\"https:\/\/www.youtube.com\/embed\/AfSBrfJvxyw?feature=oembed\" frameborder=\"0\" allow=\"accelerometer; autoplay; clipboard-write; encrypted-media; gyroscope; picture-in-picture\" allowfullscreen><\/iframe>\n<\/div><\/figure>\n\n\n\n<p><strong>PRINCIPAIS A\u00c7\u00d5ES DO PROJETO PVSA<\/strong><\/p>\n\n\n\n<p>&nbsp;A) Desenvolvimento Produtivo:<\/p>\n\n\n\n<p>-Organiza\u00e7\u00e3o de Associa\u00e7\u00f5es e&nbsp; Benefici\u00e1rios<\/p>\n\n\n\n<p>-Assist\u00eancia T\u00e9cnica<\/p>\n\n\n\n<p>-Financiamento de Investimentos Produtivos (Plano de Neg\u00f3cio \u2013 PN)<\/p>\n\n\n\n<p>B) Desenvolvimento Social e Humano:<\/p>\n\n\n\n<p>-Educa\u00e7\u00e3o Contextualizada no Semi\u00e1rido<\/p>\n\n\n\n<p>-Educa\u00e7\u00e3o T\u00e9cnica e Vocacional dos jovens rurais<\/p>\n\n\n\n<p>-Comunica\u00e7\u00e3o e Divulga\u00e7\u00e3o<\/p>\n\n\n\n<p><\/p>\n\n\n\n<p><\/p>\n\n\n\n<p><strong>A\u00c7\u00d5ES DO PROGRAMA <\/strong><\/p>\n\n\n\n<figure class=\"wp-block-embed is-type-video is-provider-youtube wp-block-embed-youtube wp-embed-aspect-16-9 wp-has-aspect-ratio\"><div class=\"wp-block-embed__wrapper\">\n<iframe loading=\"lazy\" title=\"A\u00c7\u00d5ES DO PROJETO VIVA O SEMI\u00c1RIDO\" width=\"887\" height=\"499\" src=\"https:\/\/www.youtube.com\/embed\/fHM10t-RjyQ?feature=oembed\" frameborder=\"0\" allow=\"accelerometer; autoplay; clipboard-write; encrypted-media; gyroscope; picture-in-picture\" allowfullscreen><\/iframe>\n<\/div><\/figure>\n\n\n\n<p><strong>CRIT\u00c9RIOS DE SELE\u00c7\u00c3O DOS BENEFICI\u00c1RIOS DO PROJETO<\/strong><\/p>\n\n\n\n<p>Podem receber os benef\u00edcios do PVSA os (as) cidad\u00e3os (\u00e3s) que atendem os seguintes crit\u00e9rios:<\/p>\n\n\n\n<ul>\n<li>Ser produtor rural e residente nos munic\u00edpios de atua\u00e7\u00e3o do projeto;<\/li>\n\n\n\n<li>Tenha trabalho familiar como base da explora\u00e7\u00e3o do estabelecimento;<\/li>\n\n\n\n<li>Desenvolver atividades produtivas agr\u00edcolas e n\u00e3o agr\u00edcolas de forma associativa vinculada aos arranjos produtivos apoiados pelo projeto;<\/li>\n\n\n\n<li>Ser jovem rural, com prioridades para a faixa et\u00e1ria de 16 a 29 anos;<\/li>\n\n\n\n<li>Ser produtora rural, com prioridade para as que forem chefe de fam\u00edlia;<\/li>\n\n\n\n<li>Pertencer aos grupos \u00e9tnicos quilombolas;<\/li>\n\n\n\n<li>Possuir, no m\u00e1ximo 04 (quatro) m\u00f3dulos fiscais;<\/li>\n\n\n\n<li>Explorar a terra na condi\u00e7\u00e3o de propriet\u00e1rio, posseiro, arrendat\u00e1rio, parceiro ou concession\u00e1rio do PNRA.<\/li>\n\n\n\n<li>Ser participante de organiza\u00e7\u00f5es produtivas com personalidade jur\u00eddica;<\/li>\n\n\n\n<li>Ser participante de organiza\u00e7\u00f5es rurais que contemplem mulheres, jovens e grupos \u00e9tnicos;<\/li>\n<\/ul>\n\n\n\n<p><strong>ACESSO AOS SERVI\u00c7OS DO PROJETO<\/strong><\/p>\n\n\n\n<p>O Projeto financiar\u00e1 investimentos produtivos rurais, assist\u00eancia &nbsp;e capacita\u00e7\u00e3o t\u00e9cnica,&nbsp; qualifica\u00e7\u00e3o profissional e educa\u00e7\u00e3o contextualizada para conviv\u00eancia com o Semi\u00e1rido, atrav\u00e9s do acesso aos investimentos produtivos dos Planos de Neg\u00f3cios e Fortalecimento Organizacional com o seu respectivo plano de assist\u00eancia t\u00e9cnica. As a\u00e7\u00f5es de Educa\u00e7\u00e3o Contextualizada para o Semi\u00e1rido e as de Qualifica\u00e7\u00e3o Profissional ser\u00e3o executadas pelas institui\u00e7\u00f5es co-executoras SEDUC e SETRE deacordo como foco do projeto.<\/p>\n\n\n\n<p><strong>ENTIDADES APTAS A PARTICIPAREM DO PROJETO<\/strong><\/p>\n\n\n\n<p><strong>&nbsp;<\/strong>As entidades eleg\u00edveis para fins de habilita\u00e7\u00e3o junto ao Projeto ter\u00e3o que preencher os seguintes requisitos:<\/p>\n\n\n\n<p>\u00b7&nbsp;Ter no m\u00ednimo dois anos de pleno funcionamento;<\/p>\n\n\n\n<p>\u00b7&nbsp;Estar adimplente junto ao fisco municipal, estadual e federal, bem como em dia com as obriga\u00e7\u00f5es estabelecidas no estatuto;<\/p>\n\n\n\n<p>\u00b7&nbsp;Deve estar habilitada \u00e0s exig\u00eancias do SISCOM \u2013 Sistema de Gest\u00e3o de Conv\u00eanio \u2013 certid\u00e3o de habilita\u00e7\u00e3o plena.<\/p>\n\n\n\n<p><strong>SERVI\u00c7OS DE QUALIFICA\u00c7\u00c3O PROFISSIONAL<\/strong><\/p>\n\n\n\n<p><strong>&nbsp;<\/strong>Ter\u00e3o acesso os jovens rurais, com prioridade para faixa et\u00e1ria de 16 a 29 anos que se enquadrem nos seguintes crit\u00e9rios:<\/p>\n\n\n\n<ul>\n<li>&nbsp;1.&nbsp;&nbsp;&nbsp; Ser mulher e chefe de fam\u00edlia;<\/li>\n\n\n\n<li>2.&nbsp;&nbsp;&nbsp; Ser quilombola;<\/li>\n\n\n\n<li>3.&nbsp;&nbsp;&nbsp; Ser estudante dos \u00faltimos anos (8\u00ba e 9\u00ba) do ensino fundamental ou &nbsp;do Ensino m\u00e9dio da rede p\u00fablica Estadual e Federal;<\/li>\n\n\n\n<li>4.&nbsp;&nbsp;&nbsp; Ter conclu\u00eddo ou n\u00e3o a forma\u00e7\u00e3o b\u00e1sica (ensino Fundamental e M\u00e9dio);<\/li>\n\n\n\n<li>5.&nbsp;&nbsp;&nbsp; Ser filho de produtor rural, apoiado pelas a\u00e7\u00f5es produtivas do Projeto e ter potencial empreendedor.<\/li>\n<\/ul>\n\n\n\n<p>&nbsp;<strong>SERVI\u00c7OS DE EDUCA\u00c7\u00c3O CONTEXTUALIZADA PARA CONVIV\u00caNCIA COM O SEMI\u00c1RIDO.<\/strong><\/p>\n\n\n\n<p><strong>&nbsp;<\/strong>Participar\u00e3o do Projeto 100 escolas p\u00fablicas rurais em 50 munic\u00edpios localizados nos quatro territ\u00f3rios de atua\u00e7\u00e3o do Projeto, que dever\u00e3o atender os seguintes crit\u00e9rios:<\/p>\n\n\n\n<p>1.&nbsp;&nbsp;&nbsp;&nbsp;Estar localizada preferencialmente nas comunidades apoiadas pelo Projeto ou em comunidades quilombolas;<\/p>\n\n\n\n<p>2.&nbsp;&nbsp;&nbsp;&nbsp;Ser uma EFA (Escola Fam\u00edlia Agr\u00edcola) ou uma Escola Agrot\u00e9cnica localizada nos munic\u00edpios priorizados.<\/p>\n\n\n\n<p>3.&nbsp;&nbsp;&nbsp;&nbsp;Ter participa\u00e7\u00e3o de sua dire\u00e7\u00e3o e seus professores no processo de formula\u00e7\u00e3o e na execu\u00e7\u00e3o das a\u00e7\u00f5es de Educa\u00e7\u00e3o Contextualizada para a Conviv\u00eancia com o Semi\u00e1rido;<\/p>\n\n\n\n<p>4.&nbsp;&nbsp;&nbsp;&nbsp;Requerer a ades\u00e3o formal \u00e0 introdu\u00e7\u00e3o da Educa\u00e7\u00e3o Contextualizada para a Conviv\u00eancia com o Semi\u00e1rido por meio de Termo de Compromisso a ser assinado pela UGP\/SEDUC e pela municipalidade.<\/p>\n\n\n\n<p>5.&nbsp;&nbsp;&nbsp;&nbsp;Ser uma escola municipal ou estadual &nbsp;do Ensino Fundamental e&nbsp; M\u00e9dio;<\/p>\n\n\n\n<p>6.&nbsp;&nbsp;&nbsp;&nbsp;Ser uma escola municipal ou estadual de Ensino Fundamental com maior n\u00famero de alunos matriculados;<\/p>\n\n\n\n<p>7.&nbsp;&nbsp;&nbsp;&nbsp;Ser uma escola municipal ou estadual que tenha maior n\u00famero de professores.<\/p>\n\n\n\n<p><strong>&nbsp;CONDI\u00c7\u00d5ES PARA IMPLANTA\u00c7\u00c3O DO SISTEMA PAIS<\/strong><\/p>\n\n\n\n<p><strong>&nbsp;<\/strong>A implanta\u00e7\u00e3o do Sistema Pais se dar\u00e1 em 64 escolas da rede p\u00fablica de ensino selecionadas segundo os crit\u00e9rios mencionados, atendendo \u00e0s seguintes condi\u00e7\u00f5es:<\/p>\n\n\n\n<p>\u00b7&nbsp;Ser uma escola com oferta permanente de \u00e1gua em quantidade que atenda \u00e0 necessidade de funcionamento do Sistema<\/p>\n\n\n\n<p>. Ter uma \u00e1rea m\u00ednima de 5.000m<sup>2<\/sup>&nbsp;dispon\u00edvel para a implanta\u00e7\u00e3o do Sistema ou \u00e1rea comunit\u00e1ria onde more a maioria dos alunos, desde que seja gerida de forma coletiva por uma associa\u00e7\u00e3o comunit\u00e1ria, comunidade escolar e\/ou um grupo de produtor solid\u00e1rio.<\/p>\n\n\n\n<p>\u00b7&nbsp;&nbsp;Ter a topografia favor\u00e1vel (plana).<\/p>\n\n\n\n<p>Contatos:<\/p>\n\n\n\n<p><strong>Francisco das Chagas Ribeiro Filho (Chic\u00e3o)<\/strong><\/p>\n\n\n\n<p><em>Superintendente de Desenvolvimento Rural<\/em><\/p>\n\n\n\n<p><strong>Contato: <\/strong>(86) 98876 &#8211; 4244<\/p>\n\n\n\n<p><strong>E-mail: <\/strong><a href=\"mailto:chicaorf@bol.com.br\">chicaorf@bol.com.br<\/a><\/p>\n\n\n\n<p><strong>Clebio Jos\u00e9 Coutinho Bento<\/strong><\/p>\n\n\n\n<p><em>D<\/em><em>iretor T\u00e9cnico do Projeto Viva o Semi\u00e1rido<\/em><\/p>\n\n\n\n<p><strong>Contato: <\/strong>(89) 9 9906- 2714<\/p>\n\n\n\n<p><strong>E-mail:<\/strong> <a href=\"mailto:clebio.jose@saf.pi.gov.br\">clebio.jose@saf.pi.gov.br<\/a><strong><\/strong><\/p>\n","protected":false},"excerpt":{"rendered":"<p>O Projeto Viva o Semi\u00e1rido \u2013 PVSA resulta de Acordo de Empr\u00e9stimo firmado entre o Governo do Estado do Piau\u00ed e o Fundo Internacional de Desenvolvimento Agr\u00edcola \u2013 FIDA. O [&hellip;]<\/p>\n","protected":false},"author":1,"featured_media":0,"parent":0,"menu_order":0,"comment_status":"closed","ping_status":"closed","template":"template-fullwidth.php","meta":[],"featured_image_urls":{"full":"","thumbnail":"","medium":"","medium_large":"","large":"","sgg-420":"","sgg-540":"","sgg-780":"","1536x1536":"","2048x2048":"","homepage-slider":"","homepage-slider-small":"","page-top":"","page-small":"","loop-main":"","thumb-gallery-widget":""},"post_excerpt_stackable":"<p>O Projeto Viva o Semi\u00e1rido \u2013 PVSA resulta de Acordo de Empr\u00e9stimo firmado entre o Governo do Estado do Piau\u00ed e o Fundo Internacional de Desenvolvimento Agr\u00edcola \u2013 FIDA. O PVSA, tem como objetivo geral contribuir para a redu\u00e7\u00e3o da pobreza e dos n\u00edveis de extrema pobreza da popula\u00e7\u00e3o rural do semi\u00e1rido piauiense por meio do incremento das atividades produtivas predominantes e do fortalecimento organizacional dos produtores rurais. O projeto atua em&nbsp;89 munic\u00edpios&nbsp;de cinco territ\u00f3rios do Piau\u00ed: Vale do Sambito (15 munic\u00edpios), Vale do Rio Guaribas (23), Vale do Rio Canind\u00e9 (17), Serra da Capivara (18) e Chapada vale do&hellip;<\/p>\n","category_list":"","author_info":{"name":"admin","url":"https:\/\/portal.pi.gov.br\/saf\/author\/admin\/"},"comments_num":"0 coment\u00e1rio","featured_image_urls_v2":{"full":"","thumbnail":"","medium":"","medium_large":"","large":"","sgg-420":"","sgg-540":"","sgg-780":"","1536x1536":"","2048x2048":"","homepage-slider":"","homepage-slider-small":"","page-top":"","page-small":"","loop-main":"","thumb-gallery-widget":""},"post_excerpt_stackable_v2":"<p>O Projeto Viva o Semi\u00e1rido \u2013 PVSA resulta de Acordo de Empr\u00e9stimo firmado entre o Governo do Estado do Piau\u00ed e o Fundo Internacional de Desenvolvimento Agr\u00edcola \u2013 FIDA. O PVSA, tem como objetivo geral contribuir para a redu\u00e7\u00e3o da pobreza e dos n\u00edveis de extrema pobreza da popula\u00e7\u00e3o rural do semi\u00e1rido piauiense por meio do incremento das atividades produtivas predominantes e do fortalecimento organizacional dos produtores rurais. O projeto atua em&nbsp;89 munic\u00edpios&nbsp;de cinco territ\u00f3rios do Piau\u00ed: Vale do Sambito (15 munic\u00edpios), Vale do Rio Guaribas (23), Vale do Rio Canind\u00e9 (17), Serra da Capivara (18) e Chapada vale do&hellip;<\/p>\n","category_list_v2":"","author_info_v2":{"name":"admin","url":"https:\/\/portal.pi.gov.br\/saf\/author\/admin\/"},"comments_num_v2":"0 coment\u00e1rio","_links":{"self":[{"href":"https:\/\/portal.pi.gov.br\/saf\/wp-json\/wp\/v2\/pages\/880"}],"collection":[{"href":"https:\/\/portal.pi.gov.br\/saf\/wp-json\/wp\/v2\/pages"}],"about":[{"href":"https:\/\/portal.pi.gov.br\/saf\/wp-json\/wp\/v2\/types\/page"}],"author":[{"embeddable":true,"href":"https:\/\/portal.pi.gov.br\/saf\/wp-json\/wp\/v2\/users\/1"}],"replies":[{"embeddable":true,"href":"https:\/\/portal.pi.gov.br\/saf\/wp-json\/wp\/v2\/comments?post=880"}],"version-history":[{"count":22,"href":"https:\/\/portal.pi.gov.br\/saf\/wp-json\/wp\/v2\/pages\/880\/revisions"}],"predecessor-version":[{"id":3498,"href":"https:\/\/portal.pi.gov.br\/saf\/wp-json\/wp\/v2\/pages\/880\/revisions\/3498"}],"wp:attachment":[{"href":"https:\/\/portal.pi.gov.br\/saf\/wp-json\/wp\/v2\/media?parent=880"}],"curies":[{"name":"wp","href":"https:\/\/api.w.org\/{rel}","templated":true}]}}