{"id":886,"date":"2021-03-03T10:19:16","date_gmt":"2021-03-03T13:19:16","guid":{"rendered":"http:\/\/www2.pi.gov.br\/saf\/?page_id=886"},"modified":"2021-06-13T15:15:40","modified_gmt":"2021-06-13T18:15:40","slug":"progere-ii","status":"publish","type":"page","link":"https:\/\/portal.pi.gov.br\/saf\/progere-ii\/","title":{"rendered":"PROGERE II"},"content":{"rendered":"\n<div class=\"wp-block-image is-style-default\"><figure class=\"aligncenter size-large is-resized\"><img decoding=\"async\" loading=\"lazy\" src=\"http:\/\/portal.pi.gov.br\/saf\/wp-content\/uploads\/sites\/25\/2021\/06\/PROGERE-22222.jpg\" alt=\"\" class=\"wp-image-1115\" width=\"606\" height=\"340\" \/><\/figure><\/div>\n\n\n\n<p>Sobre o programa<\/p>\n\n\n\n<p>O Programa de Gera\u00e7\u00e3o de Emprego e Renda no Meio Rural &#8211; PROGERE II faz parte do Projeto Pilares de Crescimento e Inclus\u00e3o Social, atrav\u00e9s do acordo de empr\u00e9stimo com o Banco Mundial. Executado pela Secretaria de Estado da agricultura Familiar &#8211; SAF, tem como&nbsp;objetivo aumentar a renda dos(as) pequenos(as) produtores(as)&nbsp; rurais em situa\u00e7\u00e3o de pobreza.<\/p>\n\n\n\n<p>O Programa tem como visa atender diretamente fam\u00edlias rurais, de baixa renda, em 68 munic\u00edpios de tr\u00eas Territ\u00f3rios de Desenvolvimento do Estado, sendo eles: Territ\u00f3rio dos Cocais, Carnaubais e Entre Rios, atrav\u00e9s de tr\u00eas linhas de a\u00e7\u00f5es:<\/p>\n\n\n\n<p>\u00b7&nbsp;&nbsp;A concess\u00e3o de incentivos financeiros para a implanta\u00e7\u00e3o de Planos de Investimento Produtivos, visando aumento da produ\u00e7\u00e3o, aumento da produtividade, racionaliza\u00e7\u00e3o e efici\u00eancia do uso de recursos naturais e energ\u00e9ticos, prote\u00e7\u00e3o ambiental e acesso aos mercados pelos benefici\u00e1rios selecionados pelas organiza\u00e7\u00f5es comunit\u00e1rias;<\/p>\n\n\n\n<p>\u00b7&nbsp;&nbsp;Melhoria das Capacidades T\u00e9cnicas e Interven\u00e7\u00f5es para uso associativo a gerenciamento pelas entidades representativas, aquisi\u00e7\u00e3o de equipamentos, contrata\u00e7\u00e3o de servi\u00e7os de assist\u00eancia t\u00e9cnica;<\/p>\n\n\n\n<p>\u00b7&nbsp;&nbsp;Gerenciamento, Monitoramento e Avalia\u00e7\u00e3o de todo o processo permitindo maior transpar\u00eancia e efici\u00eancia na gest\u00e3o do Programa. Desse modo, o Programa incentiva a participa\u00e7\u00e3o dos(as) &nbsp;benefici\u00e1rios(as) &nbsp;em todo o processo decis\u00f3rio, incluindo a prepara\u00e7\u00e3o, implementa\u00e7\u00e3o e fiscaliza\u00e7\u00e3o dos projetos.<\/p>\n\n\n\n<p>O programa conta em sua estrutura com tr\u00eas Unidades de Gerenciamento Regionais, sendo uma em cada territ\u00f3rio que conta com a presen\u00e7a de um consultor de cadeia em cada uma dessas unidades, na unidade de gestora do programa em&nbsp; Teresina o programa conta ainda uma consultora de gest\u00e3o ambiental, uma consultora de g\u00eanero e gera\u00e7\u00e3o, um consultor analista de sistemas, uma consultora de comunidades tradicionais e mais dois servidores e conta ainda com a estrutura da SAF para o bom andamento de suas a\u00e7\u00f5es.<\/p>\n\n\n\n<p>Com trinta e um projetos em implanta\u00e7\u00e3o em atendimento a 644 fam\u00edlias at\u00e9 janeiro de 2021, Governo do Estado totaliza o investimento de R$4.722.523,54 (Quatro milh\u00f5es, setecentos e vinte e dois mil, quinhentos e vinte e tr\u00eas reais e cinq\u00fcenta e quatro centavos) nas cadeias produtivas da ovino, caprino, artesanato, mandiocultura, apicultura e em quintais produtivos.<\/p>\n\n\n\n<p>O Manual de Opera\u00e7\u00f5es se aplica \u00e0 segunda etapa do PROGERE (Progere 2) estabelecida pela Portaria Normatizadora N\u00ba 040\/2014- SDR de 09 de julho de 2014 modificada pela Portaria Normatizadora N\u00ba 60\/2015 &#8211; SDR de 07 de julho de 2015<\/p>\n\n\n\n<div class=\"wp-block-file\"><a href=\"http:\/\/portal.pi.gov.br\/saf\/wp-content\/uploads\/sites\/25\/2021\/06\/Mop-do-PROGERE-II.pdf\"><strong><strong>VEJA O MOP PROGERE II NA \u00cdNTEGRA<\/strong><\/strong><\/a><a href=\"http:\/\/portal.pi.gov.br\/saf\/wp-content\/uploads\/sites\/25\/2021\/06\/Mop-do-PROGERE-II.pdf\" class=\"wp-block-file__button\" download>Baixar<\/a><\/div>\n\n\n\n<p>Contato:<\/p>\n\n\n\n<p><strong>Jana\u00edna Barros Siqueira Mendes<\/strong><\/p>\n\n\n\n<p>Diretora de Inclus\u00e3o Produtiva<\/p>\n\n\n\n<p>Telefone: 86 994050617<\/p>\n\n\n\n<p>E-mail: <a href=\"mailto:jana\u00edna.barros@saf.pi.gov.br\">jana\u00edna.barros@saf.pi.gov.br<\/a> \/&nbsp; <a href=\"mailto:janainagrobarros@gmail.com\">janainagrobarros@gmail.com<\/a><\/p>\n","protected":false},"excerpt":{"rendered":"<p>Sobre o programa O Programa de Gera\u00e7\u00e3o de Emprego e Renda no Meio Rural &#8211; PROGERE II faz parte do Projeto Pilares de Crescimento e Inclus\u00e3o Social, atrav\u00e9s do acordo [&hellip;]<\/p>\n","protected":false},"author":1,"featured_media":0,"parent":0,"menu_order":0,"comment_status":"closed","ping_status":"closed","template":"template-fullwidth.php","meta":[],"featured_image_urls":{"full":"","thumbnail":"","medium":"","medium_large":"","large":"","sgg-420":"","sgg-540":"","sgg-780":"","1536x1536":"","2048x2048":"","homepage-slider":"","homepage-slider-small":"","page-top":"","page-small":"","loop-main":"","thumb-gallery-widget":""},"post_excerpt_stackable":"<p>Sobre o programa O Programa de Gera\u00e7\u00e3o de Emprego e Renda no Meio Rural &#8211; PROGERE II faz parte do Projeto Pilares de Crescimento e Inclus\u00e3o Social, atrav\u00e9s do acordo de empr\u00e9stimo com o Banco Mundial. Executado pela Secretaria de Estado da agricultura Familiar &#8211; SAF, tem como&nbsp;objetivo aumentar a renda dos(as) pequenos(as) produtores(as)&nbsp; rurais em situa\u00e7\u00e3o de pobreza. O Programa tem como visa atender diretamente fam\u00edlias rurais, de baixa renda, em 68 munic\u00edpios de tr\u00eas Territ\u00f3rios de Desenvolvimento do Estado, sendo eles: Territ\u00f3rio dos Cocais, Carnaubais e Entre Rios, atrav\u00e9s de tr\u00eas linhas de a\u00e7\u00f5es: \u00b7&nbsp;&nbsp;A concess\u00e3o de incentivos&hellip;<\/p>\n","category_list":"","author_info":{"name":"admin","url":"https:\/\/portal.pi.gov.br\/saf\/author\/admin\/"},"comments_num":"0 coment\u00e1rio","featured_image_urls_v2":{"full":"","thumbnail":"","medium":"","medium_large":"","large":"","sgg-420":"","sgg-540":"","sgg-780":"","1536x1536":"","2048x2048":"","homepage-slider":"","homepage-slider-small":"","page-top":"","page-small":"","loop-main":"","thumb-gallery-widget":""},"post_excerpt_stackable_v2":"<p>Sobre o programa O Programa de Gera\u00e7\u00e3o de Emprego e Renda no Meio Rural &#8211; PROGERE II faz parte do Projeto Pilares de Crescimento e Inclus\u00e3o Social, atrav\u00e9s do acordo de empr\u00e9stimo com o Banco Mundial. Executado pela Secretaria de Estado da agricultura Familiar &#8211; SAF, tem como&nbsp;objetivo aumentar a renda dos(as) pequenos(as) produtores(as)&nbsp; rurais em situa\u00e7\u00e3o de pobreza. O Programa tem como visa atender diretamente fam\u00edlias rurais, de baixa renda, em 68 munic\u00edpios de tr\u00eas Territ\u00f3rios de Desenvolvimento do Estado, sendo eles: Territ\u00f3rio dos Cocais, Carnaubais e Entre Rios, atrav\u00e9s de tr\u00eas linhas de a\u00e7\u00f5es: \u00b7&nbsp;&nbsp;A concess\u00e3o de incentivos&hellip;<\/p>\n","category_list_v2":"","author_info_v2":{"name":"admin","url":"https:\/\/portal.pi.gov.br\/saf\/author\/admin\/"},"comments_num_v2":"0 coment\u00e1rio","_links":{"self":[{"href":"https:\/\/portal.pi.gov.br\/saf\/wp-json\/wp\/v2\/pages\/886"}],"collection":[{"href":"https:\/\/portal.pi.gov.br\/saf\/wp-json\/wp\/v2\/pages"}],"about":[{"href":"https:\/\/portal.pi.gov.br\/saf\/wp-json\/wp\/v2\/types\/page"}],"author":[{"embeddable":true,"href":"https:\/\/portal.pi.gov.br\/saf\/wp-json\/wp\/v2\/users\/1"}],"replies":[{"embeddable":true,"href":"https:\/\/portal.pi.gov.br\/saf\/wp-json\/wp\/v2\/comments?post=886"}],"version-history":[{"count":5,"href":"https:\/\/portal.pi.gov.br\/saf\/wp-json\/wp\/v2\/pages\/886\/revisions"}],"predecessor-version":[{"id":1116,"href":"https:\/\/portal.pi.gov.br\/saf\/wp-json\/wp\/v2\/pages\/886\/revisions\/1116"}],"wp:attachment":[{"href":"https:\/\/portal.pi.gov.br\/saf\/wp-json\/wp\/v2\/media?parent=886"}],"curies":[{"name":"wp","href":"https:\/\/api.w.org\/{rel}","templated":true}]}}