{"id":890,"date":"2021-03-03T10:20:17","date_gmt":"2021-03-03T13:20:17","guid":{"rendered":"http:\/\/www2.pi.gov.br\/saf\/?page_id=890"},"modified":"2025-03-31T09:54:45","modified_gmt":"2025-03-31T12:54:45","slug":"cinturao-verde","status":"publish","type":"page","link":"https:\/\/portal.pi.gov.br\/saf\/cinturao-verde\/","title":{"rendered":"Cintur\u00e3o Verde"},"content":{"rendered":"\n<figure class=\"wp-block-image size-full\"><img decoding=\"async\" loading=\"lazy\" width=\"1374\" height=\"774\" src=\"https:\/\/portal.pi.gov.br\/saf\/wp-content\/uploads\/sites\/25\/2024\/05\/SAF_atualizacao-SITE_CINTURAO-VERDE.jpg\" alt=\"\" class=\"wp-image-3491\" srcset=\"https:\/\/portal.pi.gov.br\/saf\/wp-content\/uploads\/sites\/25\/2024\/05\/SAF_atualizacao-SITE_CINTURAO-VERDE.jpg 1374w, https:\/\/portal.pi.gov.br\/saf\/wp-content\/uploads\/sites\/25\/2024\/05\/SAF_atualizacao-SITE_CINTURAO-VERDE-500x282.jpg 500w, https:\/\/portal.pi.gov.br\/saf\/wp-content\/uploads\/sites\/25\/2024\/05\/SAF_atualizacao-SITE_CINTURAO-VERDE-768x433.jpg 768w, https:\/\/portal.pi.gov.br\/saf\/wp-content\/uploads\/sites\/25\/2024\/05\/SAF_atualizacao-SITE_CINTURAO-VERDE-420x237.jpg 420w, https:\/\/portal.pi.gov.br\/saf\/wp-content\/uploads\/sites\/25\/2024\/05\/SAF_atualizacao-SITE_CINTURAO-VERDE-540x304.jpg 540w, https:\/\/portal.pi.gov.br\/saf\/wp-content\/uploads\/sites\/25\/2024\/05\/SAF_atualizacao-SITE_CINTURAO-VERDE-780x439.jpg 780w, https:\/\/portal.pi.gov.br\/saf\/wp-content\/uploads\/sites\/25\/2024\/05\/SAF_atualizacao-SITE_CINTURAO-VERDE-947x533.jpg 947w, https:\/\/portal.pi.gov.br\/saf\/wp-content\/uploads\/sites\/25\/2024\/05\/SAF_atualizacao-SITE_CINTURAO-VERDE-624x352.jpg 624w\" sizes=\"(max-width: 1374px) 100vw, 1374px\" \/><\/figure>\n\n\n\n<p>Sobre o Projeto<\/p>\n\n\n\n<p>O projeto cintur\u00e3o verde tem como objetivo, fomentar a produ\u00e7\u00e3o diversificada de hortali\u00e7as, frutas, cria\u00e7\u00e3o de pequenos animais na zona urbana e periurbana de Teresina e nos munic\u00edpios de seu entorno.<\/p>\n\n\n\n<p>Quem pode acessar: Prefeituras municipais e suas secretarias de agriculturas, Associa\u00e7\u00f5es de Agricultores e Agricultoras e os Sindicatos de Trabalhadores (as) Rurais.<\/p>\n\n\n\n<p>\u00c1rea de atua\u00e7\u00e3o: Teresina, Jos\u00e9 de Freitas, Uni\u00e3o, Altos, Demerval Lob\u00e3o, Pau D\u2019arco, Lagoa do Piau\u00ed, Monsenhor Gil, Naz\u00e1ria, Curralinhos e Palmeiras.<\/p>\n\n\n\n<p>Como acessar: A demanda deve ser protocolada atrav\u00e9s de of\u00edcio na SAF ou via e-mail: saf@saf.pi.gov.br.<\/p>\n","protected":false},"excerpt":{"rendered":"<p>Sobre o Projeto O projeto cintur\u00e3o verde tem como objetivo, fomentar a produ\u00e7\u00e3o diversificada de hortali\u00e7as, frutas, cria\u00e7\u00e3o de pequenos animais na zona urbana e periurbana de Teresina e nos [&hellip;]<\/p>\n","protected":false},"author":1,"featured_media":0,"parent":0,"menu_order":0,"comment_status":"closed","ping_status":"closed","template":"template-fullwidth.php","meta":[],"featured_image_urls":{"full":"","thumbnail":"","medium":"","medium_large":"","large":"","sgg-420":"","sgg-540":"","sgg-780":"","1536x1536":"","2048x2048":"","homepage-slider":"","homepage-slider-small":"","page-top":"","page-small":"","loop-main":"","thumb-gallery-widget":""},"post_excerpt_stackable":"<p>Sobre o Projeto O projeto cintur\u00e3o verde tem como objetivo, fomentar a produ\u00e7\u00e3o diversificada de hortali\u00e7as, frutas, cria\u00e7\u00e3o de pequenos animais na zona urbana e periurbana de Teresina e nos munic\u00edpios de seu entorno. Quem pode acessar: Prefeituras municipais e suas secretarias de agriculturas, Associa\u00e7\u00f5es de Agricultores e Agricultoras e os Sindicatos de Trabalhadores (as) Rurais. \u00c1rea de atua\u00e7\u00e3o: Teresina, Jos\u00e9 de Freitas, Uni\u00e3o, Altos, Demerval Lob\u00e3o, Pau D\u2019arco, Lagoa do Piau\u00ed, Monsenhor Gil, Naz\u00e1ria, Curralinhos e Palmeiras. Como acessar: A demanda deve ser protocolada atrav\u00e9s de of\u00edcio na SAF ou via e-mail: saf@saf.pi.gov.br.<\/p>\n","category_list":"","author_info":{"name":"admin","url":"https:\/\/portal.pi.gov.br\/saf\/author\/admin\/"},"comments_num":"0 coment\u00e1rio","featured_image_urls_v2":{"full":"","thumbnail":"","medium":"","medium_large":"","large":"","sgg-420":"","sgg-540":"","sgg-780":"","1536x1536":"","2048x2048":"","homepage-slider":"","homepage-slider-small":"","page-top":"","page-small":"","loop-main":"","thumb-gallery-widget":""},"post_excerpt_stackable_v2":"<p>Sobre o Projeto O projeto cintur\u00e3o verde tem como objetivo, fomentar a produ\u00e7\u00e3o diversificada de hortali\u00e7as, frutas, cria\u00e7\u00e3o de pequenos animais na zona urbana e periurbana de Teresina e nos munic\u00edpios de seu entorno. Quem pode acessar: Prefeituras municipais e suas secretarias de agriculturas, Associa\u00e7\u00f5es de Agricultores e Agricultoras e os Sindicatos de Trabalhadores (as) Rurais. \u00c1rea de atua\u00e7\u00e3o: Teresina, Jos\u00e9 de Freitas, Uni\u00e3o, Altos, Demerval Lob\u00e3o, Pau D\u2019arco, Lagoa do Piau\u00ed, Monsenhor Gil, Naz\u00e1ria, Curralinhos e Palmeiras. Como acessar: A demanda deve ser protocolada atrav\u00e9s de of\u00edcio na SAF ou via e-mail: saf@saf.pi.gov.br.<\/p>\n","category_list_v2":"","author_info_v2":{"name":"admin","url":"https:\/\/portal.pi.gov.br\/saf\/author\/admin\/"},"comments_num_v2":"0 coment\u00e1rio","_links":{"self":[{"href":"https:\/\/portal.pi.gov.br\/saf\/wp-json\/wp\/v2\/pages\/890"}],"collection":[{"href":"https:\/\/portal.pi.gov.br\/saf\/wp-json\/wp\/v2\/pages"}],"about":[{"href":"https:\/\/portal.pi.gov.br\/saf\/wp-json\/wp\/v2\/types\/page"}],"author":[{"embeddable":true,"href":"https:\/\/portal.pi.gov.br\/saf\/wp-json\/wp\/v2\/users\/1"}],"replies":[{"embeddable":true,"href":"https:\/\/portal.pi.gov.br\/saf\/wp-json\/wp\/v2\/comments?post=890"}],"version-history":[{"count":5,"href":"https:\/\/portal.pi.gov.br\/saf\/wp-json\/wp\/v2\/pages\/890\/revisions"}],"predecessor-version":[{"id":4317,"href":"https:\/\/portal.pi.gov.br\/saf\/wp-json\/wp\/v2\/pages\/890\/revisions\/4317"}],"wp:attachment":[{"href":"https:\/\/portal.pi.gov.br\/saf\/wp-json\/wp\/v2\/media?parent=890"}],"curies":[{"name":"wp","href":"https:\/\/api.w.org\/{rel}","templated":true}]}}