{"id":892,"date":"2021-03-03T10:21:25","date_gmt":"2021-03-03T13:21:25","guid":{"rendered":"http:\/\/www2.pi.gov.br\/saf\/?page_id=892"},"modified":"2024-05-28T12:00:44","modified_gmt":"2024-05-28T15:00:44","slug":"garantia-safra","status":"publish","type":"page","link":"https:\/\/portal.pi.gov.br\/saf\/garantia-safra\/","title":{"rendered":"Garantia Safra"},"content":{"rendered":"\n<p><\/p>\n\n\n\n<figure class=\"wp-block-image size-full\"><img decoding=\"async\" loading=\"lazy\" width=\"1373\" height=\"773\" src=\"https:\/\/portal.pi.gov.br\/saf\/wp-content\/uploads\/sites\/25\/2024\/05\/SAF_atualizacao-SITE_GARANTIA-SAFRA.jpg\" alt=\"\" class=\"wp-image-3493\" srcset=\"https:\/\/portal.pi.gov.br\/saf\/wp-content\/uploads\/sites\/25\/2024\/05\/SAF_atualizacao-SITE_GARANTIA-SAFRA.jpg 1373w, https:\/\/portal.pi.gov.br\/saf\/wp-content\/uploads\/sites\/25\/2024\/05\/SAF_atualizacao-SITE_GARANTIA-SAFRA-500x282.jpg 500w, https:\/\/portal.pi.gov.br\/saf\/wp-content\/uploads\/sites\/25\/2024\/05\/SAF_atualizacao-SITE_GARANTIA-SAFRA-768x432.jpg 768w, https:\/\/portal.pi.gov.br\/saf\/wp-content\/uploads\/sites\/25\/2024\/05\/SAF_atualizacao-SITE_GARANTIA-SAFRA-420x236.jpg 420w, https:\/\/portal.pi.gov.br\/saf\/wp-content\/uploads\/sites\/25\/2024\/05\/SAF_atualizacao-SITE_GARANTIA-SAFRA-540x304.jpg 540w, https:\/\/portal.pi.gov.br\/saf\/wp-content\/uploads\/sites\/25\/2024\/05\/SAF_atualizacao-SITE_GARANTIA-SAFRA-780x439.jpg 780w, https:\/\/portal.pi.gov.br\/saf\/wp-content\/uploads\/sites\/25\/2024\/05\/SAF_atualizacao-SITE_GARANTIA-SAFRA-947x533.jpg 947w, https:\/\/portal.pi.gov.br\/saf\/wp-content\/uploads\/sites\/25\/2024\/05\/SAF_atualizacao-SITE_GARANTIA-SAFRA-624x351.jpg 624w\" sizes=\"(max-width: 1373px) 100vw, 1373px\" \/><\/figure>\n\n\n\n<p><strong>O que \u00e9 o Garantia-Safra?<\/strong><\/p>\n\n\n\n<p>\u00c9 uma a\u00e7\u00e3o do Pronaf para agricultores familiares que se encontram em munic\u00edpios sistematicamente sujeitos a perdas de safra devido \u00e0 seca ou ao excesso de chuvas. Os agricultores que aderirem ao Garantia-Safra (GS) nos munic\u00edpios em que forem verificadas perdas de, pelo menos, 50% do conjunto da produ\u00e7\u00e3o de feij\u00e3o, milho, arroz, mandioca, algod\u00e3o, ou outras culturas definidas pelo \u00f3rg\u00e3o gestor do Fundo Garantia-Safra, receber\u00e3o o benef\u00edcio Garantia-Safra diretamente do governo federal, por meio de cart\u00f5es eletr\u00f4nicos disponibilizados pela Caixa Econ\u00f4mica Federal.<\/p>\n\n\n\n<p><strong>Quem pode se beneficiar do Garantia-Safra?<\/strong><\/p>\n\n\n\n<p>Os agricultores devem verificar se os seus munic\u00edpios aderiram ao Garantia Safra. Uma vez que o munic\u00edpio assinou o Termo de Ades\u00e3o e foi definida a quantidade de agricultores que poder\u00e3o participar em sua jurisdi\u00e7\u00e3o, inicia-se o processo de inscri\u00e7\u00e3o, sele\u00e7\u00e3o e ades\u00e3o dos agricultores.<\/p>\n\n\n\n<p><strong>Quais s\u00e3o as condi\u00e7\u00f5es para aderir ao programa?&nbsp;<\/strong><\/p>\n\n\n\n<p>Ser agricultor familiar, conforme definido pelo Pronaf. N\u00e3o ter renda familiar mensal superior a 1,5 (um e meio) sal\u00e1rio m\u00ednimo. Efetuar a ades\u00e3o antes do plantio e n\u00e3o deter \u00e1rea superior a 4 m\u00f3dulos fiscais. A \u00e1rea total a ser plantada deve ser de, no m\u00ednimo, 0,6 hectares e, no m\u00e1ximo, 5 hectares.<\/p>\n\n\n\n<p><strong>Como \u00e9 realizada a sele\u00e7\u00e3o?<\/strong><\/p>\n\n\n\n<p>Depois da inscri\u00e7\u00e3o dos agricultores, a sele\u00e7\u00e3o \u00e9 feita eletronicamente, por meio do sistema de gerenciamento do Garantia-Safra, uma classifica\u00e7\u00e3o dos inscritos que leva em considera\u00e7\u00e3o crit\u00e9rios estabelecidos em normas. Com isso, \u00e9 gerada uma \u201cLista de Selecionados\u201d, que deve ser homologada pelo Conselho Municipal de Desenvolvimento Rural Sustent\u00e1vel (CMDRS), ap\u00f3s verificar se todos os nomes que constam da lista s\u00e3o realmente agricultores familiares e se as informa\u00e7\u00f5es relativas \u00e0 renda e a outros crit\u00e9rios de participa\u00e7\u00e3o est\u00e3o corretas.<\/p>\n\n\n\n<p><strong>Qual o valor do Benef\u00edcio Garantia-Safra?<\/strong><\/p>\n\n\n\n<p>Desde a safra 2013\/2014, o valor Benef\u00edcio Garantia-Safra \u00e9 de R$ 850,00. Vale destacar que o pagamento do Benef\u00edcio est\u00e1 vinculado ao cumprimento de requisitos, inclusive o pagamento por parte do agricultor do boleto banc\u00e1rio de ades\u00e3o ao Garantia-Safra e a constata\u00e7\u00e3o de perda pela Coordena\u00e7\u00e3o Geral SAF\/MAPA de, pelo menos, 50% da produ\u00e7\u00e3o de culturas cobertas pelo GS no munic\u00edpio devido \u00e0 seca ou excesso de chuvas<\/p>\n\n\n\n<p>O Estado do Piau\u00ed participa do Garantia-Safra desde o ano agr\u00edcola 2002\/2003. Ao longo do per\u00edodo de 16 (dezesseis) safras, o Estado aportou R$ <strong>79.094.132,05<\/strong>; os munic\u00edpios piauienses aportaram R$ <strong>34.157.782,11<\/strong> e os agricultores familiares aportaram R$ <strong>11.389.108,10<\/strong>. O Programa j\u00e1 pagou R$ <strong>720.973.325,00<\/strong> aos agricultores familiares aderidos que tiveram perda comprovada de produ\u00e7\u00e3o.<\/p>\n\n\n\n<p><strong>Contribui\u00e7\u00f5es financeiras para forma\u00e7\u00e3o do Fundo Garantia-Safra 2020\/2021:<\/strong><\/p>\n\n\n\n<p>Agricultor(a) \u2013 2% do valor do benef\u00edcio = R$ 17,00<\/p>\n\n\n\n<p>Munic\u00edpio \u2013 6% do valor do benef\u00edcio por agric. Aderido = R$ 51,00<\/p>\n\n\n\n<p>Estado \u2013 12% do valor do benef\u00edcio por agric. Aderido&nbsp; R$ 102,00<\/p>\n\n\n\n<p>Uni\u00e3o &#8211; 40% do valor do benef\u00edcio por agric. Aderido&nbsp; R$ 340,00<\/p>\n\n\n\n<p>OBS: Em anos de perdas de produ\u00e7\u00e3o muito elevada, e que o Fundo GS n\u00e3o \u00e9 suficiente para pagamento dos benef\u00edcios, o governo federal \u00e9 quem complementa.<\/p>\n\n\n\n<p><strong>Cronograma de Operacionaliza\u00e7\u00e3o do Garantia-Safra 2020\/2021:<\/strong><\/p>\n\n\n\n<p><strong>Regi\u00e3o 1<\/strong><\/p>\n\n\n\n<p>Inscri\u00e7\u00e3o das fam\u00edlias, Sele\u00e7\u00e3o e Homologa\u00e7\u00e3o \u2013 01 de Julho a 21 de Outubro<\/p>\n\n\n\n<p>Ades\u00e3o do Agric. Familiar (pagamento do boleto) \u2013 At\u00e9 30novembro<\/p>\n\n\n\n<p>Calend\u00e1rio Agr\u00edcola (plantio) \u2013 1 de Novembro&nbsp;a 31 de Janeiro<\/p>\n\n\n\n<p>Solicita\u00e7\u00e3o de Vistoria para Verifica\u00e7\u00e3o de Perdas \u2013 30\/12 a 03\/04.<\/p>\n\n\n\n<p><strong>Regi\u00e3o 2<\/strong><\/p>\n\n\n\n<p>Inscri\u00e7\u00e3o das fam\u00edlias, Sele\u00e7\u00e3o e Homologa\u00e7\u00e3o \u2013 1 de Julho a 21 de Dezembro<\/p>\n\n\n\n<p>Ades\u00e3o do Agric. Familiar (pag. do boleto) \u2013 At\u00e9 30 de Janeiro<\/p>\n\n\n\n<p>Calend\u00e1rio Agr\u00edcola (plantio) \u2013 1 de Janeiro a 31 de Mar\u00e7o<\/p>\n\n\n\n<p>Solicita\u00e7\u00e3o de Vistoria para Verifica\u00e7\u00e3o de Perdas \u2013 01\/03 a 30\/05.<\/p>\n\n\n\n<p><strong>Para participar do Garantia-Safra, \u00e9 necess\u00e1rio que, anualmente, estados, munic\u00edpios e agricultores fa\u00e7am ades\u00e3o ao programa.&nbsp;<\/strong><\/p>\n","protected":false},"excerpt":{"rendered":"<p>O que \u00e9 o Garantia-Safra? \u00c9 uma a\u00e7\u00e3o do Pronaf para agricultores familiares que se encontram em munic\u00edpios sistematicamente sujeitos a perdas de safra devido \u00e0 seca ou ao excesso [&hellip;]<\/p>\n","protected":false},"author":1,"featured_media":0,"parent":0,"menu_order":0,"comment_status":"closed","ping_status":"closed","template":"template-fullwidth.php","meta":[],"featured_image_urls":{"full":"","thumbnail":"","medium":"","medium_large":"","large":"","sgg-420":"","sgg-540":"","sgg-780":"","1536x1536":"","2048x2048":"","homepage-slider":"","homepage-slider-small":"","page-top":"","page-small":"","loop-main":"","thumb-gallery-widget":""},"post_excerpt_stackable":"<p>O que \u00e9 o Garantia-Safra? \u00c9 uma a\u00e7\u00e3o do Pronaf para agricultores familiares que se encontram em munic\u00edpios sistematicamente sujeitos a perdas de safra devido \u00e0 seca ou ao excesso de chuvas. Os agricultores que aderirem ao Garantia-Safra (GS) nos munic\u00edpios em que forem verificadas perdas de, pelo menos, 50% do conjunto da produ\u00e7\u00e3o de feij\u00e3o, milho, arroz, mandioca, algod\u00e3o, ou outras culturas definidas pelo \u00f3rg\u00e3o gestor do Fundo Garantia-Safra, receber\u00e3o o benef\u00edcio Garantia-Safra diretamente do governo federal, por meio de cart\u00f5es eletr\u00f4nicos disponibilizados pela Caixa Econ\u00f4mica Federal. Quem pode se beneficiar do Garantia-Safra? Os agricultores devem verificar se os&hellip;<\/p>\n","category_list":"","author_info":{"name":"admin","url":"https:\/\/portal.pi.gov.br\/saf\/author\/admin\/"},"comments_num":"0 coment\u00e1rio","featured_image_urls_v2":{"full":"","thumbnail":"","medium":"","medium_large":"","large":"","sgg-420":"","sgg-540":"","sgg-780":"","1536x1536":"","2048x2048":"","homepage-slider":"","homepage-slider-small":"","page-top":"","page-small":"","loop-main":"","thumb-gallery-widget":""},"post_excerpt_stackable_v2":"<p>O que \u00e9 o Garantia-Safra? \u00c9 uma a\u00e7\u00e3o do Pronaf para agricultores familiares que se encontram em munic\u00edpios sistematicamente sujeitos a perdas de safra devido \u00e0 seca ou ao excesso de chuvas. Os agricultores que aderirem ao Garantia-Safra (GS) nos munic\u00edpios em que forem verificadas perdas de, pelo menos, 50% do conjunto da produ\u00e7\u00e3o de feij\u00e3o, milho, arroz, mandioca, algod\u00e3o, ou outras culturas definidas pelo \u00f3rg\u00e3o gestor do Fundo Garantia-Safra, receber\u00e3o o benef\u00edcio Garantia-Safra diretamente do governo federal, por meio de cart\u00f5es eletr\u00f4nicos disponibilizados pela Caixa Econ\u00f4mica Federal. Quem pode se beneficiar do Garantia-Safra? Os agricultores devem verificar se os&hellip;<\/p>\n","category_list_v2":"","author_info_v2":{"name":"admin","url":"https:\/\/portal.pi.gov.br\/saf\/author\/admin\/"},"comments_num_v2":"0 coment\u00e1rio","_links":{"self":[{"href":"https:\/\/portal.pi.gov.br\/saf\/wp-json\/wp\/v2\/pages\/892"}],"collection":[{"href":"https:\/\/portal.pi.gov.br\/saf\/wp-json\/wp\/v2\/pages"}],"about":[{"href":"https:\/\/portal.pi.gov.br\/saf\/wp-json\/wp\/v2\/types\/page"}],"author":[{"embeddable":true,"href":"https:\/\/portal.pi.gov.br\/saf\/wp-json\/wp\/v2\/users\/1"}],"replies":[{"embeddable":true,"href":"https:\/\/portal.pi.gov.br\/saf\/wp-json\/wp\/v2\/comments?post=892"}],"version-history":[{"count":3,"href":"https:\/\/portal.pi.gov.br\/saf\/wp-json\/wp\/v2\/pages\/892\/revisions"}],"predecessor-version":[{"id":3494,"href":"https:\/\/portal.pi.gov.br\/saf\/wp-json\/wp\/v2\/pages\/892\/revisions\/3494"}],"wp:attachment":[{"href":"https:\/\/portal.pi.gov.br\/saf\/wp-json\/wp\/v2\/media?parent=892"}],"curies":[{"name":"wp","href":"https:\/\/api.w.org\/{rel}","templated":true}]}}