{"id":894,"date":"2021-03-03T10:22:03","date_gmt":"2021-03-03T13:22:03","guid":{"rendered":"http:\/\/www2.pi.gov.br\/saf\/?page_id=894"},"modified":"2024-05-28T12:02:25","modified_gmt":"2024-05-28T15:02:25","slug":"camaras-setoriais","status":"publish","type":"page","link":"https:\/\/portal.pi.gov.br\/saf\/camaras-setoriais\/","title":{"rendered":"C\u00e2maras Setoriais"},"content":{"rendered":"\n<p><\/p>\n\n\n\n<figure class=\"wp-block-image size-full\"><img decoding=\"async\" loading=\"lazy\" width=\"1374\" height=\"773\" src=\"https:\/\/portal.pi.gov.br\/saf\/wp-content\/uploads\/sites\/25\/2024\/05\/SAF_atualizacao-SITE_PROGERE.jpg\" alt=\"\" class=\"wp-image-3495\" srcset=\"https:\/\/portal.pi.gov.br\/saf\/wp-content\/uploads\/sites\/25\/2024\/05\/SAF_atualizacao-SITE_PROGERE.jpg 1374w, https:\/\/portal.pi.gov.br\/saf\/wp-content\/uploads\/sites\/25\/2024\/05\/SAF_atualizacao-SITE_PROGERE-500x281.jpg 500w, https:\/\/portal.pi.gov.br\/saf\/wp-content\/uploads\/sites\/25\/2024\/05\/SAF_atualizacao-SITE_PROGERE-768x432.jpg 768w, https:\/\/portal.pi.gov.br\/saf\/wp-content\/uploads\/sites\/25\/2024\/05\/SAF_atualizacao-SITE_PROGERE-420x236.jpg 420w, https:\/\/portal.pi.gov.br\/saf\/wp-content\/uploads\/sites\/25\/2024\/05\/SAF_atualizacao-SITE_PROGERE-540x304.jpg 540w, https:\/\/portal.pi.gov.br\/saf\/wp-content\/uploads\/sites\/25\/2024\/05\/SAF_atualizacao-SITE_PROGERE-780x439.jpg 780w, https:\/\/portal.pi.gov.br\/saf\/wp-content\/uploads\/sites\/25\/2024\/05\/SAF_atualizacao-SITE_PROGERE-947x533.jpg 947w, https:\/\/portal.pi.gov.br\/saf\/wp-content\/uploads\/sites\/25\/2024\/05\/SAF_atualizacao-SITE_PROGERE-624x351.jpg 624w\" sizes=\"(max-width: 1374px) 100vw, 1374px\" \/><\/figure>\n\n\n\n<p>As C\u00e2maras Setoriais de car\u00e1ter consultivo, tem como miss\u00e3o a articula\u00e7\u00e3o e a negocia\u00e7\u00e3o entre o poder p\u00fablico e a iniciativa privada, com o objetivo de propor, apoiar, acompanhar e implementar as a\u00e7\u00f5es, os mecanismos, as diretrizes e estrat\u00e9gias para o desenvolvimento das atividades das cadeias produtivas do Estado do Piau\u00ed.<\/p>\n\n\n\n<p>Com a cria\u00e7\u00e3o destas c\u00e2maras, espera-se melhor estrutura\u00e7\u00e3o dos diferentes elos das cadeias: promover o di\u00e1logo organizado entre o setor privado e o setor p\u00fablico; aprimoramento das pol\u00edticas p\u00fablicas e dos servi\u00e7os voltados ao setor e solu\u00e7\u00f5es de conflitos por meio de negocia\u00e7\u00e3o.<\/p>\n\n\n\n<p>Os representantes das C\u00e2maras defendem os interesses espec\u00edficos do elo da cadeia que representam, mas se disp\u00f5em a ouvir, analisar e negociar posi\u00e7\u00f5es que permitam avan\u00e7os para toda cadeia, num trabalho de integra\u00e7\u00e3o, coopera\u00e7\u00e3o e colabora\u00e7\u00e3o entre todos os membros.<\/p>\n\n\n\n<p>Buscou-se a cria\u00e7\u00e3o de condi\u00e7\u00f5es para participa\u00e7\u00e3o efetiva da sociedade em defini\u00e7\u00f5es de pol\u00edticas p\u00fablicas para cada setor produtivo organizado do estado. Tal mecanismo permite que lideran\u00e7as representantes da sociedade civil interajam com gestores p\u00fablicos, planejando, propondo e cobrando a implementa\u00e7\u00e3o de pol\u00edticas e a\u00e7\u00f5es voltadas para setores da economia, bem como estabelecendo parcerias \u201cp\u00fablico-privadas.<\/p>\n\n\n\n<p><strong>C\u00e2mara Setorial da Apicultura<\/strong><\/p>\n\n\n\n<p><strong>C\u00e2mara Setorial da Cadeia Produtiva do Caju e Derivados<\/strong><\/p>\n\n\n\n<p><strong>C\u00e2maras Setoriais das Cadeias Produtivas de Caprinos e Ovinos<\/strong><\/p>\n\n\n\n<p><strong>C\u00e2mara Setorial da Cadeia Produtiva do Leite<\/strong><\/p>\n\n\n\n<p><strong>C\u00e2mara Setorial da Piscicultura<\/strong><\/p>\n\n\n\n<p><strong>C\u00e2mara Setorial da Fruticultura Piauiense<\/strong><\/p>\n\n\n\n<p><strong>C\u00e2mara Setorial do Agroneg\u00f3cio<\/strong><\/p>\n\n\n\n<p><strong>C\u00e2mara Setorial da Suinocultura<\/strong><\/p>\n\n\n\n<p><strong>C\u00e2mara Setorial Territorial da Fruticultura do Vale do Canind\u00e9 e Serra da Capivara<\/strong><\/p>\n\n\n\n<p><strong>&nbsp;C\u00e2mara Setorial do Alho<\/strong><\/p>\n\n\n\n<p><strong>&nbsp;C\u00e2mara Setorial da Carna\u00faba<\/strong><\/p>\n\n\n\n<p>&nbsp;<strong>C\u00e2mara Setorial do Hortifrutigranjeiro da Grande Teresina<\/strong><\/p>\n\n\n\n<p><a href=\"http:\/\/www.camarassetoriais.pi.gov.br\/index.php\">http:\/\/www.camarassetoriais.pi.gov.br\/index.php<\/a><\/p>\n","protected":false},"excerpt":{"rendered":"<p>As C\u00e2maras Setoriais de car\u00e1ter consultivo, tem como miss\u00e3o a articula\u00e7\u00e3o e a negocia\u00e7\u00e3o entre o poder p\u00fablico e a iniciativa privada, com o objetivo de propor, apoiar, acompanhar e [&hellip;]<\/p>\n","protected":false},"author":1,"featured_media":0,"parent":0,"menu_order":0,"comment_status":"closed","ping_status":"closed","template":"template-fullwidth.php","meta":[],"featured_image_urls":{"full":"","thumbnail":"","medium":"","medium_large":"","large":"","sgg-420":"","sgg-540":"","sgg-780":"","1536x1536":"","2048x2048":"","homepage-slider":"","homepage-slider-small":"","page-top":"","page-small":"","loop-main":"","thumb-gallery-widget":""},"post_excerpt_stackable":"<p>As C\u00e2maras Setoriais de car\u00e1ter consultivo, tem como miss\u00e3o a articula\u00e7\u00e3o e a negocia\u00e7\u00e3o entre o poder p\u00fablico e a iniciativa privada, com o objetivo de propor, apoiar, acompanhar e implementar as a\u00e7\u00f5es, os mecanismos, as diretrizes e estrat\u00e9gias para o desenvolvimento das atividades das cadeias produtivas do Estado do Piau\u00ed. Com a cria\u00e7\u00e3o destas c\u00e2maras, espera-se melhor estrutura\u00e7\u00e3o dos diferentes elos das cadeias: promover o di\u00e1logo organizado entre o setor privado e o setor p\u00fablico; aprimoramento das pol\u00edticas p\u00fablicas e dos servi\u00e7os voltados ao setor e solu\u00e7\u00f5es de conflitos por meio de negocia\u00e7\u00e3o. Os representantes das C\u00e2maras defendem os&hellip;<\/p>\n","category_list":"","author_info":{"name":"admin","url":"https:\/\/portal.pi.gov.br\/saf\/author\/admin\/"},"comments_num":"0 coment\u00e1rio","featured_image_urls_v2":{"full":"","thumbnail":"","medium":"","medium_large":"","large":"","sgg-420":"","sgg-540":"","sgg-780":"","1536x1536":"","2048x2048":"","homepage-slider":"","homepage-slider-small":"","page-top":"","page-small":"","loop-main":"","thumb-gallery-widget":""},"post_excerpt_stackable_v2":"<p>As C\u00e2maras Setoriais de car\u00e1ter consultivo, tem como miss\u00e3o a articula\u00e7\u00e3o e a negocia\u00e7\u00e3o entre o poder p\u00fablico e a iniciativa privada, com o objetivo de propor, apoiar, acompanhar e implementar as a\u00e7\u00f5es, os mecanismos, as diretrizes e estrat\u00e9gias para o desenvolvimento das atividades das cadeias produtivas do Estado do Piau\u00ed. Com a cria\u00e7\u00e3o destas c\u00e2maras, espera-se melhor estrutura\u00e7\u00e3o dos diferentes elos das cadeias: promover o di\u00e1logo organizado entre o setor privado e o setor p\u00fablico; aprimoramento das pol\u00edticas p\u00fablicas e dos servi\u00e7os voltados ao setor e solu\u00e7\u00f5es de conflitos por meio de negocia\u00e7\u00e3o. Os representantes das C\u00e2maras defendem os&hellip;<\/p>\n","category_list_v2":"","author_info_v2":{"name":"admin","url":"https:\/\/portal.pi.gov.br\/saf\/author\/admin\/"},"comments_num_v2":"0 coment\u00e1rio","_links":{"self":[{"href":"https:\/\/portal.pi.gov.br\/saf\/wp-json\/wp\/v2\/pages\/894"}],"collection":[{"href":"https:\/\/portal.pi.gov.br\/saf\/wp-json\/wp\/v2\/pages"}],"about":[{"href":"https:\/\/portal.pi.gov.br\/saf\/wp-json\/wp\/v2\/types\/page"}],"author":[{"embeddable":true,"href":"https:\/\/portal.pi.gov.br\/saf\/wp-json\/wp\/v2\/users\/1"}],"replies":[{"embeddable":true,"href":"https:\/\/portal.pi.gov.br\/saf\/wp-json\/wp\/v2\/comments?post=894"}],"version-history":[{"count":4,"href":"https:\/\/portal.pi.gov.br\/saf\/wp-json\/wp\/v2\/pages\/894\/revisions"}],"predecessor-version":[{"id":3496,"href":"https:\/\/portal.pi.gov.br\/saf\/wp-json\/wp\/v2\/pages\/894\/revisions\/3496"}],"wp:attachment":[{"href":"https:\/\/portal.pi.gov.br\/saf\/wp-json\/wp\/v2\/media?parent=894"}],"curies":[{"name":"wp","href":"https:\/\/api.w.org\/{rel}","templated":true}]}}