{"id":900,"date":"2021-03-03T10:24:15","date_gmt":"2021-03-03T13:24:15","guid":{"rendered":"http:\/\/www2.pi.gov.br\/saf\/?page_id=900"},"modified":"2021-06-12T18:42:42","modified_gmt":"2021-06-12T21:42:42","slug":"agricultura-familiar","status":"publish","type":"page","link":"https:\/\/portal.pi.gov.br\/saf\/agricultura-familiar\/","title":{"rendered":"Agricultura Familiar"},"content":{"rendered":"\n<p>Sobre a Diretoria<\/p>\n\n\n\n<p>A<strong>&nbsp;<\/strong>Diretoria de Agricultura Familiar \u2013 DAF<strong>,&nbsp;<\/strong>Unidade de coordena\u00e7\u00e3o e assessoria diretamente subordinada \u00e0 Superintend\u00eancia de Programa Para Agricultura Familiar &#8211; SUPAF, compete:<\/p>\n\n\n\n<ul><li>Planejar a\u00e7\u00f5es que favore\u00e7a ao desenvolvimento das cadeias produtivas do estado ligadas \u00e0 agricultura familiar;<\/li><li>Promover atividades para o fortalecimento da agricultura Familiar atrav\u00e9s de pol\u00edticas p\u00fablicas para o campo;<\/li><li>Planejar e promover atividades, a\u00e7\u00f5es, eventos que viabilize a produ\u00e7\u00e3o de alimentos saud\u00e1veis e comercializa\u00e7\u00e3o dos produtos da agricultura familiar de forma a contribu\u00edrem para a seguran\u00e7a alimentar;<\/li><li>Executar outras atividades correlatas que lhe forem atribu\u00eddas na sua \u00e1rea de atua\u00e7\u00e3o:<\/li><\/ul>\n\n\n\n<p><strong>IRRIGA\u00c7\u00c3O<\/strong><br>Incentivo para a agricultura com a distribui\u00e7\u00e3o e implanta\u00e7\u00e3o de kit de irriga\u00e7\u00e3o;<br>Apoio \u00e0 agricultura irrigada com subs\u00eddio de energia.<\/p>\n\n\n\n<p><strong>CINTUR\u00c3O VERDE&nbsp;<\/strong><br>Acompanhamento aos projetos do Cintur\u00e3o Verde e do Grupo Gestor.<\/p>\n\n\n\n<p><strong>MECANIZA\u00c7\u00c3O AGR\u00cdCOLA<\/strong><br>Apoiar da agricultura familiar com distribui\u00e7\u00e3o de kits de irriga\u00e7\u00e3o, mecaniza\u00e7\u00e3o agr\u00edcola e agroindustrial.<\/p>\n\n\n\n<p><strong>FOMENTO \u00c0S CADEIAS PRODUTIVAS<\/strong><br>Apoio \u00e0 estrutura\u00e7\u00e3o da cadeia da piscicultura, cajucultura e ovinocaprinocultura.<\/p>\n\n\n\n<p><strong>ELABORA\u00c7\u00c3O E EXECU\u00c7\u00c3O DE PROJETOS<\/strong><br>Elabora\u00e7\u00e3o de projetos produtivos para agricultura familiar.<br><br>Elabora\u00e7\u00e3o de projetos de agroind\u00fastria<\/p>\n\n\n\n<p><strong>\u00c1GUA PARA TODOS<\/strong><br>Garantir \u00e1gua de qualidades para as fam\u00edlias rurais atrav\u00e9s da elabora\u00e7\u00e3o e execu\u00e7\u00e3o de projetos de capta\u00e7\u00e3o de \u00e1gua.<\/p>\n\n\n\n<p>Contato:<\/p>\n\n\n\n<p><strong>Luciano Sousa de Brito<\/strong><\/p>\n\n\n\n<p>Diretor de Agricultura Familiar &nbsp;<\/p>\n\n\n\n<p>E-mail: luciano.sousa@saf.pi.gov.br<\/p>\n\n\n\n<p>Contato: (86) 9 9429-4146<\/p>\n","protected":false},"excerpt":{"rendered":"<p>Sobre a Diretoria A&nbsp;Diretoria de Agricultura Familiar \u2013 DAF,&nbsp;Unidade de coordena\u00e7\u00e3o e assessoria diretamente subordinada \u00e0 Superintend\u00eancia de Programa Para Agricultura Familiar &#8211; SUPAF, compete: Planejar a\u00e7\u00f5es que favore\u00e7a ao [&hellip;]<\/p>\n","protected":false},"author":1,"featured_media":0,"parent":0,"menu_order":0,"comment_status":"closed","ping_status":"closed","template":"template-fullwidth.php","meta":[],"featured_image_urls":{"full":"","thumbnail":"","medium":"","medium_large":"","large":"","sgg-420":"","sgg-540":"","sgg-780":"","1536x1536":"","2048x2048":"","homepage-slider":"","homepage-slider-small":"","page-top":"","page-small":"","loop-main":"","thumb-gallery-widget":""},"post_excerpt_stackable":"<p>Sobre a Diretoria A&nbsp;Diretoria de Agricultura Familiar \u2013 DAF,&nbsp;Unidade de coordena\u00e7\u00e3o e assessoria diretamente subordinada \u00e0 Superintend\u00eancia de Programa Para Agricultura Familiar &#8211; SUPAF, compete: Planejar a\u00e7\u00f5es que favore\u00e7a ao desenvolvimento das cadeias produtivas do estado ligadas \u00e0 agricultura familiar;Promover atividades para o fortalecimento da agricultura Familiar atrav\u00e9s de pol\u00edticas p\u00fablicas para o campo;Planejar e promover atividades, a\u00e7\u00f5es, eventos que viabilize a produ\u00e7\u00e3o de alimentos saud\u00e1veis e comercializa\u00e7\u00e3o dos produtos da agricultura familiar de forma a contribu\u00edrem para a seguran\u00e7a alimentar;Executar outras atividades correlatas que lhe forem atribu\u00eddas na sua \u00e1rea de atua\u00e7\u00e3o: IRRIGA\u00c7\u00c3OIncentivo para a agricultura com a distribui\u00e7\u00e3o&hellip;<\/p>\n","category_list":"","author_info":{"name":"admin","url":"https:\/\/portal.pi.gov.br\/saf\/author\/admin\/"},"comments_num":"0 coment\u00e1rio","featured_image_urls_v2":{"full":"","thumbnail":"","medium":"","medium_large":"","large":"","sgg-420":"","sgg-540":"","sgg-780":"","1536x1536":"","2048x2048":"","homepage-slider":"","homepage-slider-small":"","page-top":"","page-small":"","loop-main":"","thumb-gallery-widget":""},"post_excerpt_stackable_v2":"<p>Sobre a Diretoria A&nbsp;Diretoria de Agricultura Familiar \u2013 DAF,&nbsp;Unidade de coordena\u00e7\u00e3o e assessoria diretamente subordinada \u00e0 Superintend\u00eancia de Programa Para Agricultura Familiar &#8211; SUPAF, compete: Planejar a\u00e7\u00f5es que favore\u00e7a ao desenvolvimento das cadeias produtivas do estado ligadas \u00e0 agricultura familiar;Promover atividades para o fortalecimento da agricultura Familiar atrav\u00e9s de pol\u00edticas p\u00fablicas para o campo;Planejar e promover atividades, a\u00e7\u00f5es, eventos que viabilize a produ\u00e7\u00e3o de alimentos saud\u00e1veis e comercializa\u00e7\u00e3o dos produtos da agricultura familiar de forma a contribu\u00edrem para a seguran\u00e7a alimentar;Executar outras atividades correlatas que lhe forem atribu\u00eddas na sua \u00e1rea de atua\u00e7\u00e3o: IRRIGA\u00c7\u00c3OIncentivo para a agricultura com a distribui\u00e7\u00e3o&hellip;<\/p>\n","category_list_v2":"","author_info_v2":{"name":"admin","url":"https:\/\/portal.pi.gov.br\/saf\/author\/admin\/"},"comments_num_v2":"0 coment\u00e1rio","_links":{"self":[{"href":"https:\/\/portal.pi.gov.br\/saf\/wp-json\/wp\/v2\/pages\/900"}],"collection":[{"href":"https:\/\/portal.pi.gov.br\/saf\/wp-json\/wp\/v2\/pages"}],"about":[{"href":"https:\/\/portal.pi.gov.br\/saf\/wp-json\/wp\/v2\/types\/page"}],"author":[{"embeddable":true,"href":"https:\/\/portal.pi.gov.br\/saf\/wp-json\/wp\/v2\/users\/1"}],"replies":[{"embeddable":true,"href":"https:\/\/portal.pi.gov.br\/saf\/wp-json\/wp\/v2\/comments?post=900"}],"version-history":[{"count":2,"href":"https:\/\/portal.pi.gov.br\/saf\/wp-json\/wp\/v2\/pages\/900\/revisions"}],"predecessor-version":[{"id":1086,"href":"https:\/\/portal.pi.gov.br\/saf\/wp-json\/wp\/v2\/pages\/900\/revisions\/1086"}],"wp:attachment":[{"href":"https:\/\/portal.pi.gov.br\/saf\/wp-json\/wp\/v2\/media?parent=900"}],"curies":[{"name":"wp","href":"https:\/\/api.w.org\/{rel}","templated":true}]}}