{"id":910,"date":"2021-03-03T10:28:10","date_gmt":"2021-03-03T13:28:10","guid":{"rendered":"http:\/\/www2.pi.gov.br\/saf\/?page_id=910"},"modified":"2023-09-28T12:48:25","modified_gmt":"2023-09-28T15:48:25","slug":"ouvidoria","status":"publish","type":"page","link":"https:\/\/portal.pi.gov.br\/saf\/ouvidoria\/","title":{"rendered":"Ouvidoria"},"content":{"rendered":"\n<p>A Ouvidoria \u00e9 um espa\u00e7o de acolhimento para receber, examinar e encaminhar aos setores competentes todas as manifesta\u00e7\u00f5es de ouvidoria (reclama\u00e7\u00f5es, sugest\u00f5es, den\u00fancias, elogios e solicita\u00e7\u00f5es de provid\u00eancia) e pedidos de acesso \u00e0 informa\u00e7\u00f5es p\u00fablicas.<\/p>\n\n\n\n<p>\u00c9 uma atividade institucional de representa\u00e7\u00e3o aut\u00f4noma, imparcial e de car\u00e1ter mediador, pedag\u00f3gico e estrat\u00e9gico, que acolhe manifesta\u00e7\u00f5es n\u00e3o conclu\u00eddas por outros meios de atendimento para an\u00e1lise e atua\u00e7\u00e3o na busca de solu\u00e7\u00f5es.<\/p>\n\n\n\n<p><strong>Canais de Atendimento:<\/strong><br><br>E-mail institucional: <a href=\"mailto:ouvidoria@saf.pi.gov.br\">ouvidoria@saf.pi.gov.br<\/a>\u00a0<br>Disk Ouvidoria: 162<br>Telefone: (86) 99495 9799<\/p>\n\n\n\n<p><br>Internet:<\/p>\n\n\n\n<p><a rel=\"noreferrer noopener\" href=\"http:\/\/eouv.pi.gov.br\/\" target=\"_blank\"><strong>http:\/\/eouv.pi.gov.br<\/strong><\/a>&nbsp;(e-OUV: para reclama\u00e7\u00f5es, sugest\u00f5es, den\u00fancias, elogios e solicita\u00e7\u00f5es de provid\u00eancia \u2013 conforme Lei Federal N\u00ba 13.460\/2017)<br><a rel=\"noreferrer noopener\" href=\"https:\/\/acessoainformacao.pi.gov.br\/\" target=\"_blank\"><strong>acessoainformacao.pi.gov.br<\/strong><\/a>&nbsp;(e-SIC: para pedidos de acesso \u00e0 informa\u00e7\u00e3o p\u00fablica \u2013 conforme Lei Federal N\u00b0 12.527\/2011)<br><br>Presencial:<\/p>\n\n\n\n<p><a href=\"http:\/\/www.saf.pi.gov.br\/materia\/noticias\/governo-distribui-palma-forrageira-para-agricultores-do-piaui-574.html\">Rua Jo\u00e3o Cabral, n\u00ba 2319 &#8211; CEP 64002-224 &#8211; Teresina \u2013 Piau\u00ed.<\/a><br>Sala da Coordena\u00e7\u00e3o de Comunica\u00e7\u00e3o.<br>Hor\u00e1rio de atendimento: 07h30 \u00e0s 13h30.<\/p>\n\n\n\n<p><\/p>\n","protected":false},"excerpt":{"rendered":"<p>A Ouvidoria \u00e9 um espa\u00e7o de acolhimento para receber, examinar e encaminhar aos setores competentes todas as manifesta\u00e7\u00f5es de ouvidoria (reclama\u00e7\u00f5es, sugest\u00f5es, den\u00fancias, elogios e solicita\u00e7\u00f5es de provid\u00eancia) e pedidos [&hellip;]<\/p>\n","protected":false},"author":1,"featured_media":0,"parent":0,"menu_order":0,"comment_status":"closed","ping_status":"closed","template":"template-fullwidth.php","meta":[],"featured_image_urls":{"full":"","thumbnail":"","medium":"","medium_large":"","large":"","sgg-420":"","sgg-540":"","sgg-780":"","1536x1536":"","2048x2048":"","homepage-slider":"","homepage-slider-small":"","page-top":"","page-small":"","loop-main":"","thumb-gallery-widget":""},"post_excerpt_stackable":"<p>A Ouvidoria \u00e9 um espa\u00e7o de acolhimento para receber, examinar e encaminhar aos setores competentes todas as manifesta\u00e7\u00f5es de ouvidoria (reclama\u00e7\u00f5es, sugest\u00f5es, den\u00fancias, elogios e solicita\u00e7\u00f5es de provid\u00eancia) e pedidos de acesso \u00e0 informa\u00e7\u00f5es p\u00fablicas. \u00c9 uma atividade institucional de representa\u00e7\u00e3o aut\u00f4noma, imparcial e de car\u00e1ter mediador, pedag\u00f3gico e estrat\u00e9gico, que acolhe manifesta\u00e7\u00f5es n\u00e3o conclu\u00eddas por outros meios de atendimento para an\u00e1lise e atua\u00e7\u00e3o na busca de solu\u00e7\u00f5es. Canais de Atendimento:E-mail institucional: ouvidoria@saf.pi.gov.br\u00a0Disk Ouvidoria: 162Telefone: (86) 99495 9799 Internet: http:\/\/eouv.pi.gov.br&nbsp;(e-OUV: para reclama\u00e7\u00f5es, sugest\u00f5es, den\u00fancias, elogios e solicita\u00e7\u00f5es de provid\u00eancia \u2013 conforme Lei Federal N\u00ba 13.460\/2017)acessoainformacao.pi.gov.br&nbsp;(e-SIC: para pedidos de acesso \u00e0&hellip;<\/p>\n","category_list":"","author_info":{"name":"admin","url":"https:\/\/portal.pi.gov.br\/saf\/author\/admin\/"},"comments_num":"0 coment\u00e1rio","featured_image_urls_v2":{"full":"","thumbnail":"","medium":"","medium_large":"","large":"","sgg-420":"","sgg-540":"","sgg-780":"","1536x1536":"","2048x2048":"","homepage-slider":"","homepage-slider-small":"","page-top":"","page-small":"","loop-main":"","thumb-gallery-widget":""},"post_excerpt_stackable_v2":"<p>A Ouvidoria \u00e9 um espa\u00e7o de acolhimento para receber, examinar e encaminhar aos setores competentes todas as manifesta\u00e7\u00f5es de ouvidoria (reclama\u00e7\u00f5es, sugest\u00f5es, den\u00fancias, elogios e solicita\u00e7\u00f5es de provid\u00eancia) e pedidos de acesso \u00e0 informa\u00e7\u00f5es p\u00fablicas. \u00c9 uma atividade institucional de representa\u00e7\u00e3o aut\u00f4noma, imparcial e de car\u00e1ter mediador, pedag\u00f3gico e estrat\u00e9gico, que acolhe manifesta\u00e7\u00f5es n\u00e3o conclu\u00eddas por outros meios de atendimento para an\u00e1lise e atua\u00e7\u00e3o na busca de solu\u00e7\u00f5es. Canais de Atendimento:E-mail institucional: ouvidoria@saf.pi.gov.br\u00a0Disk Ouvidoria: 162Telefone: (86) 99495 9799 Internet: http:\/\/eouv.pi.gov.br&nbsp;(e-OUV: para reclama\u00e7\u00f5es, sugest\u00f5es, den\u00fancias, elogios e solicita\u00e7\u00f5es de provid\u00eancia \u2013 conforme Lei Federal N\u00ba 13.460\/2017)acessoainformacao.pi.gov.br&nbsp;(e-SIC: para pedidos de acesso \u00e0&hellip;<\/p>\n","category_list_v2":"","author_info_v2":{"name":"admin","url":"https:\/\/portal.pi.gov.br\/saf\/author\/admin\/"},"comments_num_v2":"0 coment\u00e1rio","_links":{"self":[{"href":"https:\/\/portal.pi.gov.br\/saf\/wp-json\/wp\/v2\/pages\/910"}],"collection":[{"href":"https:\/\/portal.pi.gov.br\/saf\/wp-json\/wp\/v2\/pages"}],"about":[{"href":"https:\/\/portal.pi.gov.br\/saf\/wp-json\/wp\/v2\/types\/page"}],"author":[{"embeddable":true,"href":"https:\/\/portal.pi.gov.br\/saf\/wp-json\/wp\/v2\/users\/1"}],"replies":[{"embeddable":true,"href":"https:\/\/portal.pi.gov.br\/saf\/wp-json\/wp\/v2\/comments?post=910"}],"version-history":[{"count":3,"href":"https:\/\/portal.pi.gov.br\/saf\/wp-json\/wp\/v2\/pages\/910\/revisions"}],"predecessor-version":[{"id":3062,"href":"https:\/\/portal.pi.gov.br\/saf\/wp-json\/wp\/v2\/pages\/910\/revisions\/3062"}],"wp:attachment":[{"href":"https:\/\/portal.pi.gov.br\/saf\/wp-json\/wp\/v2\/media?parent=910"}],"curies":[{"name":"wp","href":"https:\/\/api.w.org\/{rel}","templated":true}]}}