{"id":950,"date":"2021-05-26T10:12:30","date_gmt":"2021-05-26T13:12:30","guid":{"rendered":"http:\/\/portal.pi.gov.br\/saf\/?page_id=950"},"modified":"2024-05-28T11:58:17","modified_gmt":"2024-05-28T14:58:17","slug":"programa-de-aquisicao-de-alimentos","status":"publish","type":"page","link":"https:\/\/portal.pi.gov.br\/saf\/programa-de-aquisicao-de-alimentos\/","title":{"rendered":"Programa de Aquisi\u00e7\u00e3o de Alimentos"},"content":{"rendered":"\n<figure class=\"wp-block-image size-full\"><img decoding=\"async\" loading=\"lazy\" width=\"1374\" height=\"773\" src=\"https:\/\/portal.pi.gov.br\/saf\/wp-content\/uploads\/sites\/25\/2024\/05\/SAF_atualizacao-SITE_PAA.jpg\" alt=\"\" class=\"wp-image-3485\" srcset=\"https:\/\/portal.pi.gov.br\/saf\/wp-content\/uploads\/sites\/25\/2024\/05\/SAF_atualizacao-SITE_PAA.jpg 1374w, https:\/\/portal.pi.gov.br\/saf\/wp-content\/uploads\/sites\/25\/2024\/05\/SAF_atualizacao-SITE_PAA-500x281.jpg 500w, https:\/\/portal.pi.gov.br\/saf\/wp-content\/uploads\/sites\/25\/2024\/05\/SAF_atualizacao-SITE_PAA-768x432.jpg 768w, https:\/\/portal.pi.gov.br\/saf\/wp-content\/uploads\/sites\/25\/2024\/05\/SAF_atualizacao-SITE_PAA-420x236.jpg 420w, https:\/\/portal.pi.gov.br\/saf\/wp-content\/uploads\/sites\/25\/2024\/05\/SAF_atualizacao-SITE_PAA-540x304.jpg 540w, https:\/\/portal.pi.gov.br\/saf\/wp-content\/uploads\/sites\/25\/2024\/05\/SAF_atualizacao-SITE_PAA-780x439.jpg 780w, https:\/\/portal.pi.gov.br\/saf\/wp-content\/uploads\/sites\/25\/2024\/05\/SAF_atualizacao-SITE_PAA-947x533.jpg 947w, https:\/\/portal.pi.gov.br\/saf\/wp-content\/uploads\/sites\/25\/2024\/05\/SAF_atualizacao-SITE_PAA-624x351.jpg 624w\" sizes=\"(max-width: 1374px) 100vw, 1374px\" \/><\/figure>\n\n\n\n<p>O Programa de Aquisi\u00e7\u00e3o de Alimentos com a finalidade de incentivar a agricultura familiar, compreendendo a\u00e7\u00f5es vinculadas \u00e0 distribui\u00e7\u00e3o de produtos agropecu\u00e1rios para pessoas em situa\u00e7\u00e3o de inseguran\u00e7a alimentar e \u00e0 forma\u00e7\u00e3o de estoques estrat\u00e9gicos.<\/p>\n\n\n\n<p>Conhecido no Piau\u00ed como Compra Direta da Agricultura Familiar,&nbsp;\u00e9 uma das a\u00e7\u00f5es do Governo Federal no \u00e2mbito do Programa Fome Zero em parceria com o Governo do Estado atrav\u00e9s da Secretaria de Desenvolvimento Rural e possui duas finalidades b\u00e1sicas: promover o acesso \u00e0 alimenta\u00e7\u00e3o e incentivar a agricultura familiar.<\/p>\n\n\n\n<p>Para o alcance desses dois objetivos, o Programa compra alimentos produzidos pela agricultura familiar, com dispensa de licita\u00e7\u00e3o, e os destina \u00e0s pessoas em situa\u00e7\u00e3o de inseguran\u00e7a alimentar e nutricional e \u00e0quelas atendidas pela rede socioassistencial e pelos equipamentos p\u00fablicos de alimenta\u00e7\u00e3o e nutri\u00e7\u00e3o.<\/p>\n\n\n\n<p>Benefici\u00e1rios fornecedores &#8211;&nbsp; Agricultores familiares, assentados da reforma agr\u00e1ria, silvicultores, aquicultores, extrativistas, pescadores artesanais, ind\u00edgenas, integrantes de comunidades remanescentes de quilombos rurais e demais povos e comunidades tradicionais.<\/p>\n\n\n\n<p>Benefici\u00e1rios consumidores&nbsp; &#8211; Pessoas em situa\u00e7\u00e3o de inseguran\u00e7a alimentar e nutricional e aqueles atendidos pela rede s\u00f3cioassistencial e pelos equipamentos de alimenta\u00e7\u00e3o e nutri\u00e7\u00e3o. Ex: CRAS, Creches, APAEs, Igrejas,&nbsp;Restaurantes popular<\/p>\n\n\n\n<p>&nbsp;O controle social do Programa \u00e9 feito pelos Conselhos de Seguran\u00e7a Alimentar e Nutricional \u2013 CONSEA e os Conselhos Municipais de Desenvolvimento Rural Sustent\u00e1vel \u2013 CMDRS.<\/p>\n\n\n\n<p><strong>P\u00daBLICO BENEFICI\u00c1RIO<\/strong><\/p>\n\n\n\n<p><strong>&nbsp;<\/strong><strong>Benefici\u00e1rios fornecedores &#8211; <\/strong>Agricultores familiares, assentados da reforma agr\u00e1ria, silvicultores, aquicultores, extrativistas, pescadores artesanais, ind\u00edgenas, integrantes de comunidades remanescentes de quilombos rurais e demais povos e comunidades tradicionais. Limite de venda por agricultor (a) <strong>R$ 6.500,00<\/strong><\/p>\n\n\n\n<p><strong>Benefici\u00e1rios consumidores<\/strong>&nbsp; &#8211; Pessoas em situa\u00e7\u00e3o de inseguran\u00e7a alimentar e nutricional e aqueles atendidos pela rede s\u00f3cioassistencial e pelos equipamentos de alimenta\u00e7\u00e3o e nutri\u00e7\u00e3o. Ex: CRAS, Creches, APAEs, Igrejas,&nbsp; Restaurantes popular.<\/p>\n\n\n\n<p>O controle social do Programa \u00e9 feito pelos Conselhos de Seguran\u00e7a Alimentar e Nutricional \u2013 CONSEA e os Conselhos Municipais de Desenvolvimento Rural Sustent\u00e1vel \u2013 CMDRS<\/p>\n\n\n\n<p><\/p>\n\n\n\n<p><strong>N\u00daMEROS DO PAA NO PIAU\u00cd DE 2015 A 2020<\/strong><\/p>\n\n\n\n<figure class=\"wp-block-table\"><table><tbody><tr><td>ANO<\/td><td>MUNICIPIO<\/td><td>AGRICULTORES<\/td><td>INTITUI\u00c7\u00d5ES<\/td><td>RECURSOS<\/td><\/tr><tr><td>2015<\/td><td>128<\/td><td>5.543<\/td><td>585<\/td><td>18.000.000,00<\/td><\/tr><tr><td>2016<\/td><td>95<\/td><td>3.117<\/td><td>286<\/td><td>12.600.000,00<\/td><\/tr><tr><td>2017<\/td><td>115<\/td><td>3.500<\/td><td>297<\/td><td>6.000.000,00<\/td><\/tr><tr><td>2018<\/td><td>108<\/td><td>2.537<\/td><td>213<\/td><td>5.800.000,00<\/td><\/tr><tr><td>2019<\/td><td>83<\/td><td>1.483<\/td><td>156<\/td><td>3.800.000,00<\/td><\/tr><tr><td>2020<\/td><td>126<\/td><td>2.650<\/td><td>180<\/td><td>10.554.574,00<\/td><\/tr><\/tbody><\/table><\/figure>\n\n\n\n<p>Contato:<\/p>\n\n\n\n<p><strong>Durval Gomes de Moura<\/strong><\/p>\n\n\n\n<p>Diretor Estadual do Programa de Aquisi\u00e7\u00e3o de Alimentos- PAA<\/p>\n\n\n\n<p>Telefone: 98854-4452<\/p>\n\n\n\n<p>Email: <a href=\"mailto:durval.gomes@saf.pi.gov.br\">durval.gomes@saf.pi.gov.br<\/a>&nbsp; \/<a href=\"mailto:durvalgomes@hotmail.com\">durvalgomes@hotmail.com<\/a><\/p>\n","protected":false},"excerpt":{"rendered":"<p>O Programa de Aquisi\u00e7\u00e3o de Alimentos com a finalidade de incentivar a agricultura familiar, compreendendo a\u00e7\u00f5es vinculadas \u00e0 distribui\u00e7\u00e3o de produtos agropecu\u00e1rios para pessoas em situa\u00e7\u00e3o de inseguran\u00e7a alimentar e [&hellip;]<\/p>\n","protected":false},"author":1,"featured_media":0,"parent":0,"menu_order":0,"comment_status":"closed","ping_status":"closed","template":"template-fullwidth.php","meta":[],"featured_image_urls":{"full":"","thumbnail":"","medium":"","medium_large":"","large":"","sgg-420":"","sgg-540":"","sgg-780":"","1536x1536":"","2048x2048":"","homepage-slider":"","homepage-slider-small":"","page-top":"","page-small":"","loop-main":"","thumb-gallery-widget":""},"post_excerpt_stackable":"<p>O Programa de Aquisi\u00e7\u00e3o de Alimentos com a finalidade de incentivar a agricultura familiar, compreendendo a\u00e7\u00f5es vinculadas \u00e0 distribui\u00e7\u00e3o de produtos agropecu\u00e1rios para pessoas em situa\u00e7\u00e3o de inseguran\u00e7a alimentar e \u00e0 forma\u00e7\u00e3o de estoques estrat\u00e9gicos. Conhecido no Piau\u00ed como Compra Direta da Agricultura Familiar,&nbsp;\u00e9 uma das a\u00e7\u00f5es do Governo Federal no \u00e2mbito do Programa Fome Zero em parceria com o Governo do Estado atrav\u00e9s da Secretaria de Desenvolvimento Rural e possui duas finalidades b\u00e1sicas: promover o acesso \u00e0 alimenta\u00e7\u00e3o e incentivar a agricultura familiar. Para o alcance desses dois objetivos, o Programa compra alimentos produzidos pela agricultura familiar, com dispensa&hellip;<\/p>\n","category_list":"","author_info":{"name":"admin","url":"https:\/\/portal.pi.gov.br\/saf\/author\/admin\/"},"comments_num":"0 coment\u00e1rio","featured_image_urls_v2":{"full":"","thumbnail":"","medium":"","medium_large":"","large":"","sgg-420":"","sgg-540":"","sgg-780":"","1536x1536":"","2048x2048":"","homepage-slider":"","homepage-slider-small":"","page-top":"","page-small":"","loop-main":"","thumb-gallery-widget":""},"post_excerpt_stackable_v2":"<p>O Programa de Aquisi\u00e7\u00e3o de Alimentos com a finalidade de incentivar a agricultura familiar, compreendendo a\u00e7\u00f5es vinculadas \u00e0 distribui\u00e7\u00e3o de produtos agropecu\u00e1rios para pessoas em situa\u00e7\u00e3o de inseguran\u00e7a alimentar e \u00e0 forma\u00e7\u00e3o de estoques estrat\u00e9gicos. Conhecido no Piau\u00ed como Compra Direta da Agricultura Familiar,&nbsp;\u00e9 uma das a\u00e7\u00f5es do Governo Federal no \u00e2mbito do Programa Fome Zero em parceria com o Governo do Estado atrav\u00e9s da Secretaria de Desenvolvimento Rural e possui duas finalidades b\u00e1sicas: promover o acesso \u00e0 alimenta\u00e7\u00e3o e incentivar a agricultura familiar. Para o alcance desses dois objetivos, o Programa compra alimentos produzidos pela agricultura familiar, com dispensa&hellip;<\/p>\n","category_list_v2":"","author_info_v2":{"name":"admin","url":"https:\/\/portal.pi.gov.br\/saf\/author\/admin\/"},"comments_num_v2":"0 coment\u00e1rio","_links":{"self":[{"href":"https:\/\/portal.pi.gov.br\/saf\/wp-json\/wp\/v2\/pages\/950"}],"collection":[{"href":"https:\/\/portal.pi.gov.br\/saf\/wp-json\/wp\/v2\/pages"}],"about":[{"href":"https:\/\/portal.pi.gov.br\/saf\/wp-json\/wp\/v2\/types\/page"}],"author":[{"embeddable":true,"href":"https:\/\/portal.pi.gov.br\/saf\/wp-json\/wp\/v2\/users\/1"}],"replies":[{"embeddable":true,"href":"https:\/\/portal.pi.gov.br\/saf\/wp-json\/wp\/v2\/comments?post=950"}],"version-history":[{"count":9,"href":"https:\/\/portal.pi.gov.br\/saf\/wp-json\/wp\/v2\/pages\/950\/revisions"}],"predecessor-version":[{"id":3486,"href":"https:\/\/portal.pi.gov.br\/saf\/wp-json\/wp\/v2\/pages\/950\/revisions\/3486"}],"wp:attachment":[{"href":"https:\/\/portal.pi.gov.br\/saf\/wp-json\/wp\/v2\/media?parent=950"}],"curies":[{"name":"wp","href":"https:\/\/api.w.org\/{rel}","templated":true}]}}