{"id":943,"date":"2024-10-23T09:25:36","date_gmt":"2024-10-23T12:25:36","guid":{"rendered":"https:\/\/portal.pi.gov.br\/sasc\/?page_id=943"},"modified":"2024-11-06T10:16:52","modified_gmt":"2024-11-06T13:16:52","slug":"historico","status":"publish","type":"page","link":"https:\/\/portal.pi.gov.br\/sasc\/historico\/","title":{"rendered":"Hist\u00f3rico"},"content":{"rendered":"\n<p>A Secretaria da Assist\u00eancia Social e Cidadania (Sasc), hoje Secretaria da Assist\u00eancia Social, Trabalho e Direitos Humanos&nbsp; foi criada em junho de 2003 pela Lei Complementar N\u00ba 028. \u00c9 o \u00f3rg\u00e3o do Governo do Estado do Piau\u00ed respons\u00e1vel pela Gest\u00e3o Estadual da Pol\u00edtica de Assist\u00eancia Social e atua fundamentado nas Diretrizes da Lei Org\u00e2nica da Assist\u00eancia Social, Pol\u00edtica Nacional de Assist\u00eancia Social (PNAS) e documentos afins.<\/p>\n\n\n\n<p>A Sasc tem o objetivo de monitorar, avaliar, supervisionar e capacitar os munic\u00edpios do Estado do Piau\u00ed no que se refere \u00e0 implanta\u00e7\u00e3o, implementa\u00e7\u00e3o e fortalecimento do Sistema \u00danico da Assist\u00eancia Social (Suas).<\/p>\n\n\n\n<p>Os servi\u00e7os&nbsp; da rede socioassistencial organizado em:<\/p>\n\n\n\n<p><strong>PROTE\u00c7\u00c3O SOCIAL B\u00c1SICA<\/strong>: Programas, projetos, servi\u00e7os e benef\u00edcios destinados \u00e0s pessoas em estado de vulnerabilidade que n\u00e3o perderam v\u00ednculos familiares e\/ou comunit\u00e1rios nem tiveram seus direitos violados;<\/p>\n\n\n\n<p><strong>PROTE\u00c7\u00c3O SOCIAL ESPECIAL, DE M\u00c9DIA E ALTA COMPLEXIDADE<\/strong>: Programas, projetos, servi\u00e7os e benef\u00edcios destinados \u00e0s pessoas em estado de vulnerabilidade que perderam v\u00ednculos familiares e\/ou comunit\u00e1rios e tiveram seus direitos violados. <\/p>\n\n\n\n<p>Em 2019, ap\u00f3s uma reforma administrativa do Governo do Estado, a Secretaria de Assist\u00eancia Social e Cidadania incorporou a Secretaria do Trabalho, Emprego, Renda e Esporte &#8211; Setre; passando a se denominar Secretaria de Estado da Assist\u00eancia Social, Trabalho e Direitos Humanos &#8211; SASC.<\/p>\n\n\n\n<p>Al\u00e9m da Assist\u00eancia Social, a SASC, atua na defesa e na prote\u00e7\u00e3o dos Idosos, dos Direitos Humanos, da Igualdade Racial e Povos Origin\u00e1rios, na qualifica\u00e7\u00e3o e encaminhamento para o mercado de trabalho, atrav\u00e9s do SINE.<\/p>\n\n\n\n<p><strong>SECRETARIA DA ASSIST\u00caNCIA SOCIAL, TRABALHO E DIREITOS HUMANOS &#8211; SASC<\/strong><\/p>\n\n\n\n<p>SECRET\u00c1RIA- Maria Regina Sousa&nbsp;<br>Superintendente da Assist\u00eancia Social &#8211; Jana\u00edna Mapurunga<br>Superintendente de Pol\u00edticas P\u00fablicas para a Pessoa Idosa &#8211; Gilvana Gayoso<br>Superintendente dos Direitos Humanos &#8211;&nbsp; S\u00f4nia Terra<br>Superintendente da Igualdade Racial e Povos Origin\u00e1rios, Assun\u00e7\u00e3o Aguiar<br>Superintendente do Trabalho, Renda e Inclus\u00e3o Social &#8211; Jos\u00e9 Barros<br>Superintendente de Planejamento e Gest\u00e3o &#8211; Gisele Ara\u00fajo<br>Diretoria Administrativo &#8211; Lorena Mendes<br>Diretoria Financeira &#8211; Concei\u00e7\u00e3o Bugyja<\/p>\n\n\n\n<p>Endere\u00e7o: Rua Acre 340, Bairro Cabral, Teresina-PI<\/p>\n","protected":false},"excerpt":{"rendered":"<p>A Secretaria da Assist\u00eancia Social e Cidadania (Sasc), hoje Secretaria da Assist\u00eancia Social, Trabalho e Direitos Humanos&nbsp; foi criada em junho de 2003 pela Lei Complementar N\u00ba 028. \u00c9 o [&hellip;]<\/p>\n","protected":false},"author":28,"featured_media":0,"parent":0,"menu_order":0,"comment_status":"closed","ping_status":"closed","template":"template-fullwidth.php","meta":[],"featured_image_urls":{"full":"","thumbnail":"","medium":"","medium_large":"","large":"","sgg-420":"","sgg-540":"","sgg-780":"","1536x1536":"","2048x2048":"","homepage-slider":"","homepage-slider-small":"","page-top":"","page-small":"","loop-main":"","thumb-gallery-widget":""},"post_excerpt_stackable":"<p>A Secretaria da Assist\u00eancia Social e Cidadania (Sasc), hoje Secretaria da Assist\u00eancia Social, Trabalho e Direitos Humanos&nbsp; foi criada em junho de 2003 pela Lei Complementar N\u00ba 028. \u00c9 o \u00f3rg\u00e3o do Governo do Estado do Piau\u00ed respons\u00e1vel pela Gest\u00e3o Estadual da Pol\u00edtica de Assist\u00eancia Social e atua fundamentado nas Diretrizes da Lei Org\u00e2nica da Assist\u00eancia Social, Pol\u00edtica Nacional de Assist\u00eancia Social (PNAS) e documentos afins. A Sasc tem o objetivo de monitorar, avaliar, supervisionar e capacitar os munic\u00edpios do Estado do Piau\u00ed no que se refere \u00e0 implanta\u00e7\u00e3o, implementa\u00e7\u00e3o e fortalecimento do Sistema \u00danico da Assist\u00eancia Social (Suas). Os&hellip;<\/p>\n","category_list":"","author_info":{"name":"tassodenis","url":"https:\/\/portal.pi.gov.br\/sasc\/author\/tassodenis\/"},"comments_num":"0 coment\u00e1rio","featured_image_urls_v2":{"full":"","thumbnail":"","medium":"","medium_large":"","large":"","sgg-420":"","sgg-540":"","sgg-780":"","1536x1536":"","2048x2048":"","homepage-slider":"","homepage-slider-small":"","page-top":"","page-small":"","loop-main":"","thumb-gallery-widget":""},"post_excerpt_stackable_v2":"<p>A Secretaria da Assist\u00eancia Social e Cidadania (Sasc), hoje Secretaria da Assist\u00eancia Social, Trabalho e Direitos Humanos&nbsp; foi criada em junho de 2003 pela Lei Complementar N\u00ba 028. \u00c9 o \u00f3rg\u00e3o do Governo do Estado do Piau\u00ed respons\u00e1vel pela Gest\u00e3o Estadual da Pol\u00edtica de Assist\u00eancia Social e atua fundamentado nas Diretrizes da Lei Org\u00e2nica da Assist\u00eancia Social, Pol\u00edtica Nacional de Assist\u00eancia Social (PNAS) e documentos afins. A Sasc tem o objetivo de monitorar, avaliar, supervisionar e capacitar os munic\u00edpios do Estado do Piau\u00ed no que se refere \u00e0 implanta\u00e7\u00e3o, implementa\u00e7\u00e3o e fortalecimento do Sistema \u00danico da Assist\u00eancia Social (Suas). Os&hellip;<\/p>\n","category_list_v2":"","author_info_v2":{"name":"tassodenis","url":"https:\/\/portal.pi.gov.br\/sasc\/author\/tassodenis\/"},"comments_num_v2":"0 coment\u00e1rio","_links":{"self":[{"href":"https:\/\/portal.pi.gov.br\/sasc\/wp-json\/wp\/v2\/pages\/943"}],"collection":[{"href":"https:\/\/portal.pi.gov.br\/sasc\/wp-json\/wp\/v2\/pages"}],"about":[{"href":"https:\/\/portal.pi.gov.br\/sasc\/wp-json\/wp\/v2\/types\/page"}],"author":[{"embeddable":true,"href":"https:\/\/portal.pi.gov.br\/sasc\/wp-json\/wp\/v2\/users\/28"}],"replies":[{"embeddable":true,"href":"https:\/\/portal.pi.gov.br\/sasc\/wp-json\/wp\/v2\/comments?post=943"}],"version-history":[{"count":3,"href":"https:\/\/portal.pi.gov.br\/sasc\/wp-json\/wp\/v2\/pages\/943\/revisions"}],"predecessor-version":[{"id":1064,"href":"https:\/\/portal.pi.gov.br\/sasc\/wp-json\/wp\/v2\/pages\/943\/revisions\/1064"}],"wp:attachment":[{"href":"https:\/\/portal.pi.gov.br\/sasc\/wp-json\/wp\/v2\/media?parent=943"}],"curies":[{"name":"wp","href":"https:\/\/api.w.org\/{rel}","templated":true}]}}