{"id":945,"date":"2024-10-23T09:25:50","date_gmt":"2024-10-23T12:25:50","guid":{"rendered":"https:\/\/portal.pi.gov.br\/sasc\/?page_id=945"},"modified":"2025-07-01T09:09:51","modified_gmt":"2025-07-01T12:09:51","slug":"gabinete","status":"publish","type":"page","link":"https:\/\/portal.pi.gov.br\/sasc\/gabinete\/","title":{"rendered":"Gabinete"},"content":{"rendered":"\n<p>Endere\u00e7o: Rua Areolino de Abreu, 2115 &#8211; Centro, Teresina-PI<\/p>\n\n\n\n<p>Secret\u00e1rio Jo\u00e3o de Deus Sousa<\/p>\n\n\n\n<p>Assessoria de Agenda &#8211; Keila Maria Contato: 86\u00a0 99515 1771<\/p>\n\n\n\n<p>Assessoria de Comunica\u00e7\u00e3o &#8211; Elzo Ribeiro Contato: 86 99477 6355<\/p>\n\n\n\n<p><\/p>\n\n\n\n<p><\/p>\n","protected":false},"excerpt":{"rendered":"<p>Endere\u00e7o: Rua Areolino de Abreu, 2115 &#8211; Centro, Teresina-PI Secret\u00e1rio Jo\u00e3o de Deus Sousa Assessoria de Agenda &#8211; Keila Maria Contato: 86\u00a0 99515 1771 Assessoria de Comunica\u00e7\u00e3o &#8211; Elzo Ribeiro [&hellip;]<\/p>\n","protected":false},"author":28,"featured_media":0,"parent":0,"menu_order":0,"comment_status":"closed","ping_status":"closed","template":"template-fullwidth.php","meta":[],"featured_image_urls":{"full":"","thumbnail":"","medium":"","medium_large":"","large":"","sgg-420":"","sgg-540":"","sgg-780":"","1536x1536":"","2048x2048":"","homepage-slider":"","homepage-slider-small":"","page-top":"","page-small":"","loop-main":"","thumb-gallery-widget":""},"post_excerpt_stackable":"<p>Endere\u00e7o: Rua Areolino de Abreu, 2115 &#8211; Centro, Teresina-PI Secret\u00e1rio Jo\u00e3o de Deus Sousa Assessoria de Agenda &#8211; Keila Maria Contato: 86\u00a0 99515 1771 Assessoria de Comunica\u00e7\u00e3o &#8211; Elzo Ribeiro Contato: 86 99477 6355<\/p>\n","category_list":"","author_info":{"name":"tassodenis","url":"https:\/\/portal.pi.gov.br\/sasc\/author\/tassodenis\/"},"comments_num":"0 coment\u00e1rio","featured_image_urls_v2":{"full":"","thumbnail":"","medium":"","medium_large":"","large":"","sgg-420":"","sgg-540":"","sgg-780":"","1536x1536":"","2048x2048":"","homepage-slider":"","homepage-slider-small":"","page-top":"","page-small":"","loop-main":"","thumb-gallery-widget":""},"post_excerpt_stackable_v2":"<p>Endere\u00e7o: Rua Areolino de Abreu, 2115 &#8211; Centro, Teresina-PI Secret\u00e1rio Jo\u00e3o de Deus Sousa Assessoria de Agenda &#8211; Keila Maria Contato: 86\u00a0 99515 1771 Assessoria de Comunica\u00e7\u00e3o &#8211; Elzo Ribeiro Contato: 86 99477 6355<\/p>\n","category_list_v2":"","author_info_v2":{"name":"tassodenis","url":"https:\/\/portal.pi.gov.br\/sasc\/author\/tassodenis\/"},"comments_num_v2":"0 coment\u00e1rio","_links":{"self":[{"href":"https:\/\/portal.pi.gov.br\/sasc\/wp-json\/wp\/v2\/pages\/945"}],"collection":[{"href":"https:\/\/portal.pi.gov.br\/sasc\/wp-json\/wp\/v2\/pages"}],"about":[{"href":"https:\/\/portal.pi.gov.br\/sasc\/wp-json\/wp\/v2\/types\/page"}],"author":[{"embeddable":true,"href":"https:\/\/portal.pi.gov.br\/sasc\/wp-json\/wp\/v2\/users\/28"}],"replies":[{"embeddable":true,"href":"https:\/\/portal.pi.gov.br\/sasc\/wp-json\/wp\/v2\/comments?post=945"}],"version-history":[{"count":6,"href":"https:\/\/portal.pi.gov.br\/sasc\/wp-json\/wp\/v2\/pages\/945\/revisions"}],"predecessor-version":[{"id":2876,"href":"https:\/\/portal.pi.gov.br\/sasc\/wp-json\/wp\/v2\/pages\/945\/revisions\/2876"}],"wp:attachment":[{"href":"https:\/\/portal.pi.gov.br\/sasc\/wp-json\/wp\/v2\/media?parent=945"}],"curies":[{"name":"wp","href":"https:\/\/api.w.org\/{rel}","templated":true}]}}