{"id":949,"date":"2024-10-23T09:27:20","date_gmt":"2024-10-23T12:27:20","guid":{"rendered":"https:\/\/portal.pi.gov.br\/sasc\/?page_id=949"},"modified":"2025-05-05T11:38:20","modified_gmt":"2025-05-05T14:38:20","slug":"planejamento-e-gestao","status":"publish","type":"page","link":"https:\/\/portal.pi.gov.br\/sasc\/planejamento-e-gestao\/","title":{"rendered":"Planejamento e Gest\u00e3o"},"content":{"rendered":"\n<p>Endere\u00e7o: Rua  Areolino de Abreu, 2115- Centro C\u00edvico, Teresina-PI <\/p>\n\n\n\n<p>Superintendente Gisele Oliveira \u2013 86 99952 0016<br><\/p>\n\n\n\n<p><strong>Diretoria de Monitoramento e Gest\u00e3o<\/strong><\/p>\n\n\n\n<p>Diretora : Sic\u00edlia Amazonas \u2013 86 99941 4391<\/p>\n\n\n\n<p>Ger\u00eancia de Gest\u00e3o de Fundos, Parcerias e Conv\u00eanios<\/p>\n\n\n\n<p>Coord. Conv\u00eanios e Parcerias<\/p>\n\n\n\n<p>Coord. do FECOP<\/p>\n\n\n\n<p>Ger\u00eancia de Monitoramento e Avalia\u00e7\u00e3o<\/p>\n\n\n\n<p>Coord. de Monitoramento e Avalia\u00e7\u00e3o<\/p>\n\n\n\n<p>Coord. de Gest\u00e3o e Monitoramento dos Fundos<\/p>\n\n\n\n<p>Gerencia de Planejamento e Or\u00e7amento<\/p>\n\n\n\n<p>Coord. de Planejamento<\/p>\n\n\n\n<p>coord. de Or\u00e7amento<\/p>\n\n\n\n<p>Ger\u00eancia de Gest\u00e3o de Dados<\/p>\n","protected":false},"excerpt":{"rendered":"<p>Endere\u00e7o: Rua Areolino de Abreu, 2115- Centro C\u00edvico, Teresina-PI Superintendente Gisele Oliveira \u2013 86 99952 0016 Diretoria de Monitoramento e Gest\u00e3o Diretora : Sic\u00edlia Amazonas \u2013 86 99941 4391 Ger\u00eancia [&hellip;]<\/p>\n","protected":false},"author":28,"featured_media":0,"parent":0,"menu_order":0,"comment_status":"closed","ping_status":"closed","template":"template-fullwidth.php","meta":[],"featured_image_urls":{"full":"","thumbnail":"","medium":"","medium_large":"","large":"","sgg-420":"","sgg-540":"","sgg-780":"","1536x1536":"","2048x2048":"","homepage-slider":"","homepage-slider-small":"","page-top":"","page-small":"","loop-main":"","thumb-gallery-widget":""},"post_excerpt_stackable":"<p>Endere\u00e7o: Rua Areolino de Abreu, 2115- Centro C\u00edvico, Teresina-PI Superintendente Gisele Oliveira \u2013 86 99952 0016 Diretoria de Monitoramento e Gest\u00e3o Diretora : Sic\u00edlia Amazonas \u2013 86 99941 4391 Ger\u00eancia de Gest\u00e3o de Fundos, Parcerias e Conv\u00eanios Coord. Conv\u00eanios e Parcerias Coord. do FECOP Ger\u00eancia de Monitoramento e Avalia\u00e7\u00e3o Coord. de Monitoramento e Avalia\u00e7\u00e3o Coord. de Gest\u00e3o e Monitoramento dos Fundos Gerencia de Planejamento e Or\u00e7amento Coord. de Planejamento coord. de Or\u00e7amento Ger\u00eancia de Gest\u00e3o de Dados<\/p>\n","category_list":"","author_info":{"name":"tassodenis","url":"https:\/\/portal.pi.gov.br\/sasc\/author\/tassodenis\/"},"comments_num":"0 coment\u00e1rio","featured_image_urls_v2":{"full":"","thumbnail":"","medium":"","medium_large":"","large":"","sgg-420":"","sgg-540":"","sgg-780":"","1536x1536":"","2048x2048":"","homepage-slider":"","homepage-slider-small":"","page-top":"","page-small":"","loop-main":"","thumb-gallery-widget":""},"post_excerpt_stackable_v2":"<p>Endere\u00e7o: Rua Areolino de Abreu, 2115- Centro C\u00edvico, Teresina-PI Superintendente Gisele Oliveira \u2013 86 99952 0016 Diretoria de Monitoramento e Gest\u00e3o Diretora : Sic\u00edlia Amazonas \u2013 86 99941 4391 Ger\u00eancia de Gest\u00e3o de Fundos, Parcerias e Conv\u00eanios Coord. Conv\u00eanios e Parcerias Coord. do FECOP Ger\u00eancia de Monitoramento e Avalia\u00e7\u00e3o Coord. de Monitoramento e Avalia\u00e7\u00e3o Coord. de Gest\u00e3o e Monitoramento dos Fundos Gerencia de Planejamento e Or\u00e7amento Coord. de Planejamento coord. de Or\u00e7amento Ger\u00eancia de Gest\u00e3o de Dados<\/p>\n","category_list_v2":"","author_info_v2":{"name":"tassodenis","url":"https:\/\/portal.pi.gov.br\/sasc\/author\/tassodenis\/"},"comments_num_v2":"0 coment\u00e1rio","_links":{"self":[{"href":"https:\/\/portal.pi.gov.br\/sasc\/wp-json\/wp\/v2\/pages\/949"}],"collection":[{"href":"https:\/\/portal.pi.gov.br\/sasc\/wp-json\/wp\/v2\/pages"}],"about":[{"href":"https:\/\/portal.pi.gov.br\/sasc\/wp-json\/wp\/v2\/types\/page"}],"author":[{"embeddable":true,"href":"https:\/\/portal.pi.gov.br\/sasc\/wp-json\/wp\/v2\/users\/28"}],"replies":[{"embeddable":true,"href":"https:\/\/portal.pi.gov.br\/sasc\/wp-json\/wp\/v2\/comments?post=949"}],"version-history":[{"count":4,"href":"https:\/\/portal.pi.gov.br\/sasc\/wp-json\/wp\/v2\/pages\/949\/revisions"}],"predecessor-version":[{"id":2563,"href":"https:\/\/portal.pi.gov.br\/sasc\/wp-json\/wp\/v2\/pages\/949\/revisions\/2563"}],"wp:attachment":[{"href":"https:\/\/portal.pi.gov.br\/sasc\/wp-json\/wp\/v2\/media?parent=949"}],"curies":[{"name":"wp","href":"https:\/\/api.w.org\/{rel}","templated":true}]}}