{"id":951,"date":"2024-10-23T09:27:35","date_gmt":"2024-10-23T12:27:35","guid":{"rendered":"https:\/\/portal.pi.gov.br\/sasc\/?page_id=951"},"modified":"2024-11-08T15:24:43","modified_gmt":"2024-11-08T18:24:43","slug":"trabalho-renda-e-inclusao","status":"publish","type":"page","link":"https:\/\/portal.pi.gov.br\/sasc\/trabalho-renda-e-inclusao\/","title":{"rendered":"Trabalho, Renda e Inclus\u00e3o"},"content":{"rendered":"\n<p>Endere\u00e7o: Rua \u00c1lvaro Mendes, 2090, Centro, Teresina &#8211; PI<\/p>\n\n\n\n<p><strong>A Superintend\u00eancia realiza o Programa Qualifica Piau\u00ed e oferece os cursos:<\/strong><\/p>\n\n\n\n<ul>\n<li>Corte e costura\/ Cabeleireiro b\u00e1sico<\/li>\n\n\n\n<li>Mec\u00e2nico de Moto<\/li>\n\n\n\n<li>Refrigera\u00e7\u00e3o residencial<\/li>\n\n\n\n<li>Constru\u00e7\u00e3o civil<\/li>\n\n\n\n<li>Eletricista B\u00e1sico<\/li>\n<\/ul>\n\n\n\n<p><strong>Multicursos:<\/strong><\/p>\n\n\n\n<ul>\n<li>T\u00e9cnico em vendas<\/li>\n\n\n\n<li>M\u00eddias Sociais<\/li>\n\n\n\n<li>Inform\u00e1tica B\u00e1sica<\/li>\n\n\n\n<li>Qualidade no atendimento<\/li>\n<\/ul>\n\n\n\n<p><strong>Encaminhar solicita\u00e7\u00e3o, dia SEI,&nbsp; para o e-mail<\/strong><\/p>\n\n\n\n<p><strong>qualificapiaui@sasc.pi.gov.br<\/strong><\/p>\n\n\n\n<p><\/p>\n\n\n\n<p><strong>Superintend\u00eancia do Trabalho, Renda e Inclus\u00e3o Social<\/strong><\/p>\n\n\n\n<p>Superintendente Jos\u00e9 Barros \u2013 86 99582 0635<\/p>\n\n\n\n<p><\/p>\n\n\n\n<p><strong>Diretoria de Qualifica\u00e7\u00e3o Profissional e Socia<\/strong>l<\/p>\n\n\n\n<p>Heline Silva \u2013 86 98822 2118<\/p>\n\n\n\n<p>Ger\u00eancia de Economia Solid\u00e1ria e Inclus\u00e3o Produtiva<\/p>\n\n\n\n<p>Coordena\u00e7\u00e3o de Projetos de Inclus\u00e3o Produtiva<\/p>\n\n\n\n<p>Ger\u00eancia de Empreendedorismo, Associativismo e Cooperativismo<\/p>\n\n\n\n<p>Coordena\u00e7\u00e3o de Fomento ao Empreendedorismo<\/p>\n\n\n\n<p>Ger\u00eancia de Qualifica\u00e7\u00e3o Profissional<\/p>\n\n\n\n<p>Coordena\u00e7\u00e3o do Programa de cursos<\/p>\n\n\n\n<p>Gerencia de Economia Solid\u00e1ria e Inclus\u00e3o Produtiva<\/p>\n\n\n\n<p>Coordena\u00e7\u00e3o de Projetos de Inclus\u00e3o Produtiva<br><\/p>\n\n\n\n<p><strong>Diretoria de intermedia\u00e7\u00e3o de m\u00e3o de obra<\/strong><\/p>\n\n\n\n<p>Diretora Larissa Moura \u2013 86 99984 0914<\/p>\n\n\n\n<p>Ger\u00eancia de Intermedia\u00e7\u00e3o de M\u00e3o de Obra<\/p>\n\n\n\n<p>Coordenador de Capta\u00e7\u00e3o de Vagas<\/p>\n\n\n\n<p>Ger\u00eancia Operacional do SINE<\/p>\n\n\n\n<p>Coordena\u00e7\u00e3o da Unidade do SINE &#8211; Capital<\/p>\n\n\n\n<p>Coordena\u00e7\u00e3o da Unidade do SINE \u2013interior<\/p>\n\n\n\n<p>Ger\u00eancia de Articula\u00e7\u00e3o com Entidades e Parcerias<\/p>\n\n\n\n<p>Coordena\u00e7\u00e3o de Articula\u00e7\u00e3o de Parcerias<\/p>\n\n\n\n<p>Coordena\u00e7\u00e3o de Inclus\u00e3o de Pessoas com Defici\u00eancia<\/p>\n\n\n\n<p>Grades de cursos do Programa Qualifica Piau\u00ed<\/p>\n\n\n\n<p>Corte e costura\/cabeleireiro b\u00e1sico<\/p>\n\n\n\n<p>Mec\u00e2nico de Moto<\/p>\n","protected":false},"excerpt":{"rendered":"<p>Endere\u00e7o: Rua \u00c1lvaro Mendes, 2090, Centro, Teresina &#8211; PI A Superintend\u00eancia realiza o Programa Qualifica Piau\u00ed e oferece os cursos: Multicursos: Encaminhar solicita\u00e7\u00e3o, dia SEI,&nbsp; para o e-mail qualificapiaui@sasc.pi.gov.br Superintend\u00eancia [&hellip;]<\/p>\n","protected":false},"author":28,"featured_media":0,"parent":0,"menu_order":0,"comment_status":"closed","ping_status":"closed","template":"template-fullwidth.php","meta":[],"featured_image_urls":{"full":"","thumbnail":"","medium":"","medium_large":"","large":"","sgg-420":"","sgg-540":"","sgg-780":"","1536x1536":"","2048x2048":"","homepage-slider":"","homepage-slider-small":"","page-top":"","page-small":"","loop-main":"","thumb-gallery-widget":""},"post_excerpt_stackable":"<p>Endere\u00e7o: Rua \u00c1lvaro Mendes, 2090, Centro, Teresina &#8211; PI A Superintend\u00eancia realiza o Programa Qualifica Piau\u00ed e oferece os cursos: Corte e costura\/ Cabeleireiro b\u00e1sico Mec\u00e2nico de Moto Refrigera\u00e7\u00e3o residencial Constru\u00e7\u00e3o civil Eletricista B\u00e1sico Multicursos: T\u00e9cnico em vendas M\u00eddias Sociais Inform\u00e1tica B\u00e1sica Qualidade no atendimento Encaminhar solicita\u00e7\u00e3o, dia SEI,&nbsp; para o e-mail qualificapiaui@sasc.pi.gov.br Superintend\u00eancia do Trabalho, Renda e Inclus\u00e3o Social Superintendente Jos\u00e9 Barros \u2013 86 99582 0635 Diretoria de Qualifica\u00e7\u00e3o Profissional e Social Heline Silva \u2013 86 98822 2118 Ger\u00eancia de Economia Solid\u00e1ria e Inclus\u00e3o Produtiva Coordena\u00e7\u00e3o de Projetos de Inclus\u00e3o Produtiva Ger\u00eancia de Empreendedorismo, Associativismo e Cooperativismo Coordena\u00e7\u00e3o de&hellip;<\/p>\n","category_list":"","author_info":{"name":"tassodenis","url":"https:\/\/portal.pi.gov.br\/sasc\/author\/tassodenis\/"},"comments_num":"0 coment\u00e1rio","featured_image_urls_v2":{"full":"","thumbnail":"","medium":"","medium_large":"","large":"","sgg-420":"","sgg-540":"","sgg-780":"","1536x1536":"","2048x2048":"","homepage-slider":"","homepage-slider-small":"","page-top":"","page-small":"","loop-main":"","thumb-gallery-widget":""},"post_excerpt_stackable_v2":"<p>Endere\u00e7o: Rua \u00c1lvaro Mendes, 2090, Centro, Teresina &#8211; PI A Superintend\u00eancia realiza o Programa Qualifica Piau\u00ed e oferece os cursos: Corte e costura\/ Cabeleireiro b\u00e1sico Mec\u00e2nico de Moto Refrigera\u00e7\u00e3o residencial Constru\u00e7\u00e3o civil Eletricista B\u00e1sico Multicursos: T\u00e9cnico em vendas M\u00eddias Sociais Inform\u00e1tica B\u00e1sica Qualidade no atendimento Encaminhar solicita\u00e7\u00e3o, dia SEI,&nbsp; para o e-mail qualificapiaui@sasc.pi.gov.br Superintend\u00eancia do Trabalho, Renda e Inclus\u00e3o Social Superintendente Jos\u00e9 Barros \u2013 86 99582 0635 Diretoria de Qualifica\u00e7\u00e3o Profissional e Social Heline Silva \u2013 86 98822 2118 Ger\u00eancia de Economia Solid\u00e1ria e Inclus\u00e3o Produtiva Coordena\u00e7\u00e3o de Projetos de Inclus\u00e3o Produtiva Ger\u00eancia de Empreendedorismo, Associativismo e Cooperativismo Coordena\u00e7\u00e3o de&hellip;<\/p>\n","category_list_v2":"","author_info_v2":{"name":"tassodenis","url":"https:\/\/portal.pi.gov.br\/sasc\/author\/tassodenis\/"},"comments_num_v2":"0 coment\u00e1rio","_links":{"self":[{"href":"https:\/\/portal.pi.gov.br\/sasc\/wp-json\/wp\/v2\/pages\/951"}],"collection":[{"href":"https:\/\/portal.pi.gov.br\/sasc\/wp-json\/wp\/v2\/pages"}],"about":[{"href":"https:\/\/portal.pi.gov.br\/sasc\/wp-json\/wp\/v2\/types\/page"}],"author":[{"embeddable":true,"href":"https:\/\/portal.pi.gov.br\/sasc\/wp-json\/wp\/v2\/users\/28"}],"replies":[{"embeddable":true,"href":"https:\/\/portal.pi.gov.br\/sasc\/wp-json\/wp\/v2\/comments?post=951"}],"version-history":[{"count":3,"href":"https:\/\/portal.pi.gov.br\/sasc\/wp-json\/wp\/v2\/pages\/951\/revisions"}],"predecessor-version":[{"id":1137,"href":"https:\/\/portal.pi.gov.br\/sasc\/wp-json\/wp\/v2\/pages\/951\/revisions\/1137"}],"wp:attachment":[{"href":"https:\/\/portal.pi.gov.br\/sasc\/wp-json\/wp\/v2\/media?parent=951"}],"curies":[{"name":"wp","href":"https:\/\/api.w.org\/{rel}","templated":true}]}}