{"id":957,"date":"2024-10-23T09:28:30","date_gmt":"2024-10-23T12:28:30","guid":{"rendered":"https:\/\/portal.pi.gov.br\/sasc\/?page_id=957"},"modified":"2025-04-25T09:09:56","modified_gmt":"2025-04-25T12:09:56","slug":"direitos-humanos","status":"publish","type":"page","link":"https:\/\/portal.pi.gov.br\/sasc\/direitos-humanos\/","title":{"rendered":"Direitos Humanos"},"content":{"rendered":"\n<p>Endere\u00e7o: Rua 19 de Novembro, 159, Edif\u00edcio Carlos Estevam, Centro, Teresina &#8211; PI 64000-470<\/p>\n\n\n\n<p>Superintendente Sonia Maria  Dias de Sousa ( S\u00f4nia Terra ) 86 99829 0713<\/p>\n\n\n\n<p><strong>Diretoria de Atendimento Socioeducativo<\/strong><br>Diretora Cicera Andrade &#8211; 86 99908 5014<\/p>\n\n\n\n<ul>\n<li>Ger\u00eancia de Atendimento Inicial do Sist. Socioeducativo<\/li>\n\n\n\n<li>Coord. do Compl. de Def. da Cidadania<\/li>\n\n\n\n<li>Coord. do Compl. de Def. da Cidadania de Picos<\/li>\n\n\n\n<li>Coord. do Compl. de Def. da Cidadania de Parna\u00edba<\/li>\n\n\n\n<li>Ger\u00eancia de Apoio Inst. e Pedag\u00f3gico<\/li>\n\n\n\n<li>Coord. Geral do Sistema de Informa\u00e7\u00f5es para a Inf\u00e2ncia e Adolesc\u00eancia &#8211; SIPIA\/SINASE<\/li>\n\n\n\n<li>Coord. Geral do N\u00facleo Socioeducativo<\/li>\n\n\n\n<li>Coord. Geral Pedag\u00f3gico<\/li>\n\n\n\n<li>Ger\u00eancia de Medidas Socioeducativas de Interna\u00e7\u00e3o<\/li>\n\n\n\n<li>Coord. Geral do Programa Semiliberdade<\/li>\n\n\n\n<li>Coord. Pedag\u00f3gico do Semiliberdade<\/li>\n\n\n\n<li>Coord. Geral do CEM<\/li>\n\n\n\n<li>Coord.Pedag\u00f3gico do CEM<\/li>\n\n\n\n<li>Coord. Geral do CEF<\/li>\n\n\n\n<li>Coord. Pedag\u00f3gico do CEF<\/li>\n\n\n\n<li>Coord. Geral do CEIP<\/li>\n\n\n\n<li>Coord. Pedag\u00f3gico do CEIP<\/li>\n\n\n\n<li>Assistente de servi\u00e7o I<\/li>\n<\/ul>\n\n\n\n<p><strong>Diretoria de Direitos Humanos<\/strong><br>Diretora :Concei\u00e7\u00e3o Silva 86 99946 9173<\/p>\n\n\n\n<ul>\n<li>Ger\u00eancia de Educa\u00e7\u00e3o em Direitos Humanos<\/li>\n\n\n\n<li>Coord. do nucleo de forma\u00e7\u00e3o em DH &#8211; Cocais<\/li>\n\n\n\n<li>Coord. do nucleo de forma\u00e7ao em DH &#8211; Entre rios<\/li>\n\n\n\n<li>Coord. planejamento e qualifica\u00e7\u00e3o em DH<\/li>\n\n\n\n<li>Coord. do n\u00facleo de forma\u00e7\u00e3o em DH -Vale do Guaribas<\/li>\n\n\n\n<li>Coord. do nucleo de forma\u00e7ao em DH -chapada das mangabeiras<\/li>\n<\/ul>\n\n\n\n<p><strong>Diretoria Promo\u00e7\u00e3o da Cidadania LGBT<\/strong><\/p>\n\n\n\n<ul>\n<li>Diretora Joseane Borges 86 99941 8204<\/li>\n\n\n\n<li>Gerente de enfrentamento a Lgbtgfobia<\/li>\n\n\n\n<li>Coord. do Centro de Refer\u00eancia LGBT<\/li>\n\n\n\n<li>Coord. de a\u00e7\u00f5es estrat\u00e9gicas de enfrentamento \u00e0 homofobia<\/li>\n\n\n\n<li>Assistente de servi\u00e7o II<\/li>\n\n\n\n<li><\/li>\n<\/ul>\n","protected":false},"excerpt":{"rendered":"<p>Endere\u00e7o: Rua 19 de Novembro, 159, Edif\u00edcio Carlos Estevam, Centro, Teresina &#8211; PI 64000-470 Superintendente Sonia Maria Dias de Sousa ( S\u00f4nia Terra ) 86 99829 0713 Diretoria de Atendimento [&hellip;]<\/p>\n","protected":false},"author":28,"featured_media":0,"parent":0,"menu_order":0,"comment_status":"closed","ping_status":"closed","template":"template-fullwidth.php","meta":[],"featured_image_urls":{"full":"","thumbnail":"","medium":"","medium_large":"","large":"","sgg-420":"","sgg-540":"","sgg-780":"","1536x1536":"","2048x2048":"","homepage-slider":"","homepage-slider-small":"","page-top":"","page-small":"","loop-main":"","thumb-gallery-widget":""},"post_excerpt_stackable":"<p>Endere\u00e7o: Rua 19 de Novembro, 159, Edif\u00edcio Carlos Estevam, Centro, Teresina &#8211; PI 64000-470 Superintendente Sonia Maria Dias de Sousa ( S\u00f4nia Terra ) 86 99829 0713 Diretoria de Atendimento SocioeducativoDiretora Cicera Andrade &#8211; 86 99908 5014 Ger\u00eancia de Atendimento Inicial do Sist. Socioeducativo Coord. do Compl. de Def. da Cidadania Coord. do Compl. de Def. da Cidadania de Picos Coord. do Compl. de Def. da Cidadania de Parna\u00edba Ger\u00eancia de Apoio Inst. e Pedag\u00f3gico Coord. Geral do Sistema de Informa\u00e7\u00f5es para a Inf\u00e2ncia e Adolesc\u00eancia &#8211; SIPIA\/SINASE Coord. Geral do N\u00facleo Socioeducativo Coord. Geral Pedag\u00f3gico Ger\u00eancia de Medidas Socioeducativas&hellip;<\/p>\n","category_list":"","author_info":{"name":"tassodenis","url":"https:\/\/portal.pi.gov.br\/sasc\/author\/tassodenis\/"},"comments_num":"0 coment\u00e1rio","featured_image_urls_v2":{"full":"","thumbnail":"","medium":"","medium_large":"","large":"","sgg-420":"","sgg-540":"","sgg-780":"","1536x1536":"","2048x2048":"","homepage-slider":"","homepage-slider-small":"","page-top":"","page-small":"","loop-main":"","thumb-gallery-widget":""},"post_excerpt_stackable_v2":"<p>Endere\u00e7o: Rua 19 de Novembro, 159, Edif\u00edcio Carlos Estevam, Centro, Teresina &#8211; PI 64000-470 Superintendente Sonia Maria Dias de Sousa ( S\u00f4nia Terra ) 86 99829 0713 Diretoria de Atendimento SocioeducativoDiretora Cicera Andrade &#8211; 86 99908 5014 Ger\u00eancia de Atendimento Inicial do Sist. Socioeducativo Coord. do Compl. de Def. da Cidadania Coord. do Compl. de Def. da Cidadania de Picos Coord. do Compl. de Def. da Cidadania de Parna\u00edba Ger\u00eancia de Apoio Inst. e Pedag\u00f3gico Coord. Geral do Sistema de Informa\u00e7\u00f5es para a Inf\u00e2ncia e Adolesc\u00eancia &#8211; SIPIA\/SINASE Coord. Geral do N\u00facleo Socioeducativo Coord. Geral Pedag\u00f3gico Ger\u00eancia de Medidas Socioeducativas&hellip;<\/p>\n","category_list_v2":"","author_info_v2":{"name":"tassodenis","url":"https:\/\/portal.pi.gov.br\/sasc\/author\/tassodenis\/"},"comments_num_v2":"0 coment\u00e1rio","_links":{"self":[{"href":"https:\/\/portal.pi.gov.br\/sasc\/wp-json\/wp\/v2\/pages\/957"}],"collection":[{"href":"https:\/\/portal.pi.gov.br\/sasc\/wp-json\/wp\/v2\/pages"}],"about":[{"href":"https:\/\/portal.pi.gov.br\/sasc\/wp-json\/wp\/v2\/types\/page"}],"author":[{"embeddable":true,"href":"https:\/\/portal.pi.gov.br\/sasc\/wp-json\/wp\/v2\/users\/28"}],"replies":[{"embeddable":true,"href":"https:\/\/portal.pi.gov.br\/sasc\/wp-json\/wp\/v2\/comments?post=957"}],"version-history":[{"count":4,"href":"https:\/\/portal.pi.gov.br\/sasc\/wp-json\/wp\/v2\/pages\/957\/revisions"}],"predecessor-version":[{"id":2467,"href":"https:\/\/portal.pi.gov.br\/sasc\/wp-json\/wp\/v2\/pages\/957\/revisions\/2467"}],"wp:attachment":[{"href":"https:\/\/portal.pi.gov.br\/sasc\/wp-json\/wp\/v2\/media?parent=957"}],"curies":[{"name":"wp","href":"https:\/\/api.w.org\/{rel}","templated":true}]}}