{"id":959,"date":"2024-10-23T09:28:44","date_gmt":"2024-10-23T12:28:44","guid":{"rendered":"https:\/\/portal.pi.gov.br\/sasc\/?page_id=959"},"modified":"2025-05-05T11:48:46","modified_gmt":"2025-05-05T14:48:46","slug":"diretoria-administrativa","status":"publish","type":"page","link":"https:\/\/portal.pi.gov.br\/sasc\/diretoria-administrativa\/","title":{"rendered":"Diretoria Administrativa"},"content":{"rendered":"\n<p>Endere\u00e7o: Rua Areolino de Abreu, 2115, Teresina-PI<\/p>\n\n\n\n<p>Diretora: Lorena Mendes \u2013 86 99477 9875<\/p>\n\n\n\n<p><br><strong>Ger\u00eancia de Abast., Log\u00edstica e Servi\u00e7os<\/strong><br>Coord. de transportes \u2013 Ramalho Barros Pires \u2013 86 99479 4570<br>Coord. de TI<br>Coord. de Abastecimento, Log\u00edstica e Servi\u00e7os Gerais<br>Coord. de Patrim\u00f4nio e arquivo<br>Coord. de compras<br>Coord. da Casa dos Conselhos&nbsp;<br>Gerencia da Gest\u00e3o de Pessoas<br>Coord. de cadastro&nbsp; &nbsp;<\/p>\n","protected":false},"excerpt":{"rendered":"<p>Endere\u00e7o: Rua Areolino de Abreu, 2115, Teresina-PI Diretora: Lorena Mendes \u2013 86 99477 9875 Ger\u00eancia de Abast., Log\u00edstica e Servi\u00e7osCoord. de transportes \u2013 Ramalho Barros Pires \u2013 86 99479 4570Coord. [&hellip;]<\/p>\n","protected":false},"author":28,"featured_media":0,"parent":0,"menu_order":0,"comment_status":"closed","ping_status":"closed","template":"template-fullwidth.php","meta":[],"featured_image_urls":{"full":"","thumbnail":"","medium":"","medium_large":"","large":"","sgg-420":"","sgg-540":"","sgg-780":"","1536x1536":"","2048x2048":"","homepage-slider":"","homepage-slider-small":"","page-top":"","page-small":"","loop-main":"","thumb-gallery-widget":""},"post_excerpt_stackable":"<p>Endere\u00e7o: Rua Areolino de Abreu, 2115, Teresina-PI Diretora: Lorena Mendes \u2013 86 99477 9875 Ger\u00eancia de Abast., Log\u00edstica e Servi\u00e7osCoord. de transportes \u2013 Ramalho Barros Pires \u2013 86 99479 4570Coord. de TICoord. de Abastecimento, Log\u00edstica e Servi\u00e7os GeraisCoord. de Patrim\u00f4nio e arquivoCoord. de comprasCoord. da Casa dos Conselhos&nbsp;Gerencia da Gest\u00e3o de PessoasCoord. de cadastro&nbsp; &nbsp;<\/p>\n","category_list":"","author_info":{"name":"tassodenis","url":"https:\/\/portal.pi.gov.br\/sasc\/author\/tassodenis\/"},"comments_num":"0 coment\u00e1rio","featured_image_urls_v2":{"full":"","thumbnail":"","medium":"","medium_large":"","large":"","sgg-420":"","sgg-540":"","sgg-780":"","1536x1536":"","2048x2048":"","homepage-slider":"","homepage-slider-small":"","page-top":"","page-small":"","loop-main":"","thumb-gallery-widget":""},"post_excerpt_stackable_v2":"<p>Endere\u00e7o: Rua Areolino de Abreu, 2115, Teresina-PI Diretora: Lorena Mendes \u2013 86 99477 9875 Ger\u00eancia de Abast., Log\u00edstica e Servi\u00e7osCoord. de transportes \u2013 Ramalho Barros Pires \u2013 86 99479 4570Coord. de TICoord. de Abastecimento, Log\u00edstica e Servi\u00e7os GeraisCoord. de Patrim\u00f4nio e arquivoCoord. de comprasCoord. da Casa dos Conselhos&nbsp;Gerencia da Gest\u00e3o de PessoasCoord. de cadastro&nbsp; &nbsp;<\/p>\n","category_list_v2":"","author_info_v2":{"name":"tassodenis","url":"https:\/\/portal.pi.gov.br\/sasc\/author\/tassodenis\/"},"comments_num_v2":"0 coment\u00e1rio","_links":{"self":[{"href":"https:\/\/portal.pi.gov.br\/sasc\/wp-json\/wp\/v2\/pages\/959"}],"collection":[{"href":"https:\/\/portal.pi.gov.br\/sasc\/wp-json\/wp\/v2\/pages"}],"about":[{"href":"https:\/\/portal.pi.gov.br\/sasc\/wp-json\/wp\/v2\/types\/page"}],"author":[{"embeddable":true,"href":"https:\/\/portal.pi.gov.br\/sasc\/wp-json\/wp\/v2\/users\/28"}],"replies":[{"embeddable":true,"href":"https:\/\/portal.pi.gov.br\/sasc\/wp-json\/wp\/v2\/comments?post=959"}],"version-history":[{"count":5,"href":"https:\/\/portal.pi.gov.br\/sasc\/wp-json\/wp\/v2\/pages\/959\/revisions"}],"predecessor-version":[{"id":2568,"href":"https:\/\/portal.pi.gov.br\/sasc\/wp-json\/wp\/v2\/pages\/959\/revisions\/2568"}],"wp:attachment":[{"href":"https:\/\/portal.pi.gov.br\/sasc\/wp-json\/wp\/v2\/media?parent=959"}],"curies":[{"name":"wp","href":"https:\/\/api.w.org\/{rel}","templated":true}]}}