{"id":961,"date":"2024-10-23T09:29:02","date_gmt":"2024-10-23T12:29:02","guid":{"rendered":"https:\/\/portal.pi.gov.br\/sasc\/?page_id=961"},"modified":"2025-05-05T11:48:03","modified_gmt":"2025-05-05T14:48:03","slug":"diretoria-financeira","status":"publish","type":"page","link":"https:\/\/portal.pi.gov.br\/sasc\/diretoria-financeira\/","title":{"rendered":"Diretoria Financeira"},"content":{"rendered":"\n<p>Endere\u00e7o: Rua Areolino de Abreu, 2115, Teresina-PI <\/p>\n\n\n\n<p>Diretora: Concei\u00e7\u00e3o Bugyja \u2013 86 99417 2232<\/p>\n\n\n\n<p><br><strong>Ger\u00eancia de Controle de&nbsp; Contratos e Conv\u00eanios<\/strong><\/p>\n\n\n\n<p>Coord. de Contratos e Conv\u00eanios<br>Coord. de Presta\u00e7\u00e3o de Contas&nbsp; de Conv\u00eanios<br>Coord. de Presta\u00e7\u00e3o de Contas dos FUNDOS<br>Ger\u00eancia de Finan\u00e7as e Contabilidade<br>Coord. Financeiro<br>Coord. de Controle Int. e Auditoria &#8211; efetivo<br>Coord. de Pagamento do Co-financiamento Estadual<\/p>\n","protected":false},"excerpt":{"rendered":"<p>Endere\u00e7o: Rua Areolino de Abreu, 2115, Teresina-PI Diretora: Concei\u00e7\u00e3o Bugyja \u2013 86 99417 2232 Ger\u00eancia de Controle de&nbsp; Contratos e Conv\u00eanios Coord. de Contratos e Conv\u00eaniosCoord. de Presta\u00e7\u00e3o de Contas&nbsp; [&hellip;]<\/p>\n","protected":false},"author":28,"featured_media":0,"parent":0,"menu_order":0,"comment_status":"closed","ping_status":"closed","template":"template-fullwidth.php","meta":[],"featured_image_urls":{"full":"","thumbnail":"","medium":"","medium_large":"","large":"","sgg-420":"","sgg-540":"","sgg-780":"","1536x1536":"","2048x2048":"","homepage-slider":"","homepage-slider-small":"","page-top":"","page-small":"","loop-main":"","thumb-gallery-widget":""},"post_excerpt_stackable":"<p>Endere\u00e7o: Rua Areolino de Abreu, 2115, Teresina-PI Diretora: Concei\u00e7\u00e3o Bugyja \u2013 86 99417 2232 Ger\u00eancia de Controle de&nbsp; Contratos e Conv\u00eanios Coord. de Contratos e Conv\u00eaniosCoord. de Presta\u00e7\u00e3o de Contas&nbsp; de Conv\u00eaniosCoord. de Presta\u00e7\u00e3o de Contas dos FUNDOSGer\u00eancia de Finan\u00e7as e ContabilidadeCoord. FinanceiroCoord. de Controle Int. e Auditoria &#8211; efetivoCoord. de Pagamento do Co-financiamento Estadual<\/p>\n","category_list":"","author_info":{"name":"tassodenis","url":"https:\/\/portal.pi.gov.br\/sasc\/author\/tassodenis\/"},"comments_num":"0 coment\u00e1rio","featured_image_urls_v2":{"full":"","thumbnail":"","medium":"","medium_large":"","large":"","sgg-420":"","sgg-540":"","sgg-780":"","1536x1536":"","2048x2048":"","homepage-slider":"","homepage-slider-small":"","page-top":"","page-small":"","loop-main":"","thumb-gallery-widget":""},"post_excerpt_stackable_v2":"<p>Endere\u00e7o: Rua Areolino de Abreu, 2115, Teresina-PI Diretora: Concei\u00e7\u00e3o Bugyja \u2013 86 99417 2232 Ger\u00eancia de Controle de&nbsp; Contratos e Conv\u00eanios Coord. de Contratos e Conv\u00eaniosCoord. de Presta\u00e7\u00e3o de Contas&nbsp; de Conv\u00eaniosCoord. de Presta\u00e7\u00e3o de Contas dos FUNDOSGer\u00eancia de Finan\u00e7as e ContabilidadeCoord. FinanceiroCoord. de Controle Int. e Auditoria &#8211; efetivoCoord. de Pagamento do Co-financiamento Estadual<\/p>\n","category_list_v2":"","author_info_v2":{"name":"tassodenis","url":"https:\/\/portal.pi.gov.br\/sasc\/author\/tassodenis\/"},"comments_num_v2":"0 coment\u00e1rio","_links":{"self":[{"href":"https:\/\/portal.pi.gov.br\/sasc\/wp-json\/wp\/v2\/pages\/961"}],"collection":[{"href":"https:\/\/portal.pi.gov.br\/sasc\/wp-json\/wp\/v2\/pages"}],"about":[{"href":"https:\/\/portal.pi.gov.br\/sasc\/wp-json\/wp\/v2\/types\/page"}],"author":[{"embeddable":true,"href":"https:\/\/portal.pi.gov.br\/sasc\/wp-json\/wp\/v2\/users\/28"}],"replies":[{"embeddable":true,"href":"https:\/\/portal.pi.gov.br\/sasc\/wp-json\/wp\/v2\/comments?post=961"}],"version-history":[{"count":4,"href":"https:\/\/portal.pi.gov.br\/sasc\/wp-json\/wp\/v2\/pages\/961\/revisions"}],"predecessor-version":[{"id":2567,"href":"https:\/\/portal.pi.gov.br\/sasc\/wp-json\/wp\/v2\/pages\/961\/revisions\/2567"}],"wp:attachment":[{"href":"https:\/\/portal.pi.gov.br\/sasc\/wp-json\/wp\/v2\/media?parent=961"}],"curies":[{"name":"wp","href":"https:\/\/api.w.org\/{rel}","templated":true}]}}