{"id":963,"date":"2024-10-23T09:29:20","date_gmt":"2024-10-23T12:29:20","guid":{"rendered":"https:\/\/portal.pi.gov.br\/sasc\/?page_id=963"},"modified":"2024-11-08T15:33:11","modified_gmt":"2024-11-08T18:33:11","slug":"plantao-social","status":"publish","type":"page","link":"https:\/\/portal.pi.gov.br\/sasc\/plantao-social\/","title":{"rendered":"Plant\u00e3o Social"},"content":{"rendered":"\n<p>Documentos necess\u00e1rios para solicitar os passes livres INTERMUNICIPAL E O CULTURA<\/p>\n\n\n\n<p>Com o objetivo de facilitar o acesso ao passe Livre Intermunicipal e ao Passe Livre Cultural, bem como sua renova\u00e7\u00e3o, a Secretaria da Assist\u00eancia Social, Trabalho e Direitos Humanos- (SASC), por meio da Superintend\u00eancia de Assist\u00eancia Social-Unidade de Prote\u00e7\u00e3o Social Especial-UPSE -Coordena\u00e7\u00e3o de Apoio \u00e0 Pessoa com Defici\u00eancia, orienta quais os documentos necess\u00e1rios para solicita\u00e7\u00e3o e informa\u00e7\u00f5es adicionais para a aquisi\u00e7\u00e3o do documento<\/p>\n\n\n\n<p>O Passe Livre Intermunicipal \u00e9 um benef\u00edcio que garante que as pessoas com defici\u00eancia do Piau\u00ed e seu acompanhante (se necess\u00e1rio), cuja renda familiar mensal per capita seja de at\u00e9 um sal\u00e1rio m\u00ednimo, tenham o direito da gratuidade da passagem em \u00f4nibus intermunicipais.<\/p>\n\n\n\n<p>O Passe Livre Cultura garante o acesso e a gratuidade de entrada livre de pessoas com defici\u00eancia, que comprovarem uma renda familiar per capita de at\u00e9 um sal\u00e1rio m\u00ednimo, nos estabelecimentos de entretenimento no estado, como cinemas, teatros, casas de espet\u00e1culos, est\u00e1dios, gin\u00e1sios esportivos e nos locais similares que tenham apresenta\u00e7\u00f5es de eventos culturais, de lazer e esportivos.<\/p>\n\n\n\n<p>Os interessados devem procurar a SASC (Setor do Passe Livre), na Rua  19 de Novembro, 159, Centro, Teresina-PI 64000-470.<\/p>\n\n\n\n<p><strong>Documentos:<\/strong><\/p>\n\n\n\n<p>\u00b7&nbsp;&nbsp;&nbsp;&nbsp;&nbsp;&nbsp;&nbsp;&nbsp; Laudo M\u00e9dico (no formul\u00e1rio do Passe Livre)<\/p>\n\n\n\n<p>\u00b7&nbsp;&nbsp;&nbsp;&nbsp;&nbsp;&nbsp;&nbsp;&nbsp; 04 FOTOS 3X4 (atual = colorida)<\/p>\n\n\n\n<p>\u00b7&nbsp;&nbsp;&nbsp;&nbsp;&nbsp;&nbsp;&nbsp;&nbsp; 02 C\u00f3pias do Comprovante de endere\u00e7o atualizado com CEP de sua rua (com at\u00e9 3 meses da data atual).<\/p>\n\n\n\n<p>\u00b7&nbsp;&nbsp;&nbsp;&nbsp;&nbsp;&nbsp;&nbsp;&nbsp; 02 C\u00f3pias do comprovante de renda do benefici\u00e1rio (a) extrato do benef\u00edcio junto ao cart\u00e3o do benefici\u00e1rio ou hist\u00f3rico do INSS, Contra-cheques atual.<\/p>\n\n\n\n<p>\u00b7&nbsp;&nbsp;&nbsp;&nbsp;&nbsp;&nbsp;&nbsp;&nbsp; 02 c\u00f3pias de cada comprovante de renda das pessoas que residem com o benefici\u00e1rio sobre o mesmo teto como Contra-cheques, recibo de pagamento ou hist\u00f3rico do INSS e cart\u00e3o do benef\u00edcio.<\/p>\n\n\n\n<p>\u00b7&nbsp;&nbsp;&nbsp;&nbsp;&nbsp;&nbsp;&nbsp;&nbsp; 02 c\u00f3pias do extrato da Bolsa Fam\u00edlia junto com o cart\u00e3o.<\/p>\n\n\n\n<p>\u00b7&nbsp;&nbsp;&nbsp;&nbsp;&nbsp;&nbsp;&nbsp;&nbsp; 02 c\u00f3pias do RG e CPF do Benefici\u00e1rio (2).<\/p>\n\n\n\n<p>\u00b7&nbsp;&nbsp;&nbsp;&nbsp;&nbsp;&nbsp;&nbsp;&nbsp; 01 c\u00f3pia de cada passe livre municipal Intermunicipal e de Passe Cultura<\/p>\n\n\n\n<p>\u00b7&nbsp;&nbsp;&nbsp;&nbsp;&nbsp;&nbsp;&nbsp;&nbsp; &nbsp;01 c\u00f3pia de cada documento dos acompanhantes com RG e CPF e comprovante de endere\u00e7o, atualizado. Podem ser at\u00e9 (3) acompanhantes maiores de 18 anos<\/p>\n\n\n\n<p><strong>OBSERVA\u00c7\u00c3O:<\/strong> Mesmo que seja Benefici\u00e1rio do BPC da ACEP e do Passe livre municipal de Teresina \u00e9 necess\u00e1rio o laudo m\u00e9dico.<\/p>\n\n\n\n<p><strong>Mais informa\u00e7\u00f5es:<\/strong> Claude Gir\u00e3o 86 99505 9343&nbsp;<\/p>\n","protected":false},"excerpt":{"rendered":"<p>Documentos necess\u00e1rios para solicitar os passes livres INTERMUNICIPAL E O CULTURA Com o objetivo de facilitar o acesso ao passe Livre Intermunicipal e ao Passe Livre Cultural, bem como sua [&hellip;]<\/p>\n","protected":false},"author":28,"featured_media":0,"parent":0,"menu_order":0,"comment_status":"closed","ping_status":"closed","template":"template-fullwidth.php","meta":[],"featured_image_urls":{"full":"","thumbnail":"","medium":"","medium_large":"","large":"","sgg-420":"","sgg-540":"","sgg-780":"","1536x1536":"","2048x2048":"","homepage-slider":"","homepage-slider-small":"","page-top":"","page-small":"","loop-main":"","thumb-gallery-widget":""},"post_excerpt_stackable":"<p>Documentos necess\u00e1rios para solicitar os passes livres INTERMUNICIPAL E O CULTURA Com o objetivo de facilitar o acesso ao passe Livre Intermunicipal e ao Passe Livre Cultural, bem como sua renova\u00e7\u00e3o, a Secretaria da Assist\u00eancia Social, Trabalho e Direitos Humanos- (SASC), por meio da Superintend\u00eancia de Assist\u00eancia Social-Unidade de Prote\u00e7\u00e3o Social Especial-UPSE -Coordena\u00e7\u00e3o de Apoio \u00e0 Pessoa com Defici\u00eancia, orienta quais os documentos necess\u00e1rios para solicita\u00e7\u00e3o e informa\u00e7\u00f5es adicionais para a aquisi\u00e7\u00e3o do documento O Passe Livre Intermunicipal \u00e9 um benef\u00edcio que garante que as pessoas com defici\u00eancia do Piau\u00ed e seu acompanhante (se necess\u00e1rio), cuja renda familiar mensal per&hellip;<\/p>\n","category_list":"","author_info":{"name":"tassodenis","url":"https:\/\/portal.pi.gov.br\/sasc\/author\/tassodenis\/"},"comments_num":"0 coment\u00e1rio","featured_image_urls_v2":{"full":"","thumbnail":"","medium":"","medium_large":"","large":"","sgg-420":"","sgg-540":"","sgg-780":"","1536x1536":"","2048x2048":"","homepage-slider":"","homepage-slider-small":"","page-top":"","page-small":"","loop-main":"","thumb-gallery-widget":""},"post_excerpt_stackable_v2":"<p>Documentos necess\u00e1rios para solicitar os passes livres INTERMUNICIPAL E O CULTURA Com o objetivo de facilitar o acesso ao passe Livre Intermunicipal e ao Passe Livre Cultural, bem como sua renova\u00e7\u00e3o, a Secretaria da Assist\u00eancia Social, Trabalho e Direitos Humanos- (SASC), por meio da Superintend\u00eancia de Assist\u00eancia Social-Unidade de Prote\u00e7\u00e3o Social Especial-UPSE -Coordena\u00e7\u00e3o de Apoio \u00e0 Pessoa com Defici\u00eancia, orienta quais os documentos necess\u00e1rios para solicita\u00e7\u00e3o e informa\u00e7\u00f5es adicionais para a aquisi\u00e7\u00e3o do documento O Passe Livre Intermunicipal \u00e9 um benef\u00edcio que garante que as pessoas com defici\u00eancia do Piau\u00ed e seu acompanhante (se necess\u00e1rio), cuja renda familiar mensal per&hellip;<\/p>\n","category_list_v2":"","author_info_v2":{"name":"tassodenis","url":"https:\/\/portal.pi.gov.br\/sasc\/author\/tassodenis\/"},"comments_num_v2":"0 coment\u00e1rio","_links":{"self":[{"href":"https:\/\/portal.pi.gov.br\/sasc\/wp-json\/wp\/v2\/pages\/963"}],"collection":[{"href":"https:\/\/portal.pi.gov.br\/sasc\/wp-json\/wp\/v2\/pages"}],"about":[{"href":"https:\/\/portal.pi.gov.br\/sasc\/wp-json\/wp\/v2\/types\/page"}],"author":[{"embeddable":true,"href":"https:\/\/portal.pi.gov.br\/sasc\/wp-json\/wp\/v2\/users\/28"}],"replies":[{"embeddable":true,"href":"https:\/\/portal.pi.gov.br\/sasc\/wp-json\/wp\/v2\/comments?post=963"}],"version-history":[{"count":3,"href":"https:\/\/portal.pi.gov.br\/sasc\/wp-json\/wp\/v2\/pages\/963\/revisions"}],"predecessor-version":[{"id":1146,"href":"https:\/\/portal.pi.gov.br\/sasc\/wp-json\/wp\/v2\/pages\/963\/revisions\/1146"}],"wp:attachment":[{"href":"https:\/\/portal.pi.gov.br\/sasc\/wp-json\/wp\/v2\/media?parent=963"}],"curies":[{"name":"wp","href":"https:\/\/api.w.org\/{rel}","templated":true}]}}