{"id":965,"date":"2024-10-23T09:29:48","date_gmt":"2024-10-23T12:29:48","guid":{"rendered":"https:\/\/portal.pi.gov.br\/sasc\/?page_id=965"},"modified":"2024-10-23T10:25:39","modified_gmt":"2024-10-23T13:25:39","slug":"plantao-social-rodoviaria","status":"publish","type":"page","link":"https:\/\/portal.pi.gov.br\/sasc\/plantao-social-rodoviaria\/","title":{"rendered":"Plant\u00e3o Social Rodovi\u00e1ria"},"content":{"rendered":"\n<p><strong>POSTO DE ATENDIMENTO SOCIAL DO TERMINAL RODOVI\u00c1RIO LUC\u00cdDIO PORTELLA<\/strong><\/p>\n\n\n\n<p>O Posto de Atendimento Social Rodovi\u00e1rio (Plant\u00e3o Social),&nbsp;<strong>implantado em 19 de mar\u00e7o de 2004<\/strong>&nbsp;por conv\u00eanio entre SASC e SETRANS no Terminal Rodovi\u00e1rio Luc\u00eddio Portella, \u00e9 um servi\u00e7o socioassistencial de urg\u00eancia e emerg\u00eancia, constituindo&nbsp;<strong>porta de entrada<\/strong>&nbsp;na Rede de Servi\u00e7os Socioassistenciais no \u00e2mbito do SUAS, a fim de garantir o acesso aos direitos de cidadania e prote\u00e7\u00e3o social. Responde a situa\u00e7\u00f5es de vulnerabilidade e exclus\u00e3o social advindas de demandas espont\u00e2neas, encaminhamentos institucionais e busca ativa, provenientes de Teresina, demais localidades do Estado e Pa\u00eds.<\/p>\n\n\n\n<p>Possui no momento um quadro limitado de recursos humanos com apenas uma assistente social e uma auxiliar t\u00e9cnica, atendendo em um turno com Carga hor\u00e1ria de 30 horas semanais.<\/p>\n\n\n\n<p><strong>PRINCIPAIS DEMANDAS&nbsp;&nbsp;&nbsp;&nbsp;&nbsp;&nbsp;&nbsp;&nbsp;&nbsp;&nbsp;&nbsp;&nbsp;&nbsp;&nbsp;&nbsp;&nbsp;&nbsp;&nbsp;&nbsp;&nbsp;&nbsp;&nbsp;&nbsp;&nbsp;&nbsp;&nbsp;&nbsp;&nbsp;&nbsp;&nbsp;&nbsp;&nbsp;&nbsp;&nbsp;&nbsp;&nbsp;&nbsp;&nbsp;&nbsp;&nbsp;&nbsp;&nbsp;&nbsp;&nbsp;&nbsp;&nbsp;&nbsp;&nbsp;&nbsp;&nbsp;&nbsp;&nbsp;&nbsp;&nbsp;&nbsp;&nbsp;&nbsp;&nbsp;&nbsp;&nbsp;&nbsp;&nbsp;&nbsp;&nbsp;&nbsp;&nbsp;&nbsp;&nbsp;&nbsp;&nbsp;&nbsp;&nbsp;&nbsp;&nbsp;&nbsp;&nbsp;&nbsp;&nbsp;&nbsp;&nbsp;&nbsp;&nbsp;&nbsp;&nbsp;&nbsp;&nbsp;&nbsp;&nbsp;&nbsp;&nbsp;&nbsp;&nbsp;&nbsp;&nbsp;&nbsp;&nbsp;&nbsp;&nbsp;&nbsp;&nbsp;&nbsp;&nbsp;&nbsp;&nbsp;&nbsp;&nbsp;&nbsp;&nbsp;&nbsp;&nbsp;&nbsp;&nbsp;&nbsp;&nbsp;&nbsp;&nbsp;&nbsp;&nbsp;&nbsp;&nbsp;&nbsp;&nbsp;&nbsp;&nbsp;&nbsp;&nbsp;&nbsp;&nbsp;&nbsp;&nbsp;&nbsp;&nbsp;&nbsp;&nbsp;&nbsp;&nbsp;&nbsp;&nbsp;&nbsp;<\/strong><\/p>\n\n\n\n<p>Efetiva\u00e7\u00e3o do passe livre interestadual do idoso por meio da averigua\u00e7\u00e3o das condicionalidades do benef\u00edcio e concess\u00e3o de autoriza\u00e7\u00e3o de viagem;<\/p>\n\n\n\n<p>Orienta\u00e7\u00e3o, encaminhamento e acompanhamento para acesso ao passe livre federal e intermunicipal do deficiente;<\/p>\n\n\n\n<p>Atendimentos aos trecheiros, migrantes e imigrantes em situa\u00e7\u00e3o de rua;<\/p>\n\n\n\n<p>Assist\u00eancia aos indiv\u00edduos e fam\u00edlias em situa\u00e7\u00e3o de abandono;<\/p>\n\n\n\n<p>Atendimento referente ao embarque seguro de crian\u00e7as e adolescente;<\/p>\n\n\n\n<p>Realiza\u00e7\u00e3o de visitas institucionais;<\/p>\n\n\n\n<p>Realiza\u00e7\u00e3o de eventos tem\u00e1ticos para a divulga\u00e7\u00e3o do servi\u00e7o e melhoria da qualidade do atendimento;<\/p>\n\n\n\n<p>Supervis\u00e3o de est\u00e1gio supervisionado do curso de bacharelado em servi\u00e7o social.<\/p>\n\n\n\n<p><strong>OPERACIONALIZA\u00c7\u00c3O DO SERVI\u00c7O<\/strong><\/p>\n\n\n\n<p>Interface com a fam\u00edlia;<\/p>\n\n\n\n<p>Articula\u00e7\u00e3o com parcerias: empresas de \u00f4nibus rodovi\u00e1rios e pastoral do migrante\/<strong>concess\u00e3o de passagens rodovi\u00e1rias;<\/strong><\/p>\n\n\n\n<p>Articula\u00e7\u00e3o com a rede de servi\u00e7os socioassistenciais;<\/p>\n\n\n\n<p>Interface com as demais pol\u00edticas p\u00fablicas setoriais (pessoa idosa, pessoa com defici\u00eancia, popula\u00e7\u00e3o de rua, transporte, previd\u00eancia social, habita\u00e7\u00e3o, seguran\u00e7a, educa\u00e7\u00e3o, sa\u00fade);<\/p>\n\n\n\n<p>Interface com o sistema de garantia de direitos (minist\u00e9rio p\u00fablico, defensoria p\u00fablica e juizados);<\/p>\n\n\n\n<p>Interface com os \u00f3rg\u00e3os de controle social, fiscaliza\u00e7\u00e3o e defesa de direitos (conselhos tutelares, conselhos de direitos);<\/p>\n\n\n\n<p>Realiza\u00e7\u00e3o de mobiliza\u00e7\u00e3o para a garantia dos direitos sociais e de eventos tem\u00e1ticos para a melhoria da qualidade do atendimento;<\/p>\n\n\n\n<p>Interface com as institui\u00e7\u00f5es de ensino superior de servi\u00e7o social e supervis\u00e3o de est\u00e1gio.<\/p>\n\n\n\n<p><strong>TOTAL DE ATENDIMENTOS (MENSAL)&nbsp;&nbsp;&nbsp;&nbsp;&nbsp; 654<\/strong><\/p>\n","protected":false},"excerpt":{"rendered":"<p>POSTO DE ATENDIMENTO SOCIAL DO TERMINAL RODOVI\u00c1RIO LUC\u00cdDIO PORTELLA O Posto de Atendimento Social Rodovi\u00e1rio (Plant\u00e3o Social),&nbsp;implantado em 19 de mar\u00e7o de 2004&nbsp;por conv\u00eanio entre SASC e SETRANS no Terminal [&hellip;]<\/p>\n","protected":false},"author":28,"featured_media":0,"parent":0,"menu_order":0,"comment_status":"closed","ping_status":"closed","template":"template-fullwidth.php","meta":[],"featured_image_urls":{"full":"","thumbnail":"","medium":"","medium_large":"","large":"","sgg-420":"","sgg-540":"","sgg-780":"","1536x1536":"","2048x2048":"","homepage-slider":"","homepage-slider-small":"","page-top":"","page-small":"","loop-main":"","thumb-gallery-widget":""},"post_excerpt_stackable":"<p>POSTO DE ATENDIMENTO SOCIAL DO TERMINAL RODOVI\u00c1RIO LUC\u00cdDIO PORTELLA O Posto de Atendimento Social Rodovi\u00e1rio (Plant\u00e3o Social),&nbsp;implantado em 19 de mar\u00e7o de 2004&nbsp;por conv\u00eanio entre SASC e SETRANS no Terminal Rodovi\u00e1rio Luc\u00eddio Portella, \u00e9 um servi\u00e7o socioassistencial de urg\u00eancia e emerg\u00eancia, constituindo&nbsp;porta de entrada&nbsp;na Rede de Servi\u00e7os Socioassistenciais no \u00e2mbito do SUAS, a fim de garantir o acesso aos direitos de cidadania e prote\u00e7\u00e3o social. Responde a situa\u00e7\u00f5es de vulnerabilidade e exclus\u00e3o social advindas de demandas espont\u00e2neas, encaminhamentos institucionais e busca ativa, provenientes de Teresina, demais localidades do Estado e Pa\u00eds. Possui no momento um quadro limitado de recursos humanos&hellip;<\/p>\n","category_list":"","author_info":{"name":"tassodenis","url":"https:\/\/portal.pi.gov.br\/sasc\/author\/tassodenis\/"},"comments_num":"0 coment\u00e1rio","featured_image_urls_v2":{"full":"","thumbnail":"","medium":"","medium_large":"","large":"","sgg-420":"","sgg-540":"","sgg-780":"","1536x1536":"","2048x2048":"","homepage-slider":"","homepage-slider-small":"","page-top":"","page-small":"","loop-main":"","thumb-gallery-widget":""},"post_excerpt_stackable_v2":"<p>POSTO DE ATENDIMENTO SOCIAL DO TERMINAL RODOVI\u00c1RIO LUC\u00cdDIO PORTELLA O Posto de Atendimento Social Rodovi\u00e1rio (Plant\u00e3o Social),&nbsp;implantado em 19 de mar\u00e7o de 2004&nbsp;por conv\u00eanio entre SASC e SETRANS no Terminal Rodovi\u00e1rio Luc\u00eddio Portella, \u00e9 um servi\u00e7o socioassistencial de urg\u00eancia e emerg\u00eancia, constituindo&nbsp;porta de entrada&nbsp;na Rede de Servi\u00e7os Socioassistenciais no \u00e2mbito do SUAS, a fim de garantir o acesso aos direitos de cidadania e prote\u00e7\u00e3o social. Responde a situa\u00e7\u00f5es de vulnerabilidade e exclus\u00e3o social advindas de demandas espont\u00e2neas, encaminhamentos institucionais e busca ativa, provenientes de Teresina, demais localidades do Estado e Pa\u00eds. Possui no momento um quadro limitado de recursos humanos&hellip;<\/p>\n","category_list_v2":"","author_info_v2":{"name":"tassodenis","url":"https:\/\/portal.pi.gov.br\/sasc\/author\/tassodenis\/"},"comments_num_v2":"0 coment\u00e1rio","_links":{"self":[{"href":"https:\/\/portal.pi.gov.br\/sasc\/wp-json\/wp\/v2\/pages\/965"}],"collection":[{"href":"https:\/\/portal.pi.gov.br\/sasc\/wp-json\/wp\/v2\/pages"}],"about":[{"href":"https:\/\/portal.pi.gov.br\/sasc\/wp-json\/wp\/v2\/types\/page"}],"author":[{"embeddable":true,"href":"https:\/\/portal.pi.gov.br\/sasc\/wp-json\/wp\/v2\/users\/28"}],"replies":[{"embeddable":true,"href":"https:\/\/portal.pi.gov.br\/sasc\/wp-json\/wp\/v2\/comments?post=965"}],"version-history":[{"count":2,"href":"https:\/\/portal.pi.gov.br\/sasc\/wp-json\/wp\/v2\/pages\/965\/revisions"}],"predecessor-version":[{"id":1001,"href":"https:\/\/portal.pi.gov.br\/sasc\/wp-json\/wp\/v2\/pages\/965\/revisions\/1001"}],"wp:attachment":[{"href":"https:\/\/portal.pi.gov.br\/sasc\/wp-json\/wp\/v2\/media?parent=965"}],"curies":[{"name":"wp","href":"https:\/\/api.w.org\/{rel}","templated":true}]}}