{"id":967,"date":"2024-10-23T09:30:09","date_gmt":"2024-10-23T12:30:09","guid":{"rendered":"https:\/\/portal.pi.gov.br\/sasc\/?page_id=967"},"modified":"2024-10-23T10:26:05","modified_gmt":"2024-10-23T13:26:05","slug":"bolsa-familia","status":"publish","type":"page","link":"https:\/\/portal.pi.gov.br\/sasc\/bolsa-familia\/","title":{"rendered":"Bolsa Fam\u00edlia"},"content":{"rendered":"\n<p>O Novo&nbsp;Bolsa Fam\u00edlia \u00e9 o programa de transfer\u00eancia de renda e combate \u00e0 fome do Governo Federal e tem por finalidade diminuir as desigualdades sociais. Ele estabelece o valor m\u00ednimo de R$ 600,00 para as fam\u00edlias cadastradas, com um adicional de R$ 150 por crian\u00e7a de at\u00e9 6 anos.<\/p>\n\n\n\n<p>A partir de junho de 2023 tamb\u00e9m ser\u00e1 pago um valor extra de R$ 50,00 para cada dependente entre 7 e 18 anos e ainda R$ 50,00 para gestantes.<\/p>\n\n\n\n<p><strong>Quem pode receber<\/strong><\/p>\n\n\n\n<p>Para estar habilitado para o programa, a fam\u00edlia deve ter renda de at\u00e9 R$ 218,00 por pessoa e corresponder aos demais requisitos, entre eles, manter as informa\u00e7\u00f5es no Cadastro \u00danico atualizadas.<\/p>\n\n\n\n<p>Para atualiza\u00e7\u00e3o cadastral e verifica\u00e7\u00e3o dos dados, o benefici\u00e1rio deve procurar os Centros de Assist\u00eancia Social (Cras), de segunda a sexta-feira, das 8h \u00e0s 14h.<\/p>\n\n\n\n<p><strong>Condicionalidades:<\/strong><\/p>\n\n\n\n<p><strong>Na Educa\u00e7\u00e3o<\/strong><\/p>\n\n\n\n<p>\u00b7&nbsp;&nbsp;&nbsp;&nbsp;&nbsp;&nbsp;&nbsp; Frequ\u00eancia escolar mensal m\u00ednima de 60% para os benefici\u00e1rios de 4 e 5 anos, de 75% para os benefici\u00e1rios de 6 a 15 anos, e de 16 a 21 anos incompletos, que tenham benef\u00edcios atrelados a eles.<\/p>\n\n\n\n<p><strong>Na Sa\u00fade,<\/strong><\/p>\n\n\n\n<p>\u00b7&nbsp;&nbsp;&nbsp;&nbsp;&nbsp;&nbsp;&nbsp; As Crian\u00e7as precisam estar com o cart\u00e3o de vacina\u00e7\u00e3o em dia, bem como o acompanhamento nutricional (peso e altura) para crian\u00e7as menores de 7 anos e para todos os benefici\u00e1rios da lista do Governo Federal,<\/p>\n\n\n\n<p>\u00b7&nbsp;&nbsp;&nbsp;&nbsp;&nbsp;&nbsp;&nbsp; As gestantes devem realizar o pr\u00e9-natal regularmente.<\/p>\n\n\n\n<p>&nbsp;<strong>Coordenadora estadual do Bolsa Fam\u00edlia<\/strong><\/p>\n\n\n\n<p>Fernanda Soares- 86 99530-4444<\/p>\n","protected":false},"excerpt":{"rendered":"<p>O Novo&nbsp;Bolsa Fam\u00edlia \u00e9 o programa de transfer\u00eancia de renda e combate \u00e0 fome do Governo Federal e tem por finalidade diminuir as desigualdades sociais. Ele estabelece o valor m\u00ednimo [&hellip;]<\/p>\n","protected":false},"author":28,"featured_media":0,"parent":0,"menu_order":0,"comment_status":"closed","ping_status":"closed","template":"template-fullwidth.php","meta":[],"featured_image_urls":{"full":"","thumbnail":"","medium":"","medium_large":"","large":"","sgg-420":"","sgg-540":"","sgg-780":"","1536x1536":"","2048x2048":"","homepage-slider":"","homepage-slider-small":"","page-top":"","page-small":"","loop-main":"","thumb-gallery-widget":""},"post_excerpt_stackable":"<p>O Novo&nbsp;Bolsa Fam\u00edlia \u00e9 o programa de transfer\u00eancia de renda e combate \u00e0 fome do Governo Federal e tem por finalidade diminuir as desigualdades sociais. Ele estabelece o valor m\u00ednimo de R$ 600,00 para as fam\u00edlias cadastradas, com um adicional de R$ 150 por crian\u00e7a de at\u00e9 6 anos. A partir de junho de 2023 tamb\u00e9m ser\u00e1 pago um valor extra de R$ 50,00 para cada dependente entre 7 e 18 anos e ainda R$ 50,00 para gestantes. Quem pode receber Para estar habilitado para o programa, a fam\u00edlia deve ter renda de at\u00e9 R$ 218,00 por pessoa e corresponder&hellip;<\/p>\n","category_list":"","author_info":{"name":"tassodenis","url":"https:\/\/portal.pi.gov.br\/sasc\/author\/tassodenis\/"},"comments_num":"0 coment\u00e1rio","featured_image_urls_v2":{"full":"","thumbnail":"","medium":"","medium_large":"","large":"","sgg-420":"","sgg-540":"","sgg-780":"","1536x1536":"","2048x2048":"","homepage-slider":"","homepage-slider-small":"","page-top":"","page-small":"","loop-main":"","thumb-gallery-widget":""},"post_excerpt_stackable_v2":"<p>O Novo&nbsp;Bolsa Fam\u00edlia \u00e9 o programa de transfer\u00eancia de renda e combate \u00e0 fome do Governo Federal e tem por finalidade diminuir as desigualdades sociais. Ele estabelece o valor m\u00ednimo de R$ 600,00 para as fam\u00edlias cadastradas, com um adicional de R$ 150 por crian\u00e7a de at\u00e9 6 anos. A partir de junho de 2023 tamb\u00e9m ser\u00e1 pago um valor extra de R$ 50,00 para cada dependente entre 7 e 18 anos e ainda R$ 50,00 para gestantes. Quem pode receber Para estar habilitado para o programa, a fam\u00edlia deve ter renda de at\u00e9 R$ 218,00 por pessoa e corresponder&hellip;<\/p>\n","category_list_v2":"","author_info_v2":{"name":"tassodenis","url":"https:\/\/portal.pi.gov.br\/sasc\/author\/tassodenis\/"},"comments_num_v2":"0 coment\u00e1rio","_links":{"self":[{"href":"https:\/\/portal.pi.gov.br\/sasc\/wp-json\/wp\/v2\/pages\/967"}],"collection":[{"href":"https:\/\/portal.pi.gov.br\/sasc\/wp-json\/wp\/v2\/pages"}],"about":[{"href":"https:\/\/portal.pi.gov.br\/sasc\/wp-json\/wp\/v2\/types\/page"}],"author":[{"embeddable":true,"href":"https:\/\/portal.pi.gov.br\/sasc\/wp-json\/wp\/v2\/users\/28"}],"replies":[{"embeddable":true,"href":"https:\/\/portal.pi.gov.br\/sasc\/wp-json\/wp\/v2\/comments?post=967"}],"version-history":[{"count":2,"href":"https:\/\/portal.pi.gov.br\/sasc\/wp-json\/wp\/v2\/pages\/967\/revisions"}],"predecessor-version":[{"id":1002,"href":"https:\/\/portal.pi.gov.br\/sasc\/wp-json\/wp\/v2\/pages\/967\/revisions\/1002"}],"wp:attachment":[{"href":"https:\/\/portal.pi.gov.br\/sasc\/wp-json\/wp\/v2\/media?parent=967"}],"curies":[{"name":"wp","href":"https:\/\/api.w.org\/{rel}","templated":true}]}}